{"id":98126,"date":"2022-09-14T16:54:22","date_gmt":"2022-09-14T14:54:22","guid":{"rendered":"https:\/\/libreriadelmare.it\/negozio\/uncategorized\/pigafetta-e-la-prima-navigazione-attorno-al-mondo-a-cura-di-valeria-caf-e-andrea-canova-9788857248332\/"},"modified":"2026-04-04T00:54:02","modified_gmt":"2026-04-03T22:54:02","slug":"pigafetta-e-la-prima-navigazione-attorno-al-mondo-a-cura-di-valeria-cafa-e-andrea-canova-9788857248332","status":"publish","type":"product","link":"https:\/\/libreriadelmare.it\/en\/shop\/pigafetta-e-la-prima-navigazione-attorno-al-mondo-a-cura-di-valeria-cafa-e-andrea-canova-9788857248332\/","title":{"rendered":"pigafetta e la prima navigazione attorno al mondo"},"content":{"rendered":"<div class=\"cc-content-text cc-clamp cc-clamp--7\"><strong>A 500 anni dalla prima, straordinaria spedizione intorno al mondo, un omaggio al celebre esploratore vicentino.<\/strong><\/div>\n<div class=\"cc-content-text cc-clamp cc-clamp--7\">&nbsp;<\/div>\n<div class=\"cc-content-text cc-clamp cc-clamp--7\">In occasione delle celebrazioni per il quinto centenario della prima circumnavigazione del globo terrestre (1519-1522) guidata da Ferdinando Magellano, cui partecip&ograve; il navigatore e scrittore vicentino <strong>Antonio Pigafetta<\/strong>, il volume &#8211; che accompagna l&#8217;esposizione alle Gallerie d&#8217;Italia a Vicenza a Palazzo Leoni Montanari &#8211; ha come protagonista l&#8217;<strong>unica testimonianza superstite della celebre spedizione<\/strong>: il manoscritto della <em>Relazione del primo viaggio attorno al mondo<\/em> conservato nella Veneranda Biblioteca Ambrosiana di Milano e redatto da Antonio Pigafetta. La Relazione, il cui manoscritto in italiano fu ritrovato, dopo essere stato dato per perduto, da Carlo Amoretti nel 1797, &egrave; oggi ritenuto <strong>uno dei pi&ugrave; preziosi documenti sulle grandi scoperte geografiche del Cinquecento<\/strong>.<\/div>\n<div class=\"cc-content-text cc-clamp cc-clamp--7\">&nbsp;<\/div>\n<div class=\"cc-content-text cc-clamp cc-clamp--7\"><strong>Rampollo <\/strong>di una delle pi&ugrave; importanti famiglie nobili di Vicenza e <strong>studioso di matematica e astronomia<\/strong>, Antonio Pigafetta mentre si trovava a Barcellona <strong>venne a conoscenza dei preparativi del viaggio di Magellano<\/strong>; si rec&ograve; dunque a Siviglia e <strong>riusc&igrave; a imbarcarsi<\/strong> sulla stessa nave del comandante, di cui divenne criado (attendente). Segu&igrave; cos&igrave; la spedizione a fianco di Magellano svolgendo via via varie missioni e incarichi di fiducia. <strong>Fu tra i diciotto superstiti che riuscirono dopo tre anni a rientrare in Spagna<\/strong>. Sollecitato da molti, tra i quali Federico II Gonzaga, scrisse in italiano la relazione del viaggio terminata nel 1525 e nota come <em>Il primo viaggio intorno al globo<\/em> che, per la precisione, la fedelt&agrave; del racconto e la ricchezza di osservazioni sui paesi visitati, costituisce uno dei pi&ugrave; importanti documenti della storia delle esplorazioni.<\/div>\n<div class=\"cc-content-text cc-clamp cc-clamp--7\">&nbsp;<\/div>\n<div class=\"cc-content-text cc-clamp cc-clamp--7\">Il volume, curato da Valeria Caf&agrave; e Andrea Canova, partendo dal prezioso manoscritto della Relazione di Pigafetta ripercorre quella straordinaria impresa attraverso un nucleo di tredici opere. Introdotto da un saggio di Andrea Canova (Il mondo circumnavigato di Antonio Pigafetta), il volume &egrave; suddiviso in tre capitoli (Verso il mondo nuovo; La scoperta del mondo; L&#8217;eredit&agrave; di un viaggio) e presenta i contributi dei curatori e di David Salomoni, Carolina Orsini, Jos&eacute; Mar&iacute;a Moreno Madrid, Felice Noelle Rodriguez, Joana Lima.<\/div>\n<div class=\"cc-content-text cc-clamp cc-clamp--7\">&nbsp;<\/div>\n<div class=\"cc-content-text cc-clamp cc-clamp--7\">Edizione: 2022<\/div>\n","protected":false},"excerpt":{"rendered":"<p class=\"sottotitolo\"><span>Subtitle: <\/span>&#8220;non si far\u00e0 mai pi\u00f9 tal viaggio&#8221;<\/p>\n<p class=\"autore\"><span>Author: <\/span>a cura di Valeria Caf\u00e0 e Andrea Canova<\/p>\n<p class=\"editore\"><span>Publisher: <\/span>skira editore<\/p>\n<p class=\"isbn\"><span>ISBN: <\/span>9788857248332<\/p>\n","protected":false},"featured_media":127981,"comment_status":"open","ping_status":"closed","template":"","meta":[],"product_brand":[],"product_cat":[3013],"product_tag":[],"class_list":{"0":"post-98126","1":"product","2":"type-product","3":"status-publish","4":"has-post-thumbnail","6":"product_cat-everything-else-books-navigation-history-exploration","8":"first","9":"onbackorder","10":"taxable","11":"shipping-taxable","12":"purchasable","13":"product-type-simple"},"yoast_head":"<!-- This site is optimized with the Yoast SEO Premium plugin v27.1 (Yoast SEO v27.3) - https:\/\/yoast.com\/product\/yoast-seo-premium-wordpress\/ -->\n<title>pigafetta e la prima navigazione attorno al mondo - Libreria del Mare<\/title>\n<meta name=\"robots\" content=\"index, follow, max-snippet:-1, max-image-preview:large, max-video-preview:-1\" \/>\n<link rel=\"canonical\" href=\"https:\/\/libreriadelmare.it\/en\/shop\/pigafetta-e-la-prima-navigazione-attorno-al-mondo-a-cura-di-valeria-cafa-e-andrea-canova-9788857248332\/\" \/>\n<meta property=\"og:locale\" content=\"en_US\" \/>\n<meta property=\"og:type\" content=\"article\" \/>\n<meta property=\"og:title\" content=\"pigafetta e la prima navigazione attorno al mondo\" \/>\n<meta property=\"og:description\" content=\"Subtitle: &quot;non si far\u00e0 mai pi\u00f9 tal viaggio&quot;Author: a cura di Valeria Caf\u00e0 e Andrea CanovaPublisher: skira editoreISBN: 9788857248332\" \/>\n<meta property=\"og:url\" content=\"https:\/\/libreriadelmare.it\/en\/shop\/pigafetta-e-la-prima-navigazione-attorno-al-mondo-a-cura-di-valeria-cafa-e-andrea-canova-9788857248332\/\" \/>\n<meta property=\"og:site_name\" content=\"Libreria del Mare\" \/>\n<meta property=\"article:publisher\" content=\"https:\/\/www.facebook.com\/libreriadelmare\" \/>\n<meta property=\"article:modified_time\" content=\"2026-04-03T22:54:02+00:00\" \/>\n<meta property=\"og:image\" content=\"https:\/\/libreriadelmare.it\/wp-content\/uploads\/pigafetta-e-la-prima-navigazione-intorno-al-mondo-skira-2.jpg\" \/>\n\t<meta property=\"og:image:width\" content=\"500\" \/>\n\t<meta property=\"og:image:height\" content=\"594\" \/>\n\t<meta property=\"og:image:type\" content=\"image\/jpeg\" \/>\n<meta name=\"twitter:card\" content=\"summary_large_image\" \/>\n<meta name=\"twitter:label1\" content=\"Price\" \/>\n\t<meta name=\"twitter:data1\" content=\"&euro;28,00\" \/>\n\t<meta name=\"twitter:label2\" content=\"Availability\" \/>\n\t<meta name=\"twitter:data2\" content=\"On backorder\" \/>\n<script type=\"application\/ld+json\" class=\"yoast-schema-graph\">{\"@context\":\"https:\\\/\\\/schema.org\",\"@graph\":[{\"@type\":\"WebPage\",\"@id\":\"https:\\\/\\\/libreriadelmare.it\\\/en\\\/shop\\\/pigafetta-e-la-prima-navigazione-attorno-al-mondo-a-cura-di-valeria-cafa-e-andrea-canova-9788857248332\\\/\",\"url\":\"https:\\\/\\\/libreriadelmare.it\\\/en\\\/shop\\\/pigafetta-e-la-prima-navigazione-attorno-al-mondo-a-cura-di-valeria-cafa-e-andrea-canova-9788857248332\\\/\",\"name\":\"pigafetta e la prima navigazione attorno al mondo - Libreria del Mare\",\"isPartOf\":{\"@id\":\"https:\\\/\\\/libreriadelmare.it\\\/en\\\/#website\"},\"primaryImageOfPage\":{\"@id\":\"https:\\\/\\\/libreriadelmare.it\\\/en\\\/shop\\\/pigafetta-e-la-prima-navigazione-attorno-al-mondo-a-cura-di-valeria-cafa-e-andrea-canova-9788857248332\\\/#primaryimage\"},\"image\":{\"@id\":\"https:\\\/\\\/libreriadelmare.it\\\/en\\\/shop\\\/pigafetta-e-la-prima-navigazione-attorno-al-mondo-a-cura-di-valeria-cafa-e-andrea-canova-9788857248332\\\/#primaryimage\"},\"thumbnailUrl\":\"https:\\\/\\\/libreriadelmare.it\\\/wp-content\\\/uploads\\\/pigafetta-e-la-prima-navigazione-intorno-al-mondo-skira-2.jpg\",\"datePublished\":\"2022-09-14T14:54:22+00:00\",\"dateModified\":\"2026-04-03T22:54:02+00:00\",\"breadcrumb\":{\"@id\":\"https:\\\/\\\/libreriadelmare.it\\\/en\\\/shop\\\/pigafetta-e-la-prima-navigazione-attorno-al-mondo-a-cura-di-valeria-cafa-e-andrea-canova-9788857248332\\\/#breadcrumb\"},\"inLanguage\":\"en-US\",\"potentialAction\":[{\"@type\":\"ReadAction\",\"target\":[\"https:\\\/\\\/libreriadelmare.it\\\/en\\\/shop\\\/pigafetta-e-la-prima-navigazione-attorno-al-mondo-a-cura-di-valeria-cafa-e-andrea-canova-9788857248332\\\/\"]}]},{\"@type\":\"ImageObject\",\"inLanguage\":\"en-US\",\"@id\":\"https:\\\/\\\/libreriadelmare.it\\\/en\\\/shop\\\/pigafetta-e-la-prima-navigazione-attorno-al-mondo-a-cura-di-valeria-cafa-e-andrea-canova-9788857248332\\\/#primaryimage\",\"url\":\"https:\\\/\\\/libreriadelmare.it\\\/wp-content\\\/uploads\\\/pigafetta-e-la-prima-navigazione-intorno-al-mondo-skira-2.jpg\",\"contentUrl\":\"https:\\\/\\\/libreriadelmare.it\\\/wp-content\\\/uploads\\\/pigafetta-e-la-prima-navigazione-intorno-al-mondo-skira-2.jpg\",\"width\":500,\"height\":594},{\"@type\":\"BreadcrumbList\",\"@id\":\"https:\\\/\\\/libreriadelmare.it\\\/en\\\/shop\\\/pigafetta-e-la-prima-navigazione-attorno-al-mondo-a-cura-di-valeria-cafa-e-andrea-canova-9788857248332\\\/#breadcrumb\",\"itemListElement\":[{\"@type\":\"ListItem\",\"position\":1,\"name\":\"Home\",\"item\":\"https:\\\/\\\/libreriadelmare.it\\\/en\\\/\"},{\"@type\":\"ListItem\",\"position\":2,\"name\":\"Shop\",\"item\":\"https:\\\/\\\/libreriadelmare.it\\\/en\\\/shop\\\/\"},{\"@type\":\"ListItem\",\"position\":3,\"name\":\"pigafetta e la prima navigazione attorno al mondo\"}]},{\"@type\":\"WebSite\",\"@id\":\"https:\\\/\\\/libreriadelmare.it\\\/en\\\/#website\",\"url\":\"https:\\\/\\\/libreriadelmare.it\\\/en\\\/\",\"name\":\"Libreria del Mare - Milano\",\"description\":\"\",\"publisher\":{\"@id\":\"https:\\\/\\\/libreriadelmare.it\\\/en\\\/#organization\"},\"potentialAction\":[{\"@type\":\"SearchAction\",\"target\":{\"@type\":\"EntryPoint\",\"urlTemplate\":\"https:\\\/\\\/libreriadelmare.it\\\/en\\\/?s={search_term_string}\"},\"query-input\":{\"@type\":\"PropertyValueSpecification\",\"valueRequired\":true,\"valueName\":\"search_term_string\"}}],\"inLanguage\":\"en-US\"},{\"@type\":\"Organization\",\"@id\":\"https:\\\/\\\/libreriadelmare.it\\\/en\\\/#organization\",\"name\":\"Libreria del Mare - Milano\",\"url\":\"https:\\\/\\\/libreriadelmare.it\\\/en\\\/\",\"logo\":{\"@type\":\"ImageObject\",\"inLanguage\":\"en-US\",\"@id\":\"https:\\\/\\\/libreriadelmare.it\\\/en\\\/#\\\/schema\\\/logo\\\/image\\\/\",\"url\":\"https:\\\/\\\/libreriadelmare.it\\\/wp-content\\\/uploads\\\/2018\\\/07\\\/logo-blu.png\",\"contentUrl\":\"https:\\\/\\\/libreriadelmare.it\\\/wp-content\\\/uploads\\\/2018\\\/07\\\/logo-blu.png\",\"width\":600,\"height\":162,\"caption\":\"Libreria del Mare - Milano\"},\"image\":{\"@id\":\"https:\\\/\\\/libreriadelmare.it\\\/en\\\/#\\\/schema\\\/logo\\\/image\\\/\"},\"sameAs\":[\"https:\\\/\\\/www.facebook.com\\\/libreriadelmare\",\"https:\\\/\\\/www.instagram.com\\\/libreriadelmare\\\/\"],\"hasMerchantReturnPolicy\":{\"@type\":\"MerchantReturnPolicy\",\"merchantReturnLink\":\"https:\\\/\\\/libreriadelmare.it\\\/diritto-di-recesso\\\/\"}}]}<\/script>\n<meta property=\"product:price:amount\" content=\"28.00\" \/>\n<meta property=\"product:price:currency\" content=\"EUR\" \/>\n<meta property=\"og:availability\" content=\"backorder\" \/>\n<meta property=\"product:availability\" content=\"available for order\" \/>\n<meta property=\"product:retailer_item_id\" content=\"9788857248332\" \/>\n<meta property=\"product:condition\" content=\"new\" \/>\n<!-- \/ Yoast SEO Premium plugin. -->","yoast_head_json":{"title":"pigafetta e la prima navigazione attorno al mondo - Libreria del Mare","robots":{"index":"index","follow":"follow","max-snippet":"max-snippet:-1","max-image-preview":"max-image-preview:large","max-video-preview":"max-video-preview:-1"},"canonical":"https:\/\/libreriadelmare.it\/en\/shop\/pigafetta-e-la-prima-navigazione-attorno-al-mondo-a-cura-di-valeria-cafa-e-andrea-canova-9788857248332\/","og_locale":"en_US","og_type":"article","og_title":"pigafetta e la prima navigazione attorno al mondo","og_description":"Subtitle: \"non si far\u00e0 mai pi\u00f9 tal viaggio\"Author: a cura di Valeria Caf\u00e0 e Andrea CanovaPublisher: skira editoreISBN: 9788857248332","og_url":"https:\/\/libreriadelmare.it\/en\/shop\/pigafetta-e-la-prima-navigazione-attorno-al-mondo-a-cura-di-valeria-cafa-e-andrea-canova-9788857248332\/","og_site_name":"Libreria del Mare","article_publisher":"https:\/\/www.facebook.com\/libreriadelmare","article_modified_time":"2026-04-03T22:54:02+00:00","og_image":[{"width":500,"height":594,"url":"https:\/\/libreriadelmare.it\/wp-content\/uploads\/pigafetta-e-la-prima-navigazione-intorno-al-mondo-skira-2.jpg","type":"image\/jpeg"}],"twitter_card":"summary_large_image","twitter_misc":{"Price":"&euro;28,00","Availability":"On backorder"},"schema":{"@context":"https:\/\/schema.org","@graph":[{"@type":"WebPage","@id":"https:\/\/libreriadelmare.it\/en\/shop\/pigafetta-e-la-prima-navigazione-attorno-al-mondo-a-cura-di-valeria-cafa-e-andrea-canova-9788857248332\/","url":"https:\/\/libreriadelmare.it\/en\/shop\/pigafetta-e-la-prima-navigazione-attorno-al-mondo-a-cura-di-valeria-cafa-e-andrea-canova-9788857248332\/","name":"pigafetta e la prima navigazione attorno al mondo - Libreria del Mare","isPartOf":{"@id":"https:\/\/libreriadelmare.it\/en\/#website"},"primaryImageOfPage":{"@id":"https:\/\/libreriadelmare.it\/en\/shop\/pigafetta-e-la-prima-navigazione-attorno-al-mondo-a-cura-di-valeria-cafa-e-andrea-canova-9788857248332\/#primaryimage"},"image":{"@id":"https:\/\/libreriadelmare.it\/en\/shop\/pigafetta-e-la-prima-navigazione-attorno-al-mondo-a-cura-di-valeria-cafa-e-andrea-canova-9788857248332\/#primaryimage"},"thumbnailUrl":"https:\/\/libreriadelmare.it\/wp-content\/uploads\/pigafetta-e-la-prima-navigazione-intorno-al-mondo-skira-2.jpg","datePublished":"2022-09-14T14:54:22+00:00","dateModified":"2026-04-03T22:54:02+00:00","breadcrumb":{"@id":"https:\/\/libreriadelmare.it\/en\/shop\/pigafetta-e-la-prima-navigazione-attorno-al-mondo-a-cura-di-valeria-cafa-e-andrea-canova-9788857248332\/#breadcrumb"},"inLanguage":"en-US","potentialAction":[{"@type":"ReadAction","target":["https:\/\/libreriadelmare.it\/en\/shop\/pigafetta-e-la-prima-navigazione-attorno-al-mondo-a-cura-di-valeria-cafa-e-andrea-canova-9788857248332\/"]}]},{"@type":"ImageObject","inLanguage":"en-US","@id":"https:\/\/libreriadelmare.it\/en\/shop\/pigafetta-e-la-prima-navigazione-attorno-al-mondo-a-cura-di-valeria-cafa-e-andrea-canova-9788857248332\/#primaryimage","url":"https:\/\/libreriadelmare.it\/wp-content\/uploads\/pigafetta-e-la-prima-navigazione-intorno-al-mondo-skira-2.jpg","contentUrl":"https:\/\/libreriadelmare.it\/wp-content\/uploads\/pigafetta-e-la-prima-navigazione-intorno-al-mondo-skira-2.jpg","width":500,"height":594},{"@type":"BreadcrumbList","@id":"https:\/\/libreriadelmare.it\/en\/shop\/pigafetta-e-la-prima-navigazione-attorno-al-mondo-a-cura-di-valeria-cafa-e-andrea-canova-9788857248332\/#breadcrumb","itemListElement":[{"@type":"ListItem","position":1,"name":"Home","item":"https:\/\/libreriadelmare.it\/en\/"},{"@type":"ListItem","position":2,"name":"Shop","item":"https:\/\/libreriadelmare.it\/en\/shop\/"},{"@type":"ListItem","position":3,"name":"pigafetta e la prima navigazione attorno al mondo"}]},{"@type":"WebSite","@id":"https:\/\/libreriadelmare.it\/en\/#website","url":"https:\/\/libreriadelmare.it\/en\/","name":"Libreria del Mare - Milano","description":"","publisher":{"@id":"https:\/\/libreriadelmare.it\/en\/#organization"},"potentialAction":[{"@type":"SearchAction","target":{"@type":"EntryPoint","urlTemplate":"https:\/\/libreriadelmare.it\/en\/?s={search_term_string}"},"query-input":{"@type":"PropertyValueSpecification","valueRequired":true,"valueName":"search_term_string"}}],"inLanguage":"en-US"},{"@type":"Organization","@id":"https:\/\/libreriadelmare.it\/en\/#organization","name":"Libreria del Mare - Milano","url":"https:\/\/libreriadelmare.it\/en\/","logo":{"@type":"ImageObject","inLanguage":"en-US","@id":"https:\/\/libreriadelmare.it\/en\/#\/schema\/logo\/image\/","url":"https:\/\/libreriadelmare.it\/wp-content\/uploads\/2018\/07\/logo-blu.png","contentUrl":"https:\/\/libreriadelmare.it\/wp-content\/uploads\/2018\/07\/logo-blu.png","width":600,"height":162,"caption":"Libreria del Mare - Milano"},"image":{"@id":"https:\/\/libreriadelmare.it\/en\/#\/schema\/logo\/image\/"},"sameAs":["https:\/\/www.facebook.com\/libreriadelmare","https:\/\/www.instagram.com\/libreriadelmare\/"],"hasMerchantReturnPolicy":{"@type":"MerchantReturnPolicy","merchantReturnLink":"https:\/\/libreriadelmare.it\/diritto-di-recesso\/"}}]},"product_price_amount":"28.00","product_price_currency":"EUR","og_availability":"backorder","product_availability":"available for order","product_retailer_item_id":"9788857248332","product_condition":"new"},"_links":{"self":[{"href":"https:\/\/libreriadelmare.it\/en\/wp-json\/wp\/v2\/product\/98126","targetHints":{"allow":["GET"]}}],"collection":[{"href":"https:\/\/libreriadelmare.it\/en\/wp-json\/wp\/v2\/product"}],"about":[{"href":"https:\/\/libreriadelmare.it\/en\/wp-json\/wp\/v2\/types\/product"}],"replies":[{"embeddable":true,"href":"https:\/\/libreriadelmare.it\/en\/wp-json\/wp\/v2\/comments?post=98126"}],"wp:featuredmedia":[{"embeddable":true,"href":"https:\/\/libreriadelmare.it\/en\/wp-json\/wp\/v2\/media\/127981"}],"wp:attachment":[{"href":"https:\/\/libreriadelmare.it\/en\/wp-json\/wp\/v2\/media?parent=98126"}],"wp:term":[{"taxonomy":"product_brand","embeddable":true,"href":"https:\/\/libreriadelmare.it\/en\/wp-json\/wp\/v2\/product_brand?post=98126"},{"taxonomy":"product_cat","embeddable":true,"href":"https:\/\/libreriadelmare.it\/en\/wp-json\/wp\/v2\/product_cat?post=98126"},{"taxonomy":"product_tag","embeddable":true,"href":"https:\/\/libreriadelmare.it\/en\/wp-json\/wp\/v2\/product_tag?post=98126"}],"curies":[{"name":"wp","href":"https:\/\/api.w.org\/{rel}","templated":true}]}}