{"id":96927,"date":"2019-05-08T12:28:49","date_gmt":"2019-05-08T10:28:49","guid":{"rendered":"https:\/\/libreriadelmare.it\/negozio\/uncategorized\/i-sentieri-del-mare-delle-sirene-diving-in-the-sea-of-the-sirens-carrada-g-c-russo-g-f-villani-g-9788888623160\/"},"modified":"2026-04-11T01:29:33","modified_gmt":"2026-04-10T23:29:33","slug":"i-sentieri-del-mare-delle-sirene-diving-in-the-sea-of-the-sirens-carrada-g-c-russo-g-f-villani-g-9788888623160","status":"publish","type":"product","link":"https:\/\/libreriadelmare.it\/en\/shop\/i-sentieri-del-mare-delle-sirene-diving-in-the-sea-of-the-sirens-carrada-g-c-russo-g-f-villani-g-9788888623160\/","title":{"rendered":"i sentieri del mare delle sirene &#8211; diving in the sea of the sirens"},"content":{"rendered":"<p>\u00c8 la prima guida subacquea per la visita dei fondali dell\u2019Area Marina Protetta di Punta Campanella e segue gli stessi criteri dei percorsi delle guide dedicate agli ambienti terrestri.<br \/>Abbiamo individuato 20 itinerari che abbiamo illustrato attraverso schede grafiche teorico-pratiche, che costituiscono un vero e proprio atlante geografico e scientifico con le caratteristiche tecniche di ogni percorso: il grado di difficolt\u00e0, la profondit\u00e0 massima di immersione, la difficolt\u00e0 di orientamento, l\u2019intensit\u00e0 delle correnti, il grado di interesse biologico.<br \/>Esse espongono in maniera ampia e dettagliata tutto ci\u00f2 che occorre sapere prima di entrare in acqua e durante l\u2019immersione.<br \/>Inoltre, riportano le informazioni scientifiche relative alla zona prescelta, i percorsi da seguire e le fotografie delle principali specie marine animali e vegetali che si possono incontrare.<\/p>\n<p>Lingue: Italiano e Inglese<\/p>\n<p>Edizione: 2006<\/p>\n<p>It is the first dive guide for the visit of the Marine Protected Area of Punta Campanella and follows the same criteria as the paths of the guides dedicated to terrestrial environments.&nbsp;<br \/>We have identified 20 routes that we have shown through theoretical and practical graphic cards, that make up a true geographic and scientific atlas with the technical characteristics of each location: the degree of difficulty, the maximum depth of the dive, the difficulty of orientation, the intensity of the currents, the degree of biological interest.&nbsp;<br \/>They expose in detail everything you need to know before entering the water and during the dive.<br \/>They also report the scientific information related to the chosen area, the paths to follow and photographs of the main marine plant and animal species that may be encountered.<\/p>\n<p>Languages: English and Italian<\/p>\n<p>Edition: 2006<\/p>\n","protected":false},"excerpt":{"rendered":"<p class=\"sottotitolo\"><span>Subtitle: <\/span>trekking subacqueo da sorrento ad amalfi nell&#8217;amp di punta campanella &#8211; an underwater exploration guide from sorrento to amalfi in the punta campanella marine protected area<\/p>\n<p class=\"autore\"><span>Author: <\/span>carrada g.c.  russo g.f.  villani g.<\/p>\n<p class=\"editore\"><span>Publisher: <\/span>valtrend editore<\/p>\n<p class=\"isbn\"><span>ISBN: <\/span>9788888623160<\/p>\n","protected":false},"featured_media":96928,"comment_status":"open","ping_status":"closed","template":"","meta":[],"product_brand":[],"product_cat":[2587],"product_tag":[],"class_list":{"0":"post-96927","1":"product","2":"type-product","3":"status-publish","4":"has-post-thumbnail","6":"product_cat-books-diving-dive-guides","8":"first","9":"onbackorder","10":"taxable","11":"shipping-taxable","12":"purchasable","13":"product-type-simple"},"yoast_head":"<!-- This site is optimized with the Yoast SEO Premium plugin v27.1 (Yoast SEO v27.3) - https:\/\/yoast.com\/product\/yoast-seo-premium-wordpress\/ -->\n<title>i sentieri del mare delle sirene - diving in the sea of the sirens - Libreria del Mare<\/title>\n<meta name=\"robots\" content=\"index, follow, max-snippet:-1, max-image-preview:large, max-video-preview:-1\" \/>\n<link rel=\"canonical\" href=\"https:\/\/libreriadelmare.it\/en\/shop\/i-sentieri-del-mare-delle-sirene-diving-in-the-sea-of-the-sirens-carrada-g-c-russo-g-f-villani-g-9788888623160\/\" \/>\n<meta property=\"og:locale\" content=\"en_US\" \/>\n<meta property=\"og:type\" content=\"article\" \/>\n<meta property=\"og:title\" content=\"i sentieri del mare delle sirene - diving in the sea of the sirens\" \/>\n<meta property=\"og:description\" content=\"Subtitle: trekking subacqueo da sorrento ad amalfi nell&#039;amp di punta campanella - an underwater exploration guide from sorrento to amalfi in the punta campanella marine protected areaAuthor: carrada g.c. russo g.f. villani g.Publisher: valtrend editoreISBN: 9788888623160\" \/>\n<meta property=\"og:url\" content=\"https:\/\/libreriadelmare.it\/en\/shop\/i-sentieri-del-mare-delle-sirene-diving-in-the-sea-of-the-sirens-carrada-g-c-russo-g-f-villani-g-9788888623160\/\" \/>\n<meta property=\"og:site_name\" content=\"Libreria del Mare\" \/>\n<meta property=\"article:publisher\" content=\"https:\/\/www.facebook.com\/libreriadelmare\" \/>\n<meta property=\"article:modified_time\" content=\"2026-04-10T23:29:33+00:00\" \/>\n<meta property=\"og:image\" content=\"https:\/\/libreriadelmare.it\/wp-content\/uploads\/sentieri-mare-sirene-trekking-subacqueo-sorrento-amalfi.jpg\" \/>\n\t<meta property=\"og:image:width\" content=\"560\" \/>\n\t<meta property=\"og:image:height\" content=\"597\" \/>\n\t<meta property=\"og:image:type\" content=\"image\/jpeg\" \/>\n<meta name=\"twitter:card\" content=\"summary_large_image\" \/>\n<meta name=\"twitter:label1\" content=\"Price\" \/>\n\t<meta name=\"twitter:data1\" content=\"&euro;18,00\" \/>\n\t<meta name=\"twitter:label2\" content=\"Availability\" \/>\n\t<meta name=\"twitter:data2\" content=\"On backorder\" \/>\n<script type=\"application\/ld+json\" class=\"yoast-schema-graph\">{\"@context\":\"https:\\\/\\\/schema.org\",\"@graph\":[{\"@type\":\"WebPage\",\"@id\":\"https:\\\/\\\/libreriadelmare.it\\\/en\\\/shop\\\/i-sentieri-del-mare-delle-sirene-diving-in-the-sea-of-the-sirens-carrada-g-c-russo-g-f-villani-g-9788888623160\\\/\",\"url\":\"https:\\\/\\\/libreriadelmare.it\\\/en\\\/shop\\\/i-sentieri-del-mare-delle-sirene-diving-in-the-sea-of-the-sirens-carrada-g-c-russo-g-f-villani-g-9788888623160\\\/\",\"name\":\"i sentieri del mare delle sirene - diving in the sea of the sirens - Libreria del Mare\",\"isPartOf\":{\"@id\":\"https:\\\/\\\/libreriadelmare.it\\\/en\\\/#website\"},\"primaryImageOfPage\":{\"@id\":\"https:\\\/\\\/libreriadelmare.it\\\/en\\\/shop\\\/i-sentieri-del-mare-delle-sirene-diving-in-the-sea-of-the-sirens-carrada-g-c-russo-g-f-villani-g-9788888623160\\\/#primaryimage\"},\"image\":{\"@id\":\"https:\\\/\\\/libreriadelmare.it\\\/en\\\/shop\\\/i-sentieri-del-mare-delle-sirene-diving-in-the-sea-of-the-sirens-carrada-g-c-russo-g-f-villani-g-9788888623160\\\/#primaryimage\"},\"thumbnailUrl\":\"https:\\\/\\\/libreriadelmare.it\\\/wp-content\\\/uploads\\\/sentieri-mare-sirene-trekking-subacqueo-sorrento-amalfi.jpg\",\"datePublished\":\"2019-05-08T10:28:49+00:00\",\"dateModified\":\"2026-04-10T23:29:33+00:00\",\"breadcrumb\":{\"@id\":\"https:\\\/\\\/libreriadelmare.it\\\/en\\\/shop\\\/i-sentieri-del-mare-delle-sirene-diving-in-the-sea-of-the-sirens-carrada-g-c-russo-g-f-villani-g-9788888623160\\\/#breadcrumb\"},\"inLanguage\":\"en-US\",\"potentialAction\":[{\"@type\":\"ReadAction\",\"target\":[\"https:\\\/\\\/libreriadelmare.it\\\/en\\\/shop\\\/i-sentieri-del-mare-delle-sirene-diving-in-the-sea-of-the-sirens-carrada-g-c-russo-g-f-villani-g-9788888623160\\\/\"]}]},{\"@type\":\"ImageObject\",\"inLanguage\":\"en-US\",\"@id\":\"https:\\\/\\\/libreriadelmare.it\\\/en\\\/shop\\\/i-sentieri-del-mare-delle-sirene-diving-in-the-sea-of-the-sirens-carrada-g-c-russo-g-f-villani-g-9788888623160\\\/#primaryimage\",\"url\":\"https:\\\/\\\/libreriadelmare.it\\\/wp-content\\\/uploads\\\/sentieri-mare-sirene-trekking-subacqueo-sorrento-amalfi.jpg\",\"contentUrl\":\"https:\\\/\\\/libreriadelmare.it\\\/wp-content\\\/uploads\\\/sentieri-mare-sirene-trekking-subacqueo-sorrento-amalfi.jpg\",\"width\":560,\"height\":597},{\"@type\":\"BreadcrumbList\",\"@id\":\"https:\\\/\\\/libreriadelmare.it\\\/en\\\/shop\\\/i-sentieri-del-mare-delle-sirene-diving-in-the-sea-of-the-sirens-carrada-g-c-russo-g-f-villani-g-9788888623160\\\/#breadcrumb\",\"itemListElement\":[{\"@type\":\"ListItem\",\"position\":1,\"name\":\"Home\",\"item\":\"https:\\\/\\\/libreriadelmare.it\\\/en\\\/\"},{\"@type\":\"ListItem\",\"position\":2,\"name\":\"Shop\",\"item\":\"https:\\\/\\\/libreriadelmare.it\\\/en\\\/shop\\\/\"},{\"@type\":\"ListItem\",\"position\":3,\"name\":\"i sentieri del mare delle sirene &#8211; diving in the sea of the sirens\"}]},{\"@type\":\"WebSite\",\"@id\":\"https:\\\/\\\/libreriadelmare.it\\\/en\\\/#website\",\"url\":\"https:\\\/\\\/libreriadelmare.it\\\/en\\\/\",\"name\":\"Libreria del Mare - Milano\",\"description\":\"\",\"publisher\":{\"@id\":\"https:\\\/\\\/libreriadelmare.it\\\/en\\\/#organization\"},\"potentialAction\":[{\"@type\":\"SearchAction\",\"target\":{\"@type\":\"EntryPoint\",\"urlTemplate\":\"https:\\\/\\\/libreriadelmare.it\\\/en\\\/?s={search_term_string}\"},\"query-input\":{\"@type\":\"PropertyValueSpecification\",\"valueRequired\":true,\"valueName\":\"search_term_string\"}}],\"inLanguage\":\"en-US\"},{\"@type\":\"Organization\",\"@id\":\"https:\\\/\\\/libreriadelmare.it\\\/en\\\/#organization\",\"name\":\"Libreria del Mare - Milano\",\"url\":\"https:\\\/\\\/libreriadelmare.it\\\/en\\\/\",\"logo\":{\"@type\":\"ImageObject\",\"inLanguage\":\"en-US\",\"@id\":\"https:\\\/\\\/libreriadelmare.it\\\/en\\\/#\\\/schema\\\/logo\\\/image\\\/\",\"url\":\"https:\\\/\\\/libreriadelmare.it\\\/wp-content\\\/uploads\\\/2018\\\/07\\\/logo-blu.png\",\"contentUrl\":\"https:\\\/\\\/libreriadelmare.it\\\/wp-content\\\/uploads\\\/2018\\\/07\\\/logo-blu.png\",\"width\":600,\"height\":162,\"caption\":\"Libreria del Mare - Milano\"},\"image\":{\"@id\":\"https:\\\/\\\/libreriadelmare.it\\\/en\\\/#\\\/schema\\\/logo\\\/image\\\/\"},\"sameAs\":[\"https:\\\/\\\/www.facebook.com\\\/libreriadelmare\",\"https:\\\/\\\/www.instagram.com\\\/libreriadelmare\\\/\"],\"hasMerchantReturnPolicy\":{\"@type\":\"MerchantReturnPolicy\",\"merchantReturnLink\":\"https:\\\/\\\/libreriadelmare.it\\\/diritto-di-recesso\\\/\"}}]}<\/script>\n<meta property=\"product:price:amount\" content=\"18.00\" \/>\n<meta property=\"product:price:currency\" content=\"EUR\" \/>\n<meta property=\"og:availability\" content=\"backorder\" \/>\n<meta property=\"product:availability\" content=\"available for order\" \/>\n<meta property=\"product:retailer_item_id\" content=\"9788888623160\" \/>\n<meta property=\"product:condition\" content=\"new\" \/>\n<!-- \/ Yoast SEO Premium plugin. -->","yoast_head_json":{"title":"i sentieri del mare delle sirene - diving in the sea of the sirens - Libreria del Mare","robots":{"index":"index","follow":"follow","max-snippet":"max-snippet:-1","max-image-preview":"max-image-preview:large","max-video-preview":"max-video-preview:-1"},"canonical":"https:\/\/libreriadelmare.it\/en\/shop\/i-sentieri-del-mare-delle-sirene-diving-in-the-sea-of-the-sirens-carrada-g-c-russo-g-f-villani-g-9788888623160\/","og_locale":"en_US","og_type":"article","og_title":"i sentieri del mare delle sirene - diving in the sea of the sirens","og_description":"Subtitle: trekking subacqueo da sorrento ad amalfi nell'amp di punta campanella - an underwater exploration guide from sorrento to amalfi in the punta campanella marine protected areaAuthor: carrada g.c. russo g.f. villani g.Publisher: valtrend editoreISBN: 9788888623160","og_url":"https:\/\/libreriadelmare.it\/en\/shop\/i-sentieri-del-mare-delle-sirene-diving-in-the-sea-of-the-sirens-carrada-g-c-russo-g-f-villani-g-9788888623160\/","og_site_name":"Libreria del Mare","article_publisher":"https:\/\/www.facebook.com\/libreriadelmare","article_modified_time":"2026-04-10T23:29:33+00:00","og_image":[{"width":560,"height":597,"url":"https:\/\/libreriadelmare.it\/wp-content\/uploads\/sentieri-mare-sirene-trekking-subacqueo-sorrento-amalfi.jpg","type":"image\/jpeg"}],"twitter_card":"summary_large_image","twitter_misc":{"Price":"&euro;18,00","Availability":"On backorder"},"schema":{"@context":"https:\/\/schema.org","@graph":[{"@type":"WebPage","@id":"https:\/\/libreriadelmare.it\/en\/shop\/i-sentieri-del-mare-delle-sirene-diving-in-the-sea-of-the-sirens-carrada-g-c-russo-g-f-villani-g-9788888623160\/","url":"https:\/\/libreriadelmare.it\/en\/shop\/i-sentieri-del-mare-delle-sirene-diving-in-the-sea-of-the-sirens-carrada-g-c-russo-g-f-villani-g-9788888623160\/","name":"i sentieri del mare delle sirene - diving in the sea of the sirens - Libreria del Mare","isPartOf":{"@id":"https:\/\/libreriadelmare.it\/en\/#website"},"primaryImageOfPage":{"@id":"https:\/\/libreriadelmare.it\/en\/shop\/i-sentieri-del-mare-delle-sirene-diving-in-the-sea-of-the-sirens-carrada-g-c-russo-g-f-villani-g-9788888623160\/#primaryimage"},"image":{"@id":"https:\/\/libreriadelmare.it\/en\/shop\/i-sentieri-del-mare-delle-sirene-diving-in-the-sea-of-the-sirens-carrada-g-c-russo-g-f-villani-g-9788888623160\/#primaryimage"},"thumbnailUrl":"https:\/\/libreriadelmare.it\/wp-content\/uploads\/sentieri-mare-sirene-trekking-subacqueo-sorrento-amalfi.jpg","datePublished":"2019-05-08T10:28:49+00:00","dateModified":"2026-04-10T23:29:33+00:00","breadcrumb":{"@id":"https:\/\/libreriadelmare.it\/en\/shop\/i-sentieri-del-mare-delle-sirene-diving-in-the-sea-of-the-sirens-carrada-g-c-russo-g-f-villani-g-9788888623160\/#breadcrumb"},"inLanguage":"en-US","potentialAction":[{"@type":"ReadAction","target":["https:\/\/libreriadelmare.it\/en\/shop\/i-sentieri-del-mare-delle-sirene-diving-in-the-sea-of-the-sirens-carrada-g-c-russo-g-f-villani-g-9788888623160\/"]}]},{"@type":"ImageObject","inLanguage":"en-US","@id":"https:\/\/libreriadelmare.it\/en\/shop\/i-sentieri-del-mare-delle-sirene-diving-in-the-sea-of-the-sirens-carrada-g-c-russo-g-f-villani-g-9788888623160\/#primaryimage","url":"https:\/\/libreriadelmare.it\/wp-content\/uploads\/sentieri-mare-sirene-trekking-subacqueo-sorrento-amalfi.jpg","contentUrl":"https:\/\/libreriadelmare.it\/wp-content\/uploads\/sentieri-mare-sirene-trekking-subacqueo-sorrento-amalfi.jpg","width":560,"height":597},{"@type":"BreadcrumbList","@id":"https:\/\/libreriadelmare.it\/en\/shop\/i-sentieri-del-mare-delle-sirene-diving-in-the-sea-of-the-sirens-carrada-g-c-russo-g-f-villani-g-9788888623160\/#breadcrumb","itemListElement":[{"@type":"ListItem","position":1,"name":"Home","item":"https:\/\/libreriadelmare.it\/en\/"},{"@type":"ListItem","position":2,"name":"Shop","item":"https:\/\/libreriadelmare.it\/en\/shop\/"},{"@type":"ListItem","position":3,"name":"i sentieri del mare delle sirene &#8211; diving in the sea of the sirens"}]},{"@type":"WebSite","@id":"https:\/\/libreriadelmare.it\/en\/#website","url":"https:\/\/libreriadelmare.it\/en\/","name":"Libreria del Mare - Milano","description":"","publisher":{"@id":"https:\/\/libreriadelmare.it\/en\/#organization"},"potentialAction":[{"@type":"SearchAction","target":{"@type":"EntryPoint","urlTemplate":"https:\/\/libreriadelmare.it\/en\/?s={search_term_string}"},"query-input":{"@type":"PropertyValueSpecification","valueRequired":true,"valueName":"search_term_string"}}],"inLanguage":"en-US"},{"@type":"Organization","@id":"https:\/\/libreriadelmare.it\/en\/#organization","name":"Libreria del Mare - Milano","url":"https:\/\/libreriadelmare.it\/en\/","logo":{"@type":"ImageObject","inLanguage":"en-US","@id":"https:\/\/libreriadelmare.it\/en\/#\/schema\/logo\/image\/","url":"https:\/\/libreriadelmare.it\/wp-content\/uploads\/2018\/07\/logo-blu.png","contentUrl":"https:\/\/libreriadelmare.it\/wp-content\/uploads\/2018\/07\/logo-blu.png","width":600,"height":162,"caption":"Libreria del Mare - Milano"},"image":{"@id":"https:\/\/libreriadelmare.it\/en\/#\/schema\/logo\/image\/"},"sameAs":["https:\/\/www.facebook.com\/libreriadelmare","https:\/\/www.instagram.com\/libreriadelmare\/"],"hasMerchantReturnPolicy":{"@type":"MerchantReturnPolicy","merchantReturnLink":"https:\/\/libreriadelmare.it\/diritto-di-recesso\/"}}]},"product_price_amount":"18.00","product_price_currency":"EUR","og_availability":"backorder","product_availability":"available for order","product_retailer_item_id":"9788888623160","product_condition":"new"},"_links":{"self":[{"href":"https:\/\/libreriadelmare.it\/en\/wp-json\/wp\/v2\/product\/96927","targetHints":{"allow":["GET"]}}],"collection":[{"href":"https:\/\/libreriadelmare.it\/en\/wp-json\/wp\/v2\/product"}],"about":[{"href":"https:\/\/libreriadelmare.it\/en\/wp-json\/wp\/v2\/types\/product"}],"replies":[{"embeddable":true,"href":"https:\/\/libreriadelmare.it\/en\/wp-json\/wp\/v2\/comments?post=96927"}],"wp:featuredmedia":[{"embeddable":true,"href":"https:\/\/libreriadelmare.it\/en\/wp-json\/wp\/v2\/media\/96928"}],"wp:attachment":[{"href":"https:\/\/libreriadelmare.it\/en\/wp-json\/wp\/v2\/media?parent=96927"}],"wp:term":[{"taxonomy":"product_brand","embeddable":true,"href":"https:\/\/libreriadelmare.it\/en\/wp-json\/wp\/v2\/product_brand?post=96927"},{"taxonomy":"product_cat","embeddable":true,"href":"https:\/\/libreriadelmare.it\/en\/wp-json\/wp\/v2\/product_cat?post=96927"},{"taxonomy":"product_tag","embeddable":true,"href":"https:\/\/libreriadelmare.it\/en\/wp-json\/wp\/v2\/product_tag?post=96927"}],"curies":[{"name":"wp","href":"https:\/\/api.w.org\/{rel}","templated":true}]}}