{"id":96875,"date":"2019-06-04T12:30:21","date_gmt":"2019-06-04T10:30:21","guid":{"rendered":"https:\/\/libreriadelmare.it\/negozio\/uncategorized\/il-wc-di-bordo-cestari-a-9788885719699\/"},"modified":"2026-04-18T01:29:55","modified_gmt":"2026-04-17T23:29:55","slug":"il-wc-di-bordo-cestari-a-9788885719699","status":"publish","type":"product","link":"https:\/\/libreriadelmare.it\/en\/shop\/il-wc-di-bordo-cestari-a-9788885719699\/","title":{"rendered":"il wc di bordo"},"content":{"rendered":"<p>Nel panorama della letteratura nautica si trovano libri e manuali dedicati ai pi\u00f9 svariati argomenti inerenti il mare e la navigazione, dai romanzi alle pubblicazioni tecniche. Tuttavia, non proprio tutti i temi vengono trattati in modo approfondito quanto meriterebbero: il WC marino, infatti, \u00e8 da sempre un argomento tab\u00f9 e attorno ad esso si sono creati numerosi falsi miti, tanto da essere considerato una delle dotazioni pi\u00f9 pericolose a bordo.<\/p>\n<p>Questo manuale svela tutti i misteri del sinistro impianto, spiegandone il funzionamento e l\u2019esatta anatomia per liberare una volta per tutte il navigante dalla diffidenza nei confronti dell\u2019unica attrezzatura veramente utilizzata da ogni membro dell\u2019equipaggio.<\/p>\n<p>GLI ARGOMENTI CONTENUTI NEL LIBRO:<\/p>\n<p>\u2022 STORIA DEL WC MARINO<br \/>\u2022&nbsp;ANATOMIA DEL WC MARINO<br \/>\u2022&nbsp;COME SI USA IL WC MARINO<br \/>\u2022&nbsp;BON TON E NORMATIVE<br \/>\u2022&nbsp;MANUTENZIONE DEL WC MARINO<br \/>\u2022&nbsp;IL WC CHIMICO<br \/>\u2022&nbsp;COMBATTERE GLI ODORI A BORDO<br \/>\u2022&nbsp;COSA FARE SE TUTTO VA MALE&#8230;<\/p>\n<p>Edizione: 2019<\/p>\n","protected":false},"excerpt":{"rendered":"<p class=\"sottotitolo\"><span>Subtitle: <\/span>anatomia, funzionamento e risoluzione dei problemi<\/p>\n<p class=\"autore\"><span>Author: <\/span>cestari a.<\/p>\n<p class=\"editore\"><span>Publisher: <\/span>Edizioni Il Frangente<\/p>\n<p class=\"isbn\"><span>ISBN: <\/span>9788885719699<\/p>\n","protected":false},"featured_media":96876,"comment_status":"open","ping_status":"closed","template":"","meta":[],"product_brand":[],"product_cat":[2565],"product_tag":[],"class_list":{"0":"post-96875","1":"product","2":"type-product","3":"status-publish","4":"has-post-thumbnail","6":"product_cat-books-navigation-boat-and-systems-maintenance","8":"first","9":"onbackorder","10":"taxable","11":"shipping-taxable","12":"purchasable","13":"product-type-simple"},"yoast_head":"<!-- This site is optimized with the Yoast SEO Premium plugin v27.1 (Yoast SEO v27.4) - https:\/\/yoast.com\/product\/yoast-seo-premium-wordpress\/ -->\n<title>il wc di bordo - Libreria del Mare<\/title>\n<meta name=\"robots\" content=\"index, follow, max-snippet:-1, max-image-preview:large, max-video-preview:-1\" \/>\n<link rel=\"canonical\" href=\"https:\/\/libreriadelmare.it\/en\/shop\/il-wc-di-bordo-cestari-a-9788885719699\/\" \/>\n<meta property=\"og:locale\" content=\"en_US\" \/>\n<meta property=\"og:type\" content=\"article\" \/>\n<meta property=\"og:title\" content=\"il wc di bordo\" \/>\n<meta property=\"og:description\" content=\"Subtitle: anatomia, funzionamento e risoluzione dei problemiAuthor: cestari a.Publisher: Edizioni Il FrangenteISBN: 9788885719699\" \/>\n<meta property=\"og:url\" content=\"https:\/\/libreriadelmare.it\/en\/shop\/il-wc-di-bordo-cestari-a-9788885719699\/\" \/>\n<meta property=\"og:site_name\" content=\"Libreria del Mare\" \/>\n<meta property=\"article:publisher\" content=\"https:\/\/www.facebook.com\/libreriadelmare\" \/>\n<meta property=\"article:modified_time\" content=\"2026-04-17T23:29:55+00:00\" \/>\n<meta property=\"og:image\" content=\"https:\/\/libreriadelmare.it\/wp-content\/uploads\/wc-di-bordo-cestari.jpg\" \/>\n\t<meta property=\"og:image:width\" content=\"424\" \/>\n\t<meta property=\"og:image:height\" content=\"600\" \/>\n\t<meta property=\"og:image:type\" content=\"image\/jpeg\" \/>\n<meta name=\"twitter:card\" content=\"summary_large_image\" \/>\n<meta name=\"twitter:label1\" content=\"Price\" \/>\n\t<meta name=\"twitter:data1\" content=\"&euro;21,00\" \/>\n\t<meta name=\"twitter:label2\" content=\"Availability\" \/>\n\t<meta name=\"twitter:data2\" content=\"On backorder\" \/>\n<script type=\"application\/ld+json\" class=\"yoast-schema-graph\">{\"@context\":\"https:\\\/\\\/schema.org\",\"@graph\":[{\"@type\":\"WebPage\",\"@id\":\"https:\\\/\\\/libreriadelmare.it\\\/en\\\/shop\\\/il-wc-di-bordo-cestari-a-9788885719699\\\/\",\"url\":\"https:\\\/\\\/libreriadelmare.it\\\/en\\\/shop\\\/il-wc-di-bordo-cestari-a-9788885719699\\\/\",\"name\":\"il wc di bordo - Libreria del Mare\",\"isPartOf\":{\"@id\":\"https:\\\/\\\/libreriadelmare.it\\\/en\\\/#website\"},\"primaryImageOfPage\":{\"@id\":\"https:\\\/\\\/libreriadelmare.it\\\/en\\\/shop\\\/il-wc-di-bordo-cestari-a-9788885719699\\\/#primaryimage\"},\"image\":{\"@id\":\"https:\\\/\\\/libreriadelmare.it\\\/en\\\/shop\\\/il-wc-di-bordo-cestari-a-9788885719699\\\/#primaryimage\"},\"thumbnailUrl\":\"https:\\\/\\\/libreriadelmare.it\\\/wp-content\\\/uploads\\\/wc-di-bordo-cestari.jpg\",\"datePublished\":\"2019-06-04T10:30:21+00:00\",\"dateModified\":\"2026-04-17T23:29:55+00:00\",\"breadcrumb\":{\"@id\":\"https:\\\/\\\/libreriadelmare.it\\\/en\\\/shop\\\/il-wc-di-bordo-cestari-a-9788885719699\\\/#breadcrumb\"},\"inLanguage\":\"en-US\",\"potentialAction\":[{\"@type\":\"ReadAction\",\"target\":[\"https:\\\/\\\/libreriadelmare.it\\\/en\\\/shop\\\/il-wc-di-bordo-cestari-a-9788885719699\\\/\"]}]},{\"@type\":\"ImageObject\",\"inLanguage\":\"en-US\",\"@id\":\"https:\\\/\\\/libreriadelmare.it\\\/en\\\/shop\\\/il-wc-di-bordo-cestari-a-9788885719699\\\/#primaryimage\",\"url\":\"https:\\\/\\\/libreriadelmare.it\\\/wp-content\\\/uploads\\\/wc-di-bordo-cestari.jpg\",\"contentUrl\":\"https:\\\/\\\/libreriadelmare.it\\\/wp-content\\\/uploads\\\/wc-di-bordo-cestari.jpg\",\"width\":424,\"height\":600},{\"@type\":\"BreadcrumbList\",\"@id\":\"https:\\\/\\\/libreriadelmare.it\\\/en\\\/shop\\\/il-wc-di-bordo-cestari-a-9788885719699\\\/#breadcrumb\",\"itemListElement\":[{\"@type\":\"ListItem\",\"position\":1,\"name\":\"Home\",\"item\":\"https:\\\/\\\/libreriadelmare.it\\\/en\\\/\"},{\"@type\":\"ListItem\",\"position\":2,\"name\":\"Shop\",\"item\":\"https:\\\/\\\/libreriadelmare.it\\\/en\\\/shop\\\/\"},{\"@type\":\"ListItem\",\"position\":3,\"name\":\"il wc di bordo\"}]},{\"@type\":\"WebSite\",\"@id\":\"https:\\\/\\\/libreriadelmare.it\\\/en\\\/#website\",\"url\":\"https:\\\/\\\/libreriadelmare.it\\\/en\\\/\",\"name\":\"Libreria del Mare - Milano\",\"description\":\"\",\"publisher\":{\"@id\":\"https:\\\/\\\/libreriadelmare.it\\\/en\\\/#organization\"},\"potentialAction\":[{\"@type\":\"SearchAction\",\"target\":{\"@type\":\"EntryPoint\",\"urlTemplate\":\"https:\\\/\\\/libreriadelmare.it\\\/en\\\/?s={search_term_string}\"},\"query-input\":{\"@type\":\"PropertyValueSpecification\",\"valueRequired\":true,\"valueName\":\"search_term_string\"}}],\"inLanguage\":\"en-US\"},{\"@type\":\"Organization\",\"@id\":\"https:\\\/\\\/libreriadelmare.it\\\/en\\\/#organization\",\"name\":\"Libreria del Mare - Milano\",\"url\":\"https:\\\/\\\/libreriadelmare.it\\\/en\\\/\",\"logo\":{\"@type\":\"ImageObject\",\"inLanguage\":\"en-US\",\"@id\":\"https:\\\/\\\/libreriadelmare.it\\\/en\\\/#\\\/schema\\\/logo\\\/image\\\/\",\"url\":\"https:\\\/\\\/libreriadelmare.it\\\/wp-content\\\/uploads\\\/2018\\\/07\\\/logo-blu.png\",\"contentUrl\":\"https:\\\/\\\/libreriadelmare.it\\\/wp-content\\\/uploads\\\/2018\\\/07\\\/logo-blu.png\",\"width\":600,\"height\":162,\"caption\":\"Libreria del Mare - Milano\"},\"image\":{\"@id\":\"https:\\\/\\\/libreriadelmare.it\\\/en\\\/#\\\/schema\\\/logo\\\/image\\\/\"},\"sameAs\":[\"https:\\\/\\\/www.facebook.com\\\/libreriadelmare\",\"https:\\\/\\\/www.instagram.com\\\/libreriadelmare\\\/\"],\"hasMerchantReturnPolicy\":{\"@type\":\"MerchantReturnPolicy\",\"merchantReturnLink\":\"https:\\\/\\\/libreriadelmare.it\\\/diritto-di-recesso\\\/\"}}]}<\/script>\n<meta property=\"product:price:amount\" content=\"21.00\" \/>\n<meta property=\"product:price:currency\" content=\"EUR\" \/>\n<meta property=\"og:availability\" content=\"backorder\" \/>\n<meta property=\"product:availability\" content=\"available for order\" \/>\n<meta property=\"product:retailer_item_id\" content=\"9788885719699\" \/>\n<meta property=\"product:condition\" content=\"new\" \/>\n<!-- \/ Yoast SEO Premium plugin. -->","yoast_head_json":{"title":"il wc di bordo - Libreria del Mare","robots":{"index":"index","follow":"follow","max-snippet":"max-snippet:-1","max-image-preview":"max-image-preview:large","max-video-preview":"max-video-preview:-1"},"canonical":"https:\/\/libreriadelmare.it\/en\/shop\/il-wc-di-bordo-cestari-a-9788885719699\/","og_locale":"en_US","og_type":"article","og_title":"il wc di bordo","og_description":"Subtitle: anatomia, funzionamento e risoluzione dei problemiAuthor: cestari a.Publisher: Edizioni Il FrangenteISBN: 9788885719699","og_url":"https:\/\/libreriadelmare.it\/en\/shop\/il-wc-di-bordo-cestari-a-9788885719699\/","og_site_name":"Libreria del Mare","article_publisher":"https:\/\/www.facebook.com\/libreriadelmare","article_modified_time":"2026-04-17T23:29:55+00:00","og_image":[{"width":424,"height":600,"url":"https:\/\/libreriadelmare.it\/wp-content\/uploads\/wc-di-bordo-cestari.jpg","type":"image\/jpeg"}],"twitter_card":"summary_large_image","twitter_misc":{"Price":"&euro;21,00","Availability":"On backorder"},"schema":{"@context":"https:\/\/schema.org","@graph":[{"@type":"WebPage","@id":"https:\/\/libreriadelmare.it\/en\/shop\/il-wc-di-bordo-cestari-a-9788885719699\/","url":"https:\/\/libreriadelmare.it\/en\/shop\/il-wc-di-bordo-cestari-a-9788885719699\/","name":"il wc di bordo - Libreria del Mare","isPartOf":{"@id":"https:\/\/libreriadelmare.it\/en\/#website"},"primaryImageOfPage":{"@id":"https:\/\/libreriadelmare.it\/en\/shop\/il-wc-di-bordo-cestari-a-9788885719699\/#primaryimage"},"image":{"@id":"https:\/\/libreriadelmare.it\/en\/shop\/il-wc-di-bordo-cestari-a-9788885719699\/#primaryimage"},"thumbnailUrl":"https:\/\/libreriadelmare.it\/wp-content\/uploads\/wc-di-bordo-cestari.jpg","datePublished":"2019-06-04T10:30:21+00:00","dateModified":"2026-04-17T23:29:55+00:00","breadcrumb":{"@id":"https:\/\/libreriadelmare.it\/en\/shop\/il-wc-di-bordo-cestari-a-9788885719699\/#breadcrumb"},"inLanguage":"en-US","potentialAction":[{"@type":"ReadAction","target":["https:\/\/libreriadelmare.it\/en\/shop\/il-wc-di-bordo-cestari-a-9788885719699\/"]}]},{"@type":"ImageObject","inLanguage":"en-US","@id":"https:\/\/libreriadelmare.it\/en\/shop\/il-wc-di-bordo-cestari-a-9788885719699\/#primaryimage","url":"https:\/\/libreriadelmare.it\/wp-content\/uploads\/wc-di-bordo-cestari.jpg","contentUrl":"https:\/\/libreriadelmare.it\/wp-content\/uploads\/wc-di-bordo-cestari.jpg","width":424,"height":600},{"@type":"BreadcrumbList","@id":"https:\/\/libreriadelmare.it\/en\/shop\/il-wc-di-bordo-cestari-a-9788885719699\/#breadcrumb","itemListElement":[{"@type":"ListItem","position":1,"name":"Home","item":"https:\/\/libreriadelmare.it\/en\/"},{"@type":"ListItem","position":2,"name":"Shop","item":"https:\/\/libreriadelmare.it\/en\/shop\/"},{"@type":"ListItem","position":3,"name":"il wc di bordo"}]},{"@type":"WebSite","@id":"https:\/\/libreriadelmare.it\/en\/#website","url":"https:\/\/libreriadelmare.it\/en\/","name":"Libreria del Mare - Milano","description":"","publisher":{"@id":"https:\/\/libreriadelmare.it\/en\/#organization"},"potentialAction":[{"@type":"SearchAction","target":{"@type":"EntryPoint","urlTemplate":"https:\/\/libreriadelmare.it\/en\/?s={search_term_string}"},"query-input":{"@type":"PropertyValueSpecification","valueRequired":true,"valueName":"search_term_string"}}],"inLanguage":"en-US"},{"@type":"Organization","@id":"https:\/\/libreriadelmare.it\/en\/#organization","name":"Libreria del Mare - Milano","url":"https:\/\/libreriadelmare.it\/en\/","logo":{"@type":"ImageObject","inLanguage":"en-US","@id":"https:\/\/libreriadelmare.it\/en\/#\/schema\/logo\/image\/","url":"https:\/\/libreriadelmare.it\/wp-content\/uploads\/2018\/07\/logo-blu.png","contentUrl":"https:\/\/libreriadelmare.it\/wp-content\/uploads\/2018\/07\/logo-blu.png","width":600,"height":162,"caption":"Libreria del Mare - Milano"},"image":{"@id":"https:\/\/libreriadelmare.it\/en\/#\/schema\/logo\/image\/"},"sameAs":["https:\/\/www.facebook.com\/libreriadelmare","https:\/\/www.instagram.com\/libreriadelmare\/"],"hasMerchantReturnPolicy":{"@type":"MerchantReturnPolicy","merchantReturnLink":"https:\/\/libreriadelmare.it\/diritto-di-recesso\/"}}]},"product_price_amount":"21.00","product_price_currency":"EUR","og_availability":"backorder","product_availability":"available for order","product_retailer_item_id":"9788885719699","product_condition":"new"},"df_price":21,"df_sale_price":"","df_regular_price":21,"df_image_link":"https:\/\/libreriadelmare.it\/wp-content\/uploads\/wc-di-bordo-cestari-212x300.jpg","_links":{"self":[{"href":"https:\/\/libreriadelmare.it\/en\/wp-json\/wp\/v2\/product\/96875","targetHints":{"allow":["GET"]}}],"collection":[{"href":"https:\/\/libreriadelmare.it\/en\/wp-json\/wp\/v2\/product"}],"about":[{"href":"https:\/\/libreriadelmare.it\/en\/wp-json\/wp\/v2\/types\/product"}],"replies":[{"embeddable":true,"href":"https:\/\/libreriadelmare.it\/en\/wp-json\/wp\/v2\/comments?post=96875"}],"wp:featuredmedia":[{"embeddable":true,"href":"https:\/\/libreriadelmare.it\/en\/wp-json\/wp\/v2\/media\/96876"}],"wp:attachment":[{"href":"https:\/\/libreriadelmare.it\/en\/wp-json\/wp\/v2\/media?parent=96875"}],"wp:term":[{"taxonomy":"product_brand","embeddable":true,"href":"https:\/\/libreriadelmare.it\/en\/wp-json\/wp\/v2\/product_brand?post=96875"},{"taxonomy":"product_cat","embeddable":true,"href":"https:\/\/libreriadelmare.it\/en\/wp-json\/wp\/v2\/product_cat?post=96875"},{"taxonomy":"product_tag","embeddable":true,"href":"https:\/\/libreriadelmare.it\/en\/wp-json\/wp\/v2\/product_tag?post=96875"}],"curies":[{"name":"wp","href":"https:\/\/api.w.org\/{rel}","templated":true}]}}