{"id":95975,"date":"2020-12-02T14:46:59","date_gmt":"2020-12-02T13:46:59","guid":{"rendered":"https:\/\/libreriadelmare.it\/negozio\/uncategorized\/vele-leggendarie-bruno-cianci-9788862622943\/"},"modified":"2026-04-04T01:18:41","modified_gmt":"2026-04-03T23:18:41","slug":"vele-leggendarie-bruno-cianci-9788862622943","status":"publish","type":"product","link":"https:\/\/libreriadelmare.it\/en\/shop\/vele-leggendarie-bruno-cianci-9788862622943\/","title":{"rendered":"vele leggendarie"},"content":{"rendered":"<p>Il mare, la vela, la fotografia. Tre elementi, un intenso connubio. La storia della fotografia nautica, fin dai suoi esordi, \u00e8 legata alla famiglia Beken. Alfred Edward Beken e il figlio Frank iniziarono a immortalare velieri nel 1888, quando si trasferirono a Cowes nell&#8217;Isola di White, localit\u00e0 rinomata gi\u00e0 all&#8217;epoca per le regate. Svilupparono una tecnica raffinata che, in pochi anni, li rese celebri nel mondo della vela. A pi\u00f9 di un secolo di distanza l&#8217;Archivio Beken, unico nel suo genere, \u00e8 costituito da pi\u00f9 di 200.000 fotografie di incalcolabile valore, dalle preziose lastre storiche in bianco e nero agli scatti digitali contemporanei di alta qualit\u00e0 e perfezione tecnica.<\/p>\n<p>Attraverso una straordinaria selezione delle immagini storiche della collezione Beken, realizzate tra la fine del XIX Secolo e gli Anni &#8217;30 del XX Secolo, questo volume raccoglie alcuni dei pi\u00f9 intensi e magnifici ritratti di barche a vela d&#8217;epoca mai eseguiti nelle acque di Cowes. Dai potenti e maestosi yacht che gareggiano in Coppa America agli elegantissimi J Class, dalle imbarcazioni che partecipano alle regate transoceaniche fino a capisaldi della nautica quali Mariquita, Moonbeam IV, Lulworth, Altair&#8230; le imbarcazioni che hanno fatto la storia dello yachting sono passate davanti all&#8217;obiettivo dei Beken che, con la loro arte, sono riusciti a coglierne al meglio l&#8217;essenza.<\/p>\n<p>Prefazione di Kenneth Beken.<\/p>\n<p>Edizione: 2020<\/p>\n","protected":false},"excerpt":{"rendered":"<p class=\"sottotitolo\"><span>Subtitle: <\/span>beken of cowes<\/p>\n<p class=\"autore\"><span>Author: <\/span>bruno cianci<\/p>\n<p class=\"editore\"><span>Publisher: <\/span>idealibri (rusconi libri)<\/p>\n<p class=\"isbn\"><span>ISBN: <\/span>9788862622943<\/p>\n","protected":false},"featured_media":48291,"comment_status":"open","ping_status":"closed","template":"","meta":[],"product_brand":[],"product_cat":[2576],"product_tag":[],"class_list":{"0":"post-95975","1":"product","2":"type-product","3":"status-publish","4":"has-post-thumbnail","6":"product_cat-books-navigation-illustrated-books","8":"first","9":"onbackorder","10":"taxable","11":"shipping-taxable","12":"purchasable","13":"product-type-simple"},"yoast_head":"<!-- This site is optimized with the Yoast SEO Premium plugin v27.1 (Yoast SEO v27.3) - https:\/\/yoast.com\/product\/yoast-seo-premium-wordpress\/ -->\n<title>vele leggendarie - Libreria del Mare<\/title>\n<meta name=\"robots\" content=\"index, follow, max-snippet:-1, max-image-preview:large, max-video-preview:-1\" \/>\n<link rel=\"canonical\" href=\"https:\/\/libreriadelmare.it\/en\/shop\/vele-leggendarie-bruno-cianci-9788862622943\/\" \/>\n<meta property=\"og:locale\" content=\"en_US\" \/>\n<meta property=\"og:type\" content=\"article\" \/>\n<meta property=\"og:title\" content=\"vele leggendarie\" \/>\n<meta property=\"og:description\" content=\"Subtitle: beken of cowesAuthor: bruno cianciPublisher: idealibri (rusconi libri)ISBN: 9788862622943\" \/>\n<meta property=\"og:url\" content=\"https:\/\/libreriadelmare.it\/en\/shop\/vele-leggendarie-bruno-cianci-9788862622943\/\" \/>\n<meta property=\"og:site_name\" content=\"Libreria del Mare\" \/>\n<meta property=\"article:publisher\" content=\"https:\/\/www.facebook.com\/libreriadelmare\" \/>\n<meta property=\"article:modified_time\" content=\"2026-04-03T23:18:41+00:00\" \/>\n<meta property=\"og:image\" content=\"https:\/\/libreriadelmare.it\/wp-content\/uploads\/vele-leggendarie-beken-of-cowes-cianci.jpg\" \/>\n\t<meta property=\"og:image:width\" content=\"721\" \/>\n\t<meta property=\"og:image:height\" content=\"520\" \/>\n\t<meta property=\"og:image:type\" content=\"image\/jpeg\" \/>\n<meta name=\"twitter:card\" content=\"summary_large_image\" \/>\n<meta name=\"twitter:label1\" content=\"Price\" \/>\n\t<meta name=\"twitter:data1\" content=\"&euro;49,00\" \/>\n\t<meta name=\"twitter:label2\" content=\"Availability\" \/>\n\t<meta name=\"twitter:data2\" content=\"On backorder\" \/>\n<script type=\"application\/ld+json\" class=\"yoast-schema-graph\">{\"@context\":\"https:\\\/\\\/schema.org\",\"@graph\":[{\"@type\":\"WebPage\",\"@id\":\"https:\\\/\\\/libreriadelmare.it\\\/en\\\/shop\\\/vele-leggendarie-bruno-cianci-9788862622943\\\/\",\"url\":\"https:\\\/\\\/libreriadelmare.it\\\/en\\\/shop\\\/vele-leggendarie-bruno-cianci-9788862622943\\\/\",\"name\":\"vele leggendarie - Libreria del Mare\",\"isPartOf\":{\"@id\":\"https:\\\/\\\/libreriadelmare.it\\\/en\\\/#website\"},\"primaryImageOfPage\":{\"@id\":\"https:\\\/\\\/libreriadelmare.it\\\/en\\\/shop\\\/vele-leggendarie-bruno-cianci-9788862622943\\\/#primaryimage\"},\"image\":{\"@id\":\"https:\\\/\\\/libreriadelmare.it\\\/en\\\/shop\\\/vele-leggendarie-bruno-cianci-9788862622943\\\/#primaryimage\"},\"thumbnailUrl\":\"https:\\\/\\\/libreriadelmare.it\\\/wp-content\\\/uploads\\\/vele-leggendarie-beken-of-cowes-cianci.jpg\",\"datePublished\":\"2020-12-02T13:46:59+00:00\",\"dateModified\":\"2026-04-03T23:18:41+00:00\",\"breadcrumb\":{\"@id\":\"https:\\\/\\\/libreriadelmare.it\\\/en\\\/shop\\\/vele-leggendarie-bruno-cianci-9788862622943\\\/#breadcrumb\"},\"inLanguage\":\"en-US\",\"potentialAction\":[{\"@type\":\"ReadAction\",\"target\":[\"https:\\\/\\\/libreriadelmare.it\\\/en\\\/shop\\\/vele-leggendarie-bruno-cianci-9788862622943\\\/\"]}]},{\"@type\":\"ImageObject\",\"inLanguage\":\"en-US\",\"@id\":\"https:\\\/\\\/libreriadelmare.it\\\/en\\\/shop\\\/vele-leggendarie-bruno-cianci-9788862622943\\\/#primaryimage\",\"url\":\"https:\\\/\\\/libreriadelmare.it\\\/wp-content\\\/uploads\\\/vele-leggendarie-beken-of-cowes-cianci.jpg\",\"contentUrl\":\"https:\\\/\\\/libreriadelmare.it\\\/wp-content\\\/uploads\\\/vele-leggendarie-beken-of-cowes-cianci.jpg\",\"width\":721,\"height\":520},{\"@type\":\"BreadcrumbList\",\"@id\":\"https:\\\/\\\/libreriadelmare.it\\\/en\\\/shop\\\/vele-leggendarie-bruno-cianci-9788862622943\\\/#breadcrumb\",\"itemListElement\":[{\"@type\":\"ListItem\",\"position\":1,\"name\":\"Home\",\"item\":\"https:\\\/\\\/libreriadelmare.it\\\/en\\\/\"},{\"@type\":\"ListItem\",\"position\":2,\"name\":\"Shop\",\"item\":\"https:\\\/\\\/libreriadelmare.it\\\/en\\\/shop\\\/\"},{\"@type\":\"ListItem\",\"position\":3,\"name\":\"vele leggendarie\"}]},{\"@type\":\"WebSite\",\"@id\":\"https:\\\/\\\/libreriadelmare.it\\\/en\\\/#website\",\"url\":\"https:\\\/\\\/libreriadelmare.it\\\/en\\\/\",\"name\":\"Libreria del Mare - Milano\",\"description\":\"\",\"publisher\":{\"@id\":\"https:\\\/\\\/libreriadelmare.it\\\/en\\\/#organization\"},\"potentialAction\":[{\"@type\":\"SearchAction\",\"target\":{\"@type\":\"EntryPoint\",\"urlTemplate\":\"https:\\\/\\\/libreriadelmare.it\\\/en\\\/?s={search_term_string}\"},\"query-input\":{\"@type\":\"PropertyValueSpecification\",\"valueRequired\":true,\"valueName\":\"search_term_string\"}}],\"inLanguage\":\"en-US\"},{\"@type\":\"Organization\",\"@id\":\"https:\\\/\\\/libreriadelmare.it\\\/en\\\/#organization\",\"name\":\"Libreria del Mare - Milano\",\"url\":\"https:\\\/\\\/libreriadelmare.it\\\/en\\\/\",\"logo\":{\"@type\":\"ImageObject\",\"inLanguage\":\"en-US\",\"@id\":\"https:\\\/\\\/libreriadelmare.it\\\/en\\\/#\\\/schema\\\/logo\\\/image\\\/\",\"url\":\"https:\\\/\\\/libreriadelmare.it\\\/wp-content\\\/uploads\\\/2018\\\/07\\\/logo-blu.png\",\"contentUrl\":\"https:\\\/\\\/libreriadelmare.it\\\/wp-content\\\/uploads\\\/2018\\\/07\\\/logo-blu.png\",\"width\":600,\"height\":162,\"caption\":\"Libreria del Mare - Milano\"},\"image\":{\"@id\":\"https:\\\/\\\/libreriadelmare.it\\\/en\\\/#\\\/schema\\\/logo\\\/image\\\/\"},\"sameAs\":[\"https:\\\/\\\/www.facebook.com\\\/libreriadelmare\",\"https:\\\/\\\/www.instagram.com\\\/libreriadelmare\\\/\"],\"hasMerchantReturnPolicy\":{\"@type\":\"MerchantReturnPolicy\",\"merchantReturnLink\":\"https:\\\/\\\/libreriadelmare.it\\\/diritto-di-recesso\\\/\"}}]}<\/script>\n<meta property=\"product:price:amount\" content=\"49.00\" \/>\n<meta property=\"product:price:currency\" content=\"EUR\" \/>\n<meta property=\"og:availability\" content=\"backorder\" \/>\n<meta property=\"product:availability\" content=\"available for order\" \/>\n<meta property=\"product:retailer_item_id\" content=\"9788862622943\" \/>\n<meta property=\"product:condition\" content=\"new\" \/>\n<!-- \/ Yoast SEO Premium plugin. -->","yoast_head_json":{"title":"vele leggendarie - Libreria del Mare","robots":{"index":"index","follow":"follow","max-snippet":"max-snippet:-1","max-image-preview":"max-image-preview:large","max-video-preview":"max-video-preview:-1"},"canonical":"https:\/\/libreriadelmare.it\/en\/shop\/vele-leggendarie-bruno-cianci-9788862622943\/","og_locale":"en_US","og_type":"article","og_title":"vele leggendarie","og_description":"Subtitle: beken of cowesAuthor: bruno cianciPublisher: idealibri (rusconi libri)ISBN: 9788862622943","og_url":"https:\/\/libreriadelmare.it\/en\/shop\/vele-leggendarie-bruno-cianci-9788862622943\/","og_site_name":"Libreria del Mare","article_publisher":"https:\/\/www.facebook.com\/libreriadelmare","article_modified_time":"2026-04-03T23:18:41+00:00","og_image":[{"width":721,"height":520,"url":"https:\/\/libreriadelmare.it\/wp-content\/uploads\/vele-leggendarie-beken-of-cowes-cianci.jpg","type":"image\/jpeg"}],"twitter_card":"summary_large_image","twitter_misc":{"Price":"&euro;49,00","Availability":"On backorder"},"schema":{"@context":"https:\/\/schema.org","@graph":[{"@type":"WebPage","@id":"https:\/\/libreriadelmare.it\/en\/shop\/vele-leggendarie-bruno-cianci-9788862622943\/","url":"https:\/\/libreriadelmare.it\/en\/shop\/vele-leggendarie-bruno-cianci-9788862622943\/","name":"vele leggendarie - Libreria del Mare","isPartOf":{"@id":"https:\/\/libreriadelmare.it\/en\/#website"},"primaryImageOfPage":{"@id":"https:\/\/libreriadelmare.it\/en\/shop\/vele-leggendarie-bruno-cianci-9788862622943\/#primaryimage"},"image":{"@id":"https:\/\/libreriadelmare.it\/en\/shop\/vele-leggendarie-bruno-cianci-9788862622943\/#primaryimage"},"thumbnailUrl":"https:\/\/libreriadelmare.it\/wp-content\/uploads\/vele-leggendarie-beken-of-cowes-cianci.jpg","datePublished":"2020-12-02T13:46:59+00:00","dateModified":"2026-04-03T23:18:41+00:00","breadcrumb":{"@id":"https:\/\/libreriadelmare.it\/en\/shop\/vele-leggendarie-bruno-cianci-9788862622943\/#breadcrumb"},"inLanguage":"en-US","potentialAction":[{"@type":"ReadAction","target":["https:\/\/libreriadelmare.it\/en\/shop\/vele-leggendarie-bruno-cianci-9788862622943\/"]}]},{"@type":"ImageObject","inLanguage":"en-US","@id":"https:\/\/libreriadelmare.it\/en\/shop\/vele-leggendarie-bruno-cianci-9788862622943\/#primaryimage","url":"https:\/\/libreriadelmare.it\/wp-content\/uploads\/vele-leggendarie-beken-of-cowes-cianci.jpg","contentUrl":"https:\/\/libreriadelmare.it\/wp-content\/uploads\/vele-leggendarie-beken-of-cowes-cianci.jpg","width":721,"height":520},{"@type":"BreadcrumbList","@id":"https:\/\/libreriadelmare.it\/en\/shop\/vele-leggendarie-bruno-cianci-9788862622943\/#breadcrumb","itemListElement":[{"@type":"ListItem","position":1,"name":"Home","item":"https:\/\/libreriadelmare.it\/en\/"},{"@type":"ListItem","position":2,"name":"Shop","item":"https:\/\/libreriadelmare.it\/en\/shop\/"},{"@type":"ListItem","position":3,"name":"vele leggendarie"}]},{"@type":"WebSite","@id":"https:\/\/libreriadelmare.it\/en\/#website","url":"https:\/\/libreriadelmare.it\/en\/","name":"Libreria del Mare - Milano","description":"","publisher":{"@id":"https:\/\/libreriadelmare.it\/en\/#organization"},"potentialAction":[{"@type":"SearchAction","target":{"@type":"EntryPoint","urlTemplate":"https:\/\/libreriadelmare.it\/en\/?s={search_term_string}"},"query-input":{"@type":"PropertyValueSpecification","valueRequired":true,"valueName":"search_term_string"}}],"inLanguage":"en-US"},{"@type":"Organization","@id":"https:\/\/libreriadelmare.it\/en\/#organization","name":"Libreria del Mare - Milano","url":"https:\/\/libreriadelmare.it\/en\/","logo":{"@type":"ImageObject","inLanguage":"en-US","@id":"https:\/\/libreriadelmare.it\/en\/#\/schema\/logo\/image\/","url":"https:\/\/libreriadelmare.it\/wp-content\/uploads\/2018\/07\/logo-blu.png","contentUrl":"https:\/\/libreriadelmare.it\/wp-content\/uploads\/2018\/07\/logo-blu.png","width":600,"height":162,"caption":"Libreria del Mare - Milano"},"image":{"@id":"https:\/\/libreriadelmare.it\/en\/#\/schema\/logo\/image\/"},"sameAs":["https:\/\/www.facebook.com\/libreriadelmare","https:\/\/www.instagram.com\/libreriadelmare\/"],"hasMerchantReturnPolicy":{"@type":"MerchantReturnPolicy","merchantReturnLink":"https:\/\/libreriadelmare.it\/diritto-di-recesso\/"}}]},"product_price_amount":"49.00","product_price_currency":"EUR","og_availability":"backorder","product_availability":"available for order","product_retailer_item_id":"9788862622943","product_condition":"new"},"_links":{"self":[{"href":"https:\/\/libreriadelmare.it\/en\/wp-json\/wp\/v2\/product\/95975","targetHints":{"allow":["GET"]}}],"collection":[{"href":"https:\/\/libreriadelmare.it\/en\/wp-json\/wp\/v2\/product"}],"about":[{"href":"https:\/\/libreriadelmare.it\/en\/wp-json\/wp\/v2\/types\/product"}],"replies":[{"embeddable":true,"href":"https:\/\/libreriadelmare.it\/en\/wp-json\/wp\/v2\/comments?post=95975"}],"wp:featuredmedia":[{"embeddable":true,"href":"https:\/\/libreriadelmare.it\/en\/wp-json\/wp\/v2\/media\/48291"}],"wp:attachment":[{"href":"https:\/\/libreriadelmare.it\/en\/wp-json\/wp\/v2\/media?parent=95975"}],"wp:term":[{"taxonomy":"product_brand","embeddable":true,"href":"https:\/\/libreriadelmare.it\/en\/wp-json\/wp\/v2\/product_brand?post=95975"},{"taxonomy":"product_cat","embeddable":true,"href":"https:\/\/libreriadelmare.it\/en\/wp-json\/wp\/v2\/product_cat?post=95975"},{"taxonomy":"product_tag","embeddable":true,"href":"https:\/\/libreriadelmare.it\/en\/wp-json\/wp\/v2\/product_tag?post=95975"}],"curies":[{"name":"wp","href":"https:\/\/api.w.org\/{rel}","templated":true}]}}