{"id":95933,"date":"2020-12-12T16:32:39","date_gmt":"2020-12-12T15:32:39","guid":{"rendered":"https:\/\/libreriadelmare.it\/negozio\/uncategorized\/i-fulmini-in-barca-i-quaderni-del-nostromo-gianluigi-barducci-9788836100446\/"},"modified":"2026-03-28T01:31:46","modified_gmt":"2026-03-28T00:31:46","slug":"i-fulmini-in-barca-i-quaderni-del-nostromo-gianluigi-barducci-9788836100446","status":"publish","type":"product","link":"https:\/\/libreriadelmare.it\/en\/shop\/i-fulmini-in-barca-i-quaderni-del-nostromo-gianluigi-barducci-9788836100446\/","title":{"rendered":"i fulmini in barca (i quaderni del nostromo)"},"content":{"rendered":"<p style=\"text-align:justify\">Questo piccolo manuale intende affrontare un argomento che interessa sia il diportista in crociera sia il navigatore d\u2019altura, sul quale non esistono comunque risposte univoche e certezze assolute. I fulmini e la barca: che fare? Cercare di evitarli o farli scaricare in mare?<br \/>\u00c8 molto difficile che un navigante possieda conoscenze specifiche su un tema cos\u00ec particolare e complesso, perci\u00f2 bisogna anzitutto capire cos\u2019\u00e8 un fulmine, come si forma e come si comporta. Il passo successivo \u00e8 ricercare quanto indicato sull\u2019argomento dagli organismi competenti nazionali e internazionali e seguire le istruzioni dettate dalla normativa esistente in materia. Alle luce di tutto questo, arriva la fase pi\u00f9 complessa: trasferire questo bagaglio di nozioni alla propria barca, con le inevitabili perplessit\u00e0, difficolt\u00e0 e scelte che ne conseguono.<br \/>In queste pagine si cerca di fare chiarezza sull\u2019argomento e fornire gli strumenti teorici e pratici indispensabili per affrontare il problema quanto meno in modo informato.<\/p>\n<p style=\"text-align:justify\"><strong>CONTENUTO<\/strong><br \/>\u2022 Come si forma e come si comporta un fulmine<br \/>\u2022 Le norme tecniche esistenti in materia<br \/>\u2022 Il sistema di protezione dai fulmini<br \/>\u2022 Il volume di protezione<br \/>\u2022 Le caratteristiche della corrente di fulmine<br \/>\u2022 Le scelte possibili<br \/>\u2022 La realizzazione del sistema parafulmini<br \/>\u2022 Strallo, stralletti, sartie e paterazzo<br \/>\u2022 L\u2019induzione elettromagnetica<br \/>\u2022 Le masse metalliche della barca e il loro collegamento<br \/>\u2022 Considerazioni finali<\/p>\n<p style=\"text-align:justify\">Edizione: 2020<\/p>\n","protected":false},"excerpt":{"rendered":"<p class=\"autore\"><span>Author: <\/span>gianluigi barducci<\/p>\n<p class=\"editore\"><span>Publisher: <\/span>Edizioni Il Frangente<\/p>\n<p class=\"isbn\"><span>ISBN: <\/span>9788836100446<\/p>\n","protected":false},"featured_media":48596,"comment_status":"open","ping_status":"closed","template":"","meta":[],"product_brand":[],"product_cat":[2580],"product_tag":[],"class_list":{"0":"post-95933","1":"product","2":"type-product","3":"status-publish","4":"has-post-thumbnail","6":"product_cat-books-meteorological-navigation-and-meteorology","8":"first","9":"onbackorder","10":"taxable","11":"shipping-taxable","12":"purchasable","13":"product-type-simple"},"yoast_head":"<!-- This site is optimized with the Yoast SEO Premium plugin v27.1 (Yoast SEO v27.3) - https:\/\/yoast.com\/product\/yoast-seo-premium-wordpress\/ -->\n<title>i fulmini in barca (i quaderni del nostromo) - Libreria del Mare<\/title>\n<meta name=\"robots\" content=\"index, follow, max-snippet:-1, max-image-preview:large, max-video-preview:-1\" \/>\n<link rel=\"canonical\" href=\"https:\/\/libreriadelmare.it\/en\/shop\/i-fulmini-in-barca-i-quaderni-del-nostromo-gianluigi-barducci-9788836100446\/\" \/>\n<meta property=\"og:locale\" content=\"en_US\" \/>\n<meta property=\"og:type\" content=\"article\" \/>\n<meta property=\"og:title\" content=\"i fulmini in barca (i quaderni del nostromo)\" \/>\n<meta property=\"og:description\" content=\"Author: gianluigi barducciPublisher: Edizioni Il FrangenteISBN: 9788836100446\" \/>\n<meta property=\"og:url\" content=\"https:\/\/libreriadelmare.it\/en\/shop\/i-fulmini-in-barca-i-quaderni-del-nostromo-gianluigi-barducci-9788836100446\/\" \/>\n<meta property=\"og:site_name\" content=\"Libreria del Mare\" \/>\n<meta property=\"article:publisher\" content=\"https:\/\/www.facebook.com\/libreriadelmare\" \/>\n<meta property=\"article:modified_time\" content=\"2026-03-28T00:31:46+00:00\" \/>\n<meta property=\"og:image\" content=\"https:\/\/libreriadelmare.it\/wp-content\/uploads\/i-fulmini-in-barca-barducci-frangente.jpg\" \/>\n\t<meta property=\"og:image:width\" content=\"500\" \/>\n\t<meta property=\"og:image:height\" content=\"701\" \/>\n\t<meta property=\"og:image:type\" content=\"image\/jpeg\" \/>\n<meta name=\"twitter:card\" content=\"summary_large_image\" \/>\n<meta name=\"twitter:label1\" content=\"Price\" \/>\n\t<meta name=\"twitter:data1\" content=\"&euro;9,50\" \/>\n\t<meta name=\"twitter:label2\" content=\"Availability\" \/>\n\t<meta name=\"twitter:data2\" content=\"On backorder\" \/>\n<script type=\"application\/ld+json\" class=\"yoast-schema-graph\">{\"@context\":\"https:\\\/\\\/schema.org\",\"@graph\":[{\"@type\":\"WebPage\",\"@id\":\"https:\\\/\\\/libreriadelmare.it\\\/en\\\/shop\\\/i-fulmini-in-barca-i-quaderni-del-nostromo-gianluigi-barducci-9788836100446\\\/\",\"url\":\"https:\\\/\\\/libreriadelmare.it\\\/en\\\/shop\\\/i-fulmini-in-barca-i-quaderni-del-nostromo-gianluigi-barducci-9788836100446\\\/\",\"name\":\"i fulmini in barca (i quaderni del nostromo) - Libreria del Mare\",\"isPartOf\":{\"@id\":\"https:\\\/\\\/libreriadelmare.it\\\/en\\\/#website\"},\"primaryImageOfPage\":{\"@id\":\"https:\\\/\\\/libreriadelmare.it\\\/en\\\/shop\\\/i-fulmini-in-barca-i-quaderni-del-nostromo-gianluigi-barducci-9788836100446\\\/#primaryimage\"},\"image\":{\"@id\":\"https:\\\/\\\/libreriadelmare.it\\\/en\\\/shop\\\/i-fulmini-in-barca-i-quaderni-del-nostromo-gianluigi-barducci-9788836100446\\\/#primaryimage\"},\"thumbnailUrl\":\"https:\\\/\\\/libreriadelmare.it\\\/wp-content\\\/uploads\\\/i-fulmini-in-barca-barducci-frangente.jpg\",\"datePublished\":\"2020-12-12T15:32:39+00:00\",\"dateModified\":\"2026-03-28T00:31:46+00:00\",\"breadcrumb\":{\"@id\":\"https:\\\/\\\/libreriadelmare.it\\\/en\\\/shop\\\/i-fulmini-in-barca-i-quaderni-del-nostromo-gianluigi-barducci-9788836100446\\\/#breadcrumb\"},\"inLanguage\":\"en-US\",\"potentialAction\":[{\"@type\":\"ReadAction\",\"target\":[\"https:\\\/\\\/libreriadelmare.it\\\/en\\\/shop\\\/i-fulmini-in-barca-i-quaderni-del-nostromo-gianluigi-barducci-9788836100446\\\/\"]}]},{\"@type\":\"ImageObject\",\"inLanguage\":\"en-US\",\"@id\":\"https:\\\/\\\/libreriadelmare.it\\\/en\\\/shop\\\/i-fulmini-in-barca-i-quaderni-del-nostromo-gianluigi-barducci-9788836100446\\\/#primaryimage\",\"url\":\"https:\\\/\\\/libreriadelmare.it\\\/wp-content\\\/uploads\\\/i-fulmini-in-barca-barducci-frangente.jpg\",\"contentUrl\":\"https:\\\/\\\/libreriadelmare.it\\\/wp-content\\\/uploads\\\/i-fulmini-in-barca-barducci-frangente.jpg\",\"width\":500,\"height\":701},{\"@type\":\"BreadcrumbList\",\"@id\":\"https:\\\/\\\/libreriadelmare.it\\\/en\\\/shop\\\/i-fulmini-in-barca-i-quaderni-del-nostromo-gianluigi-barducci-9788836100446\\\/#breadcrumb\",\"itemListElement\":[{\"@type\":\"ListItem\",\"position\":1,\"name\":\"Home\",\"item\":\"https:\\\/\\\/libreriadelmare.it\\\/en\\\/\"},{\"@type\":\"ListItem\",\"position\":2,\"name\":\"Shop\",\"item\":\"https:\\\/\\\/libreriadelmare.it\\\/en\\\/shop\\\/\"},{\"@type\":\"ListItem\",\"position\":3,\"name\":\"i fulmini in barca (i quaderni del nostromo)\"}]},{\"@type\":\"WebSite\",\"@id\":\"https:\\\/\\\/libreriadelmare.it\\\/en\\\/#website\",\"url\":\"https:\\\/\\\/libreriadelmare.it\\\/en\\\/\",\"name\":\"Libreria del Mare - Milano\",\"description\":\"\",\"publisher\":{\"@id\":\"https:\\\/\\\/libreriadelmare.it\\\/en\\\/#organization\"},\"potentialAction\":[{\"@type\":\"SearchAction\",\"target\":{\"@type\":\"EntryPoint\",\"urlTemplate\":\"https:\\\/\\\/libreriadelmare.it\\\/en\\\/?s={search_term_string}\"},\"query-input\":{\"@type\":\"PropertyValueSpecification\",\"valueRequired\":true,\"valueName\":\"search_term_string\"}}],\"inLanguage\":\"en-US\"},{\"@type\":\"Organization\",\"@id\":\"https:\\\/\\\/libreriadelmare.it\\\/en\\\/#organization\",\"name\":\"Libreria del Mare - Milano\",\"url\":\"https:\\\/\\\/libreriadelmare.it\\\/en\\\/\",\"logo\":{\"@type\":\"ImageObject\",\"inLanguage\":\"en-US\",\"@id\":\"https:\\\/\\\/libreriadelmare.it\\\/en\\\/#\\\/schema\\\/logo\\\/image\\\/\",\"url\":\"https:\\\/\\\/libreriadelmare.it\\\/wp-content\\\/uploads\\\/2018\\\/07\\\/logo-blu.png\",\"contentUrl\":\"https:\\\/\\\/libreriadelmare.it\\\/wp-content\\\/uploads\\\/2018\\\/07\\\/logo-blu.png\",\"width\":600,\"height\":162,\"caption\":\"Libreria del Mare - Milano\"},\"image\":{\"@id\":\"https:\\\/\\\/libreriadelmare.it\\\/en\\\/#\\\/schema\\\/logo\\\/image\\\/\"},\"sameAs\":[\"https:\\\/\\\/www.facebook.com\\\/libreriadelmare\",\"https:\\\/\\\/www.instagram.com\\\/libreriadelmare\\\/\"],\"hasMerchantReturnPolicy\":{\"@type\":\"MerchantReturnPolicy\",\"merchantReturnLink\":\"https:\\\/\\\/libreriadelmare.it\\\/diritto-di-recesso\\\/\"}}]}<\/script>\n<meta property=\"product:price:amount\" content=\"9.50\" \/>\n<meta property=\"product:price:currency\" content=\"EUR\" \/>\n<meta property=\"og:availability\" content=\"backorder\" \/>\n<meta property=\"product:availability\" content=\"available for order\" \/>\n<meta property=\"product:retailer_item_id\" content=\"9788836100446\" \/>\n<meta property=\"product:condition\" content=\"new\" \/>\n<!-- \/ Yoast SEO Premium plugin. -->","yoast_head_json":{"title":"i fulmini in barca (i quaderni del nostromo) - Libreria del Mare","robots":{"index":"index","follow":"follow","max-snippet":"max-snippet:-1","max-image-preview":"max-image-preview:large","max-video-preview":"max-video-preview:-1"},"canonical":"https:\/\/libreriadelmare.it\/en\/shop\/i-fulmini-in-barca-i-quaderni-del-nostromo-gianluigi-barducci-9788836100446\/","og_locale":"en_US","og_type":"article","og_title":"i fulmini in barca (i quaderni del nostromo)","og_description":"Author: gianluigi barducciPublisher: Edizioni Il FrangenteISBN: 9788836100446","og_url":"https:\/\/libreriadelmare.it\/en\/shop\/i-fulmini-in-barca-i-quaderni-del-nostromo-gianluigi-barducci-9788836100446\/","og_site_name":"Libreria del Mare","article_publisher":"https:\/\/www.facebook.com\/libreriadelmare","article_modified_time":"2026-03-28T00:31:46+00:00","og_image":[{"width":500,"height":701,"url":"https:\/\/libreriadelmare.it\/wp-content\/uploads\/i-fulmini-in-barca-barducci-frangente.jpg","type":"image\/jpeg"}],"twitter_card":"summary_large_image","twitter_misc":{"Price":"&euro;9,50","Availability":"On backorder"},"schema":{"@context":"https:\/\/schema.org","@graph":[{"@type":"WebPage","@id":"https:\/\/libreriadelmare.it\/en\/shop\/i-fulmini-in-barca-i-quaderni-del-nostromo-gianluigi-barducci-9788836100446\/","url":"https:\/\/libreriadelmare.it\/en\/shop\/i-fulmini-in-barca-i-quaderni-del-nostromo-gianluigi-barducci-9788836100446\/","name":"i fulmini in barca (i quaderni del nostromo) - Libreria del Mare","isPartOf":{"@id":"https:\/\/libreriadelmare.it\/en\/#website"},"primaryImageOfPage":{"@id":"https:\/\/libreriadelmare.it\/en\/shop\/i-fulmini-in-barca-i-quaderni-del-nostromo-gianluigi-barducci-9788836100446\/#primaryimage"},"image":{"@id":"https:\/\/libreriadelmare.it\/en\/shop\/i-fulmini-in-barca-i-quaderni-del-nostromo-gianluigi-barducci-9788836100446\/#primaryimage"},"thumbnailUrl":"https:\/\/libreriadelmare.it\/wp-content\/uploads\/i-fulmini-in-barca-barducci-frangente.jpg","datePublished":"2020-12-12T15:32:39+00:00","dateModified":"2026-03-28T00:31:46+00:00","breadcrumb":{"@id":"https:\/\/libreriadelmare.it\/en\/shop\/i-fulmini-in-barca-i-quaderni-del-nostromo-gianluigi-barducci-9788836100446\/#breadcrumb"},"inLanguage":"en-US","potentialAction":[{"@type":"ReadAction","target":["https:\/\/libreriadelmare.it\/en\/shop\/i-fulmini-in-barca-i-quaderni-del-nostromo-gianluigi-barducci-9788836100446\/"]}]},{"@type":"ImageObject","inLanguage":"en-US","@id":"https:\/\/libreriadelmare.it\/en\/shop\/i-fulmini-in-barca-i-quaderni-del-nostromo-gianluigi-barducci-9788836100446\/#primaryimage","url":"https:\/\/libreriadelmare.it\/wp-content\/uploads\/i-fulmini-in-barca-barducci-frangente.jpg","contentUrl":"https:\/\/libreriadelmare.it\/wp-content\/uploads\/i-fulmini-in-barca-barducci-frangente.jpg","width":500,"height":701},{"@type":"BreadcrumbList","@id":"https:\/\/libreriadelmare.it\/en\/shop\/i-fulmini-in-barca-i-quaderni-del-nostromo-gianluigi-barducci-9788836100446\/#breadcrumb","itemListElement":[{"@type":"ListItem","position":1,"name":"Home","item":"https:\/\/libreriadelmare.it\/en\/"},{"@type":"ListItem","position":2,"name":"Shop","item":"https:\/\/libreriadelmare.it\/en\/shop\/"},{"@type":"ListItem","position":3,"name":"i fulmini in barca (i quaderni del nostromo)"}]},{"@type":"WebSite","@id":"https:\/\/libreriadelmare.it\/en\/#website","url":"https:\/\/libreriadelmare.it\/en\/","name":"Libreria del Mare - Milano","description":"","publisher":{"@id":"https:\/\/libreriadelmare.it\/en\/#organization"},"potentialAction":[{"@type":"SearchAction","target":{"@type":"EntryPoint","urlTemplate":"https:\/\/libreriadelmare.it\/en\/?s={search_term_string}"},"query-input":{"@type":"PropertyValueSpecification","valueRequired":true,"valueName":"search_term_string"}}],"inLanguage":"en-US"},{"@type":"Organization","@id":"https:\/\/libreriadelmare.it\/en\/#organization","name":"Libreria del Mare - Milano","url":"https:\/\/libreriadelmare.it\/en\/","logo":{"@type":"ImageObject","inLanguage":"en-US","@id":"https:\/\/libreriadelmare.it\/en\/#\/schema\/logo\/image\/","url":"https:\/\/libreriadelmare.it\/wp-content\/uploads\/2018\/07\/logo-blu.png","contentUrl":"https:\/\/libreriadelmare.it\/wp-content\/uploads\/2018\/07\/logo-blu.png","width":600,"height":162,"caption":"Libreria del Mare - Milano"},"image":{"@id":"https:\/\/libreriadelmare.it\/en\/#\/schema\/logo\/image\/"},"sameAs":["https:\/\/www.facebook.com\/libreriadelmare","https:\/\/www.instagram.com\/libreriadelmare\/"],"hasMerchantReturnPolicy":{"@type":"MerchantReturnPolicy","merchantReturnLink":"https:\/\/libreriadelmare.it\/diritto-di-recesso\/"}}]},"product_price_amount":"9.50","product_price_currency":"EUR","og_availability":"backorder","product_availability":"available for order","product_retailer_item_id":"9788836100446","product_condition":"new"},"_links":{"self":[{"href":"https:\/\/libreriadelmare.it\/en\/wp-json\/wp\/v2\/product\/95933","targetHints":{"allow":["GET"]}}],"collection":[{"href":"https:\/\/libreriadelmare.it\/en\/wp-json\/wp\/v2\/product"}],"about":[{"href":"https:\/\/libreriadelmare.it\/en\/wp-json\/wp\/v2\/types\/product"}],"replies":[{"embeddable":true,"href":"https:\/\/libreriadelmare.it\/en\/wp-json\/wp\/v2\/comments?post=95933"}],"wp:featuredmedia":[{"embeddable":true,"href":"https:\/\/libreriadelmare.it\/en\/wp-json\/wp\/v2\/media\/48596"}],"wp:attachment":[{"href":"https:\/\/libreriadelmare.it\/en\/wp-json\/wp\/v2\/media?parent=95933"}],"wp:term":[{"taxonomy":"product_brand","embeddable":true,"href":"https:\/\/libreriadelmare.it\/en\/wp-json\/wp\/v2\/product_brand?post=95933"},{"taxonomy":"product_cat","embeddable":true,"href":"https:\/\/libreriadelmare.it\/en\/wp-json\/wp\/v2\/product_cat?post=95933"},{"taxonomy":"product_tag","embeddable":true,"href":"https:\/\/libreriadelmare.it\/en\/wp-json\/wp\/v2\/product_tag?post=95933"}],"curies":[{"name":"wp","href":"https:\/\/api.w.org\/{rel}","templated":true}]}}