{"id":95927,"date":"2020-12-14T18:53:40","date_gmt":"2020-12-14T17:53:40","guid":{"rendered":"https:\/\/libreriadelmare.it\/negozio\/uncategorized\/yachts-classiques-franois-chevalier-gilles-martin-raget-9782376710479\/"},"modified":"2026-04-04T01:17:47","modified_gmt":"2026-04-03T23:17:47","slug":"yachts-classiques-franois-chevalier-gilles-martin-raget-9782376710479","status":"publish","type":"product","link":"https:\/\/libreriadelmare.it\/en\/shop\/yachts-classiques-franois-chevalier-gilles-martin-raget-9782376710479\/","title":{"rendered":"yachts classiques"},"content":{"rendered":"<p>De l&#8217;introduction: &#8220;Les Voiles de Saint-Tropez ont plus de vingt ans et chaque ann\u00e9e apporte son lot de nouveaux yachts classiques restaur\u00e9s. [&#8230;] En effet, la plupart des voiliers britanniques con\u00e7us par les plus grands noms, William Fife, George Watson ou Charles Nicholson, sont aujourd&#8217;hui comme des sous neufs. Avec la r\u00e9construction en 2000 de la go\u00e9lette &#8220;Eleonora&#8221;, sistership de &#8220;Westward&#8221; de 1903, de Nat Herreshoff, et la go\u00e9lette &#8220;Sunshine&#8221; de William Fife, une autre mani\u00e8re de concevoir le voilier classique \u00e9tait apparue. [&#8230;] La go\u00e9lette &#8220;Atlantic&#8221; a revu le jour alors qu&#8217;elle avait \u00e9t\u00e9 d\u00e9coup\u00e9e pour la ferraille en 1982. [&#8230;] Tous les bateaux am\u00e9ricains avaient \u00e9t\u00e9 d\u00e9molis, seuls les Class J anglais Shamrock V, Velsheda et Endeavour avaient pu etre restaur\u00e9s, avec quelques anciens 23 M JI reconvertis en Class J. [&#8230;]<\/p>\n<p>Le spectacle offert par les photos de Gilles Martin-Raget nous permet d&#8217;admirer le ballet qui se joue sur, autour et dans ces superbes yachts classiques et, grace aux nouvelles techniques de prise de vue, de nous emmener, comme seuls les oiseaux pouvaient le faire, tournoyer autour de ces cath\u00e9drales de voiles gonfl\u00e9es par un souffle invisibile&#8221;.<\/p>\n<p>Livre avec coffret et poster de Gilles Martin-Raget<\/p>\n<p>Dimensions du livre: cm 27,7&#215;36<\/p>\n<p>Dimensions du coffret: cm 29,5&#215;38,5<\/p>\n<p>Dimensions du poster: cm 35,5&#215;27<\/p>\n<p>Edition: 2019<\/p>\n","protected":false},"excerpt":{"rendered":"<p class=\"autore\"><span>Author: <\/span>fran\u00e7ois chevalier &#8211; gilles martin-raget<\/p>\n<p class=\"editore\"><span>Publisher: <\/span>editions epa (hachette)<\/p>\n<p class=\"isbn\"><span>ISBN: <\/span>9782376710479<\/p>\n","protected":false},"featured_media":48652,"comment_status":"open","ping_status":"closed","template":"","meta":[],"product_brand":[],"product_cat":[2576],"product_tag":[],"class_list":{"0":"post-95927","1":"product","2":"type-product","3":"status-publish","4":"has-post-thumbnail","6":"product_cat-books-navigation-illustrated-books","8":"first","9":"outofstock","10":"taxable","11":"shipping-taxable","12":"purchasable","13":"product-type-simple"},"yoast_head":"<!-- This site is optimized with the Yoast SEO Premium plugin v27.1 (Yoast SEO v27.3) - https:\/\/yoast.com\/product\/yoast-seo-premium-wordpress\/ -->\n<title>yachts classiques - Libreria del Mare<\/title>\n<meta name=\"robots\" content=\"index, follow, max-snippet:-1, max-image-preview:large, max-video-preview:-1\" \/>\n<link rel=\"canonical\" href=\"https:\/\/libreriadelmare.it\/en\/shop\/yachts-classiques-franois-chevalier-gilles-martin-raget-9782376710479\/\" \/>\n<meta property=\"og:locale\" content=\"en_US\" \/>\n<meta property=\"og:type\" content=\"article\" \/>\n<meta property=\"og:title\" content=\"yachts classiques\" \/>\n<meta property=\"og:description\" content=\"Author: fran\u00e7ois chevalier - gilles martin-ragetPublisher: editions epa (hachette)ISBN: 9782376710479\" \/>\n<meta property=\"og:url\" content=\"https:\/\/libreriadelmare.it\/en\/shop\/yachts-classiques-franois-chevalier-gilles-martin-raget-9782376710479\/\" \/>\n<meta property=\"og:site_name\" content=\"Libreria del Mare\" \/>\n<meta property=\"article:publisher\" content=\"https:\/\/www.facebook.com\/libreriadelmare\" \/>\n<meta property=\"article:modified_time\" content=\"2026-04-03T23:17:47+00:00\" \/>\n<meta property=\"og:image\" content=\"https:\/\/libreriadelmare.it\/wp-content\/uploads\/yachts-classiques-chevalier-martin-raget-editions-epa.jpeg\" \/>\n\t<meta property=\"og:image:width\" content=\"600\" \/>\n\t<meta property=\"og:image:height\" content=\"700\" \/>\n\t<meta property=\"og:image:type\" content=\"image\/jpeg\" \/>\n<meta name=\"twitter:card\" content=\"summary_large_image\" \/>\n<meta name=\"twitter:label1\" content=\"Price\" \/>\n\t<meta name=\"twitter:data1\" content=\"&euro;140,00\" \/>\n\t<meta name=\"twitter:label2\" content=\"Availability\" \/>\n\t<meta name=\"twitter:data2\" content=\"Out of stock\" \/>\n<script type=\"application\/ld+json\" class=\"yoast-schema-graph\">{\"@context\":\"https:\\\/\\\/schema.org\",\"@graph\":[{\"@type\":\"WebPage\",\"@id\":\"https:\\\/\\\/libreriadelmare.it\\\/en\\\/shop\\\/yachts-classiques-franois-chevalier-gilles-martin-raget-9782376710479\\\/\",\"url\":\"https:\\\/\\\/libreriadelmare.it\\\/en\\\/shop\\\/yachts-classiques-franois-chevalier-gilles-martin-raget-9782376710479\\\/\",\"name\":\"yachts classiques - Libreria del Mare\",\"isPartOf\":{\"@id\":\"https:\\\/\\\/libreriadelmare.it\\\/en\\\/#website\"},\"primaryImageOfPage\":{\"@id\":\"https:\\\/\\\/libreriadelmare.it\\\/en\\\/shop\\\/yachts-classiques-franois-chevalier-gilles-martin-raget-9782376710479\\\/#primaryimage\"},\"image\":{\"@id\":\"https:\\\/\\\/libreriadelmare.it\\\/en\\\/shop\\\/yachts-classiques-franois-chevalier-gilles-martin-raget-9782376710479\\\/#primaryimage\"},\"thumbnailUrl\":\"https:\\\/\\\/libreriadelmare.it\\\/wp-content\\\/uploads\\\/yachts-classiques-chevalier-martin-raget-editions-epa.jpeg\",\"datePublished\":\"2020-12-14T17:53:40+00:00\",\"dateModified\":\"2026-04-03T23:17:47+00:00\",\"breadcrumb\":{\"@id\":\"https:\\\/\\\/libreriadelmare.it\\\/en\\\/shop\\\/yachts-classiques-franois-chevalier-gilles-martin-raget-9782376710479\\\/#breadcrumb\"},\"inLanguage\":\"en-US\",\"potentialAction\":[{\"@type\":\"ReadAction\",\"target\":[\"https:\\\/\\\/libreriadelmare.it\\\/en\\\/shop\\\/yachts-classiques-franois-chevalier-gilles-martin-raget-9782376710479\\\/\"]}]},{\"@type\":\"ImageObject\",\"inLanguage\":\"en-US\",\"@id\":\"https:\\\/\\\/libreriadelmare.it\\\/en\\\/shop\\\/yachts-classiques-franois-chevalier-gilles-martin-raget-9782376710479\\\/#primaryimage\",\"url\":\"https:\\\/\\\/libreriadelmare.it\\\/wp-content\\\/uploads\\\/yachts-classiques-chevalier-martin-raget-editions-epa.jpeg\",\"contentUrl\":\"https:\\\/\\\/libreriadelmare.it\\\/wp-content\\\/uploads\\\/yachts-classiques-chevalier-martin-raget-editions-epa.jpeg\",\"width\":600,\"height\":700},{\"@type\":\"BreadcrumbList\",\"@id\":\"https:\\\/\\\/libreriadelmare.it\\\/en\\\/shop\\\/yachts-classiques-franois-chevalier-gilles-martin-raget-9782376710479\\\/#breadcrumb\",\"itemListElement\":[{\"@type\":\"ListItem\",\"position\":1,\"name\":\"Home\",\"item\":\"https:\\\/\\\/libreriadelmare.it\\\/en\\\/\"},{\"@type\":\"ListItem\",\"position\":2,\"name\":\"Shop\",\"item\":\"https:\\\/\\\/libreriadelmare.it\\\/en\\\/shop\\\/\"},{\"@type\":\"ListItem\",\"position\":3,\"name\":\"yachts classiques\"}]},{\"@type\":\"WebSite\",\"@id\":\"https:\\\/\\\/libreriadelmare.it\\\/en\\\/#website\",\"url\":\"https:\\\/\\\/libreriadelmare.it\\\/en\\\/\",\"name\":\"Libreria del Mare - Milano\",\"description\":\"\",\"publisher\":{\"@id\":\"https:\\\/\\\/libreriadelmare.it\\\/en\\\/#organization\"},\"potentialAction\":[{\"@type\":\"SearchAction\",\"target\":{\"@type\":\"EntryPoint\",\"urlTemplate\":\"https:\\\/\\\/libreriadelmare.it\\\/en\\\/?s={search_term_string}\"},\"query-input\":{\"@type\":\"PropertyValueSpecification\",\"valueRequired\":true,\"valueName\":\"search_term_string\"}}],\"inLanguage\":\"en-US\"},{\"@type\":\"Organization\",\"@id\":\"https:\\\/\\\/libreriadelmare.it\\\/en\\\/#organization\",\"name\":\"Libreria del Mare - Milano\",\"url\":\"https:\\\/\\\/libreriadelmare.it\\\/en\\\/\",\"logo\":{\"@type\":\"ImageObject\",\"inLanguage\":\"en-US\",\"@id\":\"https:\\\/\\\/libreriadelmare.it\\\/en\\\/#\\\/schema\\\/logo\\\/image\\\/\",\"url\":\"https:\\\/\\\/libreriadelmare.it\\\/wp-content\\\/uploads\\\/2018\\\/07\\\/logo-blu.png\",\"contentUrl\":\"https:\\\/\\\/libreriadelmare.it\\\/wp-content\\\/uploads\\\/2018\\\/07\\\/logo-blu.png\",\"width\":600,\"height\":162,\"caption\":\"Libreria del Mare - Milano\"},\"image\":{\"@id\":\"https:\\\/\\\/libreriadelmare.it\\\/en\\\/#\\\/schema\\\/logo\\\/image\\\/\"},\"sameAs\":[\"https:\\\/\\\/www.facebook.com\\\/libreriadelmare\",\"https:\\\/\\\/www.instagram.com\\\/libreriadelmare\\\/\"],\"hasMerchantReturnPolicy\":{\"@type\":\"MerchantReturnPolicy\",\"merchantReturnLink\":\"https:\\\/\\\/libreriadelmare.it\\\/diritto-di-recesso\\\/\"}}]}<\/script>\n<meta property=\"product:price:amount\" content=\"140.00\" \/>\n<meta property=\"product:price:currency\" content=\"EUR\" \/>\n<meta property=\"og:availability\" content=\"out of stock\" \/>\n<meta property=\"product:availability\" content=\"out of stock\" \/>\n<meta property=\"product:retailer_item_id\" content=\"9782376710479\" \/>\n<meta property=\"product:condition\" content=\"new\" \/>\n<!-- \/ Yoast SEO Premium plugin. -->","yoast_head_json":{"title":"yachts classiques - Libreria del Mare","robots":{"index":"index","follow":"follow","max-snippet":"max-snippet:-1","max-image-preview":"max-image-preview:large","max-video-preview":"max-video-preview:-1"},"canonical":"https:\/\/libreriadelmare.it\/en\/shop\/yachts-classiques-franois-chevalier-gilles-martin-raget-9782376710479\/","og_locale":"en_US","og_type":"article","og_title":"yachts classiques","og_description":"Author: fran\u00e7ois chevalier - gilles martin-ragetPublisher: editions epa (hachette)ISBN: 9782376710479","og_url":"https:\/\/libreriadelmare.it\/en\/shop\/yachts-classiques-franois-chevalier-gilles-martin-raget-9782376710479\/","og_site_name":"Libreria del Mare","article_publisher":"https:\/\/www.facebook.com\/libreriadelmare","article_modified_time":"2026-04-03T23:17:47+00:00","og_image":[{"width":600,"height":700,"url":"https:\/\/libreriadelmare.it\/wp-content\/uploads\/yachts-classiques-chevalier-martin-raget-editions-epa.jpeg","type":"image\/jpeg"}],"twitter_card":"summary_large_image","twitter_misc":{"Price":"&euro;140,00","Availability":"Out of stock"},"schema":{"@context":"https:\/\/schema.org","@graph":[{"@type":"WebPage","@id":"https:\/\/libreriadelmare.it\/en\/shop\/yachts-classiques-franois-chevalier-gilles-martin-raget-9782376710479\/","url":"https:\/\/libreriadelmare.it\/en\/shop\/yachts-classiques-franois-chevalier-gilles-martin-raget-9782376710479\/","name":"yachts classiques - Libreria del Mare","isPartOf":{"@id":"https:\/\/libreriadelmare.it\/en\/#website"},"primaryImageOfPage":{"@id":"https:\/\/libreriadelmare.it\/en\/shop\/yachts-classiques-franois-chevalier-gilles-martin-raget-9782376710479\/#primaryimage"},"image":{"@id":"https:\/\/libreriadelmare.it\/en\/shop\/yachts-classiques-franois-chevalier-gilles-martin-raget-9782376710479\/#primaryimage"},"thumbnailUrl":"https:\/\/libreriadelmare.it\/wp-content\/uploads\/yachts-classiques-chevalier-martin-raget-editions-epa.jpeg","datePublished":"2020-12-14T17:53:40+00:00","dateModified":"2026-04-03T23:17:47+00:00","breadcrumb":{"@id":"https:\/\/libreriadelmare.it\/en\/shop\/yachts-classiques-franois-chevalier-gilles-martin-raget-9782376710479\/#breadcrumb"},"inLanguage":"en-US","potentialAction":[{"@type":"ReadAction","target":["https:\/\/libreriadelmare.it\/en\/shop\/yachts-classiques-franois-chevalier-gilles-martin-raget-9782376710479\/"]}]},{"@type":"ImageObject","inLanguage":"en-US","@id":"https:\/\/libreriadelmare.it\/en\/shop\/yachts-classiques-franois-chevalier-gilles-martin-raget-9782376710479\/#primaryimage","url":"https:\/\/libreriadelmare.it\/wp-content\/uploads\/yachts-classiques-chevalier-martin-raget-editions-epa.jpeg","contentUrl":"https:\/\/libreriadelmare.it\/wp-content\/uploads\/yachts-classiques-chevalier-martin-raget-editions-epa.jpeg","width":600,"height":700},{"@type":"BreadcrumbList","@id":"https:\/\/libreriadelmare.it\/en\/shop\/yachts-classiques-franois-chevalier-gilles-martin-raget-9782376710479\/#breadcrumb","itemListElement":[{"@type":"ListItem","position":1,"name":"Home","item":"https:\/\/libreriadelmare.it\/en\/"},{"@type":"ListItem","position":2,"name":"Shop","item":"https:\/\/libreriadelmare.it\/en\/shop\/"},{"@type":"ListItem","position":3,"name":"yachts classiques"}]},{"@type":"WebSite","@id":"https:\/\/libreriadelmare.it\/en\/#website","url":"https:\/\/libreriadelmare.it\/en\/","name":"Libreria del Mare - Milano","description":"","publisher":{"@id":"https:\/\/libreriadelmare.it\/en\/#organization"},"potentialAction":[{"@type":"SearchAction","target":{"@type":"EntryPoint","urlTemplate":"https:\/\/libreriadelmare.it\/en\/?s={search_term_string}"},"query-input":{"@type":"PropertyValueSpecification","valueRequired":true,"valueName":"search_term_string"}}],"inLanguage":"en-US"},{"@type":"Organization","@id":"https:\/\/libreriadelmare.it\/en\/#organization","name":"Libreria del Mare - Milano","url":"https:\/\/libreriadelmare.it\/en\/","logo":{"@type":"ImageObject","inLanguage":"en-US","@id":"https:\/\/libreriadelmare.it\/en\/#\/schema\/logo\/image\/","url":"https:\/\/libreriadelmare.it\/wp-content\/uploads\/2018\/07\/logo-blu.png","contentUrl":"https:\/\/libreriadelmare.it\/wp-content\/uploads\/2018\/07\/logo-blu.png","width":600,"height":162,"caption":"Libreria del Mare - Milano"},"image":{"@id":"https:\/\/libreriadelmare.it\/en\/#\/schema\/logo\/image\/"},"sameAs":["https:\/\/www.facebook.com\/libreriadelmare","https:\/\/www.instagram.com\/libreriadelmare\/"],"hasMerchantReturnPolicy":{"@type":"MerchantReturnPolicy","merchantReturnLink":"https:\/\/libreriadelmare.it\/diritto-di-recesso\/"}}]},"product_price_amount":"140.00","product_price_currency":"EUR","og_availability":"out of stock","product_availability":"out of stock","product_retailer_item_id":"9782376710479","product_condition":"new"},"_links":{"self":[{"href":"https:\/\/libreriadelmare.it\/en\/wp-json\/wp\/v2\/product\/95927","targetHints":{"allow":["GET"]}}],"collection":[{"href":"https:\/\/libreriadelmare.it\/en\/wp-json\/wp\/v2\/product"}],"about":[{"href":"https:\/\/libreriadelmare.it\/en\/wp-json\/wp\/v2\/types\/product"}],"replies":[{"embeddable":true,"href":"https:\/\/libreriadelmare.it\/en\/wp-json\/wp\/v2\/comments?post=95927"}],"wp:featuredmedia":[{"embeddable":true,"href":"https:\/\/libreriadelmare.it\/en\/wp-json\/wp\/v2\/media\/48652"}],"wp:attachment":[{"href":"https:\/\/libreriadelmare.it\/en\/wp-json\/wp\/v2\/media?parent=95927"}],"wp:term":[{"taxonomy":"product_brand","embeddable":true,"href":"https:\/\/libreriadelmare.it\/en\/wp-json\/wp\/v2\/product_brand?post=95927"},{"taxonomy":"product_cat","embeddable":true,"href":"https:\/\/libreriadelmare.it\/en\/wp-json\/wp\/v2\/product_cat?post=95927"},{"taxonomy":"product_tag","embeddable":true,"href":"https:\/\/libreriadelmare.it\/en\/wp-json\/wp\/v2\/product_tag?post=95927"}],"curies":[{"name":"wp","href":"https:\/\/api.w.org\/{rel}","templated":true}]}}