{"id":94420,"date":"2019-02-03T20:04:33","date_gmt":"2019-02-03T19:04:33","guid":{"rendered":"https:\/\/libreriadelmare.it\/negozio\/uncategorized\/diritto-della-navigazione-deiana-m-a-cura-di-8814129339\/"},"modified":"2026-04-04T01:40:42","modified_gmt":"2026-04-03T23:40:42","slug":"diritto-della-navigazione-deiana-m-a-cura-di-8814129339","status":"publish","type":"product","link":"https:\/\/libreriadelmare.it\/en\/shop\/diritto-della-navigazione-deiana-m-a-cura-di-8814129339\/","title":{"rendered":"diritto della navigazione"},"content":{"rendered":"<p>Il progetto di catalogare e sistematizzare la normativa giurisprudenziale in un dizionario di diritto privato nasce insieme al progetto del &#8220;Dizionario di diritto pubblico&#8221;, ideato e curato da S. Cassese, pubblicato nel 2006. Le continue riforme legislative e l&#8217;intrecciarsi di norme regionali, nazionali ed europee hanno portato, in questo caso, il curatore a scegliere una facies pi\u00f9 agevole e adatta, evitando tuttavia un&#8217;eccessiva frammentazione della materia. \u00c8 nata, cos\u00ec, l&#8217;idea di una pluralit\u00e0 di dizionari tematici, a cui il presente volume sul diritto della navigazione d\u00e0 inizio. Ogni volume risponder\u00e0, quindi, all&#8217;esigenza di offrire ai cultori e studiosi della materia uno strumento valido e agevole di consultazione senza rinunciare al valore scientifico che caratterizza l&#8217;idea del Dizionario.<\/p>\n","protected":false},"excerpt":{"rendered":"<p class=\"sottotitolo\"><span>Subtitle: <\/span>dizionari del diritto privato<\/p>\n<p class=\"autore\"><span>Author: <\/span>deiana m. (a cura di)<\/p>\n<p class=\"editore\"><span>Publisher: <\/span>giuffr\u00e8 francis lefebvre<\/p>\n<p class=\"isbn\"><span>ISBN: <\/span>8814129339<\/p>\n","protected":false},"featured_media":94421,"comment_status":"open","ping_status":"closed","template":"","meta":[],"product_brand":[],"product_cat":[2628],"product_tag":[],"class_list":{"0":"post-94420","1":"product","2":"type-product","3":"status-publish","4":"has-post-thumbnail","6":"product_cat-dictionaries-encyclopedias-and-vocabularies","8":"first","9":"onbackorder","10":"taxable","11":"shipping-taxable","12":"purchasable","13":"product-type-simple"},"yoast_head":"<!-- This site is optimized with the Yoast SEO Premium plugin v27.1 (Yoast SEO v27.3) - https:\/\/yoast.com\/product\/yoast-seo-premium-wordpress\/ -->\n<title>diritto della navigazione - Libreria del Mare<\/title>\n<meta name=\"robots\" content=\"index, follow, max-snippet:-1, max-image-preview:large, max-video-preview:-1\" \/>\n<link rel=\"canonical\" href=\"https:\/\/libreriadelmare.it\/en\/shop\/diritto-della-navigazione-deiana-m-a-cura-di-8814129339\/\" \/>\n<meta property=\"og:locale\" content=\"en_US\" \/>\n<meta property=\"og:type\" content=\"article\" \/>\n<meta property=\"og:title\" content=\"diritto della navigazione\" \/>\n<meta property=\"og:description\" content=\"Subtitle: dizionari del diritto privatoAuthor: deiana m. (a cura di)Publisher: giuffr\u00e8 francis lefebvreISBN: 8814129339\" \/>\n<meta property=\"og:url\" content=\"https:\/\/libreriadelmare.it\/en\/shop\/diritto-della-navigazione-deiana-m-a-cura-di-8814129339\/\" \/>\n<meta property=\"og:site_name\" content=\"Libreria del Mare\" \/>\n<meta property=\"article:publisher\" content=\"https:\/\/www.facebook.com\/libreriadelmare\" \/>\n<meta property=\"article:modified_time\" content=\"2026-04-03T23:40:42+00:00\" \/>\n<meta property=\"og:image\" content=\"https:\/\/libreriadelmare.it\/wp-content\/uploads\/dirittonavigazione-deiana.jpg\" \/>\n\t<meta property=\"og:image:width\" content=\"116\" \/>\n\t<meta property=\"og:image:height\" content=\"172\" \/>\n\t<meta property=\"og:image:type\" content=\"image\/jpeg\" \/>\n<meta name=\"twitter:card\" content=\"summary_large_image\" \/>\n<meta name=\"twitter:label1\" content=\"Price\" \/>\n\t<meta name=\"twitter:data1\" content=\"&euro;65,00\" \/>\n\t<meta name=\"twitter:label2\" content=\"Availability\" \/>\n\t<meta name=\"twitter:data2\" content=\"On backorder\" \/>\n<script type=\"application\/ld+json\" class=\"yoast-schema-graph\">{\"@context\":\"https:\\\/\\\/schema.org\",\"@graph\":[{\"@type\":\"WebPage\",\"@id\":\"https:\\\/\\\/libreriadelmare.it\\\/en\\\/shop\\\/diritto-della-navigazione-deiana-m-a-cura-di-8814129339\\\/\",\"url\":\"https:\\\/\\\/libreriadelmare.it\\\/en\\\/shop\\\/diritto-della-navigazione-deiana-m-a-cura-di-8814129339\\\/\",\"name\":\"diritto della navigazione - Libreria del Mare\",\"isPartOf\":{\"@id\":\"https:\\\/\\\/libreriadelmare.it\\\/en\\\/#website\"},\"primaryImageOfPage\":{\"@id\":\"https:\\\/\\\/libreriadelmare.it\\\/en\\\/shop\\\/diritto-della-navigazione-deiana-m-a-cura-di-8814129339\\\/#primaryimage\"},\"image\":{\"@id\":\"https:\\\/\\\/libreriadelmare.it\\\/en\\\/shop\\\/diritto-della-navigazione-deiana-m-a-cura-di-8814129339\\\/#primaryimage\"},\"thumbnailUrl\":\"https:\\\/\\\/libreriadelmare.it\\\/wp-content\\\/uploads\\\/dirittonavigazione-deiana.jpg\",\"datePublished\":\"2019-02-03T19:04:33+00:00\",\"dateModified\":\"2026-04-03T23:40:42+00:00\",\"breadcrumb\":{\"@id\":\"https:\\\/\\\/libreriadelmare.it\\\/en\\\/shop\\\/diritto-della-navigazione-deiana-m-a-cura-di-8814129339\\\/#breadcrumb\"},\"inLanguage\":\"en-US\",\"potentialAction\":[{\"@type\":\"ReadAction\",\"target\":[\"https:\\\/\\\/libreriadelmare.it\\\/en\\\/shop\\\/diritto-della-navigazione-deiana-m-a-cura-di-8814129339\\\/\"]}]},{\"@type\":\"ImageObject\",\"inLanguage\":\"en-US\",\"@id\":\"https:\\\/\\\/libreriadelmare.it\\\/en\\\/shop\\\/diritto-della-navigazione-deiana-m-a-cura-di-8814129339\\\/#primaryimage\",\"url\":\"https:\\\/\\\/libreriadelmare.it\\\/wp-content\\\/uploads\\\/dirittonavigazione-deiana.jpg\",\"contentUrl\":\"https:\\\/\\\/libreriadelmare.it\\\/wp-content\\\/uploads\\\/dirittonavigazione-deiana.jpg\",\"width\":116,\"height\":172},{\"@type\":\"BreadcrumbList\",\"@id\":\"https:\\\/\\\/libreriadelmare.it\\\/en\\\/shop\\\/diritto-della-navigazione-deiana-m-a-cura-di-8814129339\\\/#breadcrumb\",\"itemListElement\":[{\"@type\":\"ListItem\",\"position\":1,\"name\":\"Home\",\"item\":\"https:\\\/\\\/libreriadelmare.it\\\/en\\\/\"},{\"@type\":\"ListItem\",\"position\":2,\"name\":\"Shop\",\"item\":\"https:\\\/\\\/libreriadelmare.it\\\/en\\\/shop\\\/\"},{\"@type\":\"ListItem\",\"position\":3,\"name\":\"diritto della navigazione\"}]},{\"@type\":\"WebSite\",\"@id\":\"https:\\\/\\\/libreriadelmare.it\\\/en\\\/#website\",\"url\":\"https:\\\/\\\/libreriadelmare.it\\\/en\\\/\",\"name\":\"Libreria del Mare - Milano\",\"description\":\"\",\"publisher\":{\"@id\":\"https:\\\/\\\/libreriadelmare.it\\\/en\\\/#organization\"},\"potentialAction\":[{\"@type\":\"SearchAction\",\"target\":{\"@type\":\"EntryPoint\",\"urlTemplate\":\"https:\\\/\\\/libreriadelmare.it\\\/en\\\/?s={search_term_string}\"},\"query-input\":{\"@type\":\"PropertyValueSpecification\",\"valueRequired\":true,\"valueName\":\"search_term_string\"}}],\"inLanguage\":\"en-US\"},{\"@type\":\"Organization\",\"@id\":\"https:\\\/\\\/libreriadelmare.it\\\/en\\\/#organization\",\"name\":\"Libreria del Mare - Milano\",\"url\":\"https:\\\/\\\/libreriadelmare.it\\\/en\\\/\",\"logo\":{\"@type\":\"ImageObject\",\"inLanguage\":\"en-US\",\"@id\":\"https:\\\/\\\/libreriadelmare.it\\\/en\\\/#\\\/schema\\\/logo\\\/image\\\/\",\"url\":\"https:\\\/\\\/libreriadelmare.it\\\/wp-content\\\/uploads\\\/2018\\\/07\\\/logo-blu.png\",\"contentUrl\":\"https:\\\/\\\/libreriadelmare.it\\\/wp-content\\\/uploads\\\/2018\\\/07\\\/logo-blu.png\",\"width\":600,\"height\":162,\"caption\":\"Libreria del Mare - Milano\"},\"image\":{\"@id\":\"https:\\\/\\\/libreriadelmare.it\\\/en\\\/#\\\/schema\\\/logo\\\/image\\\/\"},\"sameAs\":[\"https:\\\/\\\/www.facebook.com\\\/libreriadelmare\",\"https:\\\/\\\/www.instagram.com\\\/libreriadelmare\\\/\"],\"hasMerchantReturnPolicy\":{\"@type\":\"MerchantReturnPolicy\",\"merchantReturnLink\":\"https:\\\/\\\/libreriadelmare.it\\\/diritto-di-recesso\\\/\"}}]}<\/script>\n<meta property=\"product:price:amount\" content=\"65.00\" \/>\n<meta property=\"product:price:currency\" content=\"EUR\" \/>\n<meta property=\"og:availability\" content=\"backorder\" \/>\n<meta property=\"product:availability\" content=\"available for order\" \/>\n<meta property=\"product:retailer_item_id\" content=\"8814129339\" \/>\n<meta property=\"product:condition\" content=\"new\" \/>\n<!-- \/ Yoast SEO Premium plugin. -->","yoast_head_json":{"title":"diritto della navigazione - Libreria del Mare","robots":{"index":"index","follow":"follow","max-snippet":"max-snippet:-1","max-image-preview":"max-image-preview:large","max-video-preview":"max-video-preview:-1"},"canonical":"https:\/\/libreriadelmare.it\/en\/shop\/diritto-della-navigazione-deiana-m-a-cura-di-8814129339\/","og_locale":"en_US","og_type":"article","og_title":"diritto della navigazione","og_description":"Subtitle: dizionari del diritto privatoAuthor: deiana m. (a cura di)Publisher: giuffr\u00e8 francis lefebvreISBN: 8814129339","og_url":"https:\/\/libreriadelmare.it\/en\/shop\/diritto-della-navigazione-deiana-m-a-cura-di-8814129339\/","og_site_name":"Libreria del Mare","article_publisher":"https:\/\/www.facebook.com\/libreriadelmare","article_modified_time":"2026-04-03T23:40:42+00:00","og_image":[{"width":116,"height":172,"url":"https:\/\/libreriadelmare.it\/wp-content\/uploads\/dirittonavigazione-deiana.jpg","type":"image\/jpeg"}],"twitter_card":"summary_large_image","twitter_misc":{"Price":"&euro;65,00","Availability":"On backorder"},"schema":{"@context":"https:\/\/schema.org","@graph":[{"@type":"WebPage","@id":"https:\/\/libreriadelmare.it\/en\/shop\/diritto-della-navigazione-deiana-m-a-cura-di-8814129339\/","url":"https:\/\/libreriadelmare.it\/en\/shop\/diritto-della-navigazione-deiana-m-a-cura-di-8814129339\/","name":"diritto della navigazione - Libreria del Mare","isPartOf":{"@id":"https:\/\/libreriadelmare.it\/en\/#website"},"primaryImageOfPage":{"@id":"https:\/\/libreriadelmare.it\/en\/shop\/diritto-della-navigazione-deiana-m-a-cura-di-8814129339\/#primaryimage"},"image":{"@id":"https:\/\/libreriadelmare.it\/en\/shop\/diritto-della-navigazione-deiana-m-a-cura-di-8814129339\/#primaryimage"},"thumbnailUrl":"https:\/\/libreriadelmare.it\/wp-content\/uploads\/dirittonavigazione-deiana.jpg","datePublished":"2019-02-03T19:04:33+00:00","dateModified":"2026-04-03T23:40:42+00:00","breadcrumb":{"@id":"https:\/\/libreriadelmare.it\/en\/shop\/diritto-della-navigazione-deiana-m-a-cura-di-8814129339\/#breadcrumb"},"inLanguage":"en-US","potentialAction":[{"@type":"ReadAction","target":["https:\/\/libreriadelmare.it\/en\/shop\/diritto-della-navigazione-deiana-m-a-cura-di-8814129339\/"]}]},{"@type":"ImageObject","inLanguage":"en-US","@id":"https:\/\/libreriadelmare.it\/en\/shop\/diritto-della-navigazione-deiana-m-a-cura-di-8814129339\/#primaryimage","url":"https:\/\/libreriadelmare.it\/wp-content\/uploads\/dirittonavigazione-deiana.jpg","contentUrl":"https:\/\/libreriadelmare.it\/wp-content\/uploads\/dirittonavigazione-deiana.jpg","width":116,"height":172},{"@type":"BreadcrumbList","@id":"https:\/\/libreriadelmare.it\/en\/shop\/diritto-della-navigazione-deiana-m-a-cura-di-8814129339\/#breadcrumb","itemListElement":[{"@type":"ListItem","position":1,"name":"Home","item":"https:\/\/libreriadelmare.it\/en\/"},{"@type":"ListItem","position":2,"name":"Shop","item":"https:\/\/libreriadelmare.it\/en\/shop\/"},{"@type":"ListItem","position":3,"name":"diritto della navigazione"}]},{"@type":"WebSite","@id":"https:\/\/libreriadelmare.it\/en\/#website","url":"https:\/\/libreriadelmare.it\/en\/","name":"Libreria del Mare - Milano","description":"","publisher":{"@id":"https:\/\/libreriadelmare.it\/en\/#organization"},"potentialAction":[{"@type":"SearchAction","target":{"@type":"EntryPoint","urlTemplate":"https:\/\/libreriadelmare.it\/en\/?s={search_term_string}"},"query-input":{"@type":"PropertyValueSpecification","valueRequired":true,"valueName":"search_term_string"}}],"inLanguage":"en-US"},{"@type":"Organization","@id":"https:\/\/libreriadelmare.it\/en\/#organization","name":"Libreria del Mare - Milano","url":"https:\/\/libreriadelmare.it\/en\/","logo":{"@type":"ImageObject","inLanguage":"en-US","@id":"https:\/\/libreriadelmare.it\/en\/#\/schema\/logo\/image\/","url":"https:\/\/libreriadelmare.it\/wp-content\/uploads\/2018\/07\/logo-blu.png","contentUrl":"https:\/\/libreriadelmare.it\/wp-content\/uploads\/2018\/07\/logo-blu.png","width":600,"height":162,"caption":"Libreria del Mare - Milano"},"image":{"@id":"https:\/\/libreriadelmare.it\/en\/#\/schema\/logo\/image\/"},"sameAs":["https:\/\/www.facebook.com\/libreriadelmare","https:\/\/www.instagram.com\/libreriadelmare\/"],"hasMerchantReturnPolicy":{"@type":"MerchantReturnPolicy","merchantReturnLink":"https:\/\/libreriadelmare.it\/diritto-di-recesso\/"}}]},"product_price_amount":"65.00","product_price_currency":"EUR","og_availability":"backorder","product_availability":"available for order","product_retailer_item_id":"8814129339","product_condition":"new"},"_links":{"self":[{"href":"https:\/\/libreriadelmare.it\/en\/wp-json\/wp\/v2\/product\/94420","targetHints":{"allow":["GET"]}}],"collection":[{"href":"https:\/\/libreriadelmare.it\/en\/wp-json\/wp\/v2\/product"}],"about":[{"href":"https:\/\/libreriadelmare.it\/en\/wp-json\/wp\/v2\/types\/product"}],"replies":[{"embeddable":true,"href":"https:\/\/libreriadelmare.it\/en\/wp-json\/wp\/v2\/comments?post=94420"}],"wp:featuredmedia":[{"embeddable":true,"href":"https:\/\/libreriadelmare.it\/en\/wp-json\/wp\/v2\/media\/94421"}],"wp:attachment":[{"href":"https:\/\/libreriadelmare.it\/en\/wp-json\/wp\/v2\/media?parent=94420"}],"wp:term":[{"taxonomy":"product_brand","embeddable":true,"href":"https:\/\/libreriadelmare.it\/en\/wp-json\/wp\/v2\/product_brand?post=94420"},{"taxonomy":"product_cat","embeddable":true,"href":"https:\/\/libreriadelmare.it\/en\/wp-json\/wp\/v2\/product_cat?post=94420"},{"taxonomy":"product_tag","embeddable":true,"href":"https:\/\/libreriadelmare.it\/en\/wp-json\/wp\/v2\/product_tag?post=94420"}],"curies":[{"name":"wp","href":"https:\/\/api.w.org\/{rel}","templated":true}]}}