{"id":92812,"date":"2019-02-03T19:49:50","date_gmt":"2019-02-03T18:49:50","guid":{"rendered":"https:\/\/libreriadelmare.it\/negozio\/uncategorized\/la-marine-franaise-dans-la-grande-guerre-tome-2-prvoteaux-g-9782374680019\/"},"modified":"2026-04-04T02:03:25","modified_gmt":"2026-04-04T00:03:25","slug":"la-marine-francaise-dans-la-grande-guerre-tome-2-prevoteaux-g-9782374680019","status":"publish","type":"product","link":"https:\/\/libreriadelmare.it\/en\/shop\/la-marine-francaise-dans-la-grande-guerre-tome-2-prevoteaux-g-9782374680019\/","title":{"rendered":"la marine fran\u00e7aise dans la grande guerre tome 2"},"content":{"rendered":"<p>Bien que les troupes &agrave; terre aient &eacute;t&eacute; pleinement d&eacute;pendantes du front maritime, peu d&#8217;ouvrages ont apport&eacute; une r&eacute;ponse &agrave; la question: &#8220;Mais qu&#8217;a fait la Marine Fran&ccedil;aise pendant la Guerre de 14?&#8221;. C&#8217;est cependant, de toutes les arm&eacute;es de la R&eacute;publique, la seule &agrave; s&#8217;&ecirc;tre battue dans tous les &eacute;l&eacute;ments: sur mer bien s&ucirc;r, mais aussi dessous, sur terre et dans les airs et avec gu&egrave;re plus de 165000 hommes&#8230; et pourtant son r&ocirc;le reste m&eacute;connu. Ce livre s&#8217;adresse donc aux g&eacute;n&eacute;rations nouvelles, afin qu&#8217;elles sachent ce que ces &#8220;obscurs&#8221;, oubli&eacute;s de l&#8217;Histoire ont accompli durant la Grande Guerre.<\/p>\n<p>Edition: 2017<\/p>\n","protected":false},"excerpt":{"rendered":"<p class=\"sottotitolo\"><span>Subtitle: <\/span>les combattants oubli\u00e9s<\/p>\n<p class=\"autore\"><span>Author: <\/span>pr\u00e9voteaux g.<\/p>\n<p class=\"editore\"><span>Publisher: <\/span>lela presse<\/p>\n<p class=\"isbn\"><span>ISBN: <\/span>9782374680019<\/p>\n","protected":false},"featured_media":131552,"comment_status":"open","ping_status":"closed","template":"","meta":[],"product_brand":[],"product_cat":[3049],"product_tag":[],"class_list":{"0":"post-92812","1":"product","2":"type-product","3":"status-publish","4":"has-post-thumbnail","6":"product_cat-from-1900-to-1918","8":"first","9":"onbackorder","10":"taxable","11":"shipping-taxable","12":"purchasable","13":"product-type-simple"},"yoast_head":"<!-- This site is optimized with the Yoast SEO Premium plugin v27.1 (Yoast SEO v27.3) - https:\/\/yoast.com\/product\/yoast-seo-premium-wordpress\/ -->\n<title>la marine fran\u00e7aise dans la grande guerre tome 2 - Libreria del Mare<\/title>\n<meta name=\"robots\" content=\"index, follow, max-snippet:-1, max-image-preview:large, max-video-preview:-1\" \/>\n<link rel=\"canonical\" href=\"https:\/\/libreriadelmare.it\/en\/shop\/la-marine-francaise-dans-la-grande-guerre-tome-2-prevoteaux-g-9782374680019\/\" \/>\n<meta property=\"og:locale\" content=\"en_US\" \/>\n<meta property=\"og:type\" content=\"article\" \/>\n<meta property=\"og:title\" content=\"la marine fran\u00e7aise dans la grande guerre tome 2\" \/>\n<meta property=\"og:description\" content=\"Subtitle: les combattants oubli\u00e9sAuthor: pr\u00e9voteaux g.Publisher: lela presseISBN: 9782374680019\" \/>\n<meta property=\"og:url\" content=\"https:\/\/libreriadelmare.it\/en\/shop\/la-marine-francaise-dans-la-grande-guerre-tome-2-prevoteaux-g-9782374680019\/\" \/>\n<meta property=\"og:site_name\" content=\"Libreria del Mare\" \/>\n<meta property=\"article:publisher\" content=\"https:\/\/www.facebook.com\/libreriadelmare\" \/>\n<meta property=\"article:modified_time\" content=\"2026-04-04T00:03:25+00:00\" \/>\n<meta property=\"og:image\" content=\"https:\/\/libreriadelmare.it\/wp-content\/uploads\/marinefrancaisedanslagrandeguerretome2-3.jpg\" \/>\n\t<meta property=\"og:image:width\" content=\"413\" \/>\n\t<meta property=\"og:image:height\" content=\"593\" \/>\n\t<meta property=\"og:image:type\" content=\"image\/jpeg\" \/>\n<meta name=\"twitter:card\" content=\"summary_large_image\" \/>\n<meta name=\"twitter:label1\" content=\"Price\" \/>\n\t<meta name=\"twitter:data1\" content=\"&euro;44,50\" \/>\n\t<meta name=\"twitter:label2\" content=\"Availability\" \/>\n\t<meta name=\"twitter:data2\" content=\"On backorder\" \/>\n<script type=\"application\/ld+json\" class=\"yoast-schema-graph\">{\"@context\":\"https:\\\/\\\/schema.org\",\"@graph\":[{\"@type\":\"WebPage\",\"@id\":\"https:\\\/\\\/libreriadelmare.it\\\/en\\\/shop\\\/la-marine-francaise-dans-la-grande-guerre-tome-2-prevoteaux-g-9782374680019\\\/\",\"url\":\"https:\\\/\\\/libreriadelmare.it\\\/en\\\/shop\\\/la-marine-francaise-dans-la-grande-guerre-tome-2-prevoteaux-g-9782374680019\\\/\",\"name\":\"la marine fran\u00e7aise dans la grande guerre tome 2 - Libreria del Mare\",\"isPartOf\":{\"@id\":\"https:\\\/\\\/libreriadelmare.it\\\/en\\\/#website\"},\"primaryImageOfPage\":{\"@id\":\"https:\\\/\\\/libreriadelmare.it\\\/en\\\/shop\\\/la-marine-francaise-dans-la-grande-guerre-tome-2-prevoteaux-g-9782374680019\\\/#primaryimage\"},\"image\":{\"@id\":\"https:\\\/\\\/libreriadelmare.it\\\/en\\\/shop\\\/la-marine-francaise-dans-la-grande-guerre-tome-2-prevoteaux-g-9782374680019\\\/#primaryimage\"},\"thumbnailUrl\":\"https:\\\/\\\/libreriadelmare.it\\\/wp-content\\\/uploads\\\/marinefrancaisedanslagrandeguerretome2-3.jpg\",\"datePublished\":\"2019-02-03T18:49:50+00:00\",\"dateModified\":\"2026-04-04T00:03:25+00:00\",\"breadcrumb\":{\"@id\":\"https:\\\/\\\/libreriadelmare.it\\\/en\\\/shop\\\/la-marine-francaise-dans-la-grande-guerre-tome-2-prevoteaux-g-9782374680019\\\/#breadcrumb\"},\"inLanguage\":\"en-US\",\"potentialAction\":[{\"@type\":\"ReadAction\",\"target\":[\"https:\\\/\\\/libreriadelmare.it\\\/en\\\/shop\\\/la-marine-francaise-dans-la-grande-guerre-tome-2-prevoteaux-g-9782374680019\\\/\"]}]},{\"@type\":\"ImageObject\",\"inLanguage\":\"en-US\",\"@id\":\"https:\\\/\\\/libreriadelmare.it\\\/en\\\/shop\\\/la-marine-francaise-dans-la-grande-guerre-tome-2-prevoteaux-g-9782374680019\\\/#primaryimage\",\"url\":\"https:\\\/\\\/libreriadelmare.it\\\/wp-content\\\/uploads\\\/marinefrancaisedanslagrandeguerretome2-3.jpg\",\"contentUrl\":\"https:\\\/\\\/libreriadelmare.it\\\/wp-content\\\/uploads\\\/marinefrancaisedanslagrandeguerretome2-3.jpg\",\"width\":413,\"height\":593},{\"@type\":\"BreadcrumbList\",\"@id\":\"https:\\\/\\\/libreriadelmare.it\\\/en\\\/shop\\\/la-marine-francaise-dans-la-grande-guerre-tome-2-prevoteaux-g-9782374680019\\\/#breadcrumb\",\"itemListElement\":[{\"@type\":\"ListItem\",\"position\":1,\"name\":\"Home\",\"item\":\"https:\\\/\\\/libreriadelmare.it\\\/en\\\/\"},{\"@type\":\"ListItem\",\"position\":2,\"name\":\"Shop\",\"item\":\"https:\\\/\\\/libreriadelmare.it\\\/en\\\/shop\\\/\"},{\"@type\":\"ListItem\",\"position\":3,\"name\":\"la marine fran\u00e7aise dans la grande guerre tome 2\"}]},{\"@type\":\"WebSite\",\"@id\":\"https:\\\/\\\/libreriadelmare.it\\\/en\\\/#website\",\"url\":\"https:\\\/\\\/libreriadelmare.it\\\/en\\\/\",\"name\":\"Libreria del Mare - Milano\",\"description\":\"\",\"publisher\":{\"@id\":\"https:\\\/\\\/libreriadelmare.it\\\/en\\\/#organization\"},\"potentialAction\":[{\"@type\":\"SearchAction\",\"target\":{\"@type\":\"EntryPoint\",\"urlTemplate\":\"https:\\\/\\\/libreriadelmare.it\\\/en\\\/?s={search_term_string}\"},\"query-input\":{\"@type\":\"PropertyValueSpecification\",\"valueRequired\":true,\"valueName\":\"search_term_string\"}}],\"inLanguage\":\"en-US\"},{\"@type\":\"Organization\",\"@id\":\"https:\\\/\\\/libreriadelmare.it\\\/en\\\/#organization\",\"name\":\"Libreria del Mare - Milano\",\"url\":\"https:\\\/\\\/libreriadelmare.it\\\/en\\\/\",\"logo\":{\"@type\":\"ImageObject\",\"inLanguage\":\"en-US\",\"@id\":\"https:\\\/\\\/libreriadelmare.it\\\/en\\\/#\\\/schema\\\/logo\\\/image\\\/\",\"url\":\"https:\\\/\\\/libreriadelmare.it\\\/wp-content\\\/uploads\\\/2018\\\/07\\\/logo-blu.png\",\"contentUrl\":\"https:\\\/\\\/libreriadelmare.it\\\/wp-content\\\/uploads\\\/2018\\\/07\\\/logo-blu.png\",\"width\":600,\"height\":162,\"caption\":\"Libreria del Mare - Milano\"},\"image\":{\"@id\":\"https:\\\/\\\/libreriadelmare.it\\\/en\\\/#\\\/schema\\\/logo\\\/image\\\/\"},\"sameAs\":[\"https:\\\/\\\/www.facebook.com\\\/libreriadelmare\",\"https:\\\/\\\/www.instagram.com\\\/libreriadelmare\\\/\"],\"hasMerchantReturnPolicy\":{\"@type\":\"MerchantReturnPolicy\",\"merchantReturnLink\":\"https:\\\/\\\/libreriadelmare.it\\\/diritto-di-recesso\\\/\"}}]}<\/script>\n<meta property=\"product:price:amount\" content=\"44.50\" \/>\n<meta property=\"product:price:currency\" content=\"EUR\" \/>\n<meta property=\"og:availability\" content=\"backorder\" \/>\n<meta property=\"product:availability\" content=\"available for order\" \/>\n<meta property=\"product:retailer_item_id\" content=\"9782374680019\" \/>\n<meta property=\"product:condition\" content=\"new\" \/>\n<!-- \/ Yoast SEO Premium plugin. -->","yoast_head_json":{"title":"la marine fran\u00e7aise dans la grande guerre tome 2 - Libreria del Mare","robots":{"index":"index","follow":"follow","max-snippet":"max-snippet:-1","max-image-preview":"max-image-preview:large","max-video-preview":"max-video-preview:-1"},"canonical":"https:\/\/libreriadelmare.it\/en\/shop\/la-marine-francaise-dans-la-grande-guerre-tome-2-prevoteaux-g-9782374680019\/","og_locale":"en_US","og_type":"article","og_title":"la marine fran\u00e7aise dans la grande guerre tome 2","og_description":"Subtitle: les combattants oubli\u00e9sAuthor: pr\u00e9voteaux g.Publisher: lela presseISBN: 9782374680019","og_url":"https:\/\/libreriadelmare.it\/en\/shop\/la-marine-francaise-dans-la-grande-guerre-tome-2-prevoteaux-g-9782374680019\/","og_site_name":"Libreria del Mare","article_publisher":"https:\/\/www.facebook.com\/libreriadelmare","article_modified_time":"2026-04-04T00:03:25+00:00","og_image":[{"width":413,"height":593,"url":"https:\/\/libreriadelmare.it\/wp-content\/uploads\/marinefrancaisedanslagrandeguerretome2-3.jpg","type":"image\/jpeg"}],"twitter_card":"summary_large_image","twitter_misc":{"Price":"&euro;44,50","Availability":"On backorder"},"schema":{"@context":"https:\/\/schema.org","@graph":[{"@type":"WebPage","@id":"https:\/\/libreriadelmare.it\/en\/shop\/la-marine-francaise-dans-la-grande-guerre-tome-2-prevoteaux-g-9782374680019\/","url":"https:\/\/libreriadelmare.it\/en\/shop\/la-marine-francaise-dans-la-grande-guerre-tome-2-prevoteaux-g-9782374680019\/","name":"la marine fran\u00e7aise dans la grande guerre tome 2 - Libreria del Mare","isPartOf":{"@id":"https:\/\/libreriadelmare.it\/en\/#website"},"primaryImageOfPage":{"@id":"https:\/\/libreriadelmare.it\/en\/shop\/la-marine-francaise-dans-la-grande-guerre-tome-2-prevoteaux-g-9782374680019\/#primaryimage"},"image":{"@id":"https:\/\/libreriadelmare.it\/en\/shop\/la-marine-francaise-dans-la-grande-guerre-tome-2-prevoteaux-g-9782374680019\/#primaryimage"},"thumbnailUrl":"https:\/\/libreriadelmare.it\/wp-content\/uploads\/marinefrancaisedanslagrandeguerretome2-3.jpg","datePublished":"2019-02-03T18:49:50+00:00","dateModified":"2026-04-04T00:03:25+00:00","breadcrumb":{"@id":"https:\/\/libreriadelmare.it\/en\/shop\/la-marine-francaise-dans-la-grande-guerre-tome-2-prevoteaux-g-9782374680019\/#breadcrumb"},"inLanguage":"en-US","potentialAction":[{"@type":"ReadAction","target":["https:\/\/libreriadelmare.it\/en\/shop\/la-marine-francaise-dans-la-grande-guerre-tome-2-prevoteaux-g-9782374680019\/"]}]},{"@type":"ImageObject","inLanguage":"en-US","@id":"https:\/\/libreriadelmare.it\/en\/shop\/la-marine-francaise-dans-la-grande-guerre-tome-2-prevoteaux-g-9782374680019\/#primaryimage","url":"https:\/\/libreriadelmare.it\/wp-content\/uploads\/marinefrancaisedanslagrandeguerretome2-3.jpg","contentUrl":"https:\/\/libreriadelmare.it\/wp-content\/uploads\/marinefrancaisedanslagrandeguerretome2-3.jpg","width":413,"height":593},{"@type":"BreadcrumbList","@id":"https:\/\/libreriadelmare.it\/en\/shop\/la-marine-francaise-dans-la-grande-guerre-tome-2-prevoteaux-g-9782374680019\/#breadcrumb","itemListElement":[{"@type":"ListItem","position":1,"name":"Home","item":"https:\/\/libreriadelmare.it\/en\/"},{"@type":"ListItem","position":2,"name":"Shop","item":"https:\/\/libreriadelmare.it\/en\/shop\/"},{"@type":"ListItem","position":3,"name":"la marine fran\u00e7aise dans la grande guerre tome 2"}]},{"@type":"WebSite","@id":"https:\/\/libreriadelmare.it\/en\/#website","url":"https:\/\/libreriadelmare.it\/en\/","name":"Libreria del Mare - Milano","description":"","publisher":{"@id":"https:\/\/libreriadelmare.it\/en\/#organization"},"potentialAction":[{"@type":"SearchAction","target":{"@type":"EntryPoint","urlTemplate":"https:\/\/libreriadelmare.it\/en\/?s={search_term_string}"},"query-input":{"@type":"PropertyValueSpecification","valueRequired":true,"valueName":"search_term_string"}}],"inLanguage":"en-US"},{"@type":"Organization","@id":"https:\/\/libreriadelmare.it\/en\/#organization","name":"Libreria del Mare - Milano","url":"https:\/\/libreriadelmare.it\/en\/","logo":{"@type":"ImageObject","inLanguage":"en-US","@id":"https:\/\/libreriadelmare.it\/en\/#\/schema\/logo\/image\/","url":"https:\/\/libreriadelmare.it\/wp-content\/uploads\/2018\/07\/logo-blu.png","contentUrl":"https:\/\/libreriadelmare.it\/wp-content\/uploads\/2018\/07\/logo-blu.png","width":600,"height":162,"caption":"Libreria del Mare - Milano"},"image":{"@id":"https:\/\/libreriadelmare.it\/en\/#\/schema\/logo\/image\/"},"sameAs":["https:\/\/www.facebook.com\/libreriadelmare","https:\/\/www.instagram.com\/libreriadelmare\/"],"hasMerchantReturnPolicy":{"@type":"MerchantReturnPolicy","merchantReturnLink":"https:\/\/libreriadelmare.it\/diritto-di-recesso\/"}}]},"product_price_amount":"44.50","product_price_currency":"EUR","og_availability":"backorder","product_availability":"available for order","product_retailer_item_id":"9782374680019","product_condition":"new"},"_links":{"self":[{"href":"https:\/\/libreriadelmare.it\/en\/wp-json\/wp\/v2\/product\/92812","targetHints":{"allow":["GET"]}}],"collection":[{"href":"https:\/\/libreriadelmare.it\/en\/wp-json\/wp\/v2\/product"}],"about":[{"href":"https:\/\/libreriadelmare.it\/en\/wp-json\/wp\/v2\/types\/product"}],"replies":[{"embeddable":true,"href":"https:\/\/libreriadelmare.it\/en\/wp-json\/wp\/v2\/comments?post=92812"}],"wp:featuredmedia":[{"embeddable":true,"href":"https:\/\/libreriadelmare.it\/en\/wp-json\/wp\/v2\/media\/131552"}],"wp:attachment":[{"href":"https:\/\/libreriadelmare.it\/en\/wp-json\/wp\/v2\/media?parent=92812"}],"wp:term":[{"taxonomy":"product_brand","embeddable":true,"href":"https:\/\/libreriadelmare.it\/en\/wp-json\/wp\/v2\/product_brand?post=92812"},{"taxonomy":"product_cat","embeddable":true,"href":"https:\/\/libreriadelmare.it\/en\/wp-json\/wp\/v2\/product_cat?post=92812"},{"taxonomy":"product_tag","embeddable":true,"href":"https:\/\/libreriadelmare.it\/en\/wp-json\/wp\/v2\/product_tag?post=92812"}],"curies":[{"name":"wp","href":"https:\/\/api.w.org\/{rel}","templated":true}]}}