{"id":92248,"date":"2019-02-03T19:54:11","date_gmt":"2019-02-03T18:54:11","guid":{"rendered":"https:\/\/libreriadelmare.it\/negozio\/uncategorized\/fuga-nella-gola-vergani-a-9788848803649\/"},"modified":"2026-04-04T01:56:38","modified_gmt":"2026-04-03T23:56:38","slug":"fuga-nella-gola-vergani-a-9788848803649","status":"publish","type":"product","link":"https:\/\/libreriadelmare.it\/en\/shop\/fuga-nella-gola-vergani-a-9788848803649\/","title":{"rendered":"fuga nella gola"},"content":{"rendered":"<p>Narra le avventure canoistiche compiute da un gruppo di amici ed \u00e8 scritto da un imprenditore appassionato di questo sport. \u00c8 il primo libro di racconti sul mondo della canoa fluviale scritto in Italia. Non \u00e8 una guida con le descrizioni dettagliate dei fiumi, ma il racconto di fatti realmente accaduti ad un gruppo di amici accomunati dalla stessa grande e contagiosa passione. &#8220;Fuga nella gola&#8221; offre una serie di esperienze che vanno al di l\u00e0 dello sport e diventano momenti di autoconoscenza e di profonda spiritualit\u00e0. Sono avventure ricche di emozioni intense, in cui l&#8217;autore e gli altri protagonisti delle varie imprese hanno ritrovato nuovi valori con cui arricchire l&#8217;esperienza della normale vita quotidiana.<\/p>\n","protected":false},"excerpt":{"rendered":"<p class=\"autore\"><span>Author: <\/span>vergani a.<\/p>\n<p class=\"editore\"><span>Publisher: <\/span>Lampi di Stampa<\/p>\n<p class=\"isbn\"><span>ISBN: <\/span>9788848803649<\/p>\n","protected":false},"featured_media":92249,"comment_status":"open","ping_status":"closed","template":"","meta":[],"product_brand":[],"product_cat":[2600],"product_tag":[],"class_list":{"0":"post-92248","1":"product","2":"type-product","3":"status-publish","4":"has-post-thumbnail","6":"product_cat-canoeing-rowing-kayaking-and-rafting","8":"first","9":"onbackorder","10":"taxable","11":"shipping-taxable","12":"purchasable","13":"product-type-simple"},"yoast_head":"<!-- This site is optimized with the Yoast SEO Premium plugin v27.1 (Yoast SEO v27.3) - https:\/\/yoast.com\/product\/yoast-seo-premium-wordpress\/ -->\n<title>fuga nella gola - Libreria del Mare<\/title>\n<meta name=\"robots\" content=\"index, follow, max-snippet:-1, max-image-preview:large, max-video-preview:-1\" \/>\n<link rel=\"canonical\" href=\"https:\/\/libreriadelmare.it\/en\/shop\/fuga-nella-gola-vergani-a-9788848803649\/\" \/>\n<meta property=\"og:locale\" content=\"en_US\" \/>\n<meta property=\"og:type\" content=\"article\" \/>\n<meta property=\"og:title\" content=\"fuga nella gola\" \/>\n<meta property=\"og:description\" content=\"Author: vergani a.Publisher: Lampi di StampaISBN: 9788848803649\" \/>\n<meta property=\"og:url\" content=\"https:\/\/libreriadelmare.it\/en\/shop\/fuga-nella-gola-vergani-a-9788848803649\/\" \/>\n<meta property=\"og:site_name\" content=\"Libreria del Mare\" \/>\n<meta property=\"article:publisher\" content=\"https:\/\/www.facebook.com\/libreriadelmare\" \/>\n<meta property=\"article:modified_time\" content=\"2026-04-03T23:56:38+00:00\" \/>\n<meta property=\"og:image\" content=\"https:\/\/libreriadelmare.it\/wp-content\/uploads\/fuganellagola3.jpg\" \/>\n\t<meta property=\"og:image:width\" content=\"409\" \/>\n\t<meta property=\"og:image:height\" content=\"597\" \/>\n\t<meta property=\"og:image:type\" content=\"image\/jpeg\" \/>\n<meta name=\"twitter:card\" content=\"summary_large_image\" \/>\n<meta name=\"twitter:label1\" content=\"Price\" \/>\n\t<meta name=\"twitter:data1\" content=\"&euro;11,00\" \/>\n\t<meta name=\"twitter:label2\" content=\"Availability\" \/>\n\t<meta name=\"twitter:data2\" content=\"On backorder\" \/>\n<script type=\"application\/ld+json\" class=\"yoast-schema-graph\">{\"@context\":\"https:\\\/\\\/schema.org\",\"@graph\":[{\"@type\":\"WebPage\",\"@id\":\"https:\\\/\\\/libreriadelmare.it\\\/en\\\/shop\\\/fuga-nella-gola-vergani-a-9788848803649\\\/\",\"url\":\"https:\\\/\\\/libreriadelmare.it\\\/en\\\/shop\\\/fuga-nella-gola-vergani-a-9788848803649\\\/\",\"name\":\"fuga nella gola - Libreria del Mare\",\"isPartOf\":{\"@id\":\"https:\\\/\\\/libreriadelmare.it\\\/en\\\/#website\"},\"primaryImageOfPage\":{\"@id\":\"https:\\\/\\\/libreriadelmare.it\\\/en\\\/shop\\\/fuga-nella-gola-vergani-a-9788848803649\\\/#primaryimage\"},\"image\":{\"@id\":\"https:\\\/\\\/libreriadelmare.it\\\/en\\\/shop\\\/fuga-nella-gola-vergani-a-9788848803649\\\/#primaryimage\"},\"thumbnailUrl\":\"https:\\\/\\\/libreriadelmare.it\\\/wp-content\\\/uploads\\\/fuganellagola3.jpg\",\"datePublished\":\"2019-02-03T18:54:11+00:00\",\"dateModified\":\"2026-04-03T23:56:38+00:00\",\"breadcrumb\":{\"@id\":\"https:\\\/\\\/libreriadelmare.it\\\/en\\\/shop\\\/fuga-nella-gola-vergani-a-9788848803649\\\/#breadcrumb\"},\"inLanguage\":\"en-US\",\"potentialAction\":[{\"@type\":\"ReadAction\",\"target\":[\"https:\\\/\\\/libreriadelmare.it\\\/en\\\/shop\\\/fuga-nella-gola-vergani-a-9788848803649\\\/\"]}]},{\"@type\":\"ImageObject\",\"inLanguage\":\"en-US\",\"@id\":\"https:\\\/\\\/libreriadelmare.it\\\/en\\\/shop\\\/fuga-nella-gola-vergani-a-9788848803649\\\/#primaryimage\",\"url\":\"https:\\\/\\\/libreriadelmare.it\\\/wp-content\\\/uploads\\\/fuganellagola3.jpg\",\"contentUrl\":\"https:\\\/\\\/libreriadelmare.it\\\/wp-content\\\/uploads\\\/fuganellagola3.jpg\",\"width\":409,\"height\":597},{\"@type\":\"BreadcrumbList\",\"@id\":\"https:\\\/\\\/libreriadelmare.it\\\/en\\\/shop\\\/fuga-nella-gola-vergani-a-9788848803649\\\/#breadcrumb\",\"itemListElement\":[{\"@type\":\"ListItem\",\"position\":1,\"name\":\"Home\",\"item\":\"https:\\\/\\\/libreriadelmare.it\\\/en\\\/\"},{\"@type\":\"ListItem\",\"position\":2,\"name\":\"Shop\",\"item\":\"https:\\\/\\\/libreriadelmare.it\\\/en\\\/shop\\\/\"},{\"@type\":\"ListItem\",\"position\":3,\"name\":\"fuga nella gola\"}]},{\"@type\":\"WebSite\",\"@id\":\"https:\\\/\\\/libreriadelmare.it\\\/en\\\/#website\",\"url\":\"https:\\\/\\\/libreriadelmare.it\\\/en\\\/\",\"name\":\"Libreria del Mare - Milano\",\"description\":\"\",\"publisher\":{\"@id\":\"https:\\\/\\\/libreriadelmare.it\\\/en\\\/#organization\"},\"potentialAction\":[{\"@type\":\"SearchAction\",\"target\":{\"@type\":\"EntryPoint\",\"urlTemplate\":\"https:\\\/\\\/libreriadelmare.it\\\/en\\\/?s={search_term_string}\"},\"query-input\":{\"@type\":\"PropertyValueSpecification\",\"valueRequired\":true,\"valueName\":\"search_term_string\"}}],\"inLanguage\":\"en-US\"},{\"@type\":\"Organization\",\"@id\":\"https:\\\/\\\/libreriadelmare.it\\\/en\\\/#organization\",\"name\":\"Libreria del Mare - Milano\",\"url\":\"https:\\\/\\\/libreriadelmare.it\\\/en\\\/\",\"logo\":{\"@type\":\"ImageObject\",\"inLanguage\":\"en-US\",\"@id\":\"https:\\\/\\\/libreriadelmare.it\\\/en\\\/#\\\/schema\\\/logo\\\/image\\\/\",\"url\":\"https:\\\/\\\/libreriadelmare.it\\\/wp-content\\\/uploads\\\/2018\\\/07\\\/logo-blu.png\",\"contentUrl\":\"https:\\\/\\\/libreriadelmare.it\\\/wp-content\\\/uploads\\\/2018\\\/07\\\/logo-blu.png\",\"width\":600,\"height\":162,\"caption\":\"Libreria del Mare - Milano\"},\"image\":{\"@id\":\"https:\\\/\\\/libreriadelmare.it\\\/en\\\/#\\\/schema\\\/logo\\\/image\\\/\"},\"sameAs\":[\"https:\\\/\\\/www.facebook.com\\\/libreriadelmare\",\"https:\\\/\\\/www.instagram.com\\\/libreriadelmare\\\/\"],\"hasMerchantReturnPolicy\":{\"@type\":\"MerchantReturnPolicy\",\"merchantReturnLink\":\"https:\\\/\\\/libreriadelmare.it\\\/diritto-di-recesso\\\/\"}}]}<\/script>\n<meta property=\"product:price:amount\" content=\"11.00\" \/>\n<meta property=\"product:price:currency\" content=\"EUR\" \/>\n<meta property=\"og:availability\" content=\"backorder\" \/>\n<meta property=\"product:availability\" content=\"available for order\" \/>\n<meta property=\"product:retailer_item_id\" content=\"9788848803649\" \/>\n<meta property=\"product:condition\" content=\"new\" \/>\n<!-- \/ Yoast SEO Premium plugin. -->","yoast_head_json":{"title":"fuga nella gola - Libreria del Mare","robots":{"index":"index","follow":"follow","max-snippet":"max-snippet:-1","max-image-preview":"max-image-preview:large","max-video-preview":"max-video-preview:-1"},"canonical":"https:\/\/libreriadelmare.it\/en\/shop\/fuga-nella-gola-vergani-a-9788848803649\/","og_locale":"en_US","og_type":"article","og_title":"fuga nella gola","og_description":"Author: vergani a.Publisher: Lampi di StampaISBN: 9788848803649","og_url":"https:\/\/libreriadelmare.it\/en\/shop\/fuga-nella-gola-vergani-a-9788848803649\/","og_site_name":"Libreria del Mare","article_publisher":"https:\/\/www.facebook.com\/libreriadelmare","article_modified_time":"2026-04-03T23:56:38+00:00","og_image":[{"width":409,"height":597,"url":"https:\/\/libreriadelmare.it\/wp-content\/uploads\/fuganellagola3.jpg","type":"image\/jpeg"}],"twitter_card":"summary_large_image","twitter_misc":{"Price":"&euro;11,00","Availability":"On backorder"},"schema":{"@context":"https:\/\/schema.org","@graph":[{"@type":"WebPage","@id":"https:\/\/libreriadelmare.it\/en\/shop\/fuga-nella-gola-vergani-a-9788848803649\/","url":"https:\/\/libreriadelmare.it\/en\/shop\/fuga-nella-gola-vergani-a-9788848803649\/","name":"fuga nella gola - Libreria del Mare","isPartOf":{"@id":"https:\/\/libreriadelmare.it\/en\/#website"},"primaryImageOfPage":{"@id":"https:\/\/libreriadelmare.it\/en\/shop\/fuga-nella-gola-vergani-a-9788848803649\/#primaryimage"},"image":{"@id":"https:\/\/libreriadelmare.it\/en\/shop\/fuga-nella-gola-vergani-a-9788848803649\/#primaryimage"},"thumbnailUrl":"https:\/\/libreriadelmare.it\/wp-content\/uploads\/fuganellagola3.jpg","datePublished":"2019-02-03T18:54:11+00:00","dateModified":"2026-04-03T23:56:38+00:00","breadcrumb":{"@id":"https:\/\/libreriadelmare.it\/en\/shop\/fuga-nella-gola-vergani-a-9788848803649\/#breadcrumb"},"inLanguage":"en-US","potentialAction":[{"@type":"ReadAction","target":["https:\/\/libreriadelmare.it\/en\/shop\/fuga-nella-gola-vergani-a-9788848803649\/"]}]},{"@type":"ImageObject","inLanguage":"en-US","@id":"https:\/\/libreriadelmare.it\/en\/shop\/fuga-nella-gola-vergani-a-9788848803649\/#primaryimage","url":"https:\/\/libreriadelmare.it\/wp-content\/uploads\/fuganellagola3.jpg","contentUrl":"https:\/\/libreriadelmare.it\/wp-content\/uploads\/fuganellagola3.jpg","width":409,"height":597},{"@type":"BreadcrumbList","@id":"https:\/\/libreriadelmare.it\/en\/shop\/fuga-nella-gola-vergani-a-9788848803649\/#breadcrumb","itemListElement":[{"@type":"ListItem","position":1,"name":"Home","item":"https:\/\/libreriadelmare.it\/en\/"},{"@type":"ListItem","position":2,"name":"Shop","item":"https:\/\/libreriadelmare.it\/en\/shop\/"},{"@type":"ListItem","position":3,"name":"fuga nella gola"}]},{"@type":"WebSite","@id":"https:\/\/libreriadelmare.it\/en\/#website","url":"https:\/\/libreriadelmare.it\/en\/","name":"Libreria del Mare - Milano","description":"","publisher":{"@id":"https:\/\/libreriadelmare.it\/en\/#organization"},"potentialAction":[{"@type":"SearchAction","target":{"@type":"EntryPoint","urlTemplate":"https:\/\/libreriadelmare.it\/en\/?s={search_term_string}"},"query-input":{"@type":"PropertyValueSpecification","valueRequired":true,"valueName":"search_term_string"}}],"inLanguage":"en-US"},{"@type":"Organization","@id":"https:\/\/libreriadelmare.it\/en\/#organization","name":"Libreria del Mare - Milano","url":"https:\/\/libreriadelmare.it\/en\/","logo":{"@type":"ImageObject","inLanguage":"en-US","@id":"https:\/\/libreriadelmare.it\/en\/#\/schema\/logo\/image\/","url":"https:\/\/libreriadelmare.it\/wp-content\/uploads\/2018\/07\/logo-blu.png","contentUrl":"https:\/\/libreriadelmare.it\/wp-content\/uploads\/2018\/07\/logo-blu.png","width":600,"height":162,"caption":"Libreria del Mare - Milano"},"image":{"@id":"https:\/\/libreriadelmare.it\/en\/#\/schema\/logo\/image\/"},"sameAs":["https:\/\/www.facebook.com\/libreriadelmare","https:\/\/www.instagram.com\/libreriadelmare\/"],"hasMerchantReturnPolicy":{"@type":"MerchantReturnPolicy","merchantReturnLink":"https:\/\/libreriadelmare.it\/diritto-di-recesso\/"}}]},"product_price_amount":"11.00","product_price_currency":"EUR","og_availability":"backorder","product_availability":"available for order","product_retailer_item_id":"9788848803649","product_condition":"new"},"_links":{"self":[{"href":"https:\/\/libreriadelmare.it\/en\/wp-json\/wp\/v2\/product\/92248","targetHints":{"allow":["GET"]}}],"collection":[{"href":"https:\/\/libreriadelmare.it\/en\/wp-json\/wp\/v2\/product"}],"about":[{"href":"https:\/\/libreriadelmare.it\/en\/wp-json\/wp\/v2\/types\/product"}],"replies":[{"embeddable":true,"href":"https:\/\/libreriadelmare.it\/en\/wp-json\/wp\/v2\/comments?post=92248"}],"wp:featuredmedia":[{"embeddable":true,"href":"https:\/\/libreriadelmare.it\/en\/wp-json\/wp\/v2\/media\/92249"}],"wp:attachment":[{"href":"https:\/\/libreriadelmare.it\/en\/wp-json\/wp\/v2\/media?parent=92248"}],"wp:term":[{"taxonomy":"product_brand","embeddable":true,"href":"https:\/\/libreriadelmare.it\/en\/wp-json\/wp\/v2\/product_brand?post=92248"},{"taxonomy":"product_cat","embeddable":true,"href":"https:\/\/libreriadelmare.it\/en\/wp-json\/wp\/v2\/product_cat?post=92248"},{"taxonomy":"product_tag","embeddable":true,"href":"https:\/\/libreriadelmare.it\/en\/wp-json\/wp\/v2\/product_tag?post=92248"}],"curies":[{"name":"wp","href":"https:\/\/api.w.org\/{rel}","templated":true}]}}