{"id":91815,"date":"2019-02-03T19:57:27","date_gmt":"2019-02-03T18:57:27","guid":{"rendered":"https:\/\/libreriadelmare.it\/negozio\/uncategorized\/la-grande-histoire-de-la-petite-coupe-chevalier-f-fondation-hydros-9782732467290\/"},"modified":"2026-04-04T01:51:29","modified_gmt":"2026-04-03T23:51:29","slug":"la-grande-histoire-de-la-petite-coupe-chevalier-f-fondation-hydros-9782732467290","status":"publish","type":"product","link":"https:\/\/libreriadelmare.it\/en\/shop\/la-grande-histoire-de-la-petite-coupe-chevalier-f-fondation-hydros-9782732467290\/","title":{"rendered":"la grande histoire de la petite coupe"},"content":{"rendered":"<p>La Petite Coupe est n\u00e9e au tout d\u00e9but des ann\u00e9es 1960. Elle est aujourd&#8217;hui le championnat international des Class C et, bien plus qu&#8217;une comp\u00e9tition, un v\u00e9ritable laboratoire technologique pour le d\u00e9veloppement de la voile et des bateaux les plus rapides. Cet ouvrage nous conte les r\u00e9gates, les hommes, l\u2019histoire des d\u00e9couvertes des technologies de pointes, mais aussi l\u2019architecture de ces catamarans.<\/p>\n","protected":false},"excerpt":{"rendered":"<p class=\"autore\"><span>Author: <\/span>chevalier f.  fondation hydros<\/p>\n<p class=\"editore\"><span>Publisher: <\/span>editions de la martiniere<\/p>\n<p class=\"isbn\"><span>ISBN: <\/span>9782732467290<\/p>\n","protected":false},"featured_media":91816,"comment_status":"open","ping_status":"closed","template":"","meta":[],"product_brand":[],"product_cat":[2576],"product_tag":[],"class_list":{"0":"post-91815","1":"product","2":"type-product","3":"status-publish","4":"has-post-thumbnail","6":"product_cat-books-navigation-illustrated-books","8":"first","9":"onbackorder","10":"taxable","11":"shipping-taxable","12":"purchasable","13":"product-type-simple"},"yoast_head":"<!-- This site is optimized with the Yoast SEO Premium plugin v27.1 (Yoast SEO v27.3) - https:\/\/yoast.com\/product\/yoast-seo-premium-wordpress\/ -->\n<title>la grande histoire de la petite coupe - Libreria del Mare<\/title>\n<meta name=\"robots\" content=\"index, follow, max-snippet:-1, max-image-preview:large, max-video-preview:-1\" \/>\n<link rel=\"canonical\" href=\"https:\/\/libreriadelmare.it\/en\/shop\/la-grande-histoire-de-la-petite-coupe-chevalier-f-fondation-hydros-9782732467290\/\" \/>\n<meta property=\"og:locale\" content=\"en_US\" \/>\n<meta property=\"og:type\" content=\"article\" \/>\n<meta property=\"og:title\" content=\"la grande histoire de la petite coupe\" \/>\n<meta property=\"og:description\" content=\"Author: chevalier f. fondation hydrosPublisher: editions de la martiniereISBN: 9782732467290\" \/>\n<meta property=\"og:url\" content=\"https:\/\/libreriadelmare.it\/en\/shop\/la-grande-histoire-de-la-petite-coupe-chevalier-f-fondation-hydros-9782732467290\/\" \/>\n<meta property=\"og:site_name\" content=\"Libreria del Mare\" \/>\n<meta property=\"article:publisher\" content=\"https:\/\/www.facebook.com\/libreriadelmare\" \/>\n<meta property=\"article:modified_time\" content=\"2026-04-03T23:51:29+00:00\" \/>\n<meta property=\"og:image\" content=\"https:\/\/libreriadelmare.it\/wp-content\/uploads\/grandehistoiredelapetitecoupe.jpg\" \/>\n\t<meta property=\"og:image:width\" content=\"640\" \/>\n\t<meta property=\"og:image:height\" content=\"598\" \/>\n\t<meta property=\"og:image:type\" content=\"image\/jpeg\" \/>\n<meta name=\"twitter:card\" content=\"summary_large_image\" \/>\n<meta name=\"twitter:label1\" content=\"Price\" \/>\n\t<meta name=\"twitter:data1\" content=\"&euro;63,00\" \/>\n\t<meta name=\"twitter:label2\" content=\"Availability\" \/>\n\t<meta name=\"twitter:data2\" content=\"On backorder\" \/>\n<script type=\"application\/ld+json\" class=\"yoast-schema-graph\">{\"@context\":\"https:\\\/\\\/schema.org\",\"@graph\":[{\"@type\":\"WebPage\",\"@id\":\"https:\\\/\\\/libreriadelmare.it\\\/en\\\/shop\\\/la-grande-histoire-de-la-petite-coupe-chevalier-f-fondation-hydros-9782732467290\\\/\",\"url\":\"https:\\\/\\\/libreriadelmare.it\\\/en\\\/shop\\\/la-grande-histoire-de-la-petite-coupe-chevalier-f-fondation-hydros-9782732467290\\\/\",\"name\":\"la grande histoire de la petite coupe - Libreria del Mare\",\"isPartOf\":{\"@id\":\"https:\\\/\\\/libreriadelmare.it\\\/en\\\/#website\"},\"primaryImageOfPage\":{\"@id\":\"https:\\\/\\\/libreriadelmare.it\\\/en\\\/shop\\\/la-grande-histoire-de-la-petite-coupe-chevalier-f-fondation-hydros-9782732467290\\\/#primaryimage\"},\"image\":{\"@id\":\"https:\\\/\\\/libreriadelmare.it\\\/en\\\/shop\\\/la-grande-histoire-de-la-petite-coupe-chevalier-f-fondation-hydros-9782732467290\\\/#primaryimage\"},\"thumbnailUrl\":\"https:\\\/\\\/libreriadelmare.it\\\/wp-content\\\/uploads\\\/grandehistoiredelapetitecoupe.jpg\",\"datePublished\":\"2019-02-03T18:57:27+00:00\",\"dateModified\":\"2026-04-03T23:51:29+00:00\",\"breadcrumb\":{\"@id\":\"https:\\\/\\\/libreriadelmare.it\\\/en\\\/shop\\\/la-grande-histoire-de-la-petite-coupe-chevalier-f-fondation-hydros-9782732467290\\\/#breadcrumb\"},\"inLanguage\":\"en-US\",\"potentialAction\":[{\"@type\":\"ReadAction\",\"target\":[\"https:\\\/\\\/libreriadelmare.it\\\/en\\\/shop\\\/la-grande-histoire-de-la-petite-coupe-chevalier-f-fondation-hydros-9782732467290\\\/\"]}]},{\"@type\":\"ImageObject\",\"inLanguage\":\"en-US\",\"@id\":\"https:\\\/\\\/libreriadelmare.it\\\/en\\\/shop\\\/la-grande-histoire-de-la-petite-coupe-chevalier-f-fondation-hydros-9782732467290\\\/#primaryimage\",\"url\":\"https:\\\/\\\/libreriadelmare.it\\\/wp-content\\\/uploads\\\/grandehistoiredelapetitecoupe.jpg\",\"contentUrl\":\"https:\\\/\\\/libreriadelmare.it\\\/wp-content\\\/uploads\\\/grandehistoiredelapetitecoupe.jpg\",\"width\":640,\"height\":598},{\"@type\":\"BreadcrumbList\",\"@id\":\"https:\\\/\\\/libreriadelmare.it\\\/en\\\/shop\\\/la-grande-histoire-de-la-petite-coupe-chevalier-f-fondation-hydros-9782732467290\\\/#breadcrumb\",\"itemListElement\":[{\"@type\":\"ListItem\",\"position\":1,\"name\":\"Home\",\"item\":\"https:\\\/\\\/libreriadelmare.it\\\/en\\\/\"},{\"@type\":\"ListItem\",\"position\":2,\"name\":\"Shop\",\"item\":\"https:\\\/\\\/libreriadelmare.it\\\/en\\\/shop\\\/\"},{\"@type\":\"ListItem\",\"position\":3,\"name\":\"la grande histoire de la petite coupe\"}]},{\"@type\":\"WebSite\",\"@id\":\"https:\\\/\\\/libreriadelmare.it\\\/en\\\/#website\",\"url\":\"https:\\\/\\\/libreriadelmare.it\\\/en\\\/\",\"name\":\"Libreria del Mare - Milano\",\"description\":\"\",\"publisher\":{\"@id\":\"https:\\\/\\\/libreriadelmare.it\\\/en\\\/#organization\"},\"potentialAction\":[{\"@type\":\"SearchAction\",\"target\":{\"@type\":\"EntryPoint\",\"urlTemplate\":\"https:\\\/\\\/libreriadelmare.it\\\/en\\\/?s={search_term_string}\"},\"query-input\":{\"@type\":\"PropertyValueSpecification\",\"valueRequired\":true,\"valueName\":\"search_term_string\"}}],\"inLanguage\":\"en-US\"},{\"@type\":\"Organization\",\"@id\":\"https:\\\/\\\/libreriadelmare.it\\\/en\\\/#organization\",\"name\":\"Libreria del Mare - Milano\",\"url\":\"https:\\\/\\\/libreriadelmare.it\\\/en\\\/\",\"logo\":{\"@type\":\"ImageObject\",\"inLanguage\":\"en-US\",\"@id\":\"https:\\\/\\\/libreriadelmare.it\\\/en\\\/#\\\/schema\\\/logo\\\/image\\\/\",\"url\":\"https:\\\/\\\/libreriadelmare.it\\\/wp-content\\\/uploads\\\/2018\\\/07\\\/logo-blu.png\",\"contentUrl\":\"https:\\\/\\\/libreriadelmare.it\\\/wp-content\\\/uploads\\\/2018\\\/07\\\/logo-blu.png\",\"width\":600,\"height\":162,\"caption\":\"Libreria del Mare - Milano\"},\"image\":{\"@id\":\"https:\\\/\\\/libreriadelmare.it\\\/en\\\/#\\\/schema\\\/logo\\\/image\\\/\"},\"sameAs\":[\"https:\\\/\\\/www.facebook.com\\\/libreriadelmare\",\"https:\\\/\\\/www.instagram.com\\\/libreriadelmare\\\/\"],\"hasMerchantReturnPolicy\":{\"@type\":\"MerchantReturnPolicy\",\"merchantReturnLink\":\"https:\\\/\\\/libreriadelmare.it\\\/diritto-di-recesso\\\/\"}}]}<\/script>\n<meta property=\"product:price:amount\" content=\"63.00\" \/>\n<meta property=\"product:price:currency\" content=\"EUR\" \/>\n<meta property=\"og:availability\" content=\"backorder\" \/>\n<meta property=\"product:availability\" content=\"available for order\" \/>\n<meta property=\"product:retailer_item_id\" content=\"9782732467290\" \/>\n<meta property=\"product:condition\" content=\"new\" \/>\n<!-- \/ Yoast SEO Premium plugin. -->","yoast_head_json":{"title":"la grande histoire de la petite coupe - Libreria del Mare","robots":{"index":"index","follow":"follow","max-snippet":"max-snippet:-1","max-image-preview":"max-image-preview:large","max-video-preview":"max-video-preview:-1"},"canonical":"https:\/\/libreriadelmare.it\/en\/shop\/la-grande-histoire-de-la-petite-coupe-chevalier-f-fondation-hydros-9782732467290\/","og_locale":"en_US","og_type":"article","og_title":"la grande histoire de la petite coupe","og_description":"Author: chevalier f. fondation hydrosPublisher: editions de la martiniereISBN: 9782732467290","og_url":"https:\/\/libreriadelmare.it\/en\/shop\/la-grande-histoire-de-la-petite-coupe-chevalier-f-fondation-hydros-9782732467290\/","og_site_name":"Libreria del Mare","article_publisher":"https:\/\/www.facebook.com\/libreriadelmare","article_modified_time":"2026-04-03T23:51:29+00:00","og_image":[{"width":640,"height":598,"url":"https:\/\/libreriadelmare.it\/wp-content\/uploads\/grandehistoiredelapetitecoupe.jpg","type":"image\/jpeg"}],"twitter_card":"summary_large_image","twitter_misc":{"Price":"&euro;63,00","Availability":"On backorder"},"schema":{"@context":"https:\/\/schema.org","@graph":[{"@type":"WebPage","@id":"https:\/\/libreriadelmare.it\/en\/shop\/la-grande-histoire-de-la-petite-coupe-chevalier-f-fondation-hydros-9782732467290\/","url":"https:\/\/libreriadelmare.it\/en\/shop\/la-grande-histoire-de-la-petite-coupe-chevalier-f-fondation-hydros-9782732467290\/","name":"la grande histoire de la petite coupe - Libreria del Mare","isPartOf":{"@id":"https:\/\/libreriadelmare.it\/en\/#website"},"primaryImageOfPage":{"@id":"https:\/\/libreriadelmare.it\/en\/shop\/la-grande-histoire-de-la-petite-coupe-chevalier-f-fondation-hydros-9782732467290\/#primaryimage"},"image":{"@id":"https:\/\/libreriadelmare.it\/en\/shop\/la-grande-histoire-de-la-petite-coupe-chevalier-f-fondation-hydros-9782732467290\/#primaryimage"},"thumbnailUrl":"https:\/\/libreriadelmare.it\/wp-content\/uploads\/grandehistoiredelapetitecoupe.jpg","datePublished":"2019-02-03T18:57:27+00:00","dateModified":"2026-04-03T23:51:29+00:00","breadcrumb":{"@id":"https:\/\/libreriadelmare.it\/en\/shop\/la-grande-histoire-de-la-petite-coupe-chevalier-f-fondation-hydros-9782732467290\/#breadcrumb"},"inLanguage":"en-US","potentialAction":[{"@type":"ReadAction","target":["https:\/\/libreriadelmare.it\/en\/shop\/la-grande-histoire-de-la-petite-coupe-chevalier-f-fondation-hydros-9782732467290\/"]}]},{"@type":"ImageObject","inLanguage":"en-US","@id":"https:\/\/libreriadelmare.it\/en\/shop\/la-grande-histoire-de-la-petite-coupe-chevalier-f-fondation-hydros-9782732467290\/#primaryimage","url":"https:\/\/libreriadelmare.it\/wp-content\/uploads\/grandehistoiredelapetitecoupe.jpg","contentUrl":"https:\/\/libreriadelmare.it\/wp-content\/uploads\/grandehistoiredelapetitecoupe.jpg","width":640,"height":598},{"@type":"BreadcrumbList","@id":"https:\/\/libreriadelmare.it\/en\/shop\/la-grande-histoire-de-la-petite-coupe-chevalier-f-fondation-hydros-9782732467290\/#breadcrumb","itemListElement":[{"@type":"ListItem","position":1,"name":"Home","item":"https:\/\/libreriadelmare.it\/en\/"},{"@type":"ListItem","position":2,"name":"Shop","item":"https:\/\/libreriadelmare.it\/en\/shop\/"},{"@type":"ListItem","position":3,"name":"la grande histoire de la petite coupe"}]},{"@type":"WebSite","@id":"https:\/\/libreriadelmare.it\/en\/#website","url":"https:\/\/libreriadelmare.it\/en\/","name":"Libreria del Mare - Milano","description":"","publisher":{"@id":"https:\/\/libreriadelmare.it\/en\/#organization"},"potentialAction":[{"@type":"SearchAction","target":{"@type":"EntryPoint","urlTemplate":"https:\/\/libreriadelmare.it\/en\/?s={search_term_string}"},"query-input":{"@type":"PropertyValueSpecification","valueRequired":true,"valueName":"search_term_string"}}],"inLanguage":"en-US"},{"@type":"Organization","@id":"https:\/\/libreriadelmare.it\/en\/#organization","name":"Libreria del Mare - Milano","url":"https:\/\/libreriadelmare.it\/en\/","logo":{"@type":"ImageObject","inLanguage":"en-US","@id":"https:\/\/libreriadelmare.it\/en\/#\/schema\/logo\/image\/","url":"https:\/\/libreriadelmare.it\/wp-content\/uploads\/2018\/07\/logo-blu.png","contentUrl":"https:\/\/libreriadelmare.it\/wp-content\/uploads\/2018\/07\/logo-blu.png","width":600,"height":162,"caption":"Libreria del Mare - Milano"},"image":{"@id":"https:\/\/libreriadelmare.it\/en\/#\/schema\/logo\/image\/"},"sameAs":["https:\/\/www.facebook.com\/libreriadelmare","https:\/\/www.instagram.com\/libreriadelmare\/"],"hasMerchantReturnPolicy":{"@type":"MerchantReturnPolicy","merchantReturnLink":"https:\/\/libreriadelmare.it\/diritto-di-recesso\/"}}]},"product_price_amount":"63.00","product_price_currency":"EUR","og_availability":"backorder","product_availability":"available for order","product_retailer_item_id":"9782732467290","product_condition":"new"},"_links":{"self":[{"href":"https:\/\/libreriadelmare.it\/en\/wp-json\/wp\/v2\/product\/91815","targetHints":{"allow":["GET"]}}],"collection":[{"href":"https:\/\/libreriadelmare.it\/en\/wp-json\/wp\/v2\/product"}],"about":[{"href":"https:\/\/libreriadelmare.it\/en\/wp-json\/wp\/v2\/types\/product"}],"replies":[{"embeddable":true,"href":"https:\/\/libreriadelmare.it\/en\/wp-json\/wp\/v2\/comments?post=91815"}],"wp:featuredmedia":[{"embeddable":true,"href":"https:\/\/libreriadelmare.it\/en\/wp-json\/wp\/v2\/media\/91816"}],"wp:attachment":[{"href":"https:\/\/libreriadelmare.it\/en\/wp-json\/wp\/v2\/media?parent=91815"}],"wp:term":[{"taxonomy":"product_brand","embeddable":true,"href":"https:\/\/libreriadelmare.it\/en\/wp-json\/wp\/v2\/product_brand?post=91815"},{"taxonomy":"product_cat","embeddable":true,"href":"https:\/\/libreriadelmare.it\/en\/wp-json\/wp\/v2\/product_cat?post=91815"},{"taxonomy":"product_tag","embeddable":true,"href":"https:\/\/libreriadelmare.it\/en\/wp-json\/wp\/v2\/product_tag?post=91815"}],"curies":[{"name":"wp","href":"https:\/\/api.w.org\/{rel}","templated":true}]}}