{"id":90667,"date":"2019-02-03T19:35:44","date_gmt":"2019-02-03T18:35:44","guid":{"rendered":"https:\/\/libreriadelmare.it\/negozio\/uncategorized\/trimarani-da-regata-e-da-crociera-harris-r-b-9788842587125\/"},"modified":"2026-04-18T02:23:45","modified_gmt":"2026-04-18T00:23:45","slug":"trimarani-da-regata-e-da-crociera-harris-r-b-9788842587125","status":"publish","type":"product","link":"https:\/\/libreriadelmare.it\/en\/shop\/trimarani-da-regata-e-da-crociera-harris-r-b-9788842587125\/","title":{"rendered":"trimarani da regata e da crociera"},"content":{"rendered":"<p>Primo volume pubblicato in Italia che ha esaminato a fondo i &#8220;moderni&#8221; criteri della ricerca di una sempre maggiore velocit\u00e0 nella navigazione a vela, criteri che hanno condotto, dopo una lenta evoluzione nei secoli, all&#8217;adozione di imbarcazioni a pi\u00f9 scafi o scafi multichiglia.<\/p>\n<p>Indubbiamente, nel rapporto dell&#8217;uomo con il mare, vi \u00e8 un qualche cosa che non \u00e8 ben definibile, ma che li accomuna in un&#8217;unione difficilmente scindibile. L&#8217;evoluzione della navigazione e delle imbarcazioni sta proprio a dimostrare che il mare, oggi, non \u00e8 pi\u00f9 considerato il nemico di un tempo, ma l&#8217;amico che ci permette di dimenticare gli annosi problemi della moderna societ\u00e0 consumistica, dedicando parte del tempo libero alla incomparabile sensazione della navigazione a vela non disgiunta dalla velocit\u00e0. E nessuna imbarcazione, meglio del trimarano, pu\u00f2 garantire il raggiungimento di tale anelito di libert\u00e0 e di possesso.<\/p>\n<p>In questo libro, Robert B. Harris, architetto navale di fama internazionale, fornisce agli specialisti e agli appassionati, oltre che una descrizione accurata delle innovazioni costruttive di abitabilit\u00e0, di stabilit\u00e0 e di resistenza alle sollecitazioni del moto ondoso, i piani originali di molti trimarani tra i pi\u00f9 prestigiosi del mondo.<\/p>\n<p>Il suo linguaggio piano e scorrevole fa s\u00ec che si possa facilmente comprendere quali siano le differenze sostanziali fra i trimarani e i monoscafi lasciando il lettore apparentemente libero di trarre le proprie conclusioni, ma spingendolo, con la passione che anima le sue descrizioni e con l&#8217;inoppugnabilit\u00e0 dei dati tecnici, a provare la navigazione su questo nuovo tipo di barca.<\/p>\n<p>Edizione: 1974<\/p>\n","protected":false},"excerpt":{"rendered":"<p class=\"autore\"><span>Author: <\/span>harris r.b.<\/p>\n<p class=\"editore\"><span>Publisher: <\/span>Ugo Mursia Editore<\/p>\n<p class=\"isbn\"><span>ISBN: <\/span>9788842587125<\/p>\n","protected":false},"featured_media":90668,"comment_status":"open","ping_status":"closed","template":"","meta":[],"product_brand":[],"product_cat":[2566],"product_tag":[],"class_list":{"0":"post-90667","1":"product","2":"type-product","3":"status-publish","4":"has-post-thumbnail","6":"product_cat-books-navigation-multihulls","8":"first","9":"onbackorder","10":"taxable","11":"shipping-taxable","12":"purchasable","13":"product-type-simple"},"yoast_head":"<!-- This site is optimized with the Yoast SEO Premium plugin v27.1 (Yoast SEO v27.4) - https:\/\/yoast.com\/product\/yoast-seo-premium-wordpress\/ -->\n<title>trimarani da regata e da crociera - Libreria del Mare<\/title>\n<meta name=\"robots\" content=\"index, follow, max-snippet:-1, max-image-preview:large, max-video-preview:-1\" \/>\n<link rel=\"canonical\" href=\"https:\/\/libreriadelmare.it\/en\/shop\/trimarani-da-regata-e-da-crociera-harris-r-b-9788842587125\/\" \/>\n<meta property=\"og:locale\" content=\"en_US\" \/>\n<meta property=\"og:type\" content=\"article\" \/>\n<meta property=\"og:title\" content=\"trimarani da regata e da crociera\" \/>\n<meta property=\"og:description\" content=\"Author: harris r.b.Publisher: Ugo Mursia EditoreISBN: 9788842587125\" \/>\n<meta property=\"og:url\" content=\"https:\/\/libreriadelmare.it\/en\/shop\/trimarani-da-regata-e-da-crociera-harris-r-b-9788842587125\/\" \/>\n<meta property=\"og:site_name\" content=\"Libreria del Mare\" \/>\n<meta property=\"article:publisher\" content=\"https:\/\/www.facebook.com\/libreriadelmare\" \/>\n<meta property=\"article:modified_time\" content=\"2026-04-18T00:23:45+00:00\" \/>\n<meta property=\"og:image\" content=\"https:\/\/libreriadelmare.it\/wp-content\/uploads\/trimaranidaregataedacrociera-harris.jpg\" \/>\n\t<meta property=\"og:image:width\" content=\"396\" \/>\n\t<meta property=\"og:image:height\" content=\"602\" \/>\n\t<meta property=\"og:image:type\" content=\"image\/jpeg\" \/>\n<meta name=\"twitter:card\" content=\"summary_large_image\" \/>\n<meta name=\"twitter:label1\" content=\"Price\" \/>\n\t<meta name=\"twitter:data1\" content=\"&euro;20,00\" \/>\n\t<meta name=\"twitter:label2\" content=\"Availability\" \/>\n\t<meta name=\"twitter:data2\" content=\"On backorder\" \/>\n<script type=\"application\/ld+json\" class=\"yoast-schema-graph\">{\"@context\":\"https:\\\/\\\/schema.org\",\"@graph\":[{\"@type\":\"WebPage\",\"@id\":\"https:\\\/\\\/libreriadelmare.it\\\/en\\\/shop\\\/trimarani-da-regata-e-da-crociera-harris-r-b-9788842587125\\\/\",\"url\":\"https:\\\/\\\/libreriadelmare.it\\\/en\\\/shop\\\/trimarani-da-regata-e-da-crociera-harris-r-b-9788842587125\\\/\",\"name\":\"trimarani da regata e da crociera - Libreria del Mare\",\"isPartOf\":{\"@id\":\"https:\\\/\\\/libreriadelmare.it\\\/en\\\/#website\"},\"primaryImageOfPage\":{\"@id\":\"https:\\\/\\\/libreriadelmare.it\\\/en\\\/shop\\\/trimarani-da-regata-e-da-crociera-harris-r-b-9788842587125\\\/#primaryimage\"},\"image\":{\"@id\":\"https:\\\/\\\/libreriadelmare.it\\\/en\\\/shop\\\/trimarani-da-regata-e-da-crociera-harris-r-b-9788842587125\\\/#primaryimage\"},\"thumbnailUrl\":\"https:\\\/\\\/libreriadelmare.it\\\/wp-content\\\/uploads\\\/trimaranidaregataedacrociera-harris.jpg\",\"datePublished\":\"2019-02-03T18:35:44+00:00\",\"dateModified\":\"2026-04-18T00:23:45+00:00\",\"breadcrumb\":{\"@id\":\"https:\\\/\\\/libreriadelmare.it\\\/en\\\/shop\\\/trimarani-da-regata-e-da-crociera-harris-r-b-9788842587125\\\/#breadcrumb\"},\"inLanguage\":\"en-US\",\"potentialAction\":[{\"@type\":\"ReadAction\",\"target\":[\"https:\\\/\\\/libreriadelmare.it\\\/en\\\/shop\\\/trimarani-da-regata-e-da-crociera-harris-r-b-9788842587125\\\/\"]}]},{\"@type\":\"ImageObject\",\"inLanguage\":\"en-US\",\"@id\":\"https:\\\/\\\/libreriadelmare.it\\\/en\\\/shop\\\/trimarani-da-regata-e-da-crociera-harris-r-b-9788842587125\\\/#primaryimage\",\"url\":\"https:\\\/\\\/libreriadelmare.it\\\/wp-content\\\/uploads\\\/trimaranidaregataedacrociera-harris.jpg\",\"contentUrl\":\"https:\\\/\\\/libreriadelmare.it\\\/wp-content\\\/uploads\\\/trimaranidaregataedacrociera-harris.jpg\",\"width\":396,\"height\":602},{\"@type\":\"BreadcrumbList\",\"@id\":\"https:\\\/\\\/libreriadelmare.it\\\/en\\\/shop\\\/trimarani-da-regata-e-da-crociera-harris-r-b-9788842587125\\\/#breadcrumb\",\"itemListElement\":[{\"@type\":\"ListItem\",\"position\":1,\"name\":\"Home\",\"item\":\"https:\\\/\\\/libreriadelmare.it\\\/en\\\/\"},{\"@type\":\"ListItem\",\"position\":2,\"name\":\"Shop\",\"item\":\"https:\\\/\\\/libreriadelmare.it\\\/en\\\/shop\\\/\"},{\"@type\":\"ListItem\",\"position\":3,\"name\":\"trimarani da regata e da crociera\"}]},{\"@type\":\"WebSite\",\"@id\":\"https:\\\/\\\/libreriadelmare.it\\\/en\\\/#website\",\"url\":\"https:\\\/\\\/libreriadelmare.it\\\/en\\\/\",\"name\":\"Libreria del Mare - Milano\",\"description\":\"\",\"publisher\":{\"@id\":\"https:\\\/\\\/libreriadelmare.it\\\/en\\\/#organization\"},\"potentialAction\":[{\"@type\":\"SearchAction\",\"target\":{\"@type\":\"EntryPoint\",\"urlTemplate\":\"https:\\\/\\\/libreriadelmare.it\\\/en\\\/?s={search_term_string}\"},\"query-input\":{\"@type\":\"PropertyValueSpecification\",\"valueRequired\":true,\"valueName\":\"search_term_string\"}}],\"inLanguage\":\"en-US\"},{\"@type\":\"Organization\",\"@id\":\"https:\\\/\\\/libreriadelmare.it\\\/en\\\/#organization\",\"name\":\"Libreria del Mare - Milano\",\"url\":\"https:\\\/\\\/libreriadelmare.it\\\/en\\\/\",\"logo\":{\"@type\":\"ImageObject\",\"inLanguage\":\"en-US\",\"@id\":\"https:\\\/\\\/libreriadelmare.it\\\/en\\\/#\\\/schema\\\/logo\\\/image\\\/\",\"url\":\"https:\\\/\\\/libreriadelmare.it\\\/wp-content\\\/uploads\\\/2018\\\/07\\\/logo-blu.png\",\"contentUrl\":\"https:\\\/\\\/libreriadelmare.it\\\/wp-content\\\/uploads\\\/2018\\\/07\\\/logo-blu.png\",\"width\":600,\"height\":162,\"caption\":\"Libreria del Mare - Milano\"},\"image\":{\"@id\":\"https:\\\/\\\/libreriadelmare.it\\\/en\\\/#\\\/schema\\\/logo\\\/image\\\/\"},\"sameAs\":[\"https:\\\/\\\/www.facebook.com\\\/libreriadelmare\",\"https:\\\/\\\/www.instagram.com\\\/libreriadelmare\\\/\"],\"hasMerchantReturnPolicy\":{\"@type\":\"MerchantReturnPolicy\",\"merchantReturnLink\":\"https:\\\/\\\/libreriadelmare.it\\\/diritto-di-recesso\\\/\"}}]}<\/script>\n<meta property=\"product:price:amount\" content=\"20.00\" \/>\n<meta property=\"product:price:currency\" content=\"EUR\" \/>\n<meta property=\"og:availability\" content=\"backorder\" \/>\n<meta property=\"product:availability\" content=\"available for order\" \/>\n<meta property=\"product:retailer_item_id\" content=\"9788842587125\" \/>\n<meta property=\"product:condition\" content=\"new\" \/>\n<!-- \/ Yoast SEO Premium plugin. -->","yoast_head_json":{"title":"trimarani da regata e da crociera - Libreria del Mare","robots":{"index":"index","follow":"follow","max-snippet":"max-snippet:-1","max-image-preview":"max-image-preview:large","max-video-preview":"max-video-preview:-1"},"canonical":"https:\/\/libreriadelmare.it\/en\/shop\/trimarani-da-regata-e-da-crociera-harris-r-b-9788842587125\/","og_locale":"en_US","og_type":"article","og_title":"trimarani da regata e da crociera","og_description":"Author: harris r.b.Publisher: Ugo Mursia EditoreISBN: 9788842587125","og_url":"https:\/\/libreriadelmare.it\/en\/shop\/trimarani-da-regata-e-da-crociera-harris-r-b-9788842587125\/","og_site_name":"Libreria del Mare","article_publisher":"https:\/\/www.facebook.com\/libreriadelmare","article_modified_time":"2026-04-18T00:23:45+00:00","og_image":[{"width":396,"height":602,"url":"https:\/\/libreriadelmare.it\/wp-content\/uploads\/trimaranidaregataedacrociera-harris.jpg","type":"image\/jpeg"}],"twitter_card":"summary_large_image","twitter_misc":{"Price":"&euro;20,00","Availability":"On backorder"},"schema":{"@context":"https:\/\/schema.org","@graph":[{"@type":"WebPage","@id":"https:\/\/libreriadelmare.it\/en\/shop\/trimarani-da-regata-e-da-crociera-harris-r-b-9788842587125\/","url":"https:\/\/libreriadelmare.it\/en\/shop\/trimarani-da-regata-e-da-crociera-harris-r-b-9788842587125\/","name":"trimarani da regata e da crociera - Libreria del Mare","isPartOf":{"@id":"https:\/\/libreriadelmare.it\/en\/#website"},"primaryImageOfPage":{"@id":"https:\/\/libreriadelmare.it\/en\/shop\/trimarani-da-regata-e-da-crociera-harris-r-b-9788842587125\/#primaryimage"},"image":{"@id":"https:\/\/libreriadelmare.it\/en\/shop\/trimarani-da-regata-e-da-crociera-harris-r-b-9788842587125\/#primaryimage"},"thumbnailUrl":"https:\/\/libreriadelmare.it\/wp-content\/uploads\/trimaranidaregataedacrociera-harris.jpg","datePublished":"2019-02-03T18:35:44+00:00","dateModified":"2026-04-18T00:23:45+00:00","breadcrumb":{"@id":"https:\/\/libreriadelmare.it\/en\/shop\/trimarani-da-regata-e-da-crociera-harris-r-b-9788842587125\/#breadcrumb"},"inLanguage":"en-US","potentialAction":[{"@type":"ReadAction","target":["https:\/\/libreriadelmare.it\/en\/shop\/trimarani-da-regata-e-da-crociera-harris-r-b-9788842587125\/"]}]},{"@type":"ImageObject","inLanguage":"en-US","@id":"https:\/\/libreriadelmare.it\/en\/shop\/trimarani-da-regata-e-da-crociera-harris-r-b-9788842587125\/#primaryimage","url":"https:\/\/libreriadelmare.it\/wp-content\/uploads\/trimaranidaregataedacrociera-harris.jpg","contentUrl":"https:\/\/libreriadelmare.it\/wp-content\/uploads\/trimaranidaregataedacrociera-harris.jpg","width":396,"height":602},{"@type":"BreadcrumbList","@id":"https:\/\/libreriadelmare.it\/en\/shop\/trimarani-da-regata-e-da-crociera-harris-r-b-9788842587125\/#breadcrumb","itemListElement":[{"@type":"ListItem","position":1,"name":"Home","item":"https:\/\/libreriadelmare.it\/en\/"},{"@type":"ListItem","position":2,"name":"Shop","item":"https:\/\/libreriadelmare.it\/en\/shop\/"},{"@type":"ListItem","position":3,"name":"trimarani da regata e da crociera"}]},{"@type":"WebSite","@id":"https:\/\/libreriadelmare.it\/en\/#website","url":"https:\/\/libreriadelmare.it\/en\/","name":"Libreria del Mare - Milano","description":"","publisher":{"@id":"https:\/\/libreriadelmare.it\/en\/#organization"},"potentialAction":[{"@type":"SearchAction","target":{"@type":"EntryPoint","urlTemplate":"https:\/\/libreriadelmare.it\/en\/?s={search_term_string}"},"query-input":{"@type":"PropertyValueSpecification","valueRequired":true,"valueName":"search_term_string"}}],"inLanguage":"en-US"},{"@type":"Organization","@id":"https:\/\/libreriadelmare.it\/en\/#organization","name":"Libreria del Mare - Milano","url":"https:\/\/libreriadelmare.it\/en\/","logo":{"@type":"ImageObject","inLanguage":"en-US","@id":"https:\/\/libreriadelmare.it\/en\/#\/schema\/logo\/image\/","url":"https:\/\/libreriadelmare.it\/wp-content\/uploads\/2018\/07\/logo-blu.png","contentUrl":"https:\/\/libreriadelmare.it\/wp-content\/uploads\/2018\/07\/logo-blu.png","width":600,"height":162,"caption":"Libreria del Mare - Milano"},"image":{"@id":"https:\/\/libreriadelmare.it\/en\/#\/schema\/logo\/image\/"},"sameAs":["https:\/\/www.facebook.com\/libreriadelmare","https:\/\/www.instagram.com\/libreriadelmare\/"],"hasMerchantReturnPolicy":{"@type":"MerchantReturnPolicy","merchantReturnLink":"https:\/\/libreriadelmare.it\/diritto-di-recesso\/"}}]},"product_price_amount":"20.00","product_price_currency":"EUR","og_availability":"backorder","product_availability":"available for order","product_retailer_item_id":"9788842587125","product_condition":"new"},"df_price":20,"df_sale_price":"","df_regular_price":20,"df_image_link":"https:\/\/libreriadelmare.it\/wp-content\/uploads\/trimaranidaregataedacrociera-harris-197x300.jpg","_links":{"self":[{"href":"https:\/\/libreriadelmare.it\/en\/wp-json\/wp\/v2\/product\/90667","targetHints":{"allow":["GET"]}}],"collection":[{"href":"https:\/\/libreriadelmare.it\/en\/wp-json\/wp\/v2\/product"}],"about":[{"href":"https:\/\/libreriadelmare.it\/en\/wp-json\/wp\/v2\/types\/product"}],"replies":[{"embeddable":true,"href":"https:\/\/libreriadelmare.it\/en\/wp-json\/wp\/v2\/comments?post=90667"}],"wp:featuredmedia":[{"embeddable":true,"href":"https:\/\/libreriadelmare.it\/en\/wp-json\/wp\/v2\/media\/90668"}],"wp:attachment":[{"href":"https:\/\/libreriadelmare.it\/en\/wp-json\/wp\/v2\/media?parent=90667"}],"wp:term":[{"taxonomy":"product_brand","embeddable":true,"href":"https:\/\/libreriadelmare.it\/en\/wp-json\/wp\/v2\/product_brand?post=90667"},{"taxonomy":"product_cat","embeddable":true,"href":"https:\/\/libreriadelmare.it\/en\/wp-json\/wp\/v2\/product_cat?post=90667"},{"taxonomy":"product_tag","embeddable":true,"href":"https:\/\/libreriadelmare.it\/en\/wp-json\/wp\/v2\/product_tag?post=90667"}],"curies":[{"name":"wp","href":"https:\/\/api.w.org\/{rel}","templated":true}]}}