{"id":90542,"date":"2019-02-03T19:36:40","date_gmt":"2019-02-03T18:36:40","guid":{"rendered":"https:\/\/libreriadelmare.it\/negozio\/uncategorized\/50-anni-di-fireball-aa-vv-23723161448063\/"},"modified":"2026-04-25T02:22:30","modified_gmt":"2026-04-25T00:22:30","slug":"50-anni-di-fireball-aa-vv-23723161448063","status":"publish","type":"product","link":"https:\/\/libreriadelmare.it\/en\/shop\/50-anni-di-fireball-aa-vv-23723161448063\/","title":{"rendered":"50 anni di fireball"},"content":{"rendered":"<p>Presentato nel lontano 1963, iI Fireball si \u00e8 imposto subito per le sue caratteristiche accattivanti: iI design insolito fece breccia nel cuore degli appassionati, ma furono le prestazioni in acqua a renderlo celebre in poco tempo.&nbsp;A distanza di oltre mezzo secolo, questa deriva a trapezio con equipaggio di due persone, esprime ancora la stessa carica innovativa con cui \u00e8 stato concepito, esaltando ci\u00f2 che contraddistingue la vela contemporanea. In questo libro raccontiamo la storia, di sport e passione, del Fireball in Italia. L&#8217;idea \u00e8 nata molti anni fa, subito dopo aver conosciuto\u00b7 uno dei &#8220;profeti&#8221; che avevano contribuito a &#8220;scriverla&#8221; e farla giungere fino a noi. Con iI tempo, poi, si \u00e8 sviluppata la consapevolezza che farlo fosse divenuto addirittura indispensabile, per rendere pi\u00f9 efficace I&#8217;impegno per la promozione della Classe che in molti stavamo profondendo. Infatti, al di l\u00e0 delle indubitabili doti di eccellenza tecnica e di performance del Fireball, tali caratteristiche non risultano di per se stesse sufficienti a garantirne I&#8217;automatica prosecuzione nel futuro. \u00c8 importante far conoscere la barca, farla provare, ma \u00e8 altrettanto fondamentale chiarire che andare sui Fireball significa entrare a far parte di una storia incredibile, sviluppata anche fuori dai canali ufficiali, un poco visionaria e ribelle e per nulla patinata. Una storia che, se non raccontata, finirebbe per non esistere pi\u00f9.<\/p>\n<p>Edizione: 2017<\/p>\n","protected":false},"excerpt":{"rendered":"<p class=\"autore\"><span>Author: <\/span>aa.vv.<\/p>\n<p class=\"editore\"><span>Publisher: <\/span>associazione italiana fireball<\/p>\n<p class=\"isbn\"><span>ISBN: <\/span>23723161448063<\/p>\n","protected":false},"featured_media":90543,"comment_status":"open","ping_status":"closed","template":"","meta":[],"product_brand":[],"product_cat":[2576],"product_tag":[],"class_list":{"0":"post-90542","1":"product","2":"type-product","3":"status-publish","4":"has-post-thumbnail","6":"product_cat-books-navigation-illustrated-books","8":"first","9":"onbackorder","10":"taxable","11":"shipping-taxable","12":"purchasable","13":"product-type-simple"},"yoast_head":"<!-- This site is optimized with the Yoast SEO Premium plugin v27.1 (Yoast SEO v27.5) - https:\/\/yoast.com\/product\/yoast-seo-premium-wordpress\/ -->\n<title>50 anni di fireball - Libreria del Mare<\/title>\n<meta name=\"robots\" content=\"index, follow, max-snippet:-1, max-image-preview:large, max-video-preview:-1\" \/>\n<link rel=\"canonical\" href=\"https:\/\/libreriadelmare.it\/en\/shop\/50-anni-di-fireball-aa-vv-23723161448063\/\" \/>\n<meta property=\"og:locale\" content=\"en_US\" \/>\n<meta property=\"og:type\" content=\"article\" \/>\n<meta property=\"og:title\" content=\"50 anni di fireball\" \/>\n<meta property=\"og:description\" content=\"Author: aa.vv.Publisher: associazione italiana fireballISBN: 23723161448063\" \/>\n<meta property=\"og:url\" content=\"https:\/\/libreriadelmare.it\/en\/shop\/50-anni-di-fireball-aa-vv-23723161448063\/\" \/>\n<meta property=\"og:site_name\" content=\"Libreria del Mare\" \/>\n<meta property=\"article:publisher\" content=\"https:\/\/www.facebook.com\/libreriadelmare\" \/>\n<meta property=\"article:modified_time\" content=\"2026-04-25T00:22:30+00:00\" \/>\n<meta property=\"og:image\" content=\"https:\/\/libreriadelmare.it\/wp-content\/uploads\/50annidifireball-associazioneitalianafireball.jpg\" \/>\n\t<meta property=\"og:image:width\" content=\"300\" \/>\n\t<meta property=\"og:image:height\" content=\"300\" \/>\n\t<meta property=\"og:image:type\" content=\"image\/jpeg\" \/>\n<meta name=\"twitter:card\" content=\"summary_large_image\" \/>\n<meta name=\"twitter:label1\" content=\"Price\" \/>\n\t<meta name=\"twitter:data1\" content=\"&euro;60,00\" \/>\n\t<meta name=\"twitter:label2\" content=\"Availability\" \/>\n\t<meta name=\"twitter:data2\" content=\"On backorder\" \/>\n<script type=\"application\/ld+json\" class=\"yoast-schema-graph\">{\"@context\":\"https:\\\/\\\/schema.org\",\"@graph\":[{\"@type\":\"WebPage\",\"@id\":\"https:\\\/\\\/libreriadelmare.it\\\/en\\\/shop\\\/50-anni-di-fireball-aa-vv-23723161448063\\\/\",\"url\":\"https:\\\/\\\/libreriadelmare.it\\\/en\\\/shop\\\/50-anni-di-fireball-aa-vv-23723161448063\\\/\",\"name\":\"50 anni di fireball - Libreria del Mare\",\"isPartOf\":{\"@id\":\"https:\\\/\\\/libreriadelmare.it\\\/en\\\/#website\"},\"primaryImageOfPage\":{\"@id\":\"https:\\\/\\\/libreriadelmare.it\\\/en\\\/shop\\\/50-anni-di-fireball-aa-vv-23723161448063\\\/#primaryimage\"},\"image\":{\"@id\":\"https:\\\/\\\/libreriadelmare.it\\\/en\\\/shop\\\/50-anni-di-fireball-aa-vv-23723161448063\\\/#primaryimage\"},\"thumbnailUrl\":\"https:\\\/\\\/libreriadelmare.it\\\/wp-content\\\/uploads\\\/50annidifireball-associazioneitalianafireball.jpg\",\"datePublished\":\"2019-02-03T18:36:40+00:00\",\"dateModified\":\"2026-04-25T00:22:30+00:00\",\"breadcrumb\":{\"@id\":\"https:\\\/\\\/libreriadelmare.it\\\/en\\\/shop\\\/50-anni-di-fireball-aa-vv-23723161448063\\\/#breadcrumb\"},\"inLanguage\":\"en-US\",\"potentialAction\":[{\"@type\":\"ReadAction\",\"target\":[\"https:\\\/\\\/libreriadelmare.it\\\/en\\\/shop\\\/50-anni-di-fireball-aa-vv-23723161448063\\\/\"]}]},{\"@type\":\"ImageObject\",\"inLanguage\":\"en-US\",\"@id\":\"https:\\\/\\\/libreriadelmare.it\\\/en\\\/shop\\\/50-anni-di-fireball-aa-vv-23723161448063\\\/#primaryimage\",\"url\":\"https:\\\/\\\/libreriadelmare.it\\\/wp-content\\\/uploads\\\/50annidifireball-associazioneitalianafireball.jpg\",\"contentUrl\":\"https:\\\/\\\/libreriadelmare.it\\\/wp-content\\\/uploads\\\/50annidifireball-associazioneitalianafireball.jpg\",\"width\":300,\"height\":300,\"caption\":\"EPSON MFP image\"},{\"@type\":\"BreadcrumbList\",\"@id\":\"https:\\\/\\\/libreriadelmare.it\\\/en\\\/shop\\\/50-anni-di-fireball-aa-vv-23723161448063\\\/#breadcrumb\",\"itemListElement\":[{\"@type\":\"ListItem\",\"position\":1,\"name\":\"Home\",\"item\":\"https:\\\/\\\/libreriadelmare.it\\\/en\\\/\"},{\"@type\":\"ListItem\",\"position\":2,\"name\":\"Shop\",\"item\":\"https:\\\/\\\/libreriadelmare.it\\\/en\\\/shop\\\/\"},{\"@type\":\"ListItem\",\"position\":3,\"name\":\"50 anni di fireball\"}]},{\"@type\":\"WebSite\",\"@id\":\"https:\\\/\\\/libreriadelmare.it\\\/en\\\/#website\",\"url\":\"https:\\\/\\\/libreriadelmare.it\\\/en\\\/\",\"name\":\"Libreria del Mare - Milano\",\"description\":\"\",\"publisher\":{\"@id\":\"https:\\\/\\\/libreriadelmare.it\\\/en\\\/#organization\"},\"potentialAction\":[{\"@type\":\"SearchAction\",\"target\":{\"@type\":\"EntryPoint\",\"urlTemplate\":\"https:\\\/\\\/libreriadelmare.it\\\/en\\\/?s={search_term_string}\"},\"query-input\":{\"@type\":\"PropertyValueSpecification\",\"valueRequired\":true,\"valueName\":\"search_term_string\"}}],\"inLanguage\":\"en-US\"},{\"@type\":\"Organization\",\"@id\":\"https:\\\/\\\/libreriadelmare.it\\\/en\\\/#organization\",\"name\":\"Libreria del Mare - Milano\",\"url\":\"https:\\\/\\\/libreriadelmare.it\\\/en\\\/\",\"logo\":{\"@type\":\"ImageObject\",\"inLanguage\":\"en-US\",\"@id\":\"https:\\\/\\\/libreriadelmare.it\\\/en\\\/#\\\/schema\\\/logo\\\/image\\\/\",\"url\":\"https:\\\/\\\/libreriadelmare.it\\\/wp-content\\\/uploads\\\/2018\\\/07\\\/logo-blu.png\",\"contentUrl\":\"https:\\\/\\\/libreriadelmare.it\\\/wp-content\\\/uploads\\\/2018\\\/07\\\/logo-blu.png\",\"width\":600,\"height\":162,\"caption\":\"Libreria del Mare - Milano\"},\"image\":{\"@id\":\"https:\\\/\\\/libreriadelmare.it\\\/en\\\/#\\\/schema\\\/logo\\\/image\\\/\"},\"sameAs\":[\"https:\\\/\\\/www.facebook.com\\\/libreriadelmare\",\"https:\\\/\\\/www.instagram.com\\\/libreriadelmare\\\/\"],\"hasMerchantReturnPolicy\":{\"@type\":\"MerchantReturnPolicy\",\"merchantReturnLink\":\"https:\\\/\\\/libreriadelmare.it\\\/diritto-di-recesso\\\/\"}}]}<\/script>\n<meta property=\"product:price:amount\" content=\"60.00\" \/>\n<meta property=\"product:price:currency\" content=\"EUR\" \/>\n<meta property=\"og:availability\" content=\"backorder\" \/>\n<meta property=\"product:availability\" content=\"available for order\" \/>\n<meta property=\"product:retailer_item_id\" content=\"23723161448063\" \/>\n<meta property=\"product:condition\" content=\"new\" \/>\n<!-- \/ Yoast SEO Premium plugin. -->","yoast_head_json":{"title":"50 anni di fireball - Libreria del Mare","robots":{"index":"index","follow":"follow","max-snippet":"max-snippet:-1","max-image-preview":"max-image-preview:large","max-video-preview":"max-video-preview:-1"},"canonical":"https:\/\/libreriadelmare.it\/en\/shop\/50-anni-di-fireball-aa-vv-23723161448063\/","og_locale":"en_US","og_type":"article","og_title":"50 anni di fireball","og_description":"Author: aa.vv.Publisher: associazione italiana fireballISBN: 23723161448063","og_url":"https:\/\/libreriadelmare.it\/en\/shop\/50-anni-di-fireball-aa-vv-23723161448063\/","og_site_name":"Libreria del Mare","article_publisher":"https:\/\/www.facebook.com\/libreriadelmare","article_modified_time":"2026-04-25T00:22:30+00:00","og_image":[{"width":300,"height":300,"url":"https:\/\/libreriadelmare.it\/wp-content\/uploads\/50annidifireball-associazioneitalianafireball.jpg","type":"image\/jpeg"}],"twitter_card":"summary_large_image","twitter_misc":{"Price":"&euro;60,00","Availability":"On backorder"},"schema":{"@context":"https:\/\/schema.org","@graph":[{"@type":"WebPage","@id":"https:\/\/libreriadelmare.it\/en\/shop\/50-anni-di-fireball-aa-vv-23723161448063\/","url":"https:\/\/libreriadelmare.it\/en\/shop\/50-anni-di-fireball-aa-vv-23723161448063\/","name":"50 anni di fireball - Libreria del Mare","isPartOf":{"@id":"https:\/\/libreriadelmare.it\/en\/#website"},"primaryImageOfPage":{"@id":"https:\/\/libreriadelmare.it\/en\/shop\/50-anni-di-fireball-aa-vv-23723161448063\/#primaryimage"},"image":{"@id":"https:\/\/libreriadelmare.it\/en\/shop\/50-anni-di-fireball-aa-vv-23723161448063\/#primaryimage"},"thumbnailUrl":"https:\/\/libreriadelmare.it\/wp-content\/uploads\/50annidifireball-associazioneitalianafireball.jpg","datePublished":"2019-02-03T18:36:40+00:00","dateModified":"2026-04-25T00:22:30+00:00","breadcrumb":{"@id":"https:\/\/libreriadelmare.it\/en\/shop\/50-anni-di-fireball-aa-vv-23723161448063\/#breadcrumb"},"inLanguage":"en-US","potentialAction":[{"@type":"ReadAction","target":["https:\/\/libreriadelmare.it\/en\/shop\/50-anni-di-fireball-aa-vv-23723161448063\/"]}]},{"@type":"ImageObject","inLanguage":"en-US","@id":"https:\/\/libreriadelmare.it\/en\/shop\/50-anni-di-fireball-aa-vv-23723161448063\/#primaryimage","url":"https:\/\/libreriadelmare.it\/wp-content\/uploads\/50annidifireball-associazioneitalianafireball.jpg","contentUrl":"https:\/\/libreriadelmare.it\/wp-content\/uploads\/50annidifireball-associazioneitalianafireball.jpg","width":300,"height":300,"caption":"EPSON MFP image"},{"@type":"BreadcrumbList","@id":"https:\/\/libreriadelmare.it\/en\/shop\/50-anni-di-fireball-aa-vv-23723161448063\/#breadcrumb","itemListElement":[{"@type":"ListItem","position":1,"name":"Home","item":"https:\/\/libreriadelmare.it\/en\/"},{"@type":"ListItem","position":2,"name":"Shop","item":"https:\/\/libreriadelmare.it\/en\/shop\/"},{"@type":"ListItem","position":3,"name":"50 anni di fireball"}]},{"@type":"WebSite","@id":"https:\/\/libreriadelmare.it\/en\/#website","url":"https:\/\/libreriadelmare.it\/en\/","name":"Libreria del Mare - Milano","description":"","publisher":{"@id":"https:\/\/libreriadelmare.it\/en\/#organization"},"potentialAction":[{"@type":"SearchAction","target":{"@type":"EntryPoint","urlTemplate":"https:\/\/libreriadelmare.it\/en\/?s={search_term_string}"},"query-input":{"@type":"PropertyValueSpecification","valueRequired":true,"valueName":"search_term_string"}}],"inLanguage":"en-US"},{"@type":"Organization","@id":"https:\/\/libreriadelmare.it\/en\/#organization","name":"Libreria del Mare - Milano","url":"https:\/\/libreriadelmare.it\/en\/","logo":{"@type":"ImageObject","inLanguage":"en-US","@id":"https:\/\/libreriadelmare.it\/en\/#\/schema\/logo\/image\/","url":"https:\/\/libreriadelmare.it\/wp-content\/uploads\/2018\/07\/logo-blu.png","contentUrl":"https:\/\/libreriadelmare.it\/wp-content\/uploads\/2018\/07\/logo-blu.png","width":600,"height":162,"caption":"Libreria del Mare - Milano"},"image":{"@id":"https:\/\/libreriadelmare.it\/en\/#\/schema\/logo\/image\/"},"sameAs":["https:\/\/www.facebook.com\/libreriadelmare","https:\/\/www.instagram.com\/libreriadelmare\/"],"hasMerchantReturnPolicy":{"@type":"MerchantReturnPolicy","merchantReturnLink":"https:\/\/libreriadelmare.it\/diritto-di-recesso\/"}}]},"product_price_amount":"60.00","product_price_currency":"EUR","og_availability":"backorder","product_availability":"available for order","product_retailer_item_id":"23723161448063","product_condition":"new"},"df_price":60,"df_sale_price":"","df_regular_price":60,"df_image_link":"https:\/\/libreriadelmare.it\/wp-content\/uploads\/50annidifireball-associazioneitalianafireball.jpg","_links":{"self":[{"href":"https:\/\/libreriadelmare.it\/en\/wp-json\/wp\/v2\/product\/90542","targetHints":{"allow":["GET"]}}],"collection":[{"href":"https:\/\/libreriadelmare.it\/en\/wp-json\/wp\/v2\/product"}],"about":[{"href":"https:\/\/libreriadelmare.it\/en\/wp-json\/wp\/v2\/types\/product"}],"replies":[{"embeddable":true,"href":"https:\/\/libreriadelmare.it\/en\/wp-json\/wp\/v2\/comments?post=90542"}],"wp:featuredmedia":[{"embeddable":true,"href":"https:\/\/libreriadelmare.it\/en\/wp-json\/wp\/v2\/media\/90543"}],"wp:attachment":[{"href":"https:\/\/libreriadelmare.it\/en\/wp-json\/wp\/v2\/media?parent=90542"}],"wp:term":[{"taxonomy":"product_brand","embeddable":true,"href":"https:\/\/libreriadelmare.it\/en\/wp-json\/wp\/v2\/product_brand?post=90542"},{"taxonomy":"product_cat","embeddable":true,"href":"https:\/\/libreriadelmare.it\/en\/wp-json\/wp\/v2\/product_cat?post=90542"},{"taxonomy":"product_tag","embeddable":true,"href":"https:\/\/libreriadelmare.it\/en\/wp-json\/wp\/v2\/product_tag?post=90542"}],"curies":[{"name":"wp","href":"https:\/\/api.w.org\/{rel}","templated":true}]}}