{"id":90514,"date":"2019-02-03T19:36:45","date_gmt":"2019-02-03T18:36:45","guid":{"rendered":"https:\/\/libreriadelmare.it\/negozio\/uncategorized\/tout-savoir-sur-le-pilotage-automatique-forthmann-p-c-9782914423212\/"},"modified":"2026-04-18T02:21:53","modified_gmt":"2026-04-18T00:21:53","slug":"tout-savoir-sur-le-pilotage-automatique-forthmann-p-c-9782914423212","status":"publish","type":"product","link":"https:\/\/libreriadelmare.it\/en\/shop\/tout-savoir-sur-le-pilotage-automatique-forthmann-p-c-9782914423212\/","title":{"rendered":"tout savoir sur le pilotage automatique"},"content":{"rendered":"<p>Si vous pensez \u00e9quiper votre bateau d&#8217;un pilote automatique ou d&#8217;un r\u00e9gulateur d&#8217;allure et que vous ne savez pas quel syst\u00e8me choisir, alors ce livre vous concerne. Peter F\u00f6rthmann, expert depuis longtemps sur ce sujet, d\u00e9crit les diff\u00e9rences entre les pilotes automatiques pour barre franche, pour barre \u00e0 roue et inbord et les douze types de r\u00e9gulateurs d&#8217;allure disponibles sur le march\u00e9. Enfin, il consid\u00e8re les diff\u00e9rentes applications en fonction des types de bateaux et de l&#8217;\u00e9tat de la mer. Quels sont les pilotes automatiques les plus adapt\u00e9s \u00e0 la r\u00e9gate ou \u00e0 la croisi\u00e8re? Quelles sont leurs limites en termes d&#8217;\u00e9tat de la mer et de consommation \u00e9lectrique? Comment piloter automatiquement un catamaran en \u00e9vitant les probl\u00e8mes de consommation \u00e9lectrique? Pourquoi le r\u00e9glage des voiles est-il si important pour un bon pilotage automatique? On trouve la r\u00e9ponse \u00e0 toutes ces questions et \u00e0 beaucoup d&#8217;autres dans ce livre tr\u00e8s complet, qui aboutit \u00e0 une comparaison de toutes les options disponibles et une liste de pratiquement tous les fabricants de syst\u00e8mes de pilotage automatique partout dans le monde.<\/p>\n<p>Edition: 2000<\/p>\n","protected":false},"excerpt":{"rendered":"<p class=\"sottotitolo\"><span>Subtitle: <\/span>pilote electrique &#8211; regulateur d&#8217;allure &#8211; installation &#8211; utilisation &#8211; techniques de base<\/p>\n<p class=\"autore\"><span>Author: <\/span>forthmann p.c.<\/p>\n<p class=\"editore\"><span>Publisher: <\/span>plaisancier<\/p>\n<p class=\"isbn\"><span>ISBN: <\/span>9782914423212<\/p>\n","protected":false},"featured_media":90515,"comment_status":"open","ping_status":"closed","template":"","meta":[],"product_brand":[],"product_cat":[2565],"product_tag":[],"class_list":{"0":"post-90514","1":"product","2":"type-product","3":"status-publish","4":"has-post-thumbnail","6":"product_cat-books-navigation-boat-and-systems-maintenance","8":"first","9":"instock","10":"sale","11":"taxable","12":"shipping-taxable","13":"purchasable","14":"product-type-simple"},"yoast_head":"<!-- This site is optimized with the Yoast SEO Premium plugin v27.1 (Yoast SEO v27.4) - https:\/\/yoast.com\/product\/yoast-seo-premium-wordpress\/ -->\n<title>tout savoir sur le pilotage automatique - Libreria del Mare<\/title>\n<meta name=\"robots\" content=\"index, follow, max-snippet:-1, max-image-preview:large, max-video-preview:-1\" \/>\n<link rel=\"canonical\" href=\"https:\/\/libreriadelmare.it\/en\/shop\/tout-savoir-sur-le-pilotage-automatique-forthmann-p-c-9782914423212\/\" \/>\n<meta property=\"og:locale\" content=\"en_US\" \/>\n<meta property=\"og:type\" content=\"article\" \/>\n<meta property=\"og:title\" content=\"tout savoir sur le pilotage automatique\" \/>\n<meta property=\"og:description\" content=\"Subtitle: pilote electrique - regulateur d&#039;allure - installation - utilisation - techniques de baseAuthor: forthmann p.c.Publisher: plaisancierISBN: 9782914423212\" \/>\n<meta property=\"og:url\" content=\"https:\/\/libreriadelmare.it\/en\/shop\/tout-savoir-sur-le-pilotage-automatique-forthmann-p-c-9782914423212\/\" \/>\n<meta property=\"og:site_name\" content=\"Libreria del Mare\" \/>\n<meta property=\"article:publisher\" content=\"https:\/\/www.facebook.com\/libreriadelmare\" \/>\n<meta property=\"article:modified_time\" content=\"2026-04-18T00:21:53+00:00\" \/>\n<meta property=\"og:image\" content=\"https:\/\/libreriadelmare.it\/wp-content\/uploads\/toutsavoirsurlepilotageautomatique-forthmann.jpg\" \/>\n\t<meta property=\"og:image:width\" content=\"340\" \/>\n\t<meta property=\"og:image:height\" content=\"500\" \/>\n\t<meta property=\"og:image:type\" content=\"image\/jpeg\" \/>\n<meta name=\"twitter:card\" content=\"summary_large_image\" \/>\n<meta name=\"twitter:label1\" content=\"Price\" \/>\n\t<meta name=\"twitter:data1\" content=\"&euro;32,00\" \/>\n\t<meta name=\"twitter:label2\" content=\"Availability\" \/>\n\t<meta name=\"twitter:data2\" content=\"In stock\" \/>\n<script type=\"application\/ld+json\" class=\"yoast-schema-graph\">{\"@context\":\"https:\\\/\\\/schema.org\",\"@graph\":[{\"@type\":\"WebPage\",\"@id\":\"https:\\\/\\\/libreriadelmare.it\\\/en\\\/shop\\\/tout-savoir-sur-le-pilotage-automatique-forthmann-p-c-9782914423212\\\/\",\"url\":\"https:\\\/\\\/libreriadelmare.it\\\/en\\\/shop\\\/tout-savoir-sur-le-pilotage-automatique-forthmann-p-c-9782914423212\\\/\",\"name\":\"tout savoir sur le pilotage automatique - Libreria del Mare\",\"isPartOf\":{\"@id\":\"https:\\\/\\\/libreriadelmare.it\\\/en\\\/#website\"},\"primaryImageOfPage\":{\"@id\":\"https:\\\/\\\/libreriadelmare.it\\\/en\\\/shop\\\/tout-savoir-sur-le-pilotage-automatique-forthmann-p-c-9782914423212\\\/#primaryimage\"},\"image\":{\"@id\":\"https:\\\/\\\/libreriadelmare.it\\\/en\\\/shop\\\/tout-savoir-sur-le-pilotage-automatique-forthmann-p-c-9782914423212\\\/#primaryimage\"},\"thumbnailUrl\":\"https:\\\/\\\/libreriadelmare.it\\\/wp-content\\\/uploads\\\/toutsavoirsurlepilotageautomatique-forthmann.jpg\",\"datePublished\":\"2019-02-03T18:36:45+00:00\",\"dateModified\":\"2026-04-18T00:21:53+00:00\",\"breadcrumb\":{\"@id\":\"https:\\\/\\\/libreriadelmare.it\\\/en\\\/shop\\\/tout-savoir-sur-le-pilotage-automatique-forthmann-p-c-9782914423212\\\/#breadcrumb\"},\"inLanguage\":\"en-US\",\"potentialAction\":[{\"@type\":\"ReadAction\",\"target\":[\"https:\\\/\\\/libreriadelmare.it\\\/en\\\/shop\\\/tout-savoir-sur-le-pilotage-automatique-forthmann-p-c-9782914423212\\\/\"]}]},{\"@type\":\"ImageObject\",\"inLanguage\":\"en-US\",\"@id\":\"https:\\\/\\\/libreriadelmare.it\\\/en\\\/shop\\\/tout-savoir-sur-le-pilotage-automatique-forthmann-p-c-9782914423212\\\/#primaryimage\",\"url\":\"https:\\\/\\\/libreriadelmare.it\\\/wp-content\\\/uploads\\\/toutsavoirsurlepilotageautomatique-forthmann.jpg\",\"contentUrl\":\"https:\\\/\\\/libreriadelmare.it\\\/wp-content\\\/uploads\\\/toutsavoirsurlepilotageautomatique-forthmann.jpg\",\"width\":340,\"height\":500},{\"@type\":\"BreadcrumbList\",\"@id\":\"https:\\\/\\\/libreriadelmare.it\\\/en\\\/shop\\\/tout-savoir-sur-le-pilotage-automatique-forthmann-p-c-9782914423212\\\/#breadcrumb\",\"itemListElement\":[{\"@type\":\"ListItem\",\"position\":1,\"name\":\"Home\",\"item\":\"https:\\\/\\\/libreriadelmare.it\\\/en\\\/\"},{\"@type\":\"ListItem\",\"position\":2,\"name\":\"Shop\",\"item\":\"https:\\\/\\\/libreriadelmare.it\\\/en\\\/shop\\\/\"},{\"@type\":\"ListItem\",\"position\":3,\"name\":\"tout savoir sur le pilotage automatique\"}]},{\"@type\":\"WebSite\",\"@id\":\"https:\\\/\\\/libreriadelmare.it\\\/en\\\/#website\",\"url\":\"https:\\\/\\\/libreriadelmare.it\\\/en\\\/\",\"name\":\"Libreria del Mare - Milano\",\"description\":\"\",\"publisher\":{\"@id\":\"https:\\\/\\\/libreriadelmare.it\\\/en\\\/#organization\"},\"potentialAction\":[{\"@type\":\"SearchAction\",\"target\":{\"@type\":\"EntryPoint\",\"urlTemplate\":\"https:\\\/\\\/libreriadelmare.it\\\/en\\\/?s={search_term_string}\"},\"query-input\":{\"@type\":\"PropertyValueSpecification\",\"valueRequired\":true,\"valueName\":\"search_term_string\"}}],\"inLanguage\":\"en-US\"},{\"@type\":\"Organization\",\"@id\":\"https:\\\/\\\/libreriadelmare.it\\\/en\\\/#organization\",\"name\":\"Libreria del Mare - Milano\",\"url\":\"https:\\\/\\\/libreriadelmare.it\\\/en\\\/\",\"logo\":{\"@type\":\"ImageObject\",\"inLanguage\":\"en-US\",\"@id\":\"https:\\\/\\\/libreriadelmare.it\\\/en\\\/#\\\/schema\\\/logo\\\/image\\\/\",\"url\":\"https:\\\/\\\/libreriadelmare.it\\\/wp-content\\\/uploads\\\/2018\\\/07\\\/logo-blu.png\",\"contentUrl\":\"https:\\\/\\\/libreriadelmare.it\\\/wp-content\\\/uploads\\\/2018\\\/07\\\/logo-blu.png\",\"width\":600,\"height\":162,\"caption\":\"Libreria del Mare - Milano\"},\"image\":{\"@id\":\"https:\\\/\\\/libreriadelmare.it\\\/en\\\/#\\\/schema\\\/logo\\\/image\\\/\"},\"sameAs\":[\"https:\\\/\\\/www.facebook.com\\\/libreriadelmare\",\"https:\\\/\\\/www.instagram.com\\\/libreriadelmare\\\/\"],\"hasMerchantReturnPolicy\":{\"@type\":\"MerchantReturnPolicy\",\"merchantReturnLink\":\"https:\\\/\\\/libreriadelmare.it\\\/diritto-di-recesso\\\/\"}}]}<\/script>\n<meta property=\"product:price:amount\" content=\"32.00\" \/>\n<meta property=\"product:price:currency\" content=\"EUR\" \/>\n<meta property=\"og:availability\" content=\"instock\" \/>\n<meta property=\"product:availability\" content=\"instock\" \/>\n<meta property=\"product:retailer_item_id\" content=\"9782914423212\" \/>\n<meta property=\"product:condition\" content=\"new\" \/>\n<!-- \/ Yoast SEO Premium plugin. -->","yoast_head_json":{"title":"tout savoir sur le pilotage automatique - Libreria del Mare","robots":{"index":"index","follow":"follow","max-snippet":"max-snippet:-1","max-image-preview":"max-image-preview:large","max-video-preview":"max-video-preview:-1"},"canonical":"https:\/\/libreriadelmare.it\/en\/shop\/tout-savoir-sur-le-pilotage-automatique-forthmann-p-c-9782914423212\/","og_locale":"en_US","og_type":"article","og_title":"tout savoir sur le pilotage automatique","og_description":"Subtitle: pilote electrique - regulateur d'allure - installation - utilisation - techniques de baseAuthor: forthmann p.c.Publisher: plaisancierISBN: 9782914423212","og_url":"https:\/\/libreriadelmare.it\/en\/shop\/tout-savoir-sur-le-pilotage-automatique-forthmann-p-c-9782914423212\/","og_site_name":"Libreria del Mare","article_publisher":"https:\/\/www.facebook.com\/libreriadelmare","article_modified_time":"2026-04-18T00:21:53+00:00","og_image":[{"width":340,"height":500,"url":"https:\/\/libreriadelmare.it\/wp-content\/uploads\/toutsavoirsurlepilotageautomatique-forthmann.jpg","type":"image\/jpeg"}],"twitter_card":"summary_large_image","twitter_misc":{"Price":"&euro;32,00","Availability":"In stock"},"schema":{"@context":"https:\/\/schema.org","@graph":[{"@type":"WebPage","@id":"https:\/\/libreriadelmare.it\/en\/shop\/tout-savoir-sur-le-pilotage-automatique-forthmann-p-c-9782914423212\/","url":"https:\/\/libreriadelmare.it\/en\/shop\/tout-savoir-sur-le-pilotage-automatique-forthmann-p-c-9782914423212\/","name":"tout savoir sur le pilotage automatique - Libreria del Mare","isPartOf":{"@id":"https:\/\/libreriadelmare.it\/en\/#website"},"primaryImageOfPage":{"@id":"https:\/\/libreriadelmare.it\/en\/shop\/tout-savoir-sur-le-pilotage-automatique-forthmann-p-c-9782914423212\/#primaryimage"},"image":{"@id":"https:\/\/libreriadelmare.it\/en\/shop\/tout-savoir-sur-le-pilotage-automatique-forthmann-p-c-9782914423212\/#primaryimage"},"thumbnailUrl":"https:\/\/libreriadelmare.it\/wp-content\/uploads\/toutsavoirsurlepilotageautomatique-forthmann.jpg","datePublished":"2019-02-03T18:36:45+00:00","dateModified":"2026-04-18T00:21:53+00:00","breadcrumb":{"@id":"https:\/\/libreriadelmare.it\/en\/shop\/tout-savoir-sur-le-pilotage-automatique-forthmann-p-c-9782914423212\/#breadcrumb"},"inLanguage":"en-US","potentialAction":[{"@type":"ReadAction","target":["https:\/\/libreriadelmare.it\/en\/shop\/tout-savoir-sur-le-pilotage-automatique-forthmann-p-c-9782914423212\/"]}]},{"@type":"ImageObject","inLanguage":"en-US","@id":"https:\/\/libreriadelmare.it\/en\/shop\/tout-savoir-sur-le-pilotage-automatique-forthmann-p-c-9782914423212\/#primaryimage","url":"https:\/\/libreriadelmare.it\/wp-content\/uploads\/toutsavoirsurlepilotageautomatique-forthmann.jpg","contentUrl":"https:\/\/libreriadelmare.it\/wp-content\/uploads\/toutsavoirsurlepilotageautomatique-forthmann.jpg","width":340,"height":500},{"@type":"BreadcrumbList","@id":"https:\/\/libreriadelmare.it\/en\/shop\/tout-savoir-sur-le-pilotage-automatique-forthmann-p-c-9782914423212\/#breadcrumb","itemListElement":[{"@type":"ListItem","position":1,"name":"Home","item":"https:\/\/libreriadelmare.it\/en\/"},{"@type":"ListItem","position":2,"name":"Shop","item":"https:\/\/libreriadelmare.it\/en\/shop\/"},{"@type":"ListItem","position":3,"name":"tout savoir sur le pilotage automatique"}]},{"@type":"WebSite","@id":"https:\/\/libreriadelmare.it\/en\/#website","url":"https:\/\/libreriadelmare.it\/en\/","name":"Libreria del Mare - Milano","description":"","publisher":{"@id":"https:\/\/libreriadelmare.it\/en\/#organization"},"potentialAction":[{"@type":"SearchAction","target":{"@type":"EntryPoint","urlTemplate":"https:\/\/libreriadelmare.it\/en\/?s={search_term_string}"},"query-input":{"@type":"PropertyValueSpecification","valueRequired":true,"valueName":"search_term_string"}}],"inLanguage":"en-US"},{"@type":"Organization","@id":"https:\/\/libreriadelmare.it\/en\/#organization","name":"Libreria del Mare - Milano","url":"https:\/\/libreriadelmare.it\/en\/","logo":{"@type":"ImageObject","inLanguage":"en-US","@id":"https:\/\/libreriadelmare.it\/en\/#\/schema\/logo\/image\/","url":"https:\/\/libreriadelmare.it\/wp-content\/uploads\/2018\/07\/logo-blu.png","contentUrl":"https:\/\/libreriadelmare.it\/wp-content\/uploads\/2018\/07\/logo-blu.png","width":600,"height":162,"caption":"Libreria del Mare - Milano"},"image":{"@id":"https:\/\/libreriadelmare.it\/en\/#\/schema\/logo\/image\/"},"sameAs":["https:\/\/www.facebook.com\/libreriadelmare","https:\/\/www.instagram.com\/libreriadelmare\/"],"hasMerchantReturnPolicy":{"@type":"MerchantReturnPolicy","merchantReturnLink":"https:\/\/libreriadelmare.it\/diritto-di-recesso\/"}}]},"product_price_amount":"32.00","product_price_currency":"EUR","og_availability":"instock","product_availability":"instock","product_retailer_item_id":"9782914423212","product_condition":"new"},"df_price":32,"df_sale_price":32,"df_regular_price":47,"df_image_link":"https:\/\/libreriadelmare.it\/wp-content\/uploads\/toutsavoirsurlepilotageautomatique-forthmann-204x300.jpg","_links":{"self":[{"href":"https:\/\/libreriadelmare.it\/en\/wp-json\/wp\/v2\/product\/90514","targetHints":{"allow":["GET"]}}],"collection":[{"href":"https:\/\/libreriadelmare.it\/en\/wp-json\/wp\/v2\/product"}],"about":[{"href":"https:\/\/libreriadelmare.it\/en\/wp-json\/wp\/v2\/types\/product"}],"replies":[{"embeddable":true,"href":"https:\/\/libreriadelmare.it\/en\/wp-json\/wp\/v2\/comments?post=90514"}],"wp:featuredmedia":[{"embeddable":true,"href":"https:\/\/libreriadelmare.it\/en\/wp-json\/wp\/v2\/media\/90515"}],"wp:attachment":[{"href":"https:\/\/libreriadelmare.it\/en\/wp-json\/wp\/v2\/media?parent=90514"}],"wp:term":[{"taxonomy":"product_brand","embeddable":true,"href":"https:\/\/libreriadelmare.it\/en\/wp-json\/wp\/v2\/product_brand?post=90514"},{"taxonomy":"product_cat","embeddable":true,"href":"https:\/\/libreriadelmare.it\/en\/wp-json\/wp\/v2\/product_cat?post=90514"},{"taxonomy":"product_tag","embeddable":true,"href":"https:\/\/libreriadelmare.it\/en\/wp-json\/wp\/v2\/product_tag?post=90514"}],"curies":[{"name":"wp","href":"https:\/\/api.w.org\/{rel}","templated":true}]}}