{"id":90162,"date":"2019-02-03T19:39:05","date_gmt":"2019-02-03T18:39:05","guid":{"rendered":"https:\/\/libreriadelmare.it\/negozio\/uncategorized\/ports-et-mouillages-en-bretagne-flambard-m-m-le-quintrec-c-9782737323287\/"},"modified":"2026-04-11T02:16:54","modified_gmt":"2026-04-11T00:16:54","slug":"ports-et-mouillages-en-bretagne-flambard-m-m-le-quintrec-c-9782737323287","status":"publish","type":"product","link":"https:\/\/libreriadelmare.it\/en\/shop\/ports-et-mouillages-en-bretagne-flambard-m-m-le-quintrec-c-9782737323287\/","title":{"rendered":"ports et mouillages en bretagne"},"content":{"rendered":"<p>Petits ou grands, de la Manche ou de l&#8217;Atlantique, les ports de Bretagne inspirent des passions et des passionn\u00e9s. Chaque ann\u00e9e, on n&#8217;en finit pas de les vouloir filmer, photographier, peindre. Il est vrai qu&#8217;il en \u00e9mane une douceur et une po\u00e9sie qu&#8217;on aimerait \u00e0 saisir et \u00e0 fixer pour toujours. Marie-Madeleine Flambard nous permet de retrouver quelque chose de cette prenante beaut\u00e9 en faisant appel \u00e0 des lumi\u00e8res et \u00e0 des couleurs qui sont celles des bonheurs et des \u00e9blouissements de nos \u00e9t\u00e9s. Charles Le Quintrec accompagne l&#8217;artiste et nous en explique la d\u00e9marche en des pages lumineuses elles aussi.<\/p>\n","protected":false},"excerpt":{"rendered":"<p class=\"autore\"><span>Author: <\/span>flambard m.-m.  le quintrec c.<\/p>\n<p class=\"editore\"><span>Publisher: <\/span>editions ouest france (edilarge)<\/p>\n<p class=\"isbn\"><span>ISBN: <\/span>9782737323287<\/p>\n","protected":false},"featured_media":90163,"comment_status":"open","ping_status":"closed","template":"","meta":[],"product_brand":[],"product_cat":[2582],"product_tag":[],"class_list":{"0":"post-90162","1":"product","2":"type-product","3":"status-publish","4":"has-post-thumbnail","6":"product_cat-books-painting","8":"first","9":"onbackorder","10":"taxable","11":"shipping-taxable","12":"purchasable","13":"product-type-simple"},"yoast_head":"<!-- This site is optimized with the Yoast SEO Premium plugin v27.1 (Yoast SEO v27.3) - https:\/\/yoast.com\/product\/yoast-seo-premium-wordpress\/ -->\n<title>ports et mouillages en bretagne - Libreria del Mare<\/title>\n<meta name=\"robots\" content=\"index, follow, max-snippet:-1, max-image-preview:large, max-video-preview:-1\" \/>\n<link rel=\"canonical\" href=\"https:\/\/libreriadelmare.it\/en\/shop\/ports-et-mouillages-en-bretagne-flambard-m-m-le-quintrec-c-9782737323287\/\" \/>\n<meta property=\"og:locale\" content=\"en_US\" \/>\n<meta property=\"og:type\" content=\"article\" \/>\n<meta property=\"og:title\" content=\"ports et mouillages en bretagne\" \/>\n<meta property=\"og:description\" content=\"Author: flambard m.-m. le quintrec c.Publisher: editions ouest france (edilarge)ISBN: 9782737323287\" \/>\n<meta property=\"og:url\" content=\"https:\/\/libreriadelmare.it\/en\/shop\/ports-et-mouillages-en-bretagne-flambard-m-m-le-quintrec-c-9782737323287\/\" \/>\n<meta property=\"og:site_name\" content=\"Libreria del Mare\" \/>\n<meta property=\"article:publisher\" content=\"https:\/\/www.facebook.com\/libreriadelmare\" \/>\n<meta property=\"article:modified_time\" content=\"2026-04-11T00:16:54+00:00\" \/>\n<meta property=\"og:image\" content=\"https:\/\/libreriadelmare.it\/wp-content\/uploads\/portsetmouillagesenbretagne.jpg\" \/>\n\t<meta property=\"og:image:width\" content=\"834\" \/>\n\t<meta property=\"og:image:height\" content=\"593\" \/>\n\t<meta property=\"og:image:type\" content=\"image\/jpeg\" \/>\n<meta name=\"twitter:card\" content=\"summary_large_image\" \/>\n<meta name=\"twitter:label1\" content=\"Price\" \/>\n\t<meta name=\"twitter:data1\" content=\"&euro;34,00\" \/>\n\t<meta name=\"twitter:label2\" content=\"Availability\" \/>\n\t<meta name=\"twitter:data2\" content=\"On backorder\" \/>\n<script type=\"application\/ld+json\" class=\"yoast-schema-graph\">{\"@context\":\"https:\\\/\\\/schema.org\",\"@graph\":[{\"@type\":\"WebPage\",\"@id\":\"https:\\\/\\\/libreriadelmare.it\\\/en\\\/shop\\\/ports-et-mouillages-en-bretagne-flambard-m-m-le-quintrec-c-9782737323287\\\/\",\"url\":\"https:\\\/\\\/libreriadelmare.it\\\/en\\\/shop\\\/ports-et-mouillages-en-bretagne-flambard-m-m-le-quintrec-c-9782737323287\\\/\",\"name\":\"ports et mouillages en bretagne - Libreria del Mare\",\"isPartOf\":{\"@id\":\"https:\\\/\\\/libreriadelmare.it\\\/en\\\/#website\"},\"primaryImageOfPage\":{\"@id\":\"https:\\\/\\\/libreriadelmare.it\\\/en\\\/shop\\\/ports-et-mouillages-en-bretagne-flambard-m-m-le-quintrec-c-9782737323287\\\/#primaryimage\"},\"image\":{\"@id\":\"https:\\\/\\\/libreriadelmare.it\\\/en\\\/shop\\\/ports-et-mouillages-en-bretagne-flambard-m-m-le-quintrec-c-9782737323287\\\/#primaryimage\"},\"thumbnailUrl\":\"https:\\\/\\\/libreriadelmare.it\\\/wp-content\\\/uploads\\\/portsetmouillagesenbretagne.jpg\",\"datePublished\":\"2019-02-03T18:39:05+00:00\",\"dateModified\":\"2026-04-11T00:16:54+00:00\",\"breadcrumb\":{\"@id\":\"https:\\\/\\\/libreriadelmare.it\\\/en\\\/shop\\\/ports-et-mouillages-en-bretagne-flambard-m-m-le-quintrec-c-9782737323287\\\/#breadcrumb\"},\"inLanguage\":\"en-US\",\"potentialAction\":[{\"@type\":\"ReadAction\",\"target\":[\"https:\\\/\\\/libreriadelmare.it\\\/en\\\/shop\\\/ports-et-mouillages-en-bretagne-flambard-m-m-le-quintrec-c-9782737323287\\\/\"]}]},{\"@type\":\"ImageObject\",\"inLanguage\":\"en-US\",\"@id\":\"https:\\\/\\\/libreriadelmare.it\\\/en\\\/shop\\\/ports-et-mouillages-en-bretagne-flambard-m-m-le-quintrec-c-9782737323287\\\/#primaryimage\",\"url\":\"https:\\\/\\\/libreriadelmare.it\\\/wp-content\\\/uploads\\\/portsetmouillagesenbretagne.jpg\",\"contentUrl\":\"https:\\\/\\\/libreriadelmare.it\\\/wp-content\\\/uploads\\\/portsetmouillagesenbretagne.jpg\",\"width\":834,\"height\":593},{\"@type\":\"BreadcrumbList\",\"@id\":\"https:\\\/\\\/libreriadelmare.it\\\/en\\\/shop\\\/ports-et-mouillages-en-bretagne-flambard-m-m-le-quintrec-c-9782737323287\\\/#breadcrumb\",\"itemListElement\":[{\"@type\":\"ListItem\",\"position\":1,\"name\":\"Home\",\"item\":\"https:\\\/\\\/libreriadelmare.it\\\/en\\\/\"},{\"@type\":\"ListItem\",\"position\":2,\"name\":\"Shop\",\"item\":\"https:\\\/\\\/libreriadelmare.it\\\/en\\\/shop\\\/\"},{\"@type\":\"ListItem\",\"position\":3,\"name\":\"ports et mouillages en bretagne\"}]},{\"@type\":\"WebSite\",\"@id\":\"https:\\\/\\\/libreriadelmare.it\\\/en\\\/#website\",\"url\":\"https:\\\/\\\/libreriadelmare.it\\\/en\\\/\",\"name\":\"Libreria del Mare - Milano\",\"description\":\"\",\"publisher\":{\"@id\":\"https:\\\/\\\/libreriadelmare.it\\\/en\\\/#organization\"},\"potentialAction\":[{\"@type\":\"SearchAction\",\"target\":{\"@type\":\"EntryPoint\",\"urlTemplate\":\"https:\\\/\\\/libreriadelmare.it\\\/en\\\/?s={search_term_string}\"},\"query-input\":{\"@type\":\"PropertyValueSpecification\",\"valueRequired\":true,\"valueName\":\"search_term_string\"}}],\"inLanguage\":\"en-US\"},{\"@type\":\"Organization\",\"@id\":\"https:\\\/\\\/libreriadelmare.it\\\/en\\\/#organization\",\"name\":\"Libreria del Mare - Milano\",\"url\":\"https:\\\/\\\/libreriadelmare.it\\\/en\\\/\",\"logo\":{\"@type\":\"ImageObject\",\"inLanguage\":\"en-US\",\"@id\":\"https:\\\/\\\/libreriadelmare.it\\\/en\\\/#\\\/schema\\\/logo\\\/image\\\/\",\"url\":\"https:\\\/\\\/libreriadelmare.it\\\/wp-content\\\/uploads\\\/2018\\\/07\\\/logo-blu.png\",\"contentUrl\":\"https:\\\/\\\/libreriadelmare.it\\\/wp-content\\\/uploads\\\/2018\\\/07\\\/logo-blu.png\",\"width\":600,\"height\":162,\"caption\":\"Libreria del Mare - Milano\"},\"image\":{\"@id\":\"https:\\\/\\\/libreriadelmare.it\\\/en\\\/#\\\/schema\\\/logo\\\/image\\\/\"},\"sameAs\":[\"https:\\\/\\\/www.facebook.com\\\/libreriadelmare\",\"https:\\\/\\\/www.instagram.com\\\/libreriadelmare\\\/\"],\"hasMerchantReturnPolicy\":{\"@type\":\"MerchantReturnPolicy\",\"merchantReturnLink\":\"https:\\\/\\\/libreriadelmare.it\\\/diritto-di-recesso\\\/\"}}]}<\/script>\n<meta property=\"product:price:amount\" content=\"34.00\" \/>\n<meta property=\"product:price:currency\" content=\"EUR\" \/>\n<meta property=\"og:availability\" content=\"backorder\" \/>\n<meta property=\"product:availability\" content=\"available for order\" \/>\n<meta property=\"product:retailer_item_id\" content=\"9782737323287\" \/>\n<meta property=\"product:condition\" content=\"new\" \/>\n<!-- \/ Yoast SEO Premium plugin. -->","yoast_head_json":{"title":"ports et mouillages en bretagne - Libreria del Mare","robots":{"index":"index","follow":"follow","max-snippet":"max-snippet:-1","max-image-preview":"max-image-preview:large","max-video-preview":"max-video-preview:-1"},"canonical":"https:\/\/libreriadelmare.it\/en\/shop\/ports-et-mouillages-en-bretagne-flambard-m-m-le-quintrec-c-9782737323287\/","og_locale":"en_US","og_type":"article","og_title":"ports et mouillages en bretagne","og_description":"Author: flambard m.-m. le quintrec c.Publisher: editions ouest france (edilarge)ISBN: 9782737323287","og_url":"https:\/\/libreriadelmare.it\/en\/shop\/ports-et-mouillages-en-bretagne-flambard-m-m-le-quintrec-c-9782737323287\/","og_site_name":"Libreria del Mare","article_publisher":"https:\/\/www.facebook.com\/libreriadelmare","article_modified_time":"2026-04-11T00:16:54+00:00","og_image":[{"width":834,"height":593,"url":"https:\/\/libreriadelmare.it\/wp-content\/uploads\/portsetmouillagesenbretagne.jpg","type":"image\/jpeg"}],"twitter_card":"summary_large_image","twitter_misc":{"Price":"&euro;34,00","Availability":"On backorder"},"schema":{"@context":"https:\/\/schema.org","@graph":[{"@type":"WebPage","@id":"https:\/\/libreriadelmare.it\/en\/shop\/ports-et-mouillages-en-bretagne-flambard-m-m-le-quintrec-c-9782737323287\/","url":"https:\/\/libreriadelmare.it\/en\/shop\/ports-et-mouillages-en-bretagne-flambard-m-m-le-quintrec-c-9782737323287\/","name":"ports et mouillages en bretagne - Libreria del Mare","isPartOf":{"@id":"https:\/\/libreriadelmare.it\/en\/#website"},"primaryImageOfPage":{"@id":"https:\/\/libreriadelmare.it\/en\/shop\/ports-et-mouillages-en-bretagne-flambard-m-m-le-quintrec-c-9782737323287\/#primaryimage"},"image":{"@id":"https:\/\/libreriadelmare.it\/en\/shop\/ports-et-mouillages-en-bretagne-flambard-m-m-le-quintrec-c-9782737323287\/#primaryimage"},"thumbnailUrl":"https:\/\/libreriadelmare.it\/wp-content\/uploads\/portsetmouillagesenbretagne.jpg","datePublished":"2019-02-03T18:39:05+00:00","dateModified":"2026-04-11T00:16:54+00:00","breadcrumb":{"@id":"https:\/\/libreriadelmare.it\/en\/shop\/ports-et-mouillages-en-bretagne-flambard-m-m-le-quintrec-c-9782737323287\/#breadcrumb"},"inLanguage":"en-US","potentialAction":[{"@type":"ReadAction","target":["https:\/\/libreriadelmare.it\/en\/shop\/ports-et-mouillages-en-bretagne-flambard-m-m-le-quintrec-c-9782737323287\/"]}]},{"@type":"ImageObject","inLanguage":"en-US","@id":"https:\/\/libreriadelmare.it\/en\/shop\/ports-et-mouillages-en-bretagne-flambard-m-m-le-quintrec-c-9782737323287\/#primaryimage","url":"https:\/\/libreriadelmare.it\/wp-content\/uploads\/portsetmouillagesenbretagne.jpg","contentUrl":"https:\/\/libreriadelmare.it\/wp-content\/uploads\/portsetmouillagesenbretagne.jpg","width":834,"height":593},{"@type":"BreadcrumbList","@id":"https:\/\/libreriadelmare.it\/en\/shop\/ports-et-mouillages-en-bretagne-flambard-m-m-le-quintrec-c-9782737323287\/#breadcrumb","itemListElement":[{"@type":"ListItem","position":1,"name":"Home","item":"https:\/\/libreriadelmare.it\/en\/"},{"@type":"ListItem","position":2,"name":"Shop","item":"https:\/\/libreriadelmare.it\/en\/shop\/"},{"@type":"ListItem","position":3,"name":"ports et mouillages en bretagne"}]},{"@type":"WebSite","@id":"https:\/\/libreriadelmare.it\/en\/#website","url":"https:\/\/libreriadelmare.it\/en\/","name":"Libreria del Mare - Milano","description":"","publisher":{"@id":"https:\/\/libreriadelmare.it\/en\/#organization"},"potentialAction":[{"@type":"SearchAction","target":{"@type":"EntryPoint","urlTemplate":"https:\/\/libreriadelmare.it\/en\/?s={search_term_string}"},"query-input":{"@type":"PropertyValueSpecification","valueRequired":true,"valueName":"search_term_string"}}],"inLanguage":"en-US"},{"@type":"Organization","@id":"https:\/\/libreriadelmare.it\/en\/#organization","name":"Libreria del Mare - Milano","url":"https:\/\/libreriadelmare.it\/en\/","logo":{"@type":"ImageObject","inLanguage":"en-US","@id":"https:\/\/libreriadelmare.it\/en\/#\/schema\/logo\/image\/","url":"https:\/\/libreriadelmare.it\/wp-content\/uploads\/2018\/07\/logo-blu.png","contentUrl":"https:\/\/libreriadelmare.it\/wp-content\/uploads\/2018\/07\/logo-blu.png","width":600,"height":162,"caption":"Libreria del Mare - Milano"},"image":{"@id":"https:\/\/libreriadelmare.it\/en\/#\/schema\/logo\/image\/"},"sameAs":["https:\/\/www.facebook.com\/libreriadelmare","https:\/\/www.instagram.com\/libreriadelmare\/"],"hasMerchantReturnPolicy":{"@type":"MerchantReturnPolicy","merchantReturnLink":"https:\/\/libreriadelmare.it\/diritto-di-recesso\/"}}]},"product_price_amount":"34.00","product_price_currency":"EUR","og_availability":"backorder","product_availability":"available for order","product_retailer_item_id":"9782737323287","product_condition":"new"},"_links":{"self":[{"href":"https:\/\/libreriadelmare.it\/en\/wp-json\/wp\/v2\/product\/90162","targetHints":{"allow":["GET"]}}],"collection":[{"href":"https:\/\/libreriadelmare.it\/en\/wp-json\/wp\/v2\/product"}],"about":[{"href":"https:\/\/libreriadelmare.it\/en\/wp-json\/wp\/v2\/types\/product"}],"replies":[{"embeddable":true,"href":"https:\/\/libreriadelmare.it\/en\/wp-json\/wp\/v2\/comments?post=90162"}],"wp:featuredmedia":[{"embeddable":true,"href":"https:\/\/libreriadelmare.it\/en\/wp-json\/wp\/v2\/media\/90163"}],"wp:attachment":[{"href":"https:\/\/libreriadelmare.it\/en\/wp-json\/wp\/v2\/media?parent=90162"}],"wp:term":[{"taxonomy":"product_brand","embeddable":true,"href":"https:\/\/libreriadelmare.it\/en\/wp-json\/wp\/v2\/product_brand?post=90162"},{"taxonomy":"product_cat","embeddable":true,"href":"https:\/\/libreriadelmare.it\/en\/wp-json\/wp\/v2\/product_cat?post=90162"},{"taxonomy":"product_tag","embeddable":true,"href":"https:\/\/libreriadelmare.it\/en\/wp-json\/wp\/v2\/product_tag?post=90162"}],"curies":[{"name":"wp","href":"https:\/\/api.w.org\/{rel}","templated":true}]}}