{"id":89917,"date":"2019-02-03T19:40:38","date_gmt":"2019-02-03T18:40:38","guid":{"rendered":"https:\/\/libreriadelmare.it\/negozio\/uncategorized\/canoe-kayak-cirotteau-f-benazet-d-lambolez-b-9782700307061\/"},"modified":"2026-04-04T02:17:50","modified_gmt":"2026-04-04T00:17:50","slug":"canoe-kayak-cirotteau-f-benazet-d-lambolez-b-9782700307061","status":"publish","type":"product","link":"https:\/\/libreriadelmare.it\/en\/shop\/canoe-kayak-cirotteau-f-benazet-d-lambolez-b-9782700307061\/","title":{"rendered":"canoe kayak"},"content":{"rendered":"<p>&nbsp;Apprendre \u00e0 naviguer en eau calme, comme en eaux vives; connaitre la morphologie et les cotations des rivi\u00e8res; l&#8217;\u00e9quipment \u00e0 utiliser, les mat\u00e9riaux de constructions, les pagaies, les accessoires&#8230;Pratiquer la randonn\u00e9e, le tourisme sportif, la haute rivi\u00e8re, la course en ligne, le slalom, la descente de rivi\u00e8re, le kayak polo, le kayak de mer, le kayak de vagues ou wave-ski, la descente de canon ou &#8220;canyoning&#8221;, la nage en eaux vives, le rafting, des disciplines \u00e0 mener en toute securit\u00e9 grace aux conseils judicieux des auteurs. Pour les amateurs comme pour les professionels, &#8220;Canoe-Kayak&#8221; est un ouvrage pratique, technique et abondamment illustr\u00e9.<\/p>\n","protected":false},"excerpt":{"rendered":"<p class=\"autore\"><span>Author: <\/span>cirotteau f.  benazet d.  lambolez b.<\/p>\n<p class=\"isbn\"><span>ISBN: <\/span>9782700307061<\/p>\n","protected":false},"featured_media":89918,"comment_status":"open","ping_status":"closed","template":"","meta":[],"product_brand":[],"product_cat":[2600],"product_tag":[],"class_list":{"0":"post-89917","1":"product","2":"type-product","3":"status-publish","4":"has-post-thumbnail","6":"product_cat-canoeing-rowing-kayaking-and-rafting","8":"first","9":"instock","10":"sale","11":"taxable","12":"shipping-taxable","13":"purchasable","14":"product-type-simple"},"yoast_head":"<!-- This site is optimized with the Yoast SEO Premium plugin v27.1 (Yoast SEO v27.3) - https:\/\/yoast.com\/product\/yoast-seo-premium-wordpress\/ -->\n<title>canoe kayak - Libreria del Mare<\/title>\n<meta name=\"robots\" content=\"index, follow, max-snippet:-1, max-image-preview:large, max-video-preview:-1\" \/>\n<link rel=\"canonical\" href=\"https:\/\/libreriadelmare.it\/en\/shop\/canoe-kayak-cirotteau-f-benazet-d-lambolez-b-9782700307061\/\" \/>\n<meta property=\"og:locale\" content=\"en_US\" \/>\n<meta property=\"og:type\" content=\"article\" \/>\n<meta property=\"og:title\" content=\"canoe kayak\" \/>\n<meta property=\"og:description\" content=\"Author: cirotteau f. benazet d. lambolez b.ISBN: 9782700307061\" \/>\n<meta property=\"og:url\" content=\"https:\/\/libreriadelmare.it\/en\/shop\/canoe-kayak-cirotteau-f-benazet-d-lambolez-b-9782700307061\/\" \/>\n<meta property=\"og:site_name\" content=\"Libreria del Mare\" \/>\n<meta property=\"article:publisher\" content=\"https:\/\/www.facebook.com\/libreriadelmare\" \/>\n<meta property=\"article:modified_time\" content=\"2026-04-04T00:17:50+00:00\" \/>\n<meta property=\"og:image\" content=\"https:\/\/libreriadelmare.it\/wp-content\/uploads\/canoekayak-cirotteau.jpg\" \/>\n\t<meta property=\"og:image:width\" content=\"438\" \/>\n\t<meta property=\"og:image:height\" content=\"599\" \/>\n\t<meta property=\"og:image:type\" content=\"image\/jpeg\" \/>\n<meta name=\"twitter:card\" content=\"summary_large_image\" \/>\n<meta name=\"twitter:label1\" content=\"Price\" \/>\n\t<meta name=\"twitter:data1\" content=\"&euro;28,00\" \/>\n\t<meta name=\"twitter:label2\" content=\"Availability\" \/>\n\t<meta name=\"twitter:data2\" content=\"In stock\" \/>\n<script type=\"application\/ld+json\" class=\"yoast-schema-graph\">{\"@context\":\"https:\\\/\\\/schema.org\",\"@graph\":[{\"@type\":\"WebPage\",\"@id\":\"https:\\\/\\\/libreriadelmare.it\\\/en\\\/shop\\\/canoe-kayak-cirotteau-f-benazet-d-lambolez-b-9782700307061\\\/\",\"url\":\"https:\\\/\\\/libreriadelmare.it\\\/en\\\/shop\\\/canoe-kayak-cirotteau-f-benazet-d-lambolez-b-9782700307061\\\/\",\"name\":\"canoe kayak - Libreria del Mare\",\"isPartOf\":{\"@id\":\"https:\\\/\\\/libreriadelmare.it\\\/en\\\/#website\"},\"primaryImageOfPage\":{\"@id\":\"https:\\\/\\\/libreriadelmare.it\\\/en\\\/shop\\\/canoe-kayak-cirotteau-f-benazet-d-lambolez-b-9782700307061\\\/#primaryimage\"},\"image\":{\"@id\":\"https:\\\/\\\/libreriadelmare.it\\\/en\\\/shop\\\/canoe-kayak-cirotteau-f-benazet-d-lambolez-b-9782700307061\\\/#primaryimage\"},\"thumbnailUrl\":\"https:\\\/\\\/libreriadelmare.it\\\/wp-content\\\/uploads\\\/canoekayak-cirotteau.jpg\",\"datePublished\":\"2019-02-03T18:40:38+00:00\",\"dateModified\":\"2026-04-04T00:17:50+00:00\",\"breadcrumb\":{\"@id\":\"https:\\\/\\\/libreriadelmare.it\\\/en\\\/shop\\\/canoe-kayak-cirotteau-f-benazet-d-lambolez-b-9782700307061\\\/#breadcrumb\"},\"inLanguage\":\"en-US\",\"potentialAction\":[{\"@type\":\"ReadAction\",\"target\":[\"https:\\\/\\\/libreriadelmare.it\\\/en\\\/shop\\\/canoe-kayak-cirotteau-f-benazet-d-lambolez-b-9782700307061\\\/\"]}]},{\"@type\":\"ImageObject\",\"inLanguage\":\"en-US\",\"@id\":\"https:\\\/\\\/libreriadelmare.it\\\/en\\\/shop\\\/canoe-kayak-cirotteau-f-benazet-d-lambolez-b-9782700307061\\\/#primaryimage\",\"url\":\"https:\\\/\\\/libreriadelmare.it\\\/wp-content\\\/uploads\\\/canoekayak-cirotteau.jpg\",\"contentUrl\":\"https:\\\/\\\/libreriadelmare.it\\\/wp-content\\\/uploads\\\/canoekayak-cirotteau.jpg\",\"width\":438,\"height\":599},{\"@type\":\"BreadcrumbList\",\"@id\":\"https:\\\/\\\/libreriadelmare.it\\\/en\\\/shop\\\/canoe-kayak-cirotteau-f-benazet-d-lambolez-b-9782700307061\\\/#breadcrumb\",\"itemListElement\":[{\"@type\":\"ListItem\",\"position\":1,\"name\":\"Home\",\"item\":\"https:\\\/\\\/libreriadelmare.it\\\/en\\\/\"},{\"@type\":\"ListItem\",\"position\":2,\"name\":\"Shop\",\"item\":\"https:\\\/\\\/libreriadelmare.it\\\/en\\\/shop\\\/\"},{\"@type\":\"ListItem\",\"position\":3,\"name\":\"canoe kayak\"}]},{\"@type\":\"WebSite\",\"@id\":\"https:\\\/\\\/libreriadelmare.it\\\/en\\\/#website\",\"url\":\"https:\\\/\\\/libreriadelmare.it\\\/en\\\/\",\"name\":\"Libreria del Mare - Milano\",\"description\":\"\",\"publisher\":{\"@id\":\"https:\\\/\\\/libreriadelmare.it\\\/en\\\/#organization\"},\"potentialAction\":[{\"@type\":\"SearchAction\",\"target\":{\"@type\":\"EntryPoint\",\"urlTemplate\":\"https:\\\/\\\/libreriadelmare.it\\\/en\\\/?s={search_term_string}\"},\"query-input\":{\"@type\":\"PropertyValueSpecification\",\"valueRequired\":true,\"valueName\":\"search_term_string\"}}],\"inLanguage\":\"en-US\"},{\"@type\":\"Organization\",\"@id\":\"https:\\\/\\\/libreriadelmare.it\\\/en\\\/#organization\",\"name\":\"Libreria del Mare - Milano\",\"url\":\"https:\\\/\\\/libreriadelmare.it\\\/en\\\/\",\"logo\":{\"@type\":\"ImageObject\",\"inLanguage\":\"en-US\",\"@id\":\"https:\\\/\\\/libreriadelmare.it\\\/en\\\/#\\\/schema\\\/logo\\\/image\\\/\",\"url\":\"https:\\\/\\\/libreriadelmare.it\\\/wp-content\\\/uploads\\\/2018\\\/07\\\/logo-blu.png\",\"contentUrl\":\"https:\\\/\\\/libreriadelmare.it\\\/wp-content\\\/uploads\\\/2018\\\/07\\\/logo-blu.png\",\"width\":600,\"height\":162,\"caption\":\"Libreria del Mare - Milano\"},\"image\":{\"@id\":\"https:\\\/\\\/libreriadelmare.it\\\/en\\\/#\\\/schema\\\/logo\\\/image\\\/\"},\"sameAs\":[\"https:\\\/\\\/www.facebook.com\\\/libreriadelmare\",\"https:\\\/\\\/www.instagram.com\\\/libreriadelmare\\\/\"],\"hasMerchantReturnPolicy\":{\"@type\":\"MerchantReturnPolicy\",\"merchantReturnLink\":\"https:\\\/\\\/libreriadelmare.it\\\/diritto-di-recesso\\\/\"}}]}<\/script>\n<meta property=\"product:price:amount\" content=\"28.00\" \/>\n<meta property=\"product:price:currency\" content=\"EUR\" \/>\n<meta property=\"og:availability\" content=\"instock\" \/>\n<meta property=\"product:availability\" content=\"instock\" \/>\n<meta property=\"product:retailer_item_id\" content=\"9782700307061\" \/>\n<meta property=\"product:condition\" content=\"new\" \/>\n<!-- \/ Yoast SEO Premium plugin. -->","yoast_head_json":{"title":"canoe kayak - Libreria del Mare","robots":{"index":"index","follow":"follow","max-snippet":"max-snippet:-1","max-image-preview":"max-image-preview:large","max-video-preview":"max-video-preview:-1"},"canonical":"https:\/\/libreriadelmare.it\/en\/shop\/canoe-kayak-cirotteau-f-benazet-d-lambolez-b-9782700307061\/","og_locale":"en_US","og_type":"article","og_title":"canoe kayak","og_description":"Author: cirotteau f. benazet d. lambolez b.ISBN: 9782700307061","og_url":"https:\/\/libreriadelmare.it\/en\/shop\/canoe-kayak-cirotteau-f-benazet-d-lambolez-b-9782700307061\/","og_site_name":"Libreria del Mare","article_publisher":"https:\/\/www.facebook.com\/libreriadelmare","article_modified_time":"2026-04-04T00:17:50+00:00","og_image":[{"width":438,"height":599,"url":"https:\/\/libreriadelmare.it\/wp-content\/uploads\/canoekayak-cirotteau.jpg","type":"image\/jpeg"}],"twitter_card":"summary_large_image","twitter_misc":{"Price":"&euro;28,00","Availability":"In stock"},"schema":{"@context":"https:\/\/schema.org","@graph":[{"@type":"WebPage","@id":"https:\/\/libreriadelmare.it\/en\/shop\/canoe-kayak-cirotteau-f-benazet-d-lambolez-b-9782700307061\/","url":"https:\/\/libreriadelmare.it\/en\/shop\/canoe-kayak-cirotteau-f-benazet-d-lambolez-b-9782700307061\/","name":"canoe kayak - Libreria del Mare","isPartOf":{"@id":"https:\/\/libreriadelmare.it\/en\/#website"},"primaryImageOfPage":{"@id":"https:\/\/libreriadelmare.it\/en\/shop\/canoe-kayak-cirotteau-f-benazet-d-lambolez-b-9782700307061\/#primaryimage"},"image":{"@id":"https:\/\/libreriadelmare.it\/en\/shop\/canoe-kayak-cirotteau-f-benazet-d-lambolez-b-9782700307061\/#primaryimage"},"thumbnailUrl":"https:\/\/libreriadelmare.it\/wp-content\/uploads\/canoekayak-cirotteau.jpg","datePublished":"2019-02-03T18:40:38+00:00","dateModified":"2026-04-04T00:17:50+00:00","breadcrumb":{"@id":"https:\/\/libreriadelmare.it\/en\/shop\/canoe-kayak-cirotteau-f-benazet-d-lambolez-b-9782700307061\/#breadcrumb"},"inLanguage":"en-US","potentialAction":[{"@type":"ReadAction","target":["https:\/\/libreriadelmare.it\/en\/shop\/canoe-kayak-cirotteau-f-benazet-d-lambolez-b-9782700307061\/"]}]},{"@type":"ImageObject","inLanguage":"en-US","@id":"https:\/\/libreriadelmare.it\/en\/shop\/canoe-kayak-cirotteau-f-benazet-d-lambolez-b-9782700307061\/#primaryimage","url":"https:\/\/libreriadelmare.it\/wp-content\/uploads\/canoekayak-cirotteau.jpg","contentUrl":"https:\/\/libreriadelmare.it\/wp-content\/uploads\/canoekayak-cirotteau.jpg","width":438,"height":599},{"@type":"BreadcrumbList","@id":"https:\/\/libreriadelmare.it\/en\/shop\/canoe-kayak-cirotteau-f-benazet-d-lambolez-b-9782700307061\/#breadcrumb","itemListElement":[{"@type":"ListItem","position":1,"name":"Home","item":"https:\/\/libreriadelmare.it\/en\/"},{"@type":"ListItem","position":2,"name":"Shop","item":"https:\/\/libreriadelmare.it\/en\/shop\/"},{"@type":"ListItem","position":3,"name":"canoe kayak"}]},{"@type":"WebSite","@id":"https:\/\/libreriadelmare.it\/en\/#website","url":"https:\/\/libreriadelmare.it\/en\/","name":"Libreria del Mare - Milano","description":"","publisher":{"@id":"https:\/\/libreriadelmare.it\/en\/#organization"},"potentialAction":[{"@type":"SearchAction","target":{"@type":"EntryPoint","urlTemplate":"https:\/\/libreriadelmare.it\/en\/?s={search_term_string}"},"query-input":{"@type":"PropertyValueSpecification","valueRequired":true,"valueName":"search_term_string"}}],"inLanguage":"en-US"},{"@type":"Organization","@id":"https:\/\/libreriadelmare.it\/en\/#organization","name":"Libreria del Mare - Milano","url":"https:\/\/libreriadelmare.it\/en\/","logo":{"@type":"ImageObject","inLanguage":"en-US","@id":"https:\/\/libreriadelmare.it\/en\/#\/schema\/logo\/image\/","url":"https:\/\/libreriadelmare.it\/wp-content\/uploads\/2018\/07\/logo-blu.png","contentUrl":"https:\/\/libreriadelmare.it\/wp-content\/uploads\/2018\/07\/logo-blu.png","width":600,"height":162,"caption":"Libreria del Mare - Milano"},"image":{"@id":"https:\/\/libreriadelmare.it\/en\/#\/schema\/logo\/image\/"},"sameAs":["https:\/\/www.facebook.com\/libreriadelmare","https:\/\/www.instagram.com\/libreriadelmare\/"],"hasMerchantReturnPolicy":{"@type":"MerchantReturnPolicy","merchantReturnLink":"https:\/\/libreriadelmare.it\/diritto-di-recesso\/"}}]},"product_price_amount":"28.00","product_price_currency":"EUR","og_availability":"instock","product_availability":"instock","product_retailer_item_id":"9782700307061","product_condition":"new"},"_links":{"self":[{"href":"https:\/\/libreriadelmare.it\/en\/wp-json\/wp\/v2\/product\/89917","targetHints":{"allow":["GET"]}}],"collection":[{"href":"https:\/\/libreriadelmare.it\/en\/wp-json\/wp\/v2\/product"}],"about":[{"href":"https:\/\/libreriadelmare.it\/en\/wp-json\/wp\/v2\/types\/product"}],"replies":[{"embeddable":true,"href":"https:\/\/libreriadelmare.it\/en\/wp-json\/wp\/v2\/comments?post=89917"}],"wp:featuredmedia":[{"embeddable":true,"href":"https:\/\/libreriadelmare.it\/en\/wp-json\/wp\/v2\/media\/89918"}],"wp:attachment":[{"href":"https:\/\/libreriadelmare.it\/en\/wp-json\/wp\/v2\/media?parent=89917"}],"wp:term":[{"taxonomy":"product_brand","embeddable":true,"href":"https:\/\/libreriadelmare.it\/en\/wp-json\/wp\/v2\/product_brand?post=89917"},{"taxonomy":"product_cat","embeddable":true,"href":"https:\/\/libreriadelmare.it\/en\/wp-json\/wp\/v2\/product_cat?post=89917"},{"taxonomy":"product_tag","embeddable":true,"href":"https:\/\/libreriadelmare.it\/en\/wp-json\/wp\/v2\/product_tag?post=89917"}],"curies":[{"name":"wp","href":"https:\/\/api.w.org\/{rel}","templated":true}]}}