{"id":88549,"date":"2019-02-03T19:28:33","date_gmt":"2019-02-03T18:28:33","guid":{"rendered":"https:\/\/libreriadelmare.it\/negozio\/uncategorized\/norme-per-l-impiego-e-conservazione-delle-dotazioni-nautiche-i-i-3024\/"},"modified":"2026-04-04T02:39:43","modified_gmt":"2026-04-04T00:39:43","slug":"norme-per-l-impiego-e-conservazione-delle-dotazioni-nautiche-i-i-3024","status":"publish","type":"product","link":"https:\/\/libreriadelmare.it\/en\/shop\/norme-per-l-impiego-e-conservazione-delle-dotazioni-nautiche-i-i-3024\/","title":{"rendered":"norme per l&#8217;impiego e conservazione delle dotazioni nautiche"},"content":{"rendered":"<p>Contenuto del libro: Documenti Nautici (Generalit\u00e0, Documenti Nautici ad aggiornamento sistematico, Documenti Nautici ad aggiornamento occasionale, L&#8217;aggiornamento dei Documenti Nautici, Come procurarsi i Documenti Nautici); Strumenti nautici e meteorologici (Generalit\u00e0, Bussole magnetiche, Cronometri, Orologi, Sestanti, Strumenti meteorologici); Norme amministrative per le autorit\u00e0 della Marina Militare (Norme amministrative per le autorit\u00e0 della Marina Militare relative alla distribuzione dei Documenti Nautici, Norme amministrative per le autorit\u00e0 della Marina Militare relative alla distribuzione degli strumenti nautici e meteorologici).<\/p>\n<p>Edizione: 1995<\/p>\n","protected":false},"excerpt":{"rendered":"<p class=\"editore\"><span>Publisher: <\/span>istituto idrografico della marina (IIM)<\/p>\n<p class=\"isbn\"><span>ISBN: <\/span>I.I.3024<\/p>\n","protected":false},"featured_media":88550,"comment_status":"open","ping_status":"closed","template":"","meta":[],"product_brand":[],"product_cat":[2564],"product_tag":[],"class_list":{"0":"post-88549","1":"product","2":"type-product","3":"status-publish","4":"has-post-thumbnail","6":"product_cat-books-navigation-official-documents","8":"first","9":"onbackorder","10":"taxable","11":"shipping-taxable","12":"purchasable","13":"product-type-simple"},"yoast_head":"<!-- This site is optimized with the Yoast SEO Premium plugin v27.1 (Yoast SEO v27.3) - https:\/\/yoast.com\/product\/yoast-seo-premium-wordpress\/ -->\n<title>norme per l&#039;impiego e conservazione delle dotazioni nautiche - Libreria del Mare<\/title>\n<meta name=\"robots\" content=\"index, follow, max-snippet:-1, max-image-preview:large, max-video-preview:-1\" \/>\n<link rel=\"canonical\" href=\"https:\/\/libreriadelmare.it\/en\/shop\/norme-per-l-impiego-e-conservazione-delle-dotazioni-nautiche-i-i-3024\/\" \/>\n<meta property=\"og:locale\" content=\"en_US\" \/>\n<meta property=\"og:type\" content=\"article\" \/>\n<meta property=\"og:title\" content=\"norme per l&#039;impiego e conservazione delle dotazioni nautiche\" \/>\n<meta property=\"og:description\" content=\"Publisher: istituto idrografico della marina (IIM)ISBN: I.I.3024\" \/>\n<meta property=\"og:url\" content=\"https:\/\/libreriadelmare.it\/en\/shop\/norme-per-l-impiego-e-conservazione-delle-dotazioni-nautiche-i-i-3024\/\" \/>\n<meta property=\"og:site_name\" content=\"Libreria del Mare\" \/>\n<meta property=\"article:publisher\" content=\"https:\/\/www.facebook.com\/libreriadelmare\" \/>\n<meta property=\"article:modified_time\" content=\"2026-04-04T00:39:43+00:00\" \/>\n<meta property=\"og:image\" content=\"https:\/\/libreriadelmare.it\/wp-content\/uploads\/normeperimpiegoconservazionedotazioninautiche.jpg\" \/>\n\t<meta property=\"og:image:width\" content=\"434\" \/>\n\t<meta property=\"og:image:height\" content=\"610\" \/>\n\t<meta property=\"og:image:type\" content=\"image\/jpeg\" \/>\n<meta name=\"twitter:card\" content=\"summary_large_image\" \/>\n<meta name=\"twitter:label1\" content=\"Price\" \/>\n\t<meta name=\"twitter:data1\" content=\"&euro;33,00\" \/>\n\t<meta name=\"twitter:label2\" content=\"Availability\" \/>\n\t<meta name=\"twitter:data2\" content=\"On backorder\" \/>\n<script type=\"application\/ld+json\" class=\"yoast-schema-graph\">{\"@context\":\"https:\\\/\\\/schema.org\",\"@graph\":[{\"@type\":\"WebPage\",\"@id\":\"https:\\\/\\\/libreriadelmare.it\\\/en\\\/shop\\\/norme-per-l-impiego-e-conservazione-delle-dotazioni-nautiche-i-i-3024\\\/\",\"url\":\"https:\\\/\\\/libreriadelmare.it\\\/en\\\/shop\\\/norme-per-l-impiego-e-conservazione-delle-dotazioni-nautiche-i-i-3024\\\/\",\"name\":\"norme per l'impiego e conservazione delle dotazioni nautiche - Libreria del Mare\",\"isPartOf\":{\"@id\":\"https:\\\/\\\/libreriadelmare.it\\\/en\\\/#website\"},\"primaryImageOfPage\":{\"@id\":\"https:\\\/\\\/libreriadelmare.it\\\/en\\\/shop\\\/norme-per-l-impiego-e-conservazione-delle-dotazioni-nautiche-i-i-3024\\\/#primaryimage\"},\"image\":{\"@id\":\"https:\\\/\\\/libreriadelmare.it\\\/en\\\/shop\\\/norme-per-l-impiego-e-conservazione-delle-dotazioni-nautiche-i-i-3024\\\/#primaryimage\"},\"thumbnailUrl\":\"https:\\\/\\\/libreriadelmare.it\\\/wp-content\\\/uploads\\\/normeperimpiegoconservazionedotazioninautiche.jpg\",\"datePublished\":\"2019-02-03T18:28:33+00:00\",\"dateModified\":\"2026-04-04T00:39:43+00:00\",\"breadcrumb\":{\"@id\":\"https:\\\/\\\/libreriadelmare.it\\\/en\\\/shop\\\/norme-per-l-impiego-e-conservazione-delle-dotazioni-nautiche-i-i-3024\\\/#breadcrumb\"},\"inLanguage\":\"en-US\",\"potentialAction\":[{\"@type\":\"ReadAction\",\"target\":[\"https:\\\/\\\/libreriadelmare.it\\\/en\\\/shop\\\/norme-per-l-impiego-e-conservazione-delle-dotazioni-nautiche-i-i-3024\\\/\"]}]},{\"@type\":\"ImageObject\",\"inLanguage\":\"en-US\",\"@id\":\"https:\\\/\\\/libreriadelmare.it\\\/en\\\/shop\\\/norme-per-l-impiego-e-conservazione-delle-dotazioni-nautiche-i-i-3024\\\/#primaryimage\",\"url\":\"https:\\\/\\\/libreriadelmare.it\\\/wp-content\\\/uploads\\\/normeperimpiegoconservazionedotazioninautiche.jpg\",\"contentUrl\":\"https:\\\/\\\/libreriadelmare.it\\\/wp-content\\\/uploads\\\/normeperimpiegoconservazionedotazioninautiche.jpg\",\"width\":434,\"height\":610},{\"@type\":\"BreadcrumbList\",\"@id\":\"https:\\\/\\\/libreriadelmare.it\\\/en\\\/shop\\\/norme-per-l-impiego-e-conservazione-delle-dotazioni-nautiche-i-i-3024\\\/#breadcrumb\",\"itemListElement\":[{\"@type\":\"ListItem\",\"position\":1,\"name\":\"Home\",\"item\":\"https:\\\/\\\/libreriadelmare.it\\\/en\\\/\"},{\"@type\":\"ListItem\",\"position\":2,\"name\":\"Shop\",\"item\":\"https:\\\/\\\/libreriadelmare.it\\\/en\\\/shop\\\/\"},{\"@type\":\"ListItem\",\"position\":3,\"name\":\"norme per l&#8217;impiego e conservazione delle dotazioni nautiche\"}]},{\"@type\":\"WebSite\",\"@id\":\"https:\\\/\\\/libreriadelmare.it\\\/en\\\/#website\",\"url\":\"https:\\\/\\\/libreriadelmare.it\\\/en\\\/\",\"name\":\"Libreria del Mare - Milano\",\"description\":\"\",\"publisher\":{\"@id\":\"https:\\\/\\\/libreriadelmare.it\\\/en\\\/#organization\"},\"potentialAction\":[{\"@type\":\"SearchAction\",\"target\":{\"@type\":\"EntryPoint\",\"urlTemplate\":\"https:\\\/\\\/libreriadelmare.it\\\/en\\\/?s={search_term_string}\"},\"query-input\":{\"@type\":\"PropertyValueSpecification\",\"valueRequired\":true,\"valueName\":\"search_term_string\"}}],\"inLanguage\":\"en-US\"},{\"@type\":\"Organization\",\"@id\":\"https:\\\/\\\/libreriadelmare.it\\\/en\\\/#organization\",\"name\":\"Libreria del Mare - Milano\",\"url\":\"https:\\\/\\\/libreriadelmare.it\\\/en\\\/\",\"logo\":{\"@type\":\"ImageObject\",\"inLanguage\":\"en-US\",\"@id\":\"https:\\\/\\\/libreriadelmare.it\\\/en\\\/#\\\/schema\\\/logo\\\/image\\\/\",\"url\":\"https:\\\/\\\/libreriadelmare.it\\\/wp-content\\\/uploads\\\/2018\\\/07\\\/logo-blu.png\",\"contentUrl\":\"https:\\\/\\\/libreriadelmare.it\\\/wp-content\\\/uploads\\\/2018\\\/07\\\/logo-blu.png\",\"width\":600,\"height\":162,\"caption\":\"Libreria del Mare - Milano\"},\"image\":{\"@id\":\"https:\\\/\\\/libreriadelmare.it\\\/en\\\/#\\\/schema\\\/logo\\\/image\\\/\"},\"sameAs\":[\"https:\\\/\\\/www.facebook.com\\\/libreriadelmare\",\"https:\\\/\\\/www.instagram.com\\\/libreriadelmare\\\/\"],\"hasMerchantReturnPolicy\":{\"@type\":\"MerchantReturnPolicy\",\"merchantReturnLink\":\"https:\\\/\\\/libreriadelmare.it\\\/diritto-di-recesso\\\/\"}}]}<\/script>\n<meta property=\"product:price:amount\" content=\"33.00\" \/>\n<meta property=\"product:price:currency\" content=\"EUR\" \/>\n<meta property=\"og:availability\" content=\"backorder\" \/>\n<meta property=\"product:availability\" content=\"available for order\" \/>\n<meta property=\"product:retailer_item_id\" content=\"I.I.3024\" \/>\n<meta property=\"product:condition\" content=\"new\" \/>\n<!-- \/ Yoast SEO Premium plugin. -->","yoast_head_json":{"title":"norme per l'impiego e conservazione delle dotazioni nautiche - Libreria del Mare","robots":{"index":"index","follow":"follow","max-snippet":"max-snippet:-1","max-image-preview":"max-image-preview:large","max-video-preview":"max-video-preview:-1"},"canonical":"https:\/\/libreriadelmare.it\/en\/shop\/norme-per-l-impiego-e-conservazione-delle-dotazioni-nautiche-i-i-3024\/","og_locale":"en_US","og_type":"article","og_title":"norme per l'impiego e conservazione delle dotazioni nautiche","og_description":"Publisher: istituto idrografico della marina (IIM)ISBN: I.I.3024","og_url":"https:\/\/libreriadelmare.it\/en\/shop\/norme-per-l-impiego-e-conservazione-delle-dotazioni-nautiche-i-i-3024\/","og_site_name":"Libreria del Mare","article_publisher":"https:\/\/www.facebook.com\/libreriadelmare","article_modified_time":"2026-04-04T00:39:43+00:00","og_image":[{"width":434,"height":610,"url":"https:\/\/libreriadelmare.it\/wp-content\/uploads\/normeperimpiegoconservazionedotazioninautiche.jpg","type":"image\/jpeg"}],"twitter_card":"summary_large_image","twitter_misc":{"Price":"&euro;33,00","Availability":"On backorder"},"schema":{"@context":"https:\/\/schema.org","@graph":[{"@type":"WebPage","@id":"https:\/\/libreriadelmare.it\/en\/shop\/norme-per-l-impiego-e-conservazione-delle-dotazioni-nautiche-i-i-3024\/","url":"https:\/\/libreriadelmare.it\/en\/shop\/norme-per-l-impiego-e-conservazione-delle-dotazioni-nautiche-i-i-3024\/","name":"norme per l'impiego e conservazione delle dotazioni nautiche - Libreria del Mare","isPartOf":{"@id":"https:\/\/libreriadelmare.it\/en\/#website"},"primaryImageOfPage":{"@id":"https:\/\/libreriadelmare.it\/en\/shop\/norme-per-l-impiego-e-conservazione-delle-dotazioni-nautiche-i-i-3024\/#primaryimage"},"image":{"@id":"https:\/\/libreriadelmare.it\/en\/shop\/norme-per-l-impiego-e-conservazione-delle-dotazioni-nautiche-i-i-3024\/#primaryimage"},"thumbnailUrl":"https:\/\/libreriadelmare.it\/wp-content\/uploads\/normeperimpiegoconservazionedotazioninautiche.jpg","datePublished":"2019-02-03T18:28:33+00:00","dateModified":"2026-04-04T00:39:43+00:00","breadcrumb":{"@id":"https:\/\/libreriadelmare.it\/en\/shop\/norme-per-l-impiego-e-conservazione-delle-dotazioni-nautiche-i-i-3024\/#breadcrumb"},"inLanguage":"en-US","potentialAction":[{"@type":"ReadAction","target":["https:\/\/libreriadelmare.it\/en\/shop\/norme-per-l-impiego-e-conservazione-delle-dotazioni-nautiche-i-i-3024\/"]}]},{"@type":"ImageObject","inLanguage":"en-US","@id":"https:\/\/libreriadelmare.it\/en\/shop\/norme-per-l-impiego-e-conservazione-delle-dotazioni-nautiche-i-i-3024\/#primaryimage","url":"https:\/\/libreriadelmare.it\/wp-content\/uploads\/normeperimpiegoconservazionedotazioninautiche.jpg","contentUrl":"https:\/\/libreriadelmare.it\/wp-content\/uploads\/normeperimpiegoconservazionedotazioninautiche.jpg","width":434,"height":610},{"@type":"BreadcrumbList","@id":"https:\/\/libreriadelmare.it\/en\/shop\/norme-per-l-impiego-e-conservazione-delle-dotazioni-nautiche-i-i-3024\/#breadcrumb","itemListElement":[{"@type":"ListItem","position":1,"name":"Home","item":"https:\/\/libreriadelmare.it\/en\/"},{"@type":"ListItem","position":2,"name":"Shop","item":"https:\/\/libreriadelmare.it\/en\/shop\/"},{"@type":"ListItem","position":3,"name":"norme per l&#8217;impiego e conservazione delle dotazioni nautiche"}]},{"@type":"WebSite","@id":"https:\/\/libreriadelmare.it\/en\/#website","url":"https:\/\/libreriadelmare.it\/en\/","name":"Libreria del Mare - Milano","description":"","publisher":{"@id":"https:\/\/libreriadelmare.it\/en\/#organization"},"potentialAction":[{"@type":"SearchAction","target":{"@type":"EntryPoint","urlTemplate":"https:\/\/libreriadelmare.it\/en\/?s={search_term_string}"},"query-input":{"@type":"PropertyValueSpecification","valueRequired":true,"valueName":"search_term_string"}}],"inLanguage":"en-US"},{"@type":"Organization","@id":"https:\/\/libreriadelmare.it\/en\/#organization","name":"Libreria del Mare - Milano","url":"https:\/\/libreriadelmare.it\/en\/","logo":{"@type":"ImageObject","inLanguage":"en-US","@id":"https:\/\/libreriadelmare.it\/en\/#\/schema\/logo\/image\/","url":"https:\/\/libreriadelmare.it\/wp-content\/uploads\/2018\/07\/logo-blu.png","contentUrl":"https:\/\/libreriadelmare.it\/wp-content\/uploads\/2018\/07\/logo-blu.png","width":600,"height":162,"caption":"Libreria del Mare - Milano"},"image":{"@id":"https:\/\/libreriadelmare.it\/en\/#\/schema\/logo\/image\/"},"sameAs":["https:\/\/www.facebook.com\/libreriadelmare","https:\/\/www.instagram.com\/libreriadelmare\/"],"hasMerchantReturnPolicy":{"@type":"MerchantReturnPolicy","merchantReturnLink":"https:\/\/libreriadelmare.it\/diritto-di-recesso\/"}}]},"product_price_amount":"33.00","product_price_currency":"EUR","og_availability":"backorder","product_availability":"available for order","product_retailer_item_id":"I.I.3024","product_condition":"new"},"_links":{"self":[{"href":"https:\/\/libreriadelmare.it\/en\/wp-json\/wp\/v2\/product\/88549","targetHints":{"allow":["GET"]}}],"collection":[{"href":"https:\/\/libreriadelmare.it\/en\/wp-json\/wp\/v2\/product"}],"about":[{"href":"https:\/\/libreriadelmare.it\/en\/wp-json\/wp\/v2\/types\/product"}],"replies":[{"embeddable":true,"href":"https:\/\/libreriadelmare.it\/en\/wp-json\/wp\/v2\/comments?post=88549"}],"wp:featuredmedia":[{"embeddable":true,"href":"https:\/\/libreriadelmare.it\/en\/wp-json\/wp\/v2\/media\/88550"}],"wp:attachment":[{"href":"https:\/\/libreriadelmare.it\/en\/wp-json\/wp\/v2\/media?parent=88549"}],"wp:term":[{"taxonomy":"product_brand","embeddable":true,"href":"https:\/\/libreriadelmare.it\/en\/wp-json\/wp\/v2\/product_brand?post=88549"},{"taxonomy":"product_cat","embeddable":true,"href":"https:\/\/libreriadelmare.it\/en\/wp-json\/wp\/v2\/product_cat?post=88549"},{"taxonomy":"product_tag","embeddable":true,"href":"https:\/\/libreriadelmare.it\/en\/wp-json\/wp\/v2\/product_tag?post=88549"}],"curies":[{"name":"wp","href":"https:\/\/api.w.org\/{rel}","templated":true}]}}