{"id":88296,"date":"2019-02-03T19:30:09","date_gmt":"2019-02-03T18:30:09","guid":{"rendered":"https:\/\/libreriadelmare.it\/negozio\/uncategorized\/les-poissons-d-aquarium-en-1000-photos-piednoir-m-c-piednoir-c-9782263026959\/"},"modified":"2026-04-04T02:36:45","modified_gmt":"2026-04-04T00:36:45","slug":"les-poissons-d-aquarium-en-1000-photos-piednoir-m-c-piednoir-c-9782263026959","status":"publish","type":"product","link":"https:\/\/libreriadelmare.it\/en\/shop\/les-poissons-d-aquarium-en-1000-photos-piednoir-m-c-piednoir-c-9782263026959\/","title":{"rendered":"les poissons d&#8217;aquarium en 1000 photos"},"content":{"rendered":"<p>Avec &#8220;Les poissons d&#8217;aquarium en 1000 photos&#8221;, les auteurs ont r\u00e9alis\u00e9 un livre \u00e0 part en offrant un floril\u00e8ge \u00e0 la gloire des poissons. Ces photographes sp\u00e9cialis\u00e9s ont sillonn\u00e9 le monde \u00e0 la recherche des sp\u00e9cimens les plus color\u00e9s et des comportements les plus insolites. Si ce large panorama est un plaisir pour les yeux, une grande rigueur a aussi \u00e9t\u00e9 apport\u00e9e \u00e0 l&#8217;aspect descriptif de chacun des poissons. Quel que soit son milieu naturel, l&#8217;eau douce ou l&#8217;eau de mer, chaque grand groupe est pr\u00e9sent\u00e9 avec des d\u00e9tails parfois \u00e9tonnants: incubation buccale des cichlid\u00e9s, inversion sexuelle des poissons-clowns, boulimie suicidaire des antennaires&#8230; Vous pourrez ainsi partir \u00e0 la d\u00e9couverte d&#8217;un univers o\u00f9 sans cesse l&#8217;\u00e9trange c\u00f4toie le merveilleux.<\/p>\n","protected":false},"excerpt":{"rendered":"<p class=\"autore\"><span>Author: <\/span>piednoir m.c.  piednoir c.<\/p>\n<p class=\"isbn\"><span>ISBN: <\/span>9782263026959<\/p>\n","protected":false},"featured_media":88297,"comment_status":"open","ping_status":"closed","template":"","meta":[],"product_brand":[],"product_cat":[2594],"product_tag":[],"class_list":{"0":"post-88296","1":"product","2":"type-product","3":"status-publish","4":"has-post-thumbnail","6":"product_cat-aquariology","8":"first","9":"instock","10":"sale","11":"taxable","12":"shipping-taxable","13":"purchasable","14":"product-type-simple"},"yoast_head":"<!-- This site is optimized with the Yoast SEO Premium plugin v27.1 (Yoast SEO v27.3) - https:\/\/yoast.com\/product\/yoast-seo-premium-wordpress\/ -->\n<title>les poissons d&#039;aquarium en 1000 photos - Libreria del Mare<\/title>\n<meta name=\"robots\" content=\"index, follow, max-snippet:-1, max-image-preview:large, max-video-preview:-1\" \/>\n<link rel=\"canonical\" href=\"https:\/\/libreriadelmare.it\/en\/shop\/les-poissons-d-aquarium-en-1000-photos-piednoir-m-c-piednoir-c-9782263026959\/\" \/>\n<meta property=\"og:locale\" content=\"en_US\" \/>\n<meta property=\"og:type\" content=\"article\" \/>\n<meta property=\"og:title\" content=\"les poissons d&#039;aquarium en 1000 photos\" \/>\n<meta property=\"og:description\" content=\"Author: piednoir m.c. piednoir c.ISBN: 9782263026959\" \/>\n<meta property=\"og:url\" content=\"https:\/\/libreriadelmare.it\/en\/shop\/les-poissons-d-aquarium-en-1000-photos-piednoir-m-c-piednoir-c-9782263026959\/\" \/>\n<meta property=\"og:site_name\" content=\"Libreria del Mare\" \/>\n<meta property=\"article:publisher\" content=\"https:\/\/www.facebook.com\/libreriadelmare\" \/>\n<meta property=\"article:modified_time\" content=\"2026-04-04T00:36:45+00:00\" \/>\n<meta property=\"og:image\" content=\"https:\/\/libreriadelmare.it\/wp-content\/uploads\/poissonsdaquariumen1000photos.jpg\" \/>\n\t<meta property=\"og:image:width\" content=\"361\" \/>\n\t<meta property=\"og:image:height\" content=\"500\" \/>\n\t<meta property=\"og:image:type\" content=\"image\/jpeg\" \/>\n<meta name=\"twitter:card\" content=\"summary_large_image\" \/>\n<meta name=\"twitter:label1\" content=\"Price\" \/>\n\t<meta name=\"twitter:data1\" content=\"&euro;21,00\" \/>\n\t<meta name=\"twitter:label2\" content=\"Availability\" \/>\n\t<meta name=\"twitter:data2\" content=\"In stock\" \/>\n<script type=\"application\/ld+json\" class=\"yoast-schema-graph\">{\"@context\":\"https:\\\/\\\/schema.org\",\"@graph\":[{\"@type\":\"WebPage\",\"@id\":\"https:\\\/\\\/libreriadelmare.it\\\/en\\\/shop\\\/les-poissons-d-aquarium-en-1000-photos-piednoir-m-c-piednoir-c-9782263026959\\\/\",\"url\":\"https:\\\/\\\/libreriadelmare.it\\\/en\\\/shop\\\/les-poissons-d-aquarium-en-1000-photos-piednoir-m-c-piednoir-c-9782263026959\\\/\",\"name\":\"les poissons d'aquarium en 1000 photos - Libreria del Mare\",\"isPartOf\":{\"@id\":\"https:\\\/\\\/libreriadelmare.it\\\/en\\\/#website\"},\"primaryImageOfPage\":{\"@id\":\"https:\\\/\\\/libreriadelmare.it\\\/en\\\/shop\\\/les-poissons-d-aquarium-en-1000-photos-piednoir-m-c-piednoir-c-9782263026959\\\/#primaryimage\"},\"image\":{\"@id\":\"https:\\\/\\\/libreriadelmare.it\\\/en\\\/shop\\\/les-poissons-d-aquarium-en-1000-photos-piednoir-m-c-piednoir-c-9782263026959\\\/#primaryimage\"},\"thumbnailUrl\":\"https:\\\/\\\/libreriadelmare.it\\\/wp-content\\\/uploads\\\/poissonsdaquariumen1000photos.jpg\",\"datePublished\":\"2019-02-03T18:30:09+00:00\",\"dateModified\":\"2026-04-04T00:36:45+00:00\",\"breadcrumb\":{\"@id\":\"https:\\\/\\\/libreriadelmare.it\\\/en\\\/shop\\\/les-poissons-d-aquarium-en-1000-photos-piednoir-m-c-piednoir-c-9782263026959\\\/#breadcrumb\"},\"inLanguage\":\"en-US\",\"potentialAction\":[{\"@type\":\"ReadAction\",\"target\":[\"https:\\\/\\\/libreriadelmare.it\\\/en\\\/shop\\\/les-poissons-d-aquarium-en-1000-photos-piednoir-m-c-piednoir-c-9782263026959\\\/\"]}]},{\"@type\":\"ImageObject\",\"inLanguage\":\"en-US\",\"@id\":\"https:\\\/\\\/libreriadelmare.it\\\/en\\\/shop\\\/les-poissons-d-aquarium-en-1000-photos-piednoir-m-c-piednoir-c-9782263026959\\\/#primaryimage\",\"url\":\"https:\\\/\\\/libreriadelmare.it\\\/wp-content\\\/uploads\\\/poissonsdaquariumen1000photos.jpg\",\"contentUrl\":\"https:\\\/\\\/libreriadelmare.it\\\/wp-content\\\/uploads\\\/poissonsdaquariumen1000photos.jpg\",\"width\":361,\"height\":500},{\"@type\":\"BreadcrumbList\",\"@id\":\"https:\\\/\\\/libreriadelmare.it\\\/en\\\/shop\\\/les-poissons-d-aquarium-en-1000-photos-piednoir-m-c-piednoir-c-9782263026959\\\/#breadcrumb\",\"itemListElement\":[{\"@type\":\"ListItem\",\"position\":1,\"name\":\"Home\",\"item\":\"https:\\\/\\\/libreriadelmare.it\\\/en\\\/\"},{\"@type\":\"ListItem\",\"position\":2,\"name\":\"Shop\",\"item\":\"https:\\\/\\\/libreriadelmare.it\\\/en\\\/shop\\\/\"},{\"@type\":\"ListItem\",\"position\":3,\"name\":\"les poissons d&#8217;aquarium en 1000 photos\"}]},{\"@type\":\"WebSite\",\"@id\":\"https:\\\/\\\/libreriadelmare.it\\\/en\\\/#website\",\"url\":\"https:\\\/\\\/libreriadelmare.it\\\/en\\\/\",\"name\":\"Libreria del Mare - Milano\",\"description\":\"\",\"publisher\":{\"@id\":\"https:\\\/\\\/libreriadelmare.it\\\/en\\\/#organization\"},\"potentialAction\":[{\"@type\":\"SearchAction\",\"target\":{\"@type\":\"EntryPoint\",\"urlTemplate\":\"https:\\\/\\\/libreriadelmare.it\\\/en\\\/?s={search_term_string}\"},\"query-input\":{\"@type\":\"PropertyValueSpecification\",\"valueRequired\":true,\"valueName\":\"search_term_string\"}}],\"inLanguage\":\"en-US\"},{\"@type\":\"Organization\",\"@id\":\"https:\\\/\\\/libreriadelmare.it\\\/en\\\/#organization\",\"name\":\"Libreria del Mare - Milano\",\"url\":\"https:\\\/\\\/libreriadelmare.it\\\/en\\\/\",\"logo\":{\"@type\":\"ImageObject\",\"inLanguage\":\"en-US\",\"@id\":\"https:\\\/\\\/libreriadelmare.it\\\/en\\\/#\\\/schema\\\/logo\\\/image\\\/\",\"url\":\"https:\\\/\\\/libreriadelmare.it\\\/wp-content\\\/uploads\\\/2018\\\/07\\\/logo-blu.png\",\"contentUrl\":\"https:\\\/\\\/libreriadelmare.it\\\/wp-content\\\/uploads\\\/2018\\\/07\\\/logo-blu.png\",\"width\":600,\"height\":162,\"caption\":\"Libreria del Mare - Milano\"},\"image\":{\"@id\":\"https:\\\/\\\/libreriadelmare.it\\\/en\\\/#\\\/schema\\\/logo\\\/image\\\/\"},\"sameAs\":[\"https:\\\/\\\/www.facebook.com\\\/libreriadelmare\",\"https:\\\/\\\/www.instagram.com\\\/libreriadelmare\\\/\"],\"hasMerchantReturnPolicy\":{\"@type\":\"MerchantReturnPolicy\",\"merchantReturnLink\":\"https:\\\/\\\/libreriadelmare.it\\\/diritto-di-recesso\\\/\"}}]}<\/script>\n<meta property=\"product:price:amount\" content=\"21.00\" \/>\n<meta property=\"product:price:currency\" content=\"EUR\" \/>\n<meta property=\"og:availability\" content=\"instock\" \/>\n<meta property=\"product:availability\" content=\"instock\" \/>\n<meta property=\"product:retailer_item_id\" content=\"9782263026959\" \/>\n<meta property=\"product:condition\" content=\"new\" \/>\n<!-- \/ Yoast SEO Premium plugin. -->","yoast_head_json":{"title":"les poissons d'aquarium en 1000 photos - Libreria del Mare","robots":{"index":"index","follow":"follow","max-snippet":"max-snippet:-1","max-image-preview":"max-image-preview:large","max-video-preview":"max-video-preview:-1"},"canonical":"https:\/\/libreriadelmare.it\/en\/shop\/les-poissons-d-aquarium-en-1000-photos-piednoir-m-c-piednoir-c-9782263026959\/","og_locale":"en_US","og_type":"article","og_title":"les poissons d'aquarium en 1000 photos","og_description":"Author: piednoir m.c. piednoir c.ISBN: 9782263026959","og_url":"https:\/\/libreriadelmare.it\/en\/shop\/les-poissons-d-aquarium-en-1000-photos-piednoir-m-c-piednoir-c-9782263026959\/","og_site_name":"Libreria del Mare","article_publisher":"https:\/\/www.facebook.com\/libreriadelmare","article_modified_time":"2026-04-04T00:36:45+00:00","og_image":[{"width":361,"height":500,"url":"https:\/\/libreriadelmare.it\/wp-content\/uploads\/poissonsdaquariumen1000photos.jpg","type":"image\/jpeg"}],"twitter_card":"summary_large_image","twitter_misc":{"Price":"&euro;21,00","Availability":"In stock"},"schema":{"@context":"https:\/\/schema.org","@graph":[{"@type":"WebPage","@id":"https:\/\/libreriadelmare.it\/en\/shop\/les-poissons-d-aquarium-en-1000-photos-piednoir-m-c-piednoir-c-9782263026959\/","url":"https:\/\/libreriadelmare.it\/en\/shop\/les-poissons-d-aquarium-en-1000-photos-piednoir-m-c-piednoir-c-9782263026959\/","name":"les poissons d'aquarium en 1000 photos - Libreria del Mare","isPartOf":{"@id":"https:\/\/libreriadelmare.it\/en\/#website"},"primaryImageOfPage":{"@id":"https:\/\/libreriadelmare.it\/en\/shop\/les-poissons-d-aquarium-en-1000-photos-piednoir-m-c-piednoir-c-9782263026959\/#primaryimage"},"image":{"@id":"https:\/\/libreriadelmare.it\/en\/shop\/les-poissons-d-aquarium-en-1000-photos-piednoir-m-c-piednoir-c-9782263026959\/#primaryimage"},"thumbnailUrl":"https:\/\/libreriadelmare.it\/wp-content\/uploads\/poissonsdaquariumen1000photos.jpg","datePublished":"2019-02-03T18:30:09+00:00","dateModified":"2026-04-04T00:36:45+00:00","breadcrumb":{"@id":"https:\/\/libreriadelmare.it\/en\/shop\/les-poissons-d-aquarium-en-1000-photos-piednoir-m-c-piednoir-c-9782263026959\/#breadcrumb"},"inLanguage":"en-US","potentialAction":[{"@type":"ReadAction","target":["https:\/\/libreriadelmare.it\/en\/shop\/les-poissons-d-aquarium-en-1000-photos-piednoir-m-c-piednoir-c-9782263026959\/"]}]},{"@type":"ImageObject","inLanguage":"en-US","@id":"https:\/\/libreriadelmare.it\/en\/shop\/les-poissons-d-aquarium-en-1000-photos-piednoir-m-c-piednoir-c-9782263026959\/#primaryimage","url":"https:\/\/libreriadelmare.it\/wp-content\/uploads\/poissonsdaquariumen1000photos.jpg","contentUrl":"https:\/\/libreriadelmare.it\/wp-content\/uploads\/poissonsdaquariumen1000photos.jpg","width":361,"height":500},{"@type":"BreadcrumbList","@id":"https:\/\/libreriadelmare.it\/en\/shop\/les-poissons-d-aquarium-en-1000-photos-piednoir-m-c-piednoir-c-9782263026959\/#breadcrumb","itemListElement":[{"@type":"ListItem","position":1,"name":"Home","item":"https:\/\/libreriadelmare.it\/en\/"},{"@type":"ListItem","position":2,"name":"Shop","item":"https:\/\/libreriadelmare.it\/en\/shop\/"},{"@type":"ListItem","position":3,"name":"les poissons d&#8217;aquarium en 1000 photos"}]},{"@type":"WebSite","@id":"https:\/\/libreriadelmare.it\/en\/#website","url":"https:\/\/libreriadelmare.it\/en\/","name":"Libreria del Mare - Milano","description":"","publisher":{"@id":"https:\/\/libreriadelmare.it\/en\/#organization"},"potentialAction":[{"@type":"SearchAction","target":{"@type":"EntryPoint","urlTemplate":"https:\/\/libreriadelmare.it\/en\/?s={search_term_string}"},"query-input":{"@type":"PropertyValueSpecification","valueRequired":true,"valueName":"search_term_string"}}],"inLanguage":"en-US"},{"@type":"Organization","@id":"https:\/\/libreriadelmare.it\/en\/#organization","name":"Libreria del Mare - Milano","url":"https:\/\/libreriadelmare.it\/en\/","logo":{"@type":"ImageObject","inLanguage":"en-US","@id":"https:\/\/libreriadelmare.it\/en\/#\/schema\/logo\/image\/","url":"https:\/\/libreriadelmare.it\/wp-content\/uploads\/2018\/07\/logo-blu.png","contentUrl":"https:\/\/libreriadelmare.it\/wp-content\/uploads\/2018\/07\/logo-blu.png","width":600,"height":162,"caption":"Libreria del Mare - Milano"},"image":{"@id":"https:\/\/libreriadelmare.it\/en\/#\/schema\/logo\/image\/"},"sameAs":["https:\/\/www.facebook.com\/libreriadelmare","https:\/\/www.instagram.com\/libreriadelmare\/"],"hasMerchantReturnPolicy":{"@type":"MerchantReturnPolicy","merchantReturnLink":"https:\/\/libreriadelmare.it\/diritto-di-recesso\/"}}]},"product_price_amount":"21.00","product_price_currency":"EUR","og_availability":"instock","product_availability":"instock","product_retailer_item_id":"9782263026959","product_condition":"new"},"_links":{"self":[{"href":"https:\/\/libreriadelmare.it\/en\/wp-json\/wp\/v2\/product\/88296","targetHints":{"allow":["GET"]}}],"collection":[{"href":"https:\/\/libreriadelmare.it\/en\/wp-json\/wp\/v2\/product"}],"about":[{"href":"https:\/\/libreriadelmare.it\/en\/wp-json\/wp\/v2\/types\/product"}],"replies":[{"embeddable":true,"href":"https:\/\/libreriadelmare.it\/en\/wp-json\/wp\/v2\/comments?post=88296"}],"wp:featuredmedia":[{"embeddable":true,"href":"https:\/\/libreriadelmare.it\/en\/wp-json\/wp\/v2\/media\/88297"}],"wp:attachment":[{"href":"https:\/\/libreriadelmare.it\/en\/wp-json\/wp\/v2\/media?parent=88296"}],"wp:term":[{"taxonomy":"product_brand","embeddable":true,"href":"https:\/\/libreriadelmare.it\/en\/wp-json\/wp\/v2\/product_brand?post=88296"},{"taxonomy":"product_cat","embeddable":true,"href":"https:\/\/libreriadelmare.it\/en\/wp-json\/wp\/v2\/product_cat?post=88296"},{"taxonomy":"product_tag","embeddable":true,"href":"https:\/\/libreriadelmare.it\/en\/wp-json\/wp\/v2\/product_tag?post=88296"}],"curies":[{"name":"wp","href":"https:\/\/api.w.org\/{rel}","templated":true}]}}