{"id":87432,"date":"2019-02-03T19:16:25","date_gmt":"2019-02-03T18:16:25","guid":{"rendered":"https:\/\/libreriadelmare.it\/negozio\/uncategorized\/graffiti-della-subacquea-italiana-martini-m-f-9788881635023\/"},"modified":"2026-04-11T02:59:55","modified_gmt":"2026-04-11T00:59:55","slug":"graffiti-della-subacquea-italiana-martini-m-f-9788881635023","status":"publish","type":"product","link":"https:\/\/libreriadelmare.it\/en\/shop\/graffiti-della-subacquea-italiana-martini-m-f-9788881635023\/","title":{"rendered":"graffiti della subacquea italiana"},"content":{"rendered":"<p>Dalla presentazione degli autori: &#8220;I nostri amici sanno che da anni cerchiamo &#8220;Graffiti&#8221; del mondo della subacquea e che con amore li archiviamo. Incitati da loro abbiamo deciso di far sapere a tutti cosa contengono i nostri raccoglitori. Tanti e tanti &#8220;Graffiti&#8221; devono essere portati alla luce per dare una voce a tutta la storia della subacquea, senza pregiudizi. Perci\u00f2 abbiamo selezionato il materiale pi\u00f9 intrigante ed \u00e8 nato questo album di ricordi. Non solo foto, documenti e stralci da vecchie pubblicazioni, ma anche testimonianze raccolte direttamente da chi ha tenuto a battesimo o fatto crescere la subacquea italiana.&#8221;<\/p>\n<p><P>&nbsp;<\/p>\n","protected":false},"excerpt":{"rendered":"<p class=\"sottotitolo\"><span>Subtitle: <\/span>la storia attraverso un caleidoscopio di foto, documenti e aneddoti<\/p>\n<p class=\"autore\"><span>Author: <\/span>martini m+f<\/p>\n<p class=\"editore\"><span>Publisher: <\/span>erga edizioni<\/p>\n<p class=\"isbn\"><span>ISBN: <\/span>9788881635023<\/p>\n","protected":false},"featured_media":87433,"comment_status":"open","ping_status":"closed","template":"","meta":[],"product_brand":[],"product_cat":[2590],"product_tag":[],"class_list":{"0":"post-87432","1":"product","2":"type-product","3":"status-publish","4":"has-post-thumbnail","6":"product_cat-books-diving-history","8":"first","9":"onbackorder","10":"taxable","11":"shipping-taxable","12":"purchasable","13":"product-type-simple"},"yoast_head":"<!-- This site is optimized with the Yoast SEO Premium plugin v27.1 (Yoast SEO v27.4) - https:\/\/yoast.com\/product\/yoast-seo-premium-wordpress\/ -->\n<title>graffiti della subacquea italiana - Libreria del Mare<\/title>\n<meta name=\"robots\" content=\"index, follow, max-snippet:-1, max-image-preview:large, max-video-preview:-1\" \/>\n<link rel=\"canonical\" href=\"https:\/\/libreriadelmare.it\/en\/shop\/graffiti-della-subacquea-italiana-martini-m-f-9788881635023\/\" \/>\n<meta property=\"og:locale\" content=\"en_US\" \/>\n<meta property=\"og:type\" content=\"article\" \/>\n<meta property=\"og:title\" content=\"graffiti della subacquea italiana\" \/>\n<meta property=\"og:description\" content=\"Subtitle: la storia attraverso un caleidoscopio di foto, documenti e aneddotiAuthor: martini m+fPublisher: erga edizioniISBN: 9788881635023\" \/>\n<meta property=\"og:url\" content=\"https:\/\/libreriadelmare.it\/en\/shop\/graffiti-della-subacquea-italiana-martini-m-f-9788881635023\/\" \/>\n<meta property=\"og:site_name\" content=\"Libreria del Mare\" \/>\n<meta property=\"article:publisher\" content=\"https:\/\/www.facebook.com\/libreriadelmare\" \/>\n<meta property=\"article:modified_time\" content=\"2026-04-11T00:59:55+00:00\" \/>\n<meta property=\"og:image\" content=\"https:\/\/libreriadelmare.it\/wp-content\/uploads\/graffitidellasubacqueaitaliana.jpg\" \/>\n\t<meta property=\"og:image:width\" content=\"400\" \/>\n\t<meta property=\"og:image:height\" content=\"592\" \/>\n\t<meta property=\"og:image:type\" content=\"image\/jpeg\" \/>\n<meta name=\"twitter:card\" content=\"summary_large_image\" \/>\n<meta name=\"twitter:label1\" content=\"Price\" \/>\n\t<meta name=\"twitter:data1\" content=\"&euro;18,90\" \/>\n\t<meta name=\"twitter:label2\" content=\"Availability\" \/>\n\t<meta name=\"twitter:data2\" content=\"On backorder\" \/>\n<script type=\"application\/ld+json\" class=\"yoast-schema-graph\">{\"@context\":\"https:\\\/\\\/schema.org\",\"@graph\":[{\"@type\":\"WebPage\",\"@id\":\"https:\\\/\\\/libreriadelmare.it\\\/en\\\/shop\\\/graffiti-della-subacquea-italiana-martini-m-f-9788881635023\\\/\",\"url\":\"https:\\\/\\\/libreriadelmare.it\\\/en\\\/shop\\\/graffiti-della-subacquea-italiana-martini-m-f-9788881635023\\\/\",\"name\":\"graffiti della subacquea italiana - Libreria del Mare\",\"isPartOf\":{\"@id\":\"https:\\\/\\\/libreriadelmare.it\\\/en\\\/#website\"},\"primaryImageOfPage\":{\"@id\":\"https:\\\/\\\/libreriadelmare.it\\\/en\\\/shop\\\/graffiti-della-subacquea-italiana-martini-m-f-9788881635023\\\/#primaryimage\"},\"image\":{\"@id\":\"https:\\\/\\\/libreriadelmare.it\\\/en\\\/shop\\\/graffiti-della-subacquea-italiana-martini-m-f-9788881635023\\\/#primaryimage\"},\"thumbnailUrl\":\"https:\\\/\\\/libreriadelmare.it\\\/wp-content\\\/uploads\\\/graffitidellasubacqueaitaliana.jpg\",\"datePublished\":\"2019-02-03T18:16:25+00:00\",\"dateModified\":\"2026-04-11T00:59:55+00:00\",\"breadcrumb\":{\"@id\":\"https:\\\/\\\/libreriadelmare.it\\\/en\\\/shop\\\/graffiti-della-subacquea-italiana-martini-m-f-9788881635023\\\/#breadcrumb\"},\"inLanguage\":\"en-US\",\"potentialAction\":[{\"@type\":\"ReadAction\",\"target\":[\"https:\\\/\\\/libreriadelmare.it\\\/en\\\/shop\\\/graffiti-della-subacquea-italiana-martini-m-f-9788881635023\\\/\"]}]},{\"@type\":\"ImageObject\",\"inLanguage\":\"en-US\",\"@id\":\"https:\\\/\\\/libreriadelmare.it\\\/en\\\/shop\\\/graffiti-della-subacquea-italiana-martini-m-f-9788881635023\\\/#primaryimage\",\"url\":\"https:\\\/\\\/libreriadelmare.it\\\/wp-content\\\/uploads\\\/graffitidellasubacqueaitaliana.jpg\",\"contentUrl\":\"https:\\\/\\\/libreriadelmare.it\\\/wp-content\\\/uploads\\\/graffitidellasubacqueaitaliana.jpg\",\"width\":400,\"height\":592},{\"@type\":\"BreadcrumbList\",\"@id\":\"https:\\\/\\\/libreriadelmare.it\\\/en\\\/shop\\\/graffiti-della-subacquea-italiana-martini-m-f-9788881635023\\\/#breadcrumb\",\"itemListElement\":[{\"@type\":\"ListItem\",\"position\":1,\"name\":\"Home\",\"item\":\"https:\\\/\\\/libreriadelmare.it\\\/en\\\/\"},{\"@type\":\"ListItem\",\"position\":2,\"name\":\"Shop\",\"item\":\"https:\\\/\\\/libreriadelmare.it\\\/en\\\/shop\\\/\"},{\"@type\":\"ListItem\",\"position\":3,\"name\":\"graffiti della subacquea italiana\"}]},{\"@type\":\"WebSite\",\"@id\":\"https:\\\/\\\/libreriadelmare.it\\\/en\\\/#website\",\"url\":\"https:\\\/\\\/libreriadelmare.it\\\/en\\\/\",\"name\":\"Libreria del Mare - Milano\",\"description\":\"\",\"publisher\":{\"@id\":\"https:\\\/\\\/libreriadelmare.it\\\/en\\\/#organization\"},\"potentialAction\":[{\"@type\":\"SearchAction\",\"target\":{\"@type\":\"EntryPoint\",\"urlTemplate\":\"https:\\\/\\\/libreriadelmare.it\\\/en\\\/?s={search_term_string}\"},\"query-input\":{\"@type\":\"PropertyValueSpecification\",\"valueRequired\":true,\"valueName\":\"search_term_string\"}}],\"inLanguage\":\"en-US\"},{\"@type\":\"Organization\",\"@id\":\"https:\\\/\\\/libreriadelmare.it\\\/en\\\/#organization\",\"name\":\"Libreria del Mare - Milano\",\"url\":\"https:\\\/\\\/libreriadelmare.it\\\/en\\\/\",\"logo\":{\"@type\":\"ImageObject\",\"inLanguage\":\"en-US\",\"@id\":\"https:\\\/\\\/libreriadelmare.it\\\/en\\\/#\\\/schema\\\/logo\\\/image\\\/\",\"url\":\"https:\\\/\\\/libreriadelmare.it\\\/wp-content\\\/uploads\\\/2018\\\/07\\\/logo-blu.png\",\"contentUrl\":\"https:\\\/\\\/libreriadelmare.it\\\/wp-content\\\/uploads\\\/2018\\\/07\\\/logo-blu.png\",\"width\":600,\"height\":162,\"caption\":\"Libreria del Mare - Milano\"},\"image\":{\"@id\":\"https:\\\/\\\/libreriadelmare.it\\\/en\\\/#\\\/schema\\\/logo\\\/image\\\/\"},\"sameAs\":[\"https:\\\/\\\/www.facebook.com\\\/libreriadelmare\",\"https:\\\/\\\/www.instagram.com\\\/libreriadelmare\\\/\"],\"hasMerchantReturnPolicy\":{\"@type\":\"MerchantReturnPolicy\",\"merchantReturnLink\":\"https:\\\/\\\/libreriadelmare.it\\\/diritto-di-recesso\\\/\"}}]}<\/script>\n<meta property=\"product:price:amount\" content=\"18.90\" \/>\n<meta property=\"product:price:currency\" content=\"EUR\" \/>\n<meta property=\"og:availability\" content=\"backorder\" \/>\n<meta property=\"product:availability\" content=\"available for order\" \/>\n<meta property=\"product:retailer_item_id\" content=\"9788881635023\" \/>\n<meta property=\"product:condition\" content=\"new\" \/>\n<!-- \/ Yoast SEO Premium plugin. -->","yoast_head_json":{"title":"graffiti della subacquea italiana - Libreria del Mare","robots":{"index":"index","follow":"follow","max-snippet":"max-snippet:-1","max-image-preview":"max-image-preview:large","max-video-preview":"max-video-preview:-1"},"canonical":"https:\/\/libreriadelmare.it\/en\/shop\/graffiti-della-subacquea-italiana-martini-m-f-9788881635023\/","og_locale":"en_US","og_type":"article","og_title":"graffiti della subacquea italiana","og_description":"Subtitle: la storia attraverso un caleidoscopio di foto, documenti e aneddotiAuthor: martini m+fPublisher: erga edizioniISBN: 9788881635023","og_url":"https:\/\/libreriadelmare.it\/en\/shop\/graffiti-della-subacquea-italiana-martini-m-f-9788881635023\/","og_site_name":"Libreria del Mare","article_publisher":"https:\/\/www.facebook.com\/libreriadelmare","article_modified_time":"2026-04-11T00:59:55+00:00","og_image":[{"width":400,"height":592,"url":"https:\/\/libreriadelmare.it\/wp-content\/uploads\/graffitidellasubacqueaitaliana.jpg","type":"image\/jpeg"}],"twitter_card":"summary_large_image","twitter_misc":{"Price":"&euro;18,90","Availability":"On backorder"},"schema":{"@context":"https:\/\/schema.org","@graph":[{"@type":"WebPage","@id":"https:\/\/libreriadelmare.it\/en\/shop\/graffiti-della-subacquea-italiana-martini-m-f-9788881635023\/","url":"https:\/\/libreriadelmare.it\/en\/shop\/graffiti-della-subacquea-italiana-martini-m-f-9788881635023\/","name":"graffiti della subacquea italiana - Libreria del Mare","isPartOf":{"@id":"https:\/\/libreriadelmare.it\/en\/#website"},"primaryImageOfPage":{"@id":"https:\/\/libreriadelmare.it\/en\/shop\/graffiti-della-subacquea-italiana-martini-m-f-9788881635023\/#primaryimage"},"image":{"@id":"https:\/\/libreriadelmare.it\/en\/shop\/graffiti-della-subacquea-italiana-martini-m-f-9788881635023\/#primaryimage"},"thumbnailUrl":"https:\/\/libreriadelmare.it\/wp-content\/uploads\/graffitidellasubacqueaitaliana.jpg","datePublished":"2019-02-03T18:16:25+00:00","dateModified":"2026-04-11T00:59:55+00:00","breadcrumb":{"@id":"https:\/\/libreriadelmare.it\/en\/shop\/graffiti-della-subacquea-italiana-martini-m-f-9788881635023\/#breadcrumb"},"inLanguage":"en-US","potentialAction":[{"@type":"ReadAction","target":["https:\/\/libreriadelmare.it\/en\/shop\/graffiti-della-subacquea-italiana-martini-m-f-9788881635023\/"]}]},{"@type":"ImageObject","inLanguage":"en-US","@id":"https:\/\/libreriadelmare.it\/en\/shop\/graffiti-della-subacquea-italiana-martini-m-f-9788881635023\/#primaryimage","url":"https:\/\/libreriadelmare.it\/wp-content\/uploads\/graffitidellasubacqueaitaliana.jpg","contentUrl":"https:\/\/libreriadelmare.it\/wp-content\/uploads\/graffitidellasubacqueaitaliana.jpg","width":400,"height":592},{"@type":"BreadcrumbList","@id":"https:\/\/libreriadelmare.it\/en\/shop\/graffiti-della-subacquea-italiana-martini-m-f-9788881635023\/#breadcrumb","itemListElement":[{"@type":"ListItem","position":1,"name":"Home","item":"https:\/\/libreriadelmare.it\/en\/"},{"@type":"ListItem","position":2,"name":"Shop","item":"https:\/\/libreriadelmare.it\/en\/shop\/"},{"@type":"ListItem","position":3,"name":"graffiti della subacquea italiana"}]},{"@type":"WebSite","@id":"https:\/\/libreriadelmare.it\/en\/#website","url":"https:\/\/libreriadelmare.it\/en\/","name":"Libreria del Mare - Milano","description":"","publisher":{"@id":"https:\/\/libreriadelmare.it\/en\/#organization"},"potentialAction":[{"@type":"SearchAction","target":{"@type":"EntryPoint","urlTemplate":"https:\/\/libreriadelmare.it\/en\/?s={search_term_string}"},"query-input":{"@type":"PropertyValueSpecification","valueRequired":true,"valueName":"search_term_string"}}],"inLanguage":"en-US"},{"@type":"Organization","@id":"https:\/\/libreriadelmare.it\/en\/#organization","name":"Libreria del Mare - Milano","url":"https:\/\/libreriadelmare.it\/en\/","logo":{"@type":"ImageObject","inLanguage":"en-US","@id":"https:\/\/libreriadelmare.it\/en\/#\/schema\/logo\/image\/","url":"https:\/\/libreriadelmare.it\/wp-content\/uploads\/2018\/07\/logo-blu.png","contentUrl":"https:\/\/libreriadelmare.it\/wp-content\/uploads\/2018\/07\/logo-blu.png","width":600,"height":162,"caption":"Libreria del Mare - Milano"},"image":{"@id":"https:\/\/libreriadelmare.it\/en\/#\/schema\/logo\/image\/"},"sameAs":["https:\/\/www.facebook.com\/libreriadelmare","https:\/\/www.instagram.com\/libreriadelmare\/"],"hasMerchantReturnPolicy":{"@type":"MerchantReturnPolicy","merchantReturnLink":"https:\/\/libreriadelmare.it\/diritto-di-recesso\/"}}]},"product_price_amount":"18.90","product_price_currency":"EUR","og_availability":"backorder","product_availability":"available for order","product_retailer_item_id":"9788881635023","product_condition":"new"},"_links":{"self":[{"href":"https:\/\/libreriadelmare.it\/en\/wp-json\/wp\/v2\/product\/87432","targetHints":{"allow":["GET"]}}],"collection":[{"href":"https:\/\/libreriadelmare.it\/en\/wp-json\/wp\/v2\/product"}],"about":[{"href":"https:\/\/libreriadelmare.it\/en\/wp-json\/wp\/v2\/types\/product"}],"replies":[{"embeddable":true,"href":"https:\/\/libreriadelmare.it\/en\/wp-json\/wp\/v2\/comments?post=87432"}],"wp:featuredmedia":[{"embeddable":true,"href":"https:\/\/libreriadelmare.it\/en\/wp-json\/wp\/v2\/media\/87433"}],"wp:attachment":[{"href":"https:\/\/libreriadelmare.it\/en\/wp-json\/wp\/v2\/media?parent=87432"}],"wp:term":[{"taxonomy":"product_brand","embeddable":true,"href":"https:\/\/libreriadelmare.it\/en\/wp-json\/wp\/v2\/product_brand?post=87432"},{"taxonomy":"product_cat","embeddable":true,"href":"https:\/\/libreriadelmare.it\/en\/wp-json\/wp\/v2\/product_cat?post=87432"},{"taxonomy":"product_tag","embeddable":true,"href":"https:\/\/libreriadelmare.it\/en\/wp-json\/wp\/v2\/product_tag?post=87432"}],"curies":[{"name":"wp","href":"https:\/\/api.w.org\/{rel}","templated":true}]}}