{"id":86161,"date":"2019-02-03T19:23:09","date_gmt":"2019-02-03T18:23:09","guid":{"rendered":"https:\/\/libreriadelmare.it\/negozio\/uncategorized\/storie-di-gommoni-volanti-the-flying-inflatable-boat-scaramucci-g-9788875860505\/"},"modified":"2026-04-04T02:50:48","modified_gmt":"2026-04-04T00:50:48","slug":"storie-di-gommoni-volanti-the-flying-inflatable-boat-scaramucci-g-9788875860505","status":"publish","type":"product","link":"https:\/\/libreriadelmare.it\/en\/shop\/storie-di-gommoni-volanti-the-flying-inflatable-boat-scaramucci-g-9788875860505\/","title":{"rendered":"storie di gommoni volanti &#8211; the flying inflatable boat"},"content":{"rendered":"<p>Volare in modo facile, sicuro ed economico, scegliere in volo la pi\u00f9 bella insenatura di un&#8217;isola e ammarare, portare sulla propria barca un idrovolante e montarlo in pochi minuti, partire in volo per lunghe escursioni in luoghi altrimenti inaccessibili: tutto questo, e molto altro ancora, \u00e8 possibile con il gommone volante. Questo libro illustra come \u00e8 nato e come si \u00e8 realizzata la singolare idea del gommone volante, informa sui suoi utilizzi nel mondo, ne illustra le caratteristiche, le prestazioni e la semplicit\u00e0 d\u2019uso. Numerosissime foto arricchiscono la pubblicazione.<\/p>\n<p>Lingue: Italiano e Inglese<\/p>\n<p>Edizione: 2006<\/p>\n<p>Is it possible to fly easily, safely and economically, using rivers, lakes, wetlands or the sea as your runway? Can you fly over an island, select the most beautiful cove, land, enjoy a swim and then fly back to base? Is it possible to equip your boat with a sea-plane that can be assembled in just a few minutes and then enjoy long flights over areas that would&nbsp;otherwise be inaccessible? The answer to all the above is yes! All this, and much more, is (with the new amphibious kit) possible thanks to an invention by Doi Malingri: the flying inflatable boat. This book tells you everything you need to know about this incredible flying machine and aims to:<\/p>\n<p>&#8211; illustrate just how the idea of the flying inflatable boat came about;<\/p>\n<p>&#8211; provide information on how it is used all over the world for both practical work purposes and pure enjoyment;<\/p>\n<p>&#8211; illustrate characteristics, performance and simplicity of use.<\/p>\n<p>Stunning photos show the flying inflatable boat, in its amphibious and non-amphibious versions, being put through its paces in some of the most striking landscapes on the planet.<\/p>\n<p>Languages: English and Italian<\/p>\n<p>Edition: 2006<\/p>\n","protected":false},"excerpt":{"rendered":"<p class=\"sottotitolo\"><span>Subtitle: <\/span>volare sull&#8217;acqua, per divertimento o lavoro, nella maniera pi\u00f9 semplice e sicura &#8211; a simple, safe seaplane for fun and work<\/p>\n<p class=\"autore\"><span>Author: <\/span>scaramucci g.<\/p>\n<p class=\"editore\"><span>Publisher: <\/span>editrice la mandragora<\/p>\n<p class=\"isbn\"><span>ISBN: <\/span>9788875860505<\/p>\n","protected":false},"featured_media":86162,"comment_status":"open","ping_status":"closed","template":"","meta":[],"product_brand":[],"product_cat":[2577],"product_tag":[],"class_list":{"0":"post-86161","1":"product","2":"type-product","3":"status-publish","4":"has-post-thumbnail","6":"product_cat-books-motorboating-and-marine-engines","8":"first","9":"instock","10":"taxable","11":"shipping-taxable","12":"purchasable","13":"product-type-simple"},"yoast_head":"<!-- This site is optimized with the Yoast SEO Premium plugin v27.1 (Yoast SEO v27.3) - https:\/\/yoast.com\/product\/yoast-seo-premium-wordpress\/ -->\n<title>storie di gommoni volanti - the flying inflatable boat - Libreria del Mare<\/title>\n<meta name=\"robots\" content=\"index, follow, max-snippet:-1, max-image-preview:large, max-video-preview:-1\" \/>\n<link rel=\"canonical\" href=\"https:\/\/libreriadelmare.it\/en\/shop\/storie-di-gommoni-volanti-the-flying-inflatable-boat-scaramucci-g-9788875860505\/\" \/>\n<meta property=\"og:locale\" content=\"en_US\" \/>\n<meta property=\"og:type\" content=\"article\" \/>\n<meta property=\"og:title\" content=\"storie di gommoni volanti - the flying inflatable boat\" \/>\n<meta property=\"og:description\" content=\"Subtitle: volare sull&#039;acqua, per divertimento o lavoro, nella maniera pi\u00f9 semplice e sicura - a simple, safe seaplane for fun and workAuthor: scaramucci g.Publisher: editrice la mandragoraISBN: 9788875860505\" \/>\n<meta property=\"og:url\" content=\"https:\/\/libreriadelmare.it\/en\/shop\/storie-di-gommoni-volanti-the-flying-inflatable-boat-scaramucci-g-9788875860505\/\" \/>\n<meta property=\"og:site_name\" content=\"Libreria del Mare\" \/>\n<meta property=\"article:publisher\" content=\"https:\/\/www.facebook.com\/libreriadelmare\" \/>\n<meta property=\"article:modified_time\" content=\"2026-04-04T00:50:48+00:00\" \/>\n<meta property=\"og:image\" content=\"https:\/\/libreriadelmare.it\/wp-content\/uploads\/storiedigommonivolanti-scaramucci.jpg\" \/>\n\t<meta property=\"og:image:width\" content=\"300\" \/>\n\t<meta property=\"og:image:height\" content=\"214\" \/>\n\t<meta property=\"og:image:type\" content=\"image\/jpeg\" \/>\n<meta name=\"twitter:card\" content=\"summary_large_image\" \/>\n<meta name=\"twitter:label1\" content=\"Price\" \/>\n\t<meta name=\"twitter:data1\" content=\"&euro;20,00\" \/>\n\t<meta name=\"twitter:label2\" content=\"Availability\" \/>\n\t<meta name=\"twitter:data2\" content=\"In stock\" \/>\n<script type=\"application\/ld+json\" class=\"yoast-schema-graph\">{\"@context\":\"https:\\\/\\\/schema.org\",\"@graph\":[{\"@type\":\"WebPage\",\"@id\":\"https:\\\/\\\/libreriadelmare.it\\\/en\\\/shop\\\/storie-di-gommoni-volanti-the-flying-inflatable-boat-scaramucci-g-9788875860505\\\/\",\"url\":\"https:\\\/\\\/libreriadelmare.it\\\/en\\\/shop\\\/storie-di-gommoni-volanti-the-flying-inflatable-boat-scaramucci-g-9788875860505\\\/\",\"name\":\"storie di gommoni volanti - the flying inflatable boat - Libreria del Mare\",\"isPartOf\":{\"@id\":\"https:\\\/\\\/libreriadelmare.it\\\/en\\\/#website\"},\"primaryImageOfPage\":{\"@id\":\"https:\\\/\\\/libreriadelmare.it\\\/en\\\/shop\\\/storie-di-gommoni-volanti-the-flying-inflatable-boat-scaramucci-g-9788875860505\\\/#primaryimage\"},\"image\":{\"@id\":\"https:\\\/\\\/libreriadelmare.it\\\/en\\\/shop\\\/storie-di-gommoni-volanti-the-flying-inflatable-boat-scaramucci-g-9788875860505\\\/#primaryimage\"},\"thumbnailUrl\":\"https:\\\/\\\/libreriadelmare.it\\\/wp-content\\\/uploads\\\/storiedigommonivolanti-scaramucci.jpg\",\"datePublished\":\"2019-02-03T18:23:09+00:00\",\"dateModified\":\"2026-04-04T00:50:48+00:00\",\"breadcrumb\":{\"@id\":\"https:\\\/\\\/libreriadelmare.it\\\/en\\\/shop\\\/storie-di-gommoni-volanti-the-flying-inflatable-boat-scaramucci-g-9788875860505\\\/#breadcrumb\"},\"inLanguage\":\"en-US\",\"potentialAction\":[{\"@type\":\"ReadAction\",\"target\":[\"https:\\\/\\\/libreriadelmare.it\\\/en\\\/shop\\\/storie-di-gommoni-volanti-the-flying-inflatable-boat-scaramucci-g-9788875860505\\\/\"]}]},{\"@type\":\"ImageObject\",\"inLanguage\":\"en-US\",\"@id\":\"https:\\\/\\\/libreriadelmare.it\\\/en\\\/shop\\\/storie-di-gommoni-volanti-the-flying-inflatable-boat-scaramucci-g-9788875860505\\\/#primaryimage\",\"url\":\"https:\\\/\\\/libreriadelmare.it\\\/wp-content\\\/uploads\\\/storiedigommonivolanti-scaramucci.jpg\",\"contentUrl\":\"https:\\\/\\\/libreriadelmare.it\\\/wp-content\\\/uploads\\\/storiedigommonivolanti-scaramucci.jpg\",\"width\":300,\"height\":214},{\"@type\":\"BreadcrumbList\",\"@id\":\"https:\\\/\\\/libreriadelmare.it\\\/en\\\/shop\\\/storie-di-gommoni-volanti-the-flying-inflatable-boat-scaramucci-g-9788875860505\\\/#breadcrumb\",\"itemListElement\":[{\"@type\":\"ListItem\",\"position\":1,\"name\":\"Home\",\"item\":\"https:\\\/\\\/libreriadelmare.it\\\/en\\\/\"},{\"@type\":\"ListItem\",\"position\":2,\"name\":\"Shop\",\"item\":\"https:\\\/\\\/libreriadelmare.it\\\/en\\\/shop\\\/\"},{\"@type\":\"ListItem\",\"position\":3,\"name\":\"storie di gommoni volanti &#8211; the flying inflatable boat\"}]},{\"@type\":\"WebSite\",\"@id\":\"https:\\\/\\\/libreriadelmare.it\\\/en\\\/#website\",\"url\":\"https:\\\/\\\/libreriadelmare.it\\\/en\\\/\",\"name\":\"Libreria del Mare - Milano\",\"description\":\"\",\"publisher\":{\"@id\":\"https:\\\/\\\/libreriadelmare.it\\\/en\\\/#organization\"},\"potentialAction\":[{\"@type\":\"SearchAction\",\"target\":{\"@type\":\"EntryPoint\",\"urlTemplate\":\"https:\\\/\\\/libreriadelmare.it\\\/en\\\/?s={search_term_string}\"},\"query-input\":{\"@type\":\"PropertyValueSpecification\",\"valueRequired\":true,\"valueName\":\"search_term_string\"}}],\"inLanguage\":\"en-US\"},{\"@type\":\"Organization\",\"@id\":\"https:\\\/\\\/libreriadelmare.it\\\/en\\\/#organization\",\"name\":\"Libreria del Mare - Milano\",\"url\":\"https:\\\/\\\/libreriadelmare.it\\\/en\\\/\",\"logo\":{\"@type\":\"ImageObject\",\"inLanguage\":\"en-US\",\"@id\":\"https:\\\/\\\/libreriadelmare.it\\\/en\\\/#\\\/schema\\\/logo\\\/image\\\/\",\"url\":\"https:\\\/\\\/libreriadelmare.it\\\/wp-content\\\/uploads\\\/2018\\\/07\\\/logo-blu.png\",\"contentUrl\":\"https:\\\/\\\/libreriadelmare.it\\\/wp-content\\\/uploads\\\/2018\\\/07\\\/logo-blu.png\",\"width\":600,\"height\":162,\"caption\":\"Libreria del Mare - Milano\"},\"image\":{\"@id\":\"https:\\\/\\\/libreriadelmare.it\\\/en\\\/#\\\/schema\\\/logo\\\/image\\\/\"},\"sameAs\":[\"https:\\\/\\\/www.facebook.com\\\/libreriadelmare\",\"https:\\\/\\\/www.instagram.com\\\/libreriadelmare\\\/\"],\"hasMerchantReturnPolicy\":{\"@type\":\"MerchantReturnPolicy\",\"merchantReturnLink\":\"https:\\\/\\\/libreriadelmare.it\\\/diritto-di-recesso\\\/\"}}]}<\/script>\n<meta property=\"product:price:amount\" content=\"20.00\" \/>\n<meta property=\"product:price:currency\" content=\"EUR\" \/>\n<meta property=\"og:availability\" content=\"instock\" \/>\n<meta property=\"product:availability\" content=\"instock\" \/>\n<meta property=\"product:retailer_item_id\" content=\"9788875860505\" \/>\n<meta property=\"product:condition\" content=\"new\" \/>\n<!-- \/ Yoast SEO Premium plugin. -->","yoast_head_json":{"title":"storie di gommoni volanti - the flying inflatable boat - Libreria del Mare","robots":{"index":"index","follow":"follow","max-snippet":"max-snippet:-1","max-image-preview":"max-image-preview:large","max-video-preview":"max-video-preview:-1"},"canonical":"https:\/\/libreriadelmare.it\/en\/shop\/storie-di-gommoni-volanti-the-flying-inflatable-boat-scaramucci-g-9788875860505\/","og_locale":"en_US","og_type":"article","og_title":"storie di gommoni volanti - the flying inflatable boat","og_description":"Subtitle: volare sull'acqua, per divertimento o lavoro, nella maniera pi\u00f9 semplice e sicura - a simple, safe seaplane for fun and workAuthor: scaramucci g.Publisher: editrice la mandragoraISBN: 9788875860505","og_url":"https:\/\/libreriadelmare.it\/en\/shop\/storie-di-gommoni-volanti-the-flying-inflatable-boat-scaramucci-g-9788875860505\/","og_site_name":"Libreria del Mare","article_publisher":"https:\/\/www.facebook.com\/libreriadelmare","article_modified_time":"2026-04-04T00:50:48+00:00","og_image":[{"width":300,"height":214,"url":"https:\/\/libreriadelmare.it\/wp-content\/uploads\/storiedigommonivolanti-scaramucci.jpg","type":"image\/jpeg"}],"twitter_card":"summary_large_image","twitter_misc":{"Price":"&euro;20,00","Availability":"In stock"},"schema":{"@context":"https:\/\/schema.org","@graph":[{"@type":"WebPage","@id":"https:\/\/libreriadelmare.it\/en\/shop\/storie-di-gommoni-volanti-the-flying-inflatable-boat-scaramucci-g-9788875860505\/","url":"https:\/\/libreriadelmare.it\/en\/shop\/storie-di-gommoni-volanti-the-flying-inflatable-boat-scaramucci-g-9788875860505\/","name":"storie di gommoni volanti - the flying inflatable boat - Libreria del Mare","isPartOf":{"@id":"https:\/\/libreriadelmare.it\/en\/#website"},"primaryImageOfPage":{"@id":"https:\/\/libreriadelmare.it\/en\/shop\/storie-di-gommoni-volanti-the-flying-inflatable-boat-scaramucci-g-9788875860505\/#primaryimage"},"image":{"@id":"https:\/\/libreriadelmare.it\/en\/shop\/storie-di-gommoni-volanti-the-flying-inflatable-boat-scaramucci-g-9788875860505\/#primaryimage"},"thumbnailUrl":"https:\/\/libreriadelmare.it\/wp-content\/uploads\/storiedigommonivolanti-scaramucci.jpg","datePublished":"2019-02-03T18:23:09+00:00","dateModified":"2026-04-04T00:50:48+00:00","breadcrumb":{"@id":"https:\/\/libreriadelmare.it\/en\/shop\/storie-di-gommoni-volanti-the-flying-inflatable-boat-scaramucci-g-9788875860505\/#breadcrumb"},"inLanguage":"en-US","potentialAction":[{"@type":"ReadAction","target":["https:\/\/libreriadelmare.it\/en\/shop\/storie-di-gommoni-volanti-the-flying-inflatable-boat-scaramucci-g-9788875860505\/"]}]},{"@type":"ImageObject","inLanguage":"en-US","@id":"https:\/\/libreriadelmare.it\/en\/shop\/storie-di-gommoni-volanti-the-flying-inflatable-boat-scaramucci-g-9788875860505\/#primaryimage","url":"https:\/\/libreriadelmare.it\/wp-content\/uploads\/storiedigommonivolanti-scaramucci.jpg","contentUrl":"https:\/\/libreriadelmare.it\/wp-content\/uploads\/storiedigommonivolanti-scaramucci.jpg","width":300,"height":214},{"@type":"BreadcrumbList","@id":"https:\/\/libreriadelmare.it\/en\/shop\/storie-di-gommoni-volanti-the-flying-inflatable-boat-scaramucci-g-9788875860505\/#breadcrumb","itemListElement":[{"@type":"ListItem","position":1,"name":"Home","item":"https:\/\/libreriadelmare.it\/en\/"},{"@type":"ListItem","position":2,"name":"Shop","item":"https:\/\/libreriadelmare.it\/en\/shop\/"},{"@type":"ListItem","position":3,"name":"storie di gommoni volanti &#8211; the flying inflatable boat"}]},{"@type":"WebSite","@id":"https:\/\/libreriadelmare.it\/en\/#website","url":"https:\/\/libreriadelmare.it\/en\/","name":"Libreria del Mare - Milano","description":"","publisher":{"@id":"https:\/\/libreriadelmare.it\/en\/#organization"},"potentialAction":[{"@type":"SearchAction","target":{"@type":"EntryPoint","urlTemplate":"https:\/\/libreriadelmare.it\/en\/?s={search_term_string}"},"query-input":{"@type":"PropertyValueSpecification","valueRequired":true,"valueName":"search_term_string"}}],"inLanguage":"en-US"},{"@type":"Organization","@id":"https:\/\/libreriadelmare.it\/en\/#organization","name":"Libreria del Mare - Milano","url":"https:\/\/libreriadelmare.it\/en\/","logo":{"@type":"ImageObject","inLanguage":"en-US","@id":"https:\/\/libreriadelmare.it\/en\/#\/schema\/logo\/image\/","url":"https:\/\/libreriadelmare.it\/wp-content\/uploads\/2018\/07\/logo-blu.png","contentUrl":"https:\/\/libreriadelmare.it\/wp-content\/uploads\/2018\/07\/logo-blu.png","width":600,"height":162,"caption":"Libreria del Mare - Milano"},"image":{"@id":"https:\/\/libreriadelmare.it\/en\/#\/schema\/logo\/image\/"},"sameAs":["https:\/\/www.facebook.com\/libreriadelmare","https:\/\/www.instagram.com\/libreriadelmare\/"],"hasMerchantReturnPolicy":{"@type":"MerchantReturnPolicy","merchantReturnLink":"https:\/\/libreriadelmare.it\/diritto-di-recesso\/"}}]},"product_price_amount":"20.00","product_price_currency":"EUR","og_availability":"instock","product_availability":"instock","product_retailer_item_id":"9788875860505","product_condition":"new"},"_links":{"self":[{"href":"https:\/\/libreriadelmare.it\/en\/wp-json\/wp\/v2\/product\/86161","targetHints":{"allow":["GET"]}}],"collection":[{"href":"https:\/\/libreriadelmare.it\/en\/wp-json\/wp\/v2\/product"}],"about":[{"href":"https:\/\/libreriadelmare.it\/en\/wp-json\/wp\/v2\/types\/product"}],"replies":[{"embeddable":true,"href":"https:\/\/libreriadelmare.it\/en\/wp-json\/wp\/v2\/comments?post=86161"}],"wp:featuredmedia":[{"embeddable":true,"href":"https:\/\/libreriadelmare.it\/en\/wp-json\/wp\/v2\/media\/86162"}],"wp:attachment":[{"href":"https:\/\/libreriadelmare.it\/en\/wp-json\/wp\/v2\/media?parent=86161"}],"wp:term":[{"taxonomy":"product_brand","embeddable":true,"href":"https:\/\/libreriadelmare.it\/en\/wp-json\/wp\/v2\/product_brand?post=86161"},{"taxonomy":"product_cat","embeddable":true,"href":"https:\/\/libreriadelmare.it\/en\/wp-json\/wp\/v2\/product_cat?post=86161"},{"taxonomy":"product_tag","embeddable":true,"href":"https:\/\/libreriadelmare.it\/en\/wp-json\/wp\/v2\/product_tag?post=86161"}],"curies":[{"name":"wp","href":"https:\/\/api.w.org\/{rel}","templated":true}]}}