{"id":85633,"date":"2019-02-03T19:11:14","date_gmt":"2019-02-03T18:11:14","guid":{"rendered":"https:\/\/libreriadelmare.it\/negozio\/uncategorized\/il-fuoribordo-pickthall-b-9788865942222\/"},"modified":"2026-04-25T03:08:25","modified_gmt":"2026-04-25T01:08:25","slug":"il-fuoribordo-pickthall-b-9788865942222","status":"publish","type":"product","link":"https:\/\/libreriadelmare.it\/en\/shop\/il-fuoribordo-pickthall-b-9788865942222\/","title":{"rendered":"il fuoribordo"},"content":{"rendered":"<p>Una comoda guida tascabile per individuare e fronteggiare tutti i guasti pi\u00f9 comuni di un motore fuoribordo. Ogni intervento \u00e8 spiegato nel dettaglio, riassunto in pratici diagrammi e illustrato con foto a colori. Grazie a questo manuale, ciascun navigante sapr\u00e0 come affrontare le riparazioni necessarie o, in caso di problemi pi\u00f9 gravi, come organizzare una procedura di emergenza per poter raggiungere il porto pi\u00f9 vicino. Facile da consultare e perfetto da tenere a portata di mano nella tasca della cerata, &#8220;Il fuoribordo&#8221; \u00e8 uno strumento indispensabile nelle dotazioni di bordo di ogni imbarcazione.<\/p>\n<p>Edizione: 2013<\/p>\n","protected":false},"excerpt":{"rendered":"<p class=\"sottotitolo\"><span>Subtitle: <\/span>guida per individuare e risolvere ogni tipo di problema<\/p>\n<p class=\"autore\"><span>Author: <\/span>pickthall b.<\/p>\n<p class=\"editore\"><span>Publisher: <\/span>Nutrimenti Mare (Nutrimenti)<\/p>\n<p class=\"isbn\"><span>ISBN: <\/span>9788865942222<\/p>\n","protected":false},"featured_media":85634,"comment_status":"open","ping_status":"closed","template":"","meta":[],"product_brand":[],"product_cat":[2577],"product_tag":[],"class_list":{"0":"post-85633","1":"product","2":"type-product","3":"status-publish","4":"has-post-thumbnail","6":"product_cat-books-motorboating-and-marine-engines","8":"first","9":"instock","10":"taxable","11":"shipping-taxable","12":"purchasable","13":"product-type-simple"},"yoast_head":"<!-- This site is optimized with the Yoast SEO Premium plugin v27.1 (Yoast SEO v27.5) - https:\/\/yoast.com\/product\/yoast-seo-premium-wordpress\/ -->\n<title>il fuoribordo - Libreria del Mare<\/title>\n<meta name=\"robots\" content=\"index, follow, max-snippet:-1, max-image-preview:large, max-video-preview:-1\" \/>\n<link rel=\"canonical\" href=\"https:\/\/libreriadelmare.it\/en\/shop\/il-fuoribordo-pickthall-b-9788865942222\/\" \/>\n<meta property=\"og:locale\" content=\"en_US\" \/>\n<meta property=\"og:type\" content=\"article\" \/>\n<meta property=\"og:title\" content=\"il fuoribordo\" \/>\n<meta property=\"og:description\" content=\"Subtitle: guida per individuare e risolvere ogni tipo di problemaAuthor: pickthall b.Publisher: Nutrimenti Mare (Nutrimenti)ISBN: 9788865942222\" \/>\n<meta property=\"og:url\" content=\"https:\/\/libreriadelmare.it\/en\/shop\/il-fuoribordo-pickthall-b-9788865942222\/\" \/>\n<meta property=\"og:site_name\" content=\"Libreria del Mare\" \/>\n<meta property=\"article:publisher\" content=\"https:\/\/www.facebook.com\/libreriadelmare\" \/>\n<meta property=\"article:modified_time\" content=\"2026-04-25T01:08:25+00:00\" \/>\n<meta property=\"og:image\" content=\"https:\/\/libreriadelmare.it\/wp-content\/uploads\/fuoribordo-pickthall.jpg\" \/>\n\t<meta property=\"og:image:width\" content=\"396\" \/>\n\t<meta property=\"og:image:height\" content=\"603\" \/>\n\t<meta property=\"og:image:type\" content=\"image\/jpeg\" \/>\n<meta name=\"twitter:card\" content=\"summary_large_image\" \/>\n<meta name=\"twitter:label1\" content=\"Price\" \/>\n\t<meta name=\"twitter:data1\" content=\"&euro;15,00\" \/>\n\t<meta name=\"twitter:label2\" content=\"Availability\" \/>\n\t<meta name=\"twitter:data2\" content=\"In stock\" \/>\n<script type=\"application\/ld+json\" class=\"yoast-schema-graph\">{\"@context\":\"https:\\\/\\\/schema.org\",\"@graph\":[{\"@type\":\"WebPage\",\"@id\":\"https:\\\/\\\/libreriadelmare.it\\\/en\\\/shop\\\/il-fuoribordo-pickthall-b-9788865942222\\\/\",\"url\":\"https:\\\/\\\/libreriadelmare.it\\\/en\\\/shop\\\/il-fuoribordo-pickthall-b-9788865942222\\\/\",\"name\":\"il fuoribordo - Libreria del Mare\",\"isPartOf\":{\"@id\":\"https:\\\/\\\/libreriadelmare.it\\\/en\\\/#website\"},\"primaryImageOfPage\":{\"@id\":\"https:\\\/\\\/libreriadelmare.it\\\/en\\\/shop\\\/il-fuoribordo-pickthall-b-9788865942222\\\/#primaryimage\"},\"image\":{\"@id\":\"https:\\\/\\\/libreriadelmare.it\\\/en\\\/shop\\\/il-fuoribordo-pickthall-b-9788865942222\\\/#primaryimage\"},\"thumbnailUrl\":\"https:\\\/\\\/libreriadelmare.it\\\/wp-content\\\/uploads\\\/fuoribordo-pickthall.jpg\",\"datePublished\":\"2019-02-03T18:11:14+00:00\",\"dateModified\":\"2026-04-25T01:08:25+00:00\",\"breadcrumb\":{\"@id\":\"https:\\\/\\\/libreriadelmare.it\\\/en\\\/shop\\\/il-fuoribordo-pickthall-b-9788865942222\\\/#breadcrumb\"},\"inLanguage\":\"en-US\",\"potentialAction\":[{\"@type\":\"ReadAction\",\"target\":[\"https:\\\/\\\/libreriadelmare.it\\\/en\\\/shop\\\/il-fuoribordo-pickthall-b-9788865942222\\\/\"]}]},{\"@type\":\"ImageObject\",\"inLanguage\":\"en-US\",\"@id\":\"https:\\\/\\\/libreriadelmare.it\\\/en\\\/shop\\\/il-fuoribordo-pickthall-b-9788865942222\\\/#primaryimage\",\"url\":\"https:\\\/\\\/libreriadelmare.it\\\/wp-content\\\/uploads\\\/fuoribordo-pickthall.jpg\",\"contentUrl\":\"https:\\\/\\\/libreriadelmare.it\\\/wp-content\\\/uploads\\\/fuoribordo-pickthall.jpg\",\"width\":396,\"height\":603},{\"@type\":\"BreadcrumbList\",\"@id\":\"https:\\\/\\\/libreriadelmare.it\\\/en\\\/shop\\\/il-fuoribordo-pickthall-b-9788865942222\\\/#breadcrumb\",\"itemListElement\":[{\"@type\":\"ListItem\",\"position\":1,\"name\":\"Home\",\"item\":\"https:\\\/\\\/libreriadelmare.it\\\/en\\\/\"},{\"@type\":\"ListItem\",\"position\":2,\"name\":\"Shop\",\"item\":\"https:\\\/\\\/libreriadelmare.it\\\/en\\\/shop\\\/\"},{\"@type\":\"ListItem\",\"position\":3,\"name\":\"il fuoribordo\"}]},{\"@type\":\"WebSite\",\"@id\":\"https:\\\/\\\/libreriadelmare.it\\\/en\\\/#website\",\"url\":\"https:\\\/\\\/libreriadelmare.it\\\/en\\\/\",\"name\":\"Libreria del Mare - Milano\",\"description\":\"\",\"publisher\":{\"@id\":\"https:\\\/\\\/libreriadelmare.it\\\/en\\\/#organization\"},\"potentialAction\":[{\"@type\":\"SearchAction\",\"target\":{\"@type\":\"EntryPoint\",\"urlTemplate\":\"https:\\\/\\\/libreriadelmare.it\\\/en\\\/?s={search_term_string}\"},\"query-input\":{\"@type\":\"PropertyValueSpecification\",\"valueRequired\":true,\"valueName\":\"search_term_string\"}}],\"inLanguage\":\"en-US\"},{\"@type\":\"Organization\",\"@id\":\"https:\\\/\\\/libreriadelmare.it\\\/en\\\/#organization\",\"name\":\"Libreria del Mare - Milano\",\"url\":\"https:\\\/\\\/libreriadelmare.it\\\/en\\\/\",\"logo\":{\"@type\":\"ImageObject\",\"inLanguage\":\"en-US\",\"@id\":\"https:\\\/\\\/libreriadelmare.it\\\/en\\\/#\\\/schema\\\/logo\\\/image\\\/\",\"url\":\"https:\\\/\\\/libreriadelmare.it\\\/wp-content\\\/uploads\\\/2018\\\/07\\\/logo-blu.png\",\"contentUrl\":\"https:\\\/\\\/libreriadelmare.it\\\/wp-content\\\/uploads\\\/2018\\\/07\\\/logo-blu.png\",\"width\":600,\"height\":162,\"caption\":\"Libreria del Mare - Milano\"},\"image\":{\"@id\":\"https:\\\/\\\/libreriadelmare.it\\\/en\\\/#\\\/schema\\\/logo\\\/image\\\/\"},\"sameAs\":[\"https:\\\/\\\/www.facebook.com\\\/libreriadelmare\",\"https:\\\/\\\/www.instagram.com\\\/libreriadelmare\\\/\"],\"hasMerchantReturnPolicy\":{\"@type\":\"MerchantReturnPolicy\",\"merchantReturnLink\":\"https:\\\/\\\/libreriadelmare.it\\\/diritto-di-recesso\\\/\"}}]}<\/script>\n<meta property=\"product:price:amount\" content=\"15.00\" \/>\n<meta property=\"product:price:currency\" content=\"EUR\" \/>\n<meta property=\"og:availability\" content=\"instock\" \/>\n<meta property=\"product:availability\" content=\"instock\" \/>\n<meta property=\"product:retailer_item_id\" content=\"9788865942222\" \/>\n<meta property=\"product:condition\" content=\"new\" \/>\n<!-- \/ Yoast SEO Premium plugin. -->","yoast_head_json":{"title":"il fuoribordo - Libreria del Mare","robots":{"index":"index","follow":"follow","max-snippet":"max-snippet:-1","max-image-preview":"max-image-preview:large","max-video-preview":"max-video-preview:-1"},"canonical":"https:\/\/libreriadelmare.it\/en\/shop\/il-fuoribordo-pickthall-b-9788865942222\/","og_locale":"en_US","og_type":"article","og_title":"il fuoribordo","og_description":"Subtitle: guida per individuare e risolvere ogni tipo di problemaAuthor: pickthall b.Publisher: Nutrimenti Mare (Nutrimenti)ISBN: 9788865942222","og_url":"https:\/\/libreriadelmare.it\/en\/shop\/il-fuoribordo-pickthall-b-9788865942222\/","og_site_name":"Libreria del Mare","article_publisher":"https:\/\/www.facebook.com\/libreriadelmare","article_modified_time":"2026-04-25T01:08:25+00:00","og_image":[{"width":396,"height":603,"url":"https:\/\/libreriadelmare.it\/wp-content\/uploads\/fuoribordo-pickthall.jpg","type":"image\/jpeg"}],"twitter_card":"summary_large_image","twitter_misc":{"Price":"&euro;15,00","Availability":"In stock"},"schema":{"@context":"https:\/\/schema.org","@graph":[{"@type":"WebPage","@id":"https:\/\/libreriadelmare.it\/en\/shop\/il-fuoribordo-pickthall-b-9788865942222\/","url":"https:\/\/libreriadelmare.it\/en\/shop\/il-fuoribordo-pickthall-b-9788865942222\/","name":"il fuoribordo - Libreria del Mare","isPartOf":{"@id":"https:\/\/libreriadelmare.it\/en\/#website"},"primaryImageOfPage":{"@id":"https:\/\/libreriadelmare.it\/en\/shop\/il-fuoribordo-pickthall-b-9788865942222\/#primaryimage"},"image":{"@id":"https:\/\/libreriadelmare.it\/en\/shop\/il-fuoribordo-pickthall-b-9788865942222\/#primaryimage"},"thumbnailUrl":"https:\/\/libreriadelmare.it\/wp-content\/uploads\/fuoribordo-pickthall.jpg","datePublished":"2019-02-03T18:11:14+00:00","dateModified":"2026-04-25T01:08:25+00:00","breadcrumb":{"@id":"https:\/\/libreriadelmare.it\/en\/shop\/il-fuoribordo-pickthall-b-9788865942222\/#breadcrumb"},"inLanguage":"en-US","potentialAction":[{"@type":"ReadAction","target":["https:\/\/libreriadelmare.it\/en\/shop\/il-fuoribordo-pickthall-b-9788865942222\/"]}]},{"@type":"ImageObject","inLanguage":"en-US","@id":"https:\/\/libreriadelmare.it\/en\/shop\/il-fuoribordo-pickthall-b-9788865942222\/#primaryimage","url":"https:\/\/libreriadelmare.it\/wp-content\/uploads\/fuoribordo-pickthall.jpg","contentUrl":"https:\/\/libreriadelmare.it\/wp-content\/uploads\/fuoribordo-pickthall.jpg","width":396,"height":603},{"@type":"BreadcrumbList","@id":"https:\/\/libreriadelmare.it\/en\/shop\/il-fuoribordo-pickthall-b-9788865942222\/#breadcrumb","itemListElement":[{"@type":"ListItem","position":1,"name":"Home","item":"https:\/\/libreriadelmare.it\/en\/"},{"@type":"ListItem","position":2,"name":"Shop","item":"https:\/\/libreriadelmare.it\/en\/shop\/"},{"@type":"ListItem","position":3,"name":"il fuoribordo"}]},{"@type":"WebSite","@id":"https:\/\/libreriadelmare.it\/en\/#website","url":"https:\/\/libreriadelmare.it\/en\/","name":"Libreria del Mare - Milano","description":"","publisher":{"@id":"https:\/\/libreriadelmare.it\/en\/#organization"},"potentialAction":[{"@type":"SearchAction","target":{"@type":"EntryPoint","urlTemplate":"https:\/\/libreriadelmare.it\/en\/?s={search_term_string}"},"query-input":{"@type":"PropertyValueSpecification","valueRequired":true,"valueName":"search_term_string"}}],"inLanguage":"en-US"},{"@type":"Organization","@id":"https:\/\/libreriadelmare.it\/en\/#organization","name":"Libreria del Mare - Milano","url":"https:\/\/libreriadelmare.it\/en\/","logo":{"@type":"ImageObject","inLanguage":"en-US","@id":"https:\/\/libreriadelmare.it\/en\/#\/schema\/logo\/image\/","url":"https:\/\/libreriadelmare.it\/wp-content\/uploads\/2018\/07\/logo-blu.png","contentUrl":"https:\/\/libreriadelmare.it\/wp-content\/uploads\/2018\/07\/logo-blu.png","width":600,"height":162,"caption":"Libreria del Mare - Milano"},"image":{"@id":"https:\/\/libreriadelmare.it\/en\/#\/schema\/logo\/image\/"},"sameAs":["https:\/\/www.facebook.com\/libreriadelmare","https:\/\/www.instagram.com\/libreriadelmare\/"],"hasMerchantReturnPolicy":{"@type":"MerchantReturnPolicy","merchantReturnLink":"https:\/\/libreriadelmare.it\/diritto-di-recesso\/"}}]},"product_price_amount":"15.00","product_price_currency":"EUR","og_availability":"instock","product_availability":"instock","product_retailer_item_id":"9788865942222","product_condition":"new"},"df_price":15,"df_sale_price":"","df_regular_price":15,"df_image_link":"https:\/\/libreriadelmare.it\/wp-content\/uploads\/fuoribordo-pickthall-197x300.jpg","_links":{"self":[{"href":"https:\/\/libreriadelmare.it\/en\/wp-json\/wp\/v2\/product\/85633","targetHints":{"allow":["GET"]}}],"collection":[{"href":"https:\/\/libreriadelmare.it\/en\/wp-json\/wp\/v2\/product"}],"about":[{"href":"https:\/\/libreriadelmare.it\/en\/wp-json\/wp\/v2\/types\/product"}],"replies":[{"embeddable":true,"href":"https:\/\/libreriadelmare.it\/en\/wp-json\/wp\/v2\/comments?post=85633"}],"wp:featuredmedia":[{"embeddable":true,"href":"https:\/\/libreriadelmare.it\/en\/wp-json\/wp\/v2\/media\/85634"}],"wp:attachment":[{"href":"https:\/\/libreriadelmare.it\/en\/wp-json\/wp\/v2\/media?parent=85633"}],"wp:term":[{"taxonomy":"product_brand","embeddable":true,"href":"https:\/\/libreriadelmare.it\/en\/wp-json\/wp\/v2\/product_brand?post=85633"},{"taxonomy":"product_cat","embeddable":true,"href":"https:\/\/libreriadelmare.it\/en\/wp-json\/wp\/v2\/product_cat?post=85633"},{"taxonomy":"product_tag","embeddable":true,"href":"https:\/\/libreriadelmare.it\/en\/wp-json\/wp\/v2\/product_tag?post=85633"}],"curies":[{"name":"wp","href":"https:\/\/api.w.org\/{rel}","templated":true}]}}