{"id":85112,"date":"2019-02-03T19:14:54","date_gmt":"2019-02-03T18:14:54","guid":{"rendered":"https:\/\/libreriadelmare.it\/negozio\/uncategorized\/storia-della-pesca-in-apnea-volume-ii-coscione-d-8033406920056\/"},"modified":"2026-04-04T03:06:55","modified_gmt":"2026-04-04T01:06:55","slug":"storia-della-pesca-in-apnea-volume-ii-coscione-d-8033406920056","status":"publish","type":"product","link":"https:\/\/libreriadelmare.it\/en\/shop\/storia-della-pesca-in-apnea-volume-ii-coscione-d-8033406920056\/","title":{"rendered":"storia della pesca in apnea volume II"},"content":{"rendered":"<p>La storia della pesca in apnea continua con il secondo documentario dedicato ad uno dei pi\u00f9 forti pescatori subacquei in apnea mai esistiti: Massimo Scarpati. Un lungo filmato che racconta gli inizi della sua attivit\u00e0 di subacqueo cresciuto all\u2019ombra della scuola napoletana seguendo le orme di Campioni come Bucher, Falco, Ripa, protagonisti assoluti degli Anni &#8217;40 e &#8217;50. Cinque volte Campione Italiano, Campione d\u2019Europa, Campione del Mondo, nel corso di una brevissima, ma inarrestabile carriera agonistica, Massimo Scarpati domina le scene mondiali della subacquea tra la fine degli Anni &#8217;60 e l&#8217;inizio degli Anni &#8217;70. Dotato di un&#8217;acquaticit\u00e0 straordinaria e di un innato istinto per la pesca \u00e8 il subacqueo che pi\u00f9 di tutti ha rappresentato il passaggio tra gli inizi delle attivit\u00e0 subacquee e la successiva fase di sviluppo e maturit\u00e0 di queste discipline. Quando alla fine degli Anni &#8217;60 le prede iniziano a diminuire ed a farsi pi\u00f9 diffidenti, Massimo Scarpati \u00e8 il primo esempio di pescatore selettivo con un approccio professionale all\u2019apnea ed alle tecniche di pesca, il primo a capire l&#8217;importanza della cura dell&#8217;allenamento fisico e dello sviluppo delle attrezzature. La sua carriera agonistica si interrompe bruscamente a causa di un incidente all&#8217;occhio, ma le sue avventure subacquee continuano in tutti i mari del mondo dove partecipa a numerose spedizioni giornalistiche e successivamente intraprende quella che \u00e8 destinata a divenire la sua nuova grande passione: la pesca del corallo.<\/p>\n<p>DVD<\/p>\n<p>Durata: 68 minuti<\/p>\n<p>Extra: 10 minuti<\/p>\n","protected":false},"excerpt":{"rendered":"<p class=\"sottotitolo\"><span>Subtitle: <\/span>massimo scarpati<\/p>\n<p class=\"autore\"><span>Author: <\/span>coscione d.<\/p>\n<p class=\"editore\"><span>Manufacturer: <\/span>sospensione blu<\/p>\n<p class=\"isbn\"><span>ISBN: <\/span>8033406920056<\/p>\n","protected":false},"featured_media":85113,"comment_status":"open","ping_status":"closed","template":"","meta":[],"product_brand":[],"product_cat":[2558],"product_tag":[],"class_list":{"0":"post-85112","1":"product","2":"type-product","3":"status-publish","4":"has-post-thumbnail","6":"product_cat-dvds-and-cd-roms","8":"first","9":"onbackorder","10":"taxable","11":"shipping-taxable","12":"purchasable","13":"product-type-simple"},"yoast_head":"<!-- This site is optimized with the Yoast SEO Premium plugin v27.1 (Yoast SEO v27.3) - https:\/\/yoast.com\/product\/yoast-seo-premium-wordpress\/ -->\n<title>storia della pesca in apnea volume II - Libreria del Mare<\/title>\n<meta name=\"robots\" content=\"index, follow, max-snippet:-1, max-image-preview:large, max-video-preview:-1\" \/>\n<link rel=\"canonical\" href=\"https:\/\/libreriadelmare.it\/en\/shop\/storia-della-pesca-in-apnea-volume-ii-coscione-d-8033406920056\/\" \/>\n<meta property=\"og:locale\" content=\"en_US\" \/>\n<meta property=\"og:type\" content=\"article\" \/>\n<meta property=\"og:title\" content=\"storia della pesca in apnea volume II\" \/>\n<meta property=\"og:description\" content=\"Subtitle: massimo scarpatiAuthor: coscione d.Manufacturer: sospensione bluISBN: 8033406920056\" \/>\n<meta property=\"og:url\" content=\"https:\/\/libreriadelmare.it\/en\/shop\/storia-della-pesca-in-apnea-volume-ii-coscione-d-8033406920056\/\" \/>\n<meta property=\"og:site_name\" content=\"Libreria del Mare\" \/>\n<meta property=\"article:publisher\" content=\"https:\/\/www.facebook.com\/libreriadelmare\" \/>\n<meta property=\"article:modified_time\" content=\"2026-04-04T01:06:55+00:00\" \/>\n<meta property=\"og:image\" content=\"https:\/\/libreriadelmare.it\/wp-content\/uploads\/storiapescainapneadvd2.jpg\" \/>\n\t<meta property=\"og:image:width\" content=\"418\" \/>\n\t<meta property=\"og:image:height\" content=\"599\" \/>\n\t<meta property=\"og:image:type\" content=\"image\/jpeg\" \/>\n<meta name=\"twitter:card\" content=\"summary_large_image\" \/>\n<meta name=\"twitter:label1\" content=\"Price\" \/>\n\t<meta name=\"twitter:data1\" content=\"&euro;19,90\" \/>\n\t<meta name=\"twitter:label2\" content=\"Availability\" \/>\n\t<meta name=\"twitter:data2\" content=\"On backorder\" \/>\n<script type=\"application\/ld+json\" class=\"yoast-schema-graph\">{\"@context\":\"https:\\\/\\\/schema.org\",\"@graph\":[{\"@type\":\"WebPage\",\"@id\":\"https:\\\/\\\/libreriadelmare.it\\\/en\\\/shop\\\/storia-della-pesca-in-apnea-volume-ii-coscione-d-8033406920056\\\/\",\"url\":\"https:\\\/\\\/libreriadelmare.it\\\/en\\\/shop\\\/storia-della-pesca-in-apnea-volume-ii-coscione-d-8033406920056\\\/\",\"name\":\"storia della pesca in apnea volume II - Libreria del Mare\",\"isPartOf\":{\"@id\":\"https:\\\/\\\/libreriadelmare.it\\\/en\\\/#website\"},\"primaryImageOfPage\":{\"@id\":\"https:\\\/\\\/libreriadelmare.it\\\/en\\\/shop\\\/storia-della-pesca-in-apnea-volume-ii-coscione-d-8033406920056\\\/#primaryimage\"},\"image\":{\"@id\":\"https:\\\/\\\/libreriadelmare.it\\\/en\\\/shop\\\/storia-della-pesca-in-apnea-volume-ii-coscione-d-8033406920056\\\/#primaryimage\"},\"thumbnailUrl\":\"https:\\\/\\\/libreriadelmare.it\\\/wp-content\\\/uploads\\\/storiapescainapneadvd2.jpg\",\"datePublished\":\"2019-02-03T18:14:54+00:00\",\"dateModified\":\"2026-04-04T01:06:55+00:00\",\"breadcrumb\":{\"@id\":\"https:\\\/\\\/libreriadelmare.it\\\/en\\\/shop\\\/storia-della-pesca-in-apnea-volume-ii-coscione-d-8033406920056\\\/#breadcrumb\"},\"inLanguage\":\"en-US\",\"potentialAction\":[{\"@type\":\"ReadAction\",\"target\":[\"https:\\\/\\\/libreriadelmare.it\\\/en\\\/shop\\\/storia-della-pesca-in-apnea-volume-ii-coscione-d-8033406920056\\\/\"]}]},{\"@type\":\"ImageObject\",\"inLanguage\":\"en-US\",\"@id\":\"https:\\\/\\\/libreriadelmare.it\\\/en\\\/shop\\\/storia-della-pesca-in-apnea-volume-ii-coscione-d-8033406920056\\\/#primaryimage\",\"url\":\"https:\\\/\\\/libreriadelmare.it\\\/wp-content\\\/uploads\\\/storiapescainapneadvd2.jpg\",\"contentUrl\":\"https:\\\/\\\/libreriadelmare.it\\\/wp-content\\\/uploads\\\/storiapescainapneadvd2.jpg\",\"width\":418,\"height\":599},{\"@type\":\"BreadcrumbList\",\"@id\":\"https:\\\/\\\/libreriadelmare.it\\\/en\\\/shop\\\/storia-della-pesca-in-apnea-volume-ii-coscione-d-8033406920056\\\/#breadcrumb\",\"itemListElement\":[{\"@type\":\"ListItem\",\"position\":1,\"name\":\"Home\",\"item\":\"https:\\\/\\\/libreriadelmare.it\\\/en\\\/\"},{\"@type\":\"ListItem\",\"position\":2,\"name\":\"Shop\",\"item\":\"https:\\\/\\\/libreriadelmare.it\\\/en\\\/shop\\\/\"},{\"@type\":\"ListItem\",\"position\":3,\"name\":\"storia della pesca in apnea volume II\"}]},{\"@type\":\"WebSite\",\"@id\":\"https:\\\/\\\/libreriadelmare.it\\\/en\\\/#website\",\"url\":\"https:\\\/\\\/libreriadelmare.it\\\/en\\\/\",\"name\":\"Libreria del Mare - Milano\",\"description\":\"\",\"publisher\":{\"@id\":\"https:\\\/\\\/libreriadelmare.it\\\/en\\\/#organization\"},\"potentialAction\":[{\"@type\":\"SearchAction\",\"target\":{\"@type\":\"EntryPoint\",\"urlTemplate\":\"https:\\\/\\\/libreriadelmare.it\\\/en\\\/?s={search_term_string}\"},\"query-input\":{\"@type\":\"PropertyValueSpecification\",\"valueRequired\":true,\"valueName\":\"search_term_string\"}}],\"inLanguage\":\"en-US\"},{\"@type\":\"Organization\",\"@id\":\"https:\\\/\\\/libreriadelmare.it\\\/en\\\/#organization\",\"name\":\"Libreria del Mare - Milano\",\"url\":\"https:\\\/\\\/libreriadelmare.it\\\/en\\\/\",\"logo\":{\"@type\":\"ImageObject\",\"inLanguage\":\"en-US\",\"@id\":\"https:\\\/\\\/libreriadelmare.it\\\/en\\\/#\\\/schema\\\/logo\\\/image\\\/\",\"url\":\"https:\\\/\\\/libreriadelmare.it\\\/wp-content\\\/uploads\\\/2018\\\/07\\\/logo-blu.png\",\"contentUrl\":\"https:\\\/\\\/libreriadelmare.it\\\/wp-content\\\/uploads\\\/2018\\\/07\\\/logo-blu.png\",\"width\":600,\"height\":162,\"caption\":\"Libreria del Mare - Milano\"},\"image\":{\"@id\":\"https:\\\/\\\/libreriadelmare.it\\\/en\\\/#\\\/schema\\\/logo\\\/image\\\/\"},\"sameAs\":[\"https:\\\/\\\/www.facebook.com\\\/libreriadelmare\",\"https:\\\/\\\/www.instagram.com\\\/libreriadelmare\\\/\"],\"hasMerchantReturnPolicy\":{\"@type\":\"MerchantReturnPolicy\",\"merchantReturnLink\":\"https:\\\/\\\/libreriadelmare.it\\\/diritto-di-recesso\\\/\"}}]}<\/script>\n<meta property=\"product:price:amount\" content=\"19.90\" \/>\n<meta property=\"product:price:currency\" content=\"EUR\" \/>\n<meta property=\"og:availability\" content=\"backorder\" \/>\n<meta property=\"product:availability\" content=\"available for order\" \/>\n<meta property=\"product:retailer_item_id\" content=\"8033406920056\" \/>\n<meta property=\"product:condition\" content=\"new\" \/>\n<!-- \/ Yoast SEO Premium plugin. -->","yoast_head_json":{"title":"storia della pesca in apnea volume II - Libreria del Mare","robots":{"index":"index","follow":"follow","max-snippet":"max-snippet:-1","max-image-preview":"max-image-preview:large","max-video-preview":"max-video-preview:-1"},"canonical":"https:\/\/libreriadelmare.it\/en\/shop\/storia-della-pesca-in-apnea-volume-ii-coscione-d-8033406920056\/","og_locale":"en_US","og_type":"article","og_title":"storia della pesca in apnea volume II","og_description":"Subtitle: massimo scarpatiAuthor: coscione d.Manufacturer: sospensione bluISBN: 8033406920056","og_url":"https:\/\/libreriadelmare.it\/en\/shop\/storia-della-pesca-in-apnea-volume-ii-coscione-d-8033406920056\/","og_site_name":"Libreria del Mare","article_publisher":"https:\/\/www.facebook.com\/libreriadelmare","article_modified_time":"2026-04-04T01:06:55+00:00","og_image":[{"width":418,"height":599,"url":"https:\/\/libreriadelmare.it\/wp-content\/uploads\/storiapescainapneadvd2.jpg","type":"image\/jpeg"}],"twitter_card":"summary_large_image","twitter_misc":{"Price":"&euro;19,90","Availability":"On backorder"},"schema":{"@context":"https:\/\/schema.org","@graph":[{"@type":"WebPage","@id":"https:\/\/libreriadelmare.it\/en\/shop\/storia-della-pesca-in-apnea-volume-ii-coscione-d-8033406920056\/","url":"https:\/\/libreriadelmare.it\/en\/shop\/storia-della-pesca-in-apnea-volume-ii-coscione-d-8033406920056\/","name":"storia della pesca in apnea volume II - Libreria del Mare","isPartOf":{"@id":"https:\/\/libreriadelmare.it\/en\/#website"},"primaryImageOfPage":{"@id":"https:\/\/libreriadelmare.it\/en\/shop\/storia-della-pesca-in-apnea-volume-ii-coscione-d-8033406920056\/#primaryimage"},"image":{"@id":"https:\/\/libreriadelmare.it\/en\/shop\/storia-della-pesca-in-apnea-volume-ii-coscione-d-8033406920056\/#primaryimage"},"thumbnailUrl":"https:\/\/libreriadelmare.it\/wp-content\/uploads\/storiapescainapneadvd2.jpg","datePublished":"2019-02-03T18:14:54+00:00","dateModified":"2026-04-04T01:06:55+00:00","breadcrumb":{"@id":"https:\/\/libreriadelmare.it\/en\/shop\/storia-della-pesca-in-apnea-volume-ii-coscione-d-8033406920056\/#breadcrumb"},"inLanguage":"en-US","potentialAction":[{"@type":"ReadAction","target":["https:\/\/libreriadelmare.it\/en\/shop\/storia-della-pesca-in-apnea-volume-ii-coscione-d-8033406920056\/"]}]},{"@type":"ImageObject","inLanguage":"en-US","@id":"https:\/\/libreriadelmare.it\/en\/shop\/storia-della-pesca-in-apnea-volume-ii-coscione-d-8033406920056\/#primaryimage","url":"https:\/\/libreriadelmare.it\/wp-content\/uploads\/storiapescainapneadvd2.jpg","contentUrl":"https:\/\/libreriadelmare.it\/wp-content\/uploads\/storiapescainapneadvd2.jpg","width":418,"height":599},{"@type":"BreadcrumbList","@id":"https:\/\/libreriadelmare.it\/en\/shop\/storia-della-pesca-in-apnea-volume-ii-coscione-d-8033406920056\/#breadcrumb","itemListElement":[{"@type":"ListItem","position":1,"name":"Home","item":"https:\/\/libreriadelmare.it\/en\/"},{"@type":"ListItem","position":2,"name":"Shop","item":"https:\/\/libreriadelmare.it\/en\/shop\/"},{"@type":"ListItem","position":3,"name":"storia della pesca in apnea volume II"}]},{"@type":"WebSite","@id":"https:\/\/libreriadelmare.it\/en\/#website","url":"https:\/\/libreriadelmare.it\/en\/","name":"Libreria del Mare - Milano","description":"","publisher":{"@id":"https:\/\/libreriadelmare.it\/en\/#organization"},"potentialAction":[{"@type":"SearchAction","target":{"@type":"EntryPoint","urlTemplate":"https:\/\/libreriadelmare.it\/en\/?s={search_term_string}"},"query-input":{"@type":"PropertyValueSpecification","valueRequired":true,"valueName":"search_term_string"}}],"inLanguage":"en-US"},{"@type":"Organization","@id":"https:\/\/libreriadelmare.it\/en\/#organization","name":"Libreria del Mare - Milano","url":"https:\/\/libreriadelmare.it\/en\/","logo":{"@type":"ImageObject","inLanguage":"en-US","@id":"https:\/\/libreriadelmare.it\/en\/#\/schema\/logo\/image\/","url":"https:\/\/libreriadelmare.it\/wp-content\/uploads\/2018\/07\/logo-blu.png","contentUrl":"https:\/\/libreriadelmare.it\/wp-content\/uploads\/2018\/07\/logo-blu.png","width":600,"height":162,"caption":"Libreria del Mare - Milano"},"image":{"@id":"https:\/\/libreriadelmare.it\/en\/#\/schema\/logo\/image\/"},"sameAs":["https:\/\/www.facebook.com\/libreriadelmare","https:\/\/www.instagram.com\/libreriadelmare\/"],"hasMerchantReturnPolicy":{"@type":"MerchantReturnPolicy","merchantReturnLink":"https:\/\/libreriadelmare.it\/diritto-di-recesso\/"}}]},"product_price_amount":"19.90","product_price_currency":"EUR","og_availability":"backorder","product_availability":"available for order","product_retailer_item_id":"8033406920056","product_condition":"new"},"_links":{"self":[{"href":"https:\/\/libreriadelmare.it\/en\/wp-json\/wp\/v2\/product\/85112","targetHints":{"allow":["GET"]}}],"collection":[{"href":"https:\/\/libreriadelmare.it\/en\/wp-json\/wp\/v2\/product"}],"about":[{"href":"https:\/\/libreriadelmare.it\/en\/wp-json\/wp\/v2\/types\/product"}],"replies":[{"embeddable":true,"href":"https:\/\/libreriadelmare.it\/en\/wp-json\/wp\/v2\/comments?post=85112"}],"wp:featuredmedia":[{"embeddable":true,"href":"https:\/\/libreriadelmare.it\/en\/wp-json\/wp\/v2\/media\/85113"}],"wp:attachment":[{"href":"https:\/\/libreriadelmare.it\/en\/wp-json\/wp\/v2\/media?parent=85112"}],"wp:term":[{"taxonomy":"product_brand","embeddable":true,"href":"https:\/\/libreriadelmare.it\/en\/wp-json\/wp\/v2\/product_brand?post=85112"},{"taxonomy":"product_cat","embeddable":true,"href":"https:\/\/libreriadelmare.it\/en\/wp-json\/wp\/v2\/product_cat?post=85112"},{"taxonomy":"product_tag","embeddable":true,"href":"https:\/\/libreriadelmare.it\/en\/wp-json\/wp\/v2\/product_tag?post=85112"}],"curies":[{"name":"wp","href":"https:\/\/api.w.org\/{rel}","templated":true}]}}