{"id":85077,"date":"2019-02-03T19:15:20","date_gmt":"2019-02-03T18:15:20","guid":{"rendered":"https:\/\/libreriadelmare.it\/negozio\/uncategorized\/marinerie-italiane-coccia-e-130420448\/"},"modified":"2026-04-11T03:01:04","modified_gmt":"2026-04-11T01:01:04","slug":"marinerie-italiane-coccia-e-130420448","status":"publish","type":"product","link":"https:\/\/libreriadelmare.it\/en\/shop\/marinerie-italiane-coccia-e-130420448\/","title":{"rendered":"marinerie italiane"},"content":{"rendered":"<p>Nel corso dell\u2019ultimo conflitto mondiale, insieme a strade, ferrovie e porti, sono andate distrutte centinaia di barche italiane, barche da lavoro, ma anche yacht, sebbene in quegli anni questo termine inglese fosse poco in uso. Nel dopoguerra le condizioni del Paese rimasero precarie per una decina d\u2019anni almeno e in quel periodo le poche navi ancora in uso praticavano esclusivamente&nbsp; il piccolo cabotaggio e la pesca. Tutte le imbarcazioni&nbsp; attive hanno operato fino a che \u00e8 stato economicamente possibile tenerle in vita, mentre quelle piccole, che ancora conservavano un armo a vela, sono state motorizzate e successivamente destinate alla demolizione. All\u2019inizio degli anni \u201960 in Italia non esistevano praticamente pi\u00f9 imbarcazioni da lavoro tradizionali. Gli ultimi pescherecci, tonnare, lance, spadare, gozzi sono finiti al macero per la lettura miope di una norma comunitaria, nata con lo scopo di sostenere la competitivit\u00e0 della flottiglia da pesca, ma poi rivelatasi un\u2019arma letale che ha contribuito alla distruzione di opere dell\u2019ingegno umano di svariate generazioni e di grande valore storico. Tutto questo perch\u00e9, per accedere ai contributi della Comunit\u00e0 Europea, gli armatori delle barche da lavoro dovevano dimostrare la distruzione delle vecchie unit\u00e0. Tale scempio si \u00e8 verificato nell\u2019intera Europa, salvo in quelle nazioni dove esistevano leggi che preservavano le barche di valore storico. Il risultato \u00e8 che si \u00e8 persa quasi completamente la memoria della marineria italiana di quell\u2019epoca, di cui esistono solo rare fotografie, alcuni libri e rarissimi filmati dell\u2019Istituto Luce. Il poco rimasto \u00e8 conservato nei musei navali o nelle biblioteche delle citt\u00e0 di mare.<\/p>\n<p>DVD<\/p>\n<p>Durata: 28 minuti<\/p>\n","protected":false},"excerpt":{"rendered":"<p class=\"autore\"><span>Author: <\/span>coccia e.<\/p>\n<p class=\"editore\"><span>Manufacturer: <\/span>Edizioni Il Frangente<\/p>\n<p class=\"isbn\"><span>ISBN: <\/span>130420448<\/p>\n","protected":false},"featured_media":85078,"comment_status":"open","ping_status":"closed","template":"","meta":[],"product_brand":[],"product_cat":[2558],"product_tag":[],"class_list":{"0":"post-85077","1":"product","2":"type-product","3":"status-publish","4":"has-post-thumbnail","6":"product_cat-dvds-and-cd-roms","8":"first","9":"onbackorder","10":"taxable","11":"shipping-taxable","12":"purchasable","13":"product-type-simple"},"yoast_head":"<!-- This site is optimized with the Yoast SEO Premium plugin v27.1 (Yoast SEO v27.3) - https:\/\/yoast.com\/product\/yoast-seo-premium-wordpress\/ -->\n<title>marinerie italiane - Libreria del Mare<\/title>\n<meta name=\"robots\" content=\"index, follow, max-snippet:-1, max-image-preview:large, max-video-preview:-1\" \/>\n<link rel=\"canonical\" href=\"https:\/\/libreriadelmare.it\/en\/shop\/marinerie-italiane-coccia-e-130420448\/\" \/>\n<meta property=\"og:locale\" content=\"en_US\" \/>\n<meta property=\"og:type\" content=\"article\" \/>\n<meta property=\"og:title\" content=\"marinerie italiane\" \/>\n<meta property=\"og:description\" content=\"Author: coccia e.Manufacturer: Edizioni Il FrangenteISBN: 130420448\" \/>\n<meta property=\"og:url\" content=\"https:\/\/libreriadelmare.it\/en\/shop\/marinerie-italiane-coccia-e-130420448\/\" \/>\n<meta property=\"og:site_name\" content=\"Libreria del Mare\" \/>\n<meta property=\"article:publisher\" content=\"https:\/\/www.facebook.com\/libreriadelmare\" \/>\n<meta property=\"article:modified_time\" content=\"2026-04-11T01:01:04+00:00\" \/>\n<meta property=\"og:image\" content=\"https:\/\/libreriadelmare.it\/wp-content\/uploads\/marinerieitaliane-coccia.jpg\" \/>\n\t<meta property=\"og:image:width\" content=\"424\" \/>\n\t<meta property=\"og:image:height\" content=\"600\" \/>\n\t<meta property=\"og:image:type\" content=\"image\/jpeg\" \/>\n<meta name=\"twitter:card\" content=\"summary_large_image\" \/>\n<meta name=\"twitter:label1\" content=\"Price\" \/>\n\t<meta name=\"twitter:data1\" content=\"&euro;9,90\" \/>\n\t<meta name=\"twitter:label2\" content=\"Availability\" \/>\n\t<meta name=\"twitter:data2\" content=\"On backorder\" \/>\n<script type=\"application\/ld+json\" class=\"yoast-schema-graph\">{\"@context\":\"https:\\\/\\\/schema.org\",\"@graph\":[{\"@type\":\"WebPage\",\"@id\":\"https:\\\/\\\/libreriadelmare.it\\\/en\\\/shop\\\/marinerie-italiane-coccia-e-130420448\\\/\",\"url\":\"https:\\\/\\\/libreriadelmare.it\\\/en\\\/shop\\\/marinerie-italiane-coccia-e-130420448\\\/\",\"name\":\"marinerie italiane - Libreria del Mare\",\"isPartOf\":{\"@id\":\"https:\\\/\\\/libreriadelmare.it\\\/en\\\/#website\"},\"primaryImageOfPage\":{\"@id\":\"https:\\\/\\\/libreriadelmare.it\\\/en\\\/shop\\\/marinerie-italiane-coccia-e-130420448\\\/#primaryimage\"},\"image\":{\"@id\":\"https:\\\/\\\/libreriadelmare.it\\\/en\\\/shop\\\/marinerie-italiane-coccia-e-130420448\\\/#primaryimage\"},\"thumbnailUrl\":\"https:\\\/\\\/libreriadelmare.it\\\/wp-content\\\/uploads\\\/marinerieitaliane-coccia.jpg\",\"datePublished\":\"2019-02-03T18:15:20+00:00\",\"dateModified\":\"2026-04-11T01:01:04+00:00\",\"breadcrumb\":{\"@id\":\"https:\\\/\\\/libreriadelmare.it\\\/en\\\/shop\\\/marinerie-italiane-coccia-e-130420448\\\/#breadcrumb\"},\"inLanguage\":\"en-US\",\"potentialAction\":[{\"@type\":\"ReadAction\",\"target\":[\"https:\\\/\\\/libreriadelmare.it\\\/en\\\/shop\\\/marinerie-italiane-coccia-e-130420448\\\/\"]}]},{\"@type\":\"ImageObject\",\"inLanguage\":\"en-US\",\"@id\":\"https:\\\/\\\/libreriadelmare.it\\\/en\\\/shop\\\/marinerie-italiane-coccia-e-130420448\\\/#primaryimage\",\"url\":\"https:\\\/\\\/libreriadelmare.it\\\/wp-content\\\/uploads\\\/marinerieitaliane-coccia.jpg\",\"contentUrl\":\"https:\\\/\\\/libreriadelmare.it\\\/wp-content\\\/uploads\\\/marinerieitaliane-coccia.jpg\",\"width\":424,\"height\":600},{\"@type\":\"BreadcrumbList\",\"@id\":\"https:\\\/\\\/libreriadelmare.it\\\/en\\\/shop\\\/marinerie-italiane-coccia-e-130420448\\\/#breadcrumb\",\"itemListElement\":[{\"@type\":\"ListItem\",\"position\":1,\"name\":\"Home\",\"item\":\"https:\\\/\\\/libreriadelmare.it\\\/en\\\/\"},{\"@type\":\"ListItem\",\"position\":2,\"name\":\"Shop\",\"item\":\"https:\\\/\\\/libreriadelmare.it\\\/en\\\/shop\\\/\"},{\"@type\":\"ListItem\",\"position\":3,\"name\":\"marinerie italiane\"}]},{\"@type\":\"WebSite\",\"@id\":\"https:\\\/\\\/libreriadelmare.it\\\/en\\\/#website\",\"url\":\"https:\\\/\\\/libreriadelmare.it\\\/en\\\/\",\"name\":\"Libreria del Mare - Milano\",\"description\":\"\",\"publisher\":{\"@id\":\"https:\\\/\\\/libreriadelmare.it\\\/en\\\/#organization\"},\"potentialAction\":[{\"@type\":\"SearchAction\",\"target\":{\"@type\":\"EntryPoint\",\"urlTemplate\":\"https:\\\/\\\/libreriadelmare.it\\\/en\\\/?s={search_term_string}\"},\"query-input\":{\"@type\":\"PropertyValueSpecification\",\"valueRequired\":true,\"valueName\":\"search_term_string\"}}],\"inLanguage\":\"en-US\"},{\"@type\":\"Organization\",\"@id\":\"https:\\\/\\\/libreriadelmare.it\\\/en\\\/#organization\",\"name\":\"Libreria del Mare - Milano\",\"url\":\"https:\\\/\\\/libreriadelmare.it\\\/en\\\/\",\"logo\":{\"@type\":\"ImageObject\",\"inLanguage\":\"en-US\",\"@id\":\"https:\\\/\\\/libreriadelmare.it\\\/en\\\/#\\\/schema\\\/logo\\\/image\\\/\",\"url\":\"https:\\\/\\\/libreriadelmare.it\\\/wp-content\\\/uploads\\\/2018\\\/07\\\/logo-blu.png\",\"contentUrl\":\"https:\\\/\\\/libreriadelmare.it\\\/wp-content\\\/uploads\\\/2018\\\/07\\\/logo-blu.png\",\"width\":600,\"height\":162,\"caption\":\"Libreria del Mare - Milano\"},\"image\":{\"@id\":\"https:\\\/\\\/libreriadelmare.it\\\/en\\\/#\\\/schema\\\/logo\\\/image\\\/\"},\"sameAs\":[\"https:\\\/\\\/www.facebook.com\\\/libreriadelmare\",\"https:\\\/\\\/www.instagram.com\\\/libreriadelmare\\\/\"],\"hasMerchantReturnPolicy\":{\"@type\":\"MerchantReturnPolicy\",\"merchantReturnLink\":\"https:\\\/\\\/libreriadelmare.it\\\/diritto-di-recesso\\\/\"}}]}<\/script>\n<meta property=\"product:price:amount\" content=\"9.90\" \/>\n<meta property=\"product:price:currency\" content=\"EUR\" \/>\n<meta property=\"og:availability\" content=\"backorder\" \/>\n<meta property=\"product:availability\" content=\"available for order\" \/>\n<meta property=\"product:retailer_item_id\" content=\"130420448\" \/>\n<meta property=\"product:condition\" content=\"new\" \/>\n<!-- \/ Yoast SEO Premium plugin. -->","yoast_head_json":{"title":"marinerie italiane - Libreria del Mare","robots":{"index":"index","follow":"follow","max-snippet":"max-snippet:-1","max-image-preview":"max-image-preview:large","max-video-preview":"max-video-preview:-1"},"canonical":"https:\/\/libreriadelmare.it\/en\/shop\/marinerie-italiane-coccia-e-130420448\/","og_locale":"en_US","og_type":"article","og_title":"marinerie italiane","og_description":"Author: coccia e.Manufacturer: Edizioni Il FrangenteISBN: 130420448","og_url":"https:\/\/libreriadelmare.it\/en\/shop\/marinerie-italiane-coccia-e-130420448\/","og_site_name":"Libreria del Mare","article_publisher":"https:\/\/www.facebook.com\/libreriadelmare","article_modified_time":"2026-04-11T01:01:04+00:00","og_image":[{"width":424,"height":600,"url":"https:\/\/libreriadelmare.it\/wp-content\/uploads\/marinerieitaliane-coccia.jpg","type":"image\/jpeg"}],"twitter_card":"summary_large_image","twitter_misc":{"Price":"&euro;9,90","Availability":"On backorder"},"schema":{"@context":"https:\/\/schema.org","@graph":[{"@type":"WebPage","@id":"https:\/\/libreriadelmare.it\/en\/shop\/marinerie-italiane-coccia-e-130420448\/","url":"https:\/\/libreriadelmare.it\/en\/shop\/marinerie-italiane-coccia-e-130420448\/","name":"marinerie italiane - Libreria del Mare","isPartOf":{"@id":"https:\/\/libreriadelmare.it\/en\/#website"},"primaryImageOfPage":{"@id":"https:\/\/libreriadelmare.it\/en\/shop\/marinerie-italiane-coccia-e-130420448\/#primaryimage"},"image":{"@id":"https:\/\/libreriadelmare.it\/en\/shop\/marinerie-italiane-coccia-e-130420448\/#primaryimage"},"thumbnailUrl":"https:\/\/libreriadelmare.it\/wp-content\/uploads\/marinerieitaliane-coccia.jpg","datePublished":"2019-02-03T18:15:20+00:00","dateModified":"2026-04-11T01:01:04+00:00","breadcrumb":{"@id":"https:\/\/libreriadelmare.it\/en\/shop\/marinerie-italiane-coccia-e-130420448\/#breadcrumb"},"inLanguage":"en-US","potentialAction":[{"@type":"ReadAction","target":["https:\/\/libreriadelmare.it\/en\/shop\/marinerie-italiane-coccia-e-130420448\/"]}]},{"@type":"ImageObject","inLanguage":"en-US","@id":"https:\/\/libreriadelmare.it\/en\/shop\/marinerie-italiane-coccia-e-130420448\/#primaryimage","url":"https:\/\/libreriadelmare.it\/wp-content\/uploads\/marinerieitaliane-coccia.jpg","contentUrl":"https:\/\/libreriadelmare.it\/wp-content\/uploads\/marinerieitaliane-coccia.jpg","width":424,"height":600},{"@type":"BreadcrumbList","@id":"https:\/\/libreriadelmare.it\/en\/shop\/marinerie-italiane-coccia-e-130420448\/#breadcrumb","itemListElement":[{"@type":"ListItem","position":1,"name":"Home","item":"https:\/\/libreriadelmare.it\/en\/"},{"@type":"ListItem","position":2,"name":"Shop","item":"https:\/\/libreriadelmare.it\/en\/shop\/"},{"@type":"ListItem","position":3,"name":"marinerie italiane"}]},{"@type":"WebSite","@id":"https:\/\/libreriadelmare.it\/en\/#website","url":"https:\/\/libreriadelmare.it\/en\/","name":"Libreria del Mare - Milano","description":"","publisher":{"@id":"https:\/\/libreriadelmare.it\/en\/#organization"},"potentialAction":[{"@type":"SearchAction","target":{"@type":"EntryPoint","urlTemplate":"https:\/\/libreriadelmare.it\/en\/?s={search_term_string}"},"query-input":{"@type":"PropertyValueSpecification","valueRequired":true,"valueName":"search_term_string"}}],"inLanguage":"en-US"},{"@type":"Organization","@id":"https:\/\/libreriadelmare.it\/en\/#organization","name":"Libreria del Mare - Milano","url":"https:\/\/libreriadelmare.it\/en\/","logo":{"@type":"ImageObject","inLanguage":"en-US","@id":"https:\/\/libreriadelmare.it\/en\/#\/schema\/logo\/image\/","url":"https:\/\/libreriadelmare.it\/wp-content\/uploads\/2018\/07\/logo-blu.png","contentUrl":"https:\/\/libreriadelmare.it\/wp-content\/uploads\/2018\/07\/logo-blu.png","width":600,"height":162,"caption":"Libreria del Mare - Milano"},"image":{"@id":"https:\/\/libreriadelmare.it\/en\/#\/schema\/logo\/image\/"},"sameAs":["https:\/\/www.facebook.com\/libreriadelmare","https:\/\/www.instagram.com\/libreriadelmare\/"],"hasMerchantReturnPolicy":{"@type":"MerchantReturnPolicy","merchantReturnLink":"https:\/\/libreriadelmare.it\/diritto-di-recesso\/"}}]},"product_price_amount":"9.90","product_price_currency":"EUR","og_availability":"backorder","product_availability":"available for order","product_retailer_item_id":"130420448","product_condition":"new"},"_links":{"self":[{"href":"https:\/\/libreriadelmare.it\/en\/wp-json\/wp\/v2\/product\/85077","targetHints":{"allow":["GET"]}}],"collection":[{"href":"https:\/\/libreriadelmare.it\/en\/wp-json\/wp\/v2\/product"}],"about":[{"href":"https:\/\/libreriadelmare.it\/en\/wp-json\/wp\/v2\/types\/product"}],"replies":[{"embeddable":true,"href":"https:\/\/libreriadelmare.it\/en\/wp-json\/wp\/v2\/comments?post=85077"}],"wp:featuredmedia":[{"embeddable":true,"href":"https:\/\/libreriadelmare.it\/en\/wp-json\/wp\/v2\/media\/85078"}],"wp:attachment":[{"href":"https:\/\/libreriadelmare.it\/en\/wp-json\/wp\/v2\/media?parent=85077"}],"wp:term":[{"taxonomy":"product_brand","embeddable":true,"href":"https:\/\/libreriadelmare.it\/en\/wp-json\/wp\/v2\/product_brand?post=85077"},{"taxonomy":"product_cat","embeddable":true,"href":"https:\/\/libreriadelmare.it\/en\/wp-json\/wp\/v2\/product_cat?post=85077"},{"taxonomy":"product_tag","embeddable":true,"href":"https:\/\/libreriadelmare.it\/en\/wp-json\/wp\/v2\/product_tag?post=85077"}],"curies":[{"name":"wp","href":"https:\/\/api.w.org\/{rel}","templated":true}]}}