{"id":84543,"date":"2019-02-03T19:08:25","date_gmt":"2019-02-03T18:08:25","guid":{"rendered":"https:\/\/libreriadelmare.it\/negozio\/uncategorized\/multiscafi-d-al-g-9788842514206\/"},"modified":"2026-04-18T03:14:20","modified_gmt":"2026-04-18T01:14:20","slug":"multiscafi-d-al-g-9788842514206","status":"publish","type":"product","link":"https:\/\/libreriadelmare.it\/en\/shop\/multiscafi-d-al-g-9788842514206\/","title":{"rendered":"multiscafi"},"content":{"rendered":"<p>Questo &#8220;manoscritto&#8221; vuole suscitare alcune curiosit\u00e0. La prima \u00e8 nei confronti di tipi di imbarcazioni che, pur avendo origini antichissime, si presentano alla nostra cultura occidentale come una novit\u00e0. Altra curiosit\u00e0 riguarda il come, cio\u00e8 come sono concepiti e concepibili, progettati e progettabili, costruiti e costruibili alcuni di questi multiscafi moderni, utilizzando mezzi, attrezzi e capacit\u00e0 accessibili a tutti, secondo una filosofia &#8220;minimalista&#8221; che non rinuncia, per la semplicit\u00e0, all&#8217;affidabilit\u00e0 e alle prestazioni. La scelta del legno, materiale antichissimo eppure moderno sotto forma di compensato marino accoppiato a resina epossidica, \u00e8 coerente con tale filosofia e perfettamente compatibile, anche in termini economici, con la costruzione amatoriale nella quale la voce manodopera \u00e8 costituita da&#8230; divertimento. Viene descritta la tecnica di costruzione &#8220;per gusci&#8221; sperimentata sino a raggiungere livelli di semplicit\u00e0 e rapidit\u00e0 tali da realizzare in poche ore lo scafo. Un ulteriore aspetto importante \u00e8 quello di partire &#8220;dal piccolo&#8221;. Si dice: &#8220;barca piccola, grande marinaio&#8221;. Infatti una barca piccola fornisce a chi la timona risposte immediate ed amplificate, dirette, tali da sviluppare una versa sensibilit\u00e0. Inoltre, gli effetti degli errori non sono troppo gravi ed irreparabili.<\/p>\n<p>Edizione: 1993<\/p>\n","protected":false},"excerpt":{"rendered":"<p class=\"sottotitolo\"><span>Subtitle: <\/span>autocostruzione<\/p>\n<p class=\"autore\"><span>Author: <\/span>d&#8217;al\u00ec g.<\/p>\n<p class=\"editore\"><span>Publisher: <\/span>Ugo Mursia Editore<\/p>\n<p class=\"isbn\"><span>ISBN: <\/span>9788842514206<\/p>\n","protected":false},"featured_media":84544,"comment_status":"open","ping_status":"closed","template":"","meta":[],"product_brand":[],"product_cat":[2566],"product_tag":[],"class_list":{"0":"post-84543","1":"product","2":"type-product","3":"status-publish","4":"has-post-thumbnail","6":"product_cat-books-navigation-multihulls","8":"first","9":"onbackorder","10":"taxable","11":"shipping-taxable","12":"purchasable","13":"product-type-simple"},"yoast_head":"<!-- This site is optimized with the Yoast SEO Premium plugin v27.1 (Yoast SEO v27.4) - https:\/\/yoast.com\/product\/yoast-seo-premium-wordpress\/ -->\n<title>multiscafi - Libreria del Mare<\/title>\n<meta name=\"robots\" content=\"index, follow, max-snippet:-1, max-image-preview:large, max-video-preview:-1\" \/>\n<link rel=\"canonical\" href=\"https:\/\/libreriadelmare.it\/en\/shop\/multiscafi-d-al-g-9788842514206\/\" \/>\n<meta property=\"og:locale\" content=\"en_US\" \/>\n<meta property=\"og:type\" content=\"article\" \/>\n<meta property=\"og:title\" content=\"multiscafi\" \/>\n<meta property=\"og:description\" content=\"Subtitle: autocostruzioneAuthor: d&#039;al\u00ec g.Publisher: Ugo Mursia EditoreISBN: 9788842514206\" \/>\n<meta property=\"og:url\" content=\"https:\/\/libreriadelmare.it\/en\/shop\/multiscafi-d-al-g-9788842514206\/\" \/>\n<meta property=\"og:site_name\" content=\"Libreria del Mare\" \/>\n<meta property=\"article:publisher\" content=\"https:\/\/www.facebook.com\/libreriadelmare\" \/>\n<meta property=\"article:modified_time\" content=\"2026-04-18T01:14:20+00:00\" \/>\n<meta property=\"og:image\" content=\"https:\/\/libreriadelmare.it\/wp-content\/uploads\/multiscafiautocostruzione-dali.jpg\" \/>\n\t<meta property=\"og:image:width\" content=\"400\" \/>\n\t<meta property=\"og:image:height\" content=\"594\" \/>\n\t<meta property=\"og:image:type\" content=\"image\/jpeg\" \/>\n<meta name=\"twitter:card\" content=\"summary_large_image\" \/>\n<meta name=\"twitter:label1\" content=\"Price\" \/>\n\t<meta name=\"twitter:data1\" content=\"&euro;10,50\" \/>\n\t<meta name=\"twitter:label2\" content=\"Availability\" \/>\n\t<meta name=\"twitter:data2\" content=\"On backorder\" \/>\n<script type=\"application\/ld+json\" class=\"yoast-schema-graph\">{\"@context\":\"https:\\\/\\\/schema.org\",\"@graph\":[{\"@type\":\"WebPage\",\"@id\":\"https:\\\/\\\/libreriadelmare.it\\\/en\\\/shop\\\/multiscafi-d-al-g-9788842514206\\\/\",\"url\":\"https:\\\/\\\/libreriadelmare.it\\\/en\\\/shop\\\/multiscafi-d-al-g-9788842514206\\\/\",\"name\":\"multiscafi - Libreria del Mare\",\"isPartOf\":{\"@id\":\"https:\\\/\\\/libreriadelmare.it\\\/en\\\/#website\"},\"primaryImageOfPage\":{\"@id\":\"https:\\\/\\\/libreriadelmare.it\\\/en\\\/shop\\\/multiscafi-d-al-g-9788842514206\\\/#primaryimage\"},\"image\":{\"@id\":\"https:\\\/\\\/libreriadelmare.it\\\/en\\\/shop\\\/multiscafi-d-al-g-9788842514206\\\/#primaryimage\"},\"thumbnailUrl\":\"https:\\\/\\\/libreriadelmare.it\\\/wp-content\\\/uploads\\\/multiscafiautocostruzione-dali.jpg\",\"datePublished\":\"2019-02-03T18:08:25+00:00\",\"dateModified\":\"2026-04-18T01:14:20+00:00\",\"breadcrumb\":{\"@id\":\"https:\\\/\\\/libreriadelmare.it\\\/en\\\/shop\\\/multiscafi-d-al-g-9788842514206\\\/#breadcrumb\"},\"inLanguage\":\"en-US\",\"potentialAction\":[{\"@type\":\"ReadAction\",\"target\":[\"https:\\\/\\\/libreriadelmare.it\\\/en\\\/shop\\\/multiscafi-d-al-g-9788842514206\\\/\"]}]},{\"@type\":\"ImageObject\",\"inLanguage\":\"en-US\",\"@id\":\"https:\\\/\\\/libreriadelmare.it\\\/en\\\/shop\\\/multiscafi-d-al-g-9788842514206\\\/#primaryimage\",\"url\":\"https:\\\/\\\/libreriadelmare.it\\\/wp-content\\\/uploads\\\/multiscafiautocostruzione-dali.jpg\",\"contentUrl\":\"https:\\\/\\\/libreriadelmare.it\\\/wp-content\\\/uploads\\\/multiscafiautocostruzione-dali.jpg\",\"width\":400,\"height\":594},{\"@type\":\"BreadcrumbList\",\"@id\":\"https:\\\/\\\/libreriadelmare.it\\\/en\\\/shop\\\/multiscafi-d-al-g-9788842514206\\\/#breadcrumb\",\"itemListElement\":[{\"@type\":\"ListItem\",\"position\":1,\"name\":\"Home\",\"item\":\"https:\\\/\\\/libreriadelmare.it\\\/en\\\/\"},{\"@type\":\"ListItem\",\"position\":2,\"name\":\"Shop\",\"item\":\"https:\\\/\\\/libreriadelmare.it\\\/en\\\/shop\\\/\"},{\"@type\":\"ListItem\",\"position\":3,\"name\":\"multiscafi\"}]},{\"@type\":\"WebSite\",\"@id\":\"https:\\\/\\\/libreriadelmare.it\\\/en\\\/#website\",\"url\":\"https:\\\/\\\/libreriadelmare.it\\\/en\\\/\",\"name\":\"Libreria del Mare - Milano\",\"description\":\"\",\"publisher\":{\"@id\":\"https:\\\/\\\/libreriadelmare.it\\\/en\\\/#organization\"},\"potentialAction\":[{\"@type\":\"SearchAction\",\"target\":{\"@type\":\"EntryPoint\",\"urlTemplate\":\"https:\\\/\\\/libreriadelmare.it\\\/en\\\/?s={search_term_string}\"},\"query-input\":{\"@type\":\"PropertyValueSpecification\",\"valueRequired\":true,\"valueName\":\"search_term_string\"}}],\"inLanguage\":\"en-US\"},{\"@type\":\"Organization\",\"@id\":\"https:\\\/\\\/libreriadelmare.it\\\/en\\\/#organization\",\"name\":\"Libreria del Mare - Milano\",\"url\":\"https:\\\/\\\/libreriadelmare.it\\\/en\\\/\",\"logo\":{\"@type\":\"ImageObject\",\"inLanguage\":\"en-US\",\"@id\":\"https:\\\/\\\/libreriadelmare.it\\\/en\\\/#\\\/schema\\\/logo\\\/image\\\/\",\"url\":\"https:\\\/\\\/libreriadelmare.it\\\/wp-content\\\/uploads\\\/2018\\\/07\\\/logo-blu.png\",\"contentUrl\":\"https:\\\/\\\/libreriadelmare.it\\\/wp-content\\\/uploads\\\/2018\\\/07\\\/logo-blu.png\",\"width\":600,\"height\":162,\"caption\":\"Libreria del Mare - Milano\"},\"image\":{\"@id\":\"https:\\\/\\\/libreriadelmare.it\\\/en\\\/#\\\/schema\\\/logo\\\/image\\\/\"},\"sameAs\":[\"https:\\\/\\\/www.facebook.com\\\/libreriadelmare\",\"https:\\\/\\\/www.instagram.com\\\/libreriadelmare\\\/\"],\"hasMerchantReturnPolicy\":{\"@type\":\"MerchantReturnPolicy\",\"merchantReturnLink\":\"https:\\\/\\\/libreriadelmare.it\\\/diritto-di-recesso\\\/\"}}]}<\/script>\n<meta property=\"product:price:amount\" content=\"10.50\" \/>\n<meta property=\"product:price:currency\" content=\"EUR\" \/>\n<meta property=\"og:availability\" content=\"backorder\" \/>\n<meta property=\"product:availability\" content=\"available for order\" \/>\n<meta property=\"product:retailer_item_id\" content=\"9788842514206\" \/>\n<meta property=\"product:condition\" content=\"new\" \/>\n<!-- \/ Yoast SEO Premium plugin. -->","yoast_head_json":{"title":"multiscafi - Libreria del Mare","robots":{"index":"index","follow":"follow","max-snippet":"max-snippet:-1","max-image-preview":"max-image-preview:large","max-video-preview":"max-video-preview:-1"},"canonical":"https:\/\/libreriadelmare.it\/en\/shop\/multiscafi-d-al-g-9788842514206\/","og_locale":"en_US","og_type":"article","og_title":"multiscafi","og_description":"Subtitle: autocostruzioneAuthor: d'al\u00ec g.Publisher: Ugo Mursia EditoreISBN: 9788842514206","og_url":"https:\/\/libreriadelmare.it\/en\/shop\/multiscafi-d-al-g-9788842514206\/","og_site_name":"Libreria del Mare","article_publisher":"https:\/\/www.facebook.com\/libreriadelmare","article_modified_time":"2026-04-18T01:14:20+00:00","og_image":[{"width":400,"height":594,"url":"https:\/\/libreriadelmare.it\/wp-content\/uploads\/multiscafiautocostruzione-dali.jpg","type":"image\/jpeg"}],"twitter_card":"summary_large_image","twitter_misc":{"Price":"&euro;10,50","Availability":"On backorder"},"schema":{"@context":"https:\/\/schema.org","@graph":[{"@type":"WebPage","@id":"https:\/\/libreriadelmare.it\/en\/shop\/multiscafi-d-al-g-9788842514206\/","url":"https:\/\/libreriadelmare.it\/en\/shop\/multiscafi-d-al-g-9788842514206\/","name":"multiscafi - Libreria del Mare","isPartOf":{"@id":"https:\/\/libreriadelmare.it\/en\/#website"},"primaryImageOfPage":{"@id":"https:\/\/libreriadelmare.it\/en\/shop\/multiscafi-d-al-g-9788842514206\/#primaryimage"},"image":{"@id":"https:\/\/libreriadelmare.it\/en\/shop\/multiscafi-d-al-g-9788842514206\/#primaryimage"},"thumbnailUrl":"https:\/\/libreriadelmare.it\/wp-content\/uploads\/multiscafiautocostruzione-dali.jpg","datePublished":"2019-02-03T18:08:25+00:00","dateModified":"2026-04-18T01:14:20+00:00","breadcrumb":{"@id":"https:\/\/libreriadelmare.it\/en\/shop\/multiscafi-d-al-g-9788842514206\/#breadcrumb"},"inLanguage":"en-US","potentialAction":[{"@type":"ReadAction","target":["https:\/\/libreriadelmare.it\/en\/shop\/multiscafi-d-al-g-9788842514206\/"]}]},{"@type":"ImageObject","inLanguage":"en-US","@id":"https:\/\/libreriadelmare.it\/en\/shop\/multiscafi-d-al-g-9788842514206\/#primaryimage","url":"https:\/\/libreriadelmare.it\/wp-content\/uploads\/multiscafiautocostruzione-dali.jpg","contentUrl":"https:\/\/libreriadelmare.it\/wp-content\/uploads\/multiscafiautocostruzione-dali.jpg","width":400,"height":594},{"@type":"BreadcrumbList","@id":"https:\/\/libreriadelmare.it\/en\/shop\/multiscafi-d-al-g-9788842514206\/#breadcrumb","itemListElement":[{"@type":"ListItem","position":1,"name":"Home","item":"https:\/\/libreriadelmare.it\/en\/"},{"@type":"ListItem","position":2,"name":"Shop","item":"https:\/\/libreriadelmare.it\/en\/shop\/"},{"@type":"ListItem","position":3,"name":"multiscafi"}]},{"@type":"WebSite","@id":"https:\/\/libreriadelmare.it\/en\/#website","url":"https:\/\/libreriadelmare.it\/en\/","name":"Libreria del Mare - Milano","description":"","publisher":{"@id":"https:\/\/libreriadelmare.it\/en\/#organization"},"potentialAction":[{"@type":"SearchAction","target":{"@type":"EntryPoint","urlTemplate":"https:\/\/libreriadelmare.it\/en\/?s={search_term_string}"},"query-input":{"@type":"PropertyValueSpecification","valueRequired":true,"valueName":"search_term_string"}}],"inLanguage":"en-US"},{"@type":"Organization","@id":"https:\/\/libreriadelmare.it\/en\/#organization","name":"Libreria del Mare - Milano","url":"https:\/\/libreriadelmare.it\/en\/","logo":{"@type":"ImageObject","inLanguage":"en-US","@id":"https:\/\/libreriadelmare.it\/en\/#\/schema\/logo\/image\/","url":"https:\/\/libreriadelmare.it\/wp-content\/uploads\/2018\/07\/logo-blu.png","contentUrl":"https:\/\/libreriadelmare.it\/wp-content\/uploads\/2018\/07\/logo-blu.png","width":600,"height":162,"caption":"Libreria del Mare - Milano"},"image":{"@id":"https:\/\/libreriadelmare.it\/en\/#\/schema\/logo\/image\/"},"sameAs":["https:\/\/www.facebook.com\/libreriadelmare","https:\/\/www.instagram.com\/libreriadelmare\/"],"hasMerchantReturnPolicy":{"@type":"MerchantReturnPolicy","merchantReturnLink":"https:\/\/libreriadelmare.it\/diritto-di-recesso\/"}}]},"product_price_amount":"10.50","product_price_currency":"EUR","og_availability":"backorder","product_availability":"available for order","product_retailer_item_id":"9788842514206","product_condition":"new"},"df_price":10.5,"df_sale_price":"","df_regular_price":10.5,"df_image_link":"https:\/\/libreriadelmare.it\/wp-content\/uploads\/multiscafiautocostruzione-dali-202x300.jpg","_links":{"self":[{"href":"https:\/\/libreriadelmare.it\/en\/wp-json\/wp\/v2\/product\/84543","targetHints":{"allow":["GET"]}}],"collection":[{"href":"https:\/\/libreriadelmare.it\/en\/wp-json\/wp\/v2\/product"}],"about":[{"href":"https:\/\/libreriadelmare.it\/en\/wp-json\/wp\/v2\/types\/product"}],"replies":[{"embeddable":true,"href":"https:\/\/libreriadelmare.it\/en\/wp-json\/wp\/v2\/comments?post=84543"}],"wp:featuredmedia":[{"embeddable":true,"href":"https:\/\/libreriadelmare.it\/en\/wp-json\/wp\/v2\/media\/84544"}],"wp:attachment":[{"href":"https:\/\/libreriadelmare.it\/en\/wp-json\/wp\/v2\/media?parent=84543"}],"wp:term":[{"taxonomy":"product_brand","embeddable":true,"href":"https:\/\/libreriadelmare.it\/en\/wp-json\/wp\/v2\/product_brand?post=84543"},{"taxonomy":"product_cat","embeddable":true,"href":"https:\/\/libreriadelmare.it\/en\/wp-json\/wp\/v2\/product_cat?post=84543"},{"taxonomy":"product_tag","embeddable":true,"href":"https:\/\/libreriadelmare.it\/en\/wp-json\/wp\/v2\/product_tag?post=84543"}],"curies":[{"name":"wp","href":"https:\/\/api.w.org\/{rel}","templated":true}]}}