{"id":84458,"date":"2019-02-03T19:08:55","date_gmt":"2019-02-03T18:08:55","guid":{"rendered":"https:\/\/libreriadelmare.it\/negozio\/uncategorized\/kayak-d-alto-corso-cirotteau-f-benazet-d-lambolez-b-343055368\/"},"modified":"2026-04-04T03:18:26","modified_gmt":"2026-04-04T01:18:26","slug":"kayak-d-alto-corso-cirotteau-f-benazet-d-lambolez-b-343055368","status":"publish","type":"product","link":"https:\/\/libreriadelmare.it\/en\/shop\/kayak-d-alto-corso-cirotteau-f-benazet-d-lambolez-b-343055368\/","title":{"rendered":"kayak d&#8217;alto corso"},"content":{"rendered":"<p>Nata ufficialmente in Germania alla fine degli anni &#8217;60 con l&#8217;Alpin Kayak Club di Monaco, la specialit\u00e0 del kayak d&#8217;alto corso, cio\u00e8 della discesa di torrenti, si \u00e8 presto diffusa anche in Francia, dove peraltro il Groupe d&#8217;Haute Rivi\u00e8re gi\u00e0 da dieci anni aveva iniziato a esplorare e a discendere molti dei pi\u00f9 impegnativi corsi d&#8217;acqua delle Alpi. Su questa tradizione appunto si inseriscono gli autori di questo volume, tre canoisti francesi, che sono stati considerati veri fuoriclasse di questa difficile disciplina. Tutti e tre con alle spalle un lungo passato sportivo, sono stati tra gli interpreti pi\u00f9 conosciuti di questo modo di discendere i fiumi fin quasi dalle sorgenti, l\u00e0 dove l&#8217;acqua si fa strada nel caotico ammasso di rocce tra le alte pareti delle gole. Proprio per tale motivo, essi hanno deciso di presentare le loro esperienze affascinanti ad un pi\u00f9 vasto pubblico attraverso queste pagine, nelle quali i lettori potranno trovare una preziosa serie di consigli sui materiali, sull&#8217;equipaggiamento, sulla tecnica di manovra e di soccorso, oltre a una particolareggiata descrizione dei tratti di fiume e delle difficolt\u00e0 e dei passaggi pi\u00f9 ostici. Una ricca serie di fotografie aiuta a entrare, oltre che nelle gole pi\u00f9 inaccessibili, accanto a salti mozzafiato, anche nello spirito che sta alla base di quella che si pu\u00f2 definire &#8220;la canoa fuoripista&#8221;. Questa maniera di &#8220;far canoa&#8221; si \u00e8 diffusa anche in Italia dove si trovano alcuni dei percorsi pi\u00f9 classici dell&#8217;alto corso. Perci\u00f2, alle 30 proposte di discesa illustrate dagli autori, sono stati qui aggiunti altri 10 percorsi delle Alpi e degli Appennini che consentono, tra l&#8217;altro, di entrare in contatto con ambienti naturali molto lontani dalle normali vie del turismo.<\/p>\n<p><P>Edizione: 1987<\/p>\n","protected":false},"excerpt":{"rendered":"<p class=\"autore\"><span>Author: <\/span>cirotteau f.  benazet d.  lambolez b.<\/p>\n<p class=\"editore\"><span>Publisher: <\/span>Ugo Mursia Editore<\/p>\n<p class=\"isbn\"><span>ISBN: <\/span>343055368<\/p>\n","protected":false},"featured_media":84459,"comment_status":"open","ping_status":"closed","template":"","meta":[],"product_brand":[],"product_cat":[2600],"product_tag":[],"class_list":{"0":"post-84458","1":"product","2":"type-product","3":"status-publish","4":"has-post-thumbnail","6":"product_cat-canoeing-rowing-kayaking-and-rafting","8":"first","9":"onbackorder","10":"taxable","11":"shipping-taxable","12":"purchasable","13":"product-type-simple"},"yoast_head":"<!-- This site is optimized with the Yoast SEO Premium plugin v27.1 (Yoast SEO v27.3) - https:\/\/yoast.com\/product\/yoast-seo-premium-wordpress\/ -->\n<title>kayak d&#039;alto corso - Libreria del Mare<\/title>\n<meta name=\"robots\" content=\"index, follow, max-snippet:-1, max-image-preview:large, max-video-preview:-1\" \/>\n<link rel=\"canonical\" href=\"https:\/\/libreriadelmare.it\/en\/shop\/kayak-d-alto-corso-cirotteau-f-benazet-d-lambolez-b-343055368\/\" \/>\n<meta property=\"og:locale\" content=\"en_US\" \/>\n<meta property=\"og:type\" content=\"article\" \/>\n<meta property=\"og:title\" content=\"kayak d&#039;alto corso\" \/>\n<meta property=\"og:description\" content=\"Author: cirotteau f. benazet d. lambolez b.Publisher: Ugo Mursia EditoreISBN: 343055368\" \/>\n<meta property=\"og:url\" content=\"https:\/\/libreriadelmare.it\/en\/shop\/kayak-d-alto-corso-cirotteau-f-benazet-d-lambolez-b-343055368\/\" \/>\n<meta property=\"og:site_name\" content=\"Libreria del Mare\" \/>\n<meta property=\"article:publisher\" content=\"https:\/\/www.facebook.com\/libreriadelmare\" \/>\n<meta property=\"article:modified_time\" content=\"2026-04-04T01:18:26+00:00\" \/>\n<meta property=\"og:image\" content=\"https:\/\/libreriadelmare.it\/wp-content\/uploads\/kayahaltocorso2.jpg\" \/>\n\t<meta property=\"og:image:width\" content=\"431\" \/>\n\t<meta property=\"og:image:height\" content=\"595\" \/>\n\t<meta property=\"og:image:type\" content=\"image\/jpeg\" \/>\n<meta name=\"twitter:card\" content=\"summary_large_image\" \/>\n<meta name=\"twitter:label1\" content=\"Price\" \/>\n\t<meta name=\"twitter:data1\" content=\"&euro;12,90\" \/>\n\t<meta name=\"twitter:label2\" content=\"Availability\" \/>\n\t<meta name=\"twitter:data2\" content=\"On backorder\" \/>\n<script type=\"application\/ld+json\" class=\"yoast-schema-graph\">{\"@context\":\"https:\\\/\\\/schema.org\",\"@graph\":[{\"@type\":\"WebPage\",\"@id\":\"https:\\\/\\\/libreriadelmare.it\\\/en\\\/shop\\\/kayak-d-alto-corso-cirotteau-f-benazet-d-lambolez-b-343055368\\\/\",\"url\":\"https:\\\/\\\/libreriadelmare.it\\\/en\\\/shop\\\/kayak-d-alto-corso-cirotteau-f-benazet-d-lambolez-b-343055368\\\/\",\"name\":\"kayak d'alto corso - Libreria del Mare\",\"isPartOf\":{\"@id\":\"https:\\\/\\\/libreriadelmare.it\\\/en\\\/#website\"},\"primaryImageOfPage\":{\"@id\":\"https:\\\/\\\/libreriadelmare.it\\\/en\\\/shop\\\/kayak-d-alto-corso-cirotteau-f-benazet-d-lambolez-b-343055368\\\/#primaryimage\"},\"image\":{\"@id\":\"https:\\\/\\\/libreriadelmare.it\\\/en\\\/shop\\\/kayak-d-alto-corso-cirotteau-f-benazet-d-lambolez-b-343055368\\\/#primaryimage\"},\"thumbnailUrl\":\"https:\\\/\\\/libreriadelmare.it\\\/wp-content\\\/uploads\\\/kayahaltocorso2.jpg\",\"datePublished\":\"2019-02-03T18:08:55+00:00\",\"dateModified\":\"2026-04-04T01:18:26+00:00\",\"breadcrumb\":{\"@id\":\"https:\\\/\\\/libreriadelmare.it\\\/en\\\/shop\\\/kayak-d-alto-corso-cirotteau-f-benazet-d-lambolez-b-343055368\\\/#breadcrumb\"},\"inLanguage\":\"en-US\",\"potentialAction\":[{\"@type\":\"ReadAction\",\"target\":[\"https:\\\/\\\/libreriadelmare.it\\\/en\\\/shop\\\/kayak-d-alto-corso-cirotteau-f-benazet-d-lambolez-b-343055368\\\/\"]}]},{\"@type\":\"ImageObject\",\"inLanguage\":\"en-US\",\"@id\":\"https:\\\/\\\/libreriadelmare.it\\\/en\\\/shop\\\/kayak-d-alto-corso-cirotteau-f-benazet-d-lambolez-b-343055368\\\/#primaryimage\",\"url\":\"https:\\\/\\\/libreriadelmare.it\\\/wp-content\\\/uploads\\\/kayahaltocorso2.jpg\",\"contentUrl\":\"https:\\\/\\\/libreriadelmare.it\\\/wp-content\\\/uploads\\\/kayahaltocorso2.jpg\",\"width\":431,\"height\":595},{\"@type\":\"BreadcrumbList\",\"@id\":\"https:\\\/\\\/libreriadelmare.it\\\/en\\\/shop\\\/kayak-d-alto-corso-cirotteau-f-benazet-d-lambolez-b-343055368\\\/#breadcrumb\",\"itemListElement\":[{\"@type\":\"ListItem\",\"position\":1,\"name\":\"Home\",\"item\":\"https:\\\/\\\/libreriadelmare.it\\\/en\\\/\"},{\"@type\":\"ListItem\",\"position\":2,\"name\":\"Shop\",\"item\":\"https:\\\/\\\/libreriadelmare.it\\\/en\\\/shop\\\/\"},{\"@type\":\"ListItem\",\"position\":3,\"name\":\"kayak d&#8217;alto corso\"}]},{\"@type\":\"WebSite\",\"@id\":\"https:\\\/\\\/libreriadelmare.it\\\/en\\\/#website\",\"url\":\"https:\\\/\\\/libreriadelmare.it\\\/en\\\/\",\"name\":\"Libreria del Mare - Milano\",\"description\":\"\",\"publisher\":{\"@id\":\"https:\\\/\\\/libreriadelmare.it\\\/en\\\/#organization\"},\"potentialAction\":[{\"@type\":\"SearchAction\",\"target\":{\"@type\":\"EntryPoint\",\"urlTemplate\":\"https:\\\/\\\/libreriadelmare.it\\\/en\\\/?s={search_term_string}\"},\"query-input\":{\"@type\":\"PropertyValueSpecification\",\"valueRequired\":true,\"valueName\":\"search_term_string\"}}],\"inLanguage\":\"en-US\"},{\"@type\":\"Organization\",\"@id\":\"https:\\\/\\\/libreriadelmare.it\\\/en\\\/#organization\",\"name\":\"Libreria del Mare - Milano\",\"url\":\"https:\\\/\\\/libreriadelmare.it\\\/en\\\/\",\"logo\":{\"@type\":\"ImageObject\",\"inLanguage\":\"en-US\",\"@id\":\"https:\\\/\\\/libreriadelmare.it\\\/en\\\/#\\\/schema\\\/logo\\\/image\\\/\",\"url\":\"https:\\\/\\\/libreriadelmare.it\\\/wp-content\\\/uploads\\\/2018\\\/07\\\/logo-blu.png\",\"contentUrl\":\"https:\\\/\\\/libreriadelmare.it\\\/wp-content\\\/uploads\\\/2018\\\/07\\\/logo-blu.png\",\"width\":600,\"height\":162,\"caption\":\"Libreria del Mare - Milano\"},\"image\":{\"@id\":\"https:\\\/\\\/libreriadelmare.it\\\/en\\\/#\\\/schema\\\/logo\\\/image\\\/\"},\"sameAs\":[\"https:\\\/\\\/www.facebook.com\\\/libreriadelmare\",\"https:\\\/\\\/www.instagram.com\\\/libreriadelmare\\\/\"],\"hasMerchantReturnPolicy\":{\"@type\":\"MerchantReturnPolicy\",\"merchantReturnLink\":\"https:\\\/\\\/libreriadelmare.it\\\/diritto-di-recesso\\\/\"}}]}<\/script>\n<meta property=\"product:price:amount\" content=\"12.90\" \/>\n<meta property=\"product:price:currency\" content=\"EUR\" \/>\n<meta property=\"og:availability\" content=\"backorder\" \/>\n<meta property=\"product:availability\" content=\"available for order\" \/>\n<meta property=\"product:retailer_item_id\" content=\"343055368\" \/>\n<meta property=\"product:condition\" content=\"new\" \/>\n<!-- \/ Yoast SEO Premium plugin. -->","yoast_head_json":{"title":"kayak d'alto corso - Libreria del Mare","robots":{"index":"index","follow":"follow","max-snippet":"max-snippet:-1","max-image-preview":"max-image-preview:large","max-video-preview":"max-video-preview:-1"},"canonical":"https:\/\/libreriadelmare.it\/en\/shop\/kayak-d-alto-corso-cirotteau-f-benazet-d-lambolez-b-343055368\/","og_locale":"en_US","og_type":"article","og_title":"kayak d'alto corso","og_description":"Author: cirotteau f. benazet d. lambolez b.Publisher: Ugo Mursia EditoreISBN: 343055368","og_url":"https:\/\/libreriadelmare.it\/en\/shop\/kayak-d-alto-corso-cirotteau-f-benazet-d-lambolez-b-343055368\/","og_site_name":"Libreria del Mare","article_publisher":"https:\/\/www.facebook.com\/libreriadelmare","article_modified_time":"2026-04-04T01:18:26+00:00","og_image":[{"width":431,"height":595,"url":"https:\/\/libreriadelmare.it\/wp-content\/uploads\/kayahaltocorso2.jpg","type":"image\/jpeg"}],"twitter_card":"summary_large_image","twitter_misc":{"Price":"&euro;12,90","Availability":"On backorder"},"schema":{"@context":"https:\/\/schema.org","@graph":[{"@type":"WebPage","@id":"https:\/\/libreriadelmare.it\/en\/shop\/kayak-d-alto-corso-cirotteau-f-benazet-d-lambolez-b-343055368\/","url":"https:\/\/libreriadelmare.it\/en\/shop\/kayak-d-alto-corso-cirotteau-f-benazet-d-lambolez-b-343055368\/","name":"kayak d'alto corso - Libreria del Mare","isPartOf":{"@id":"https:\/\/libreriadelmare.it\/en\/#website"},"primaryImageOfPage":{"@id":"https:\/\/libreriadelmare.it\/en\/shop\/kayak-d-alto-corso-cirotteau-f-benazet-d-lambolez-b-343055368\/#primaryimage"},"image":{"@id":"https:\/\/libreriadelmare.it\/en\/shop\/kayak-d-alto-corso-cirotteau-f-benazet-d-lambolez-b-343055368\/#primaryimage"},"thumbnailUrl":"https:\/\/libreriadelmare.it\/wp-content\/uploads\/kayahaltocorso2.jpg","datePublished":"2019-02-03T18:08:55+00:00","dateModified":"2026-04-04T01:18:26+00:00","breadcrumb":{"@id":"https:\/\/libreriadelmare.it\/en\/shop\/kayak-d-alto-corso-cirotteau-f-benazet-d-lambolez-b-343055368\/#breadcrumb"},"inLanguage":"en-US","potentialAction":[{"@type":"ReadAction","target":["https:\/\/libreriadelmare.it\/en\/shop\/kayak-d-alto-corso-cirotteau-f-benazet-d-lambolez-b-343055368\/"]}]},{"@type":"ImageObject","inLanguage":"en-US","@id":"https:\/\/libreriadelmare.it\/en\/shop\/kayak-d-alto-corso-cirotteau-f-benazet-d-lambolez-b-343055368\/#primaryimage","url":"https:\/\/libreriadelmare.it\/wp-content\/uploads\/kayahaltocorso2.jpg","contentUrl":"https:\/\/libreriadelmare.it\/wp-content\/uploads\/kayahaltocorso2.jpg","width":431,"height":595},{"@type":"BreadcrumbList","@id":"https:\/\/libreriadelmare.it\/en\/shop\/kayak-d-alto-corso-cirotteau-f-benazet-d-lambolez-b-343055368\/#breadcrumb","itemListElement":[{"@type":"ListItem","position":1,"name":"Home","item":"https:\/\/libreriadelmare.it\/en\/"},{"@type":"ListItem","position":2,"name":"Shop","item":"https:\/\/libreriadelmare.it\/en\/shop\/"},{"@type":"ListItem","position":3,"name":"kayak d&#8217;alto corso"}]},{"@type":"WebSite","@id":"https:\/\/libreriadelmare.it\/en\/#website","url":"https:\/\/libreriadelmare.it\/en\/","name":"Libreria del Mare - Milano","description":"","publisher":{"@id":"https:\/\/libreriadelmare.it\/en\/#organization"},"potentialAction":[{"@type":"SearchAction","target":{"@type":"EntryPoint","urlTemplate":"https:\/\/libreriadelmare.it\/en\/?s={search_term_string}"},"query-input":{"@type":"PropertyValueSpecification","valueRequired":true,"valueName":"search_term_string"}}],"inLanguage":"en-US"},{"@type":"Organization","@id":"https:\/\/libreriadelmare.it\/en\/#organization","name":"Libreria del Mare - Milano","url":"https:\/\/libreriadelmare.it\/en\/","logo":{"@type":"ImageObject","inLanguage":"en-US","@id":"https:\/\/libreriadelmare.it\/en\/#\/schema\/logo\/image\/","url":"https:\/\/libreriadelmare.it\/wp-content\/uploads\/2018\/07\/logo-blu.png","contentUrl":"https:\/\/libreriadelmare.it\/wp-content\/uploads\/2018\/07\/logo-blu.png","width":600,"height":162,"caption":"Libreria del Mare - Milano"},"image":{"@id":"https:\/\/libreriadelmare.it\/en\/#\/schema\/logo\/image\/"},"sameAs":["https:\/\/www.facebook.com\/libreriadelmare","https:\/\/www.instagram.com\/libreriadelmare\/"],"hasMerchantReturnPolicy":{"@type":"MerchantReturnPolicy","merchantReturnLink":"https:\/\/libreriadelmare.it\/diritto-di-recesso\/"}}]},"product_price_amount":"12.90","product_price_currency":"EUR","og_availability":"backorder","product_availability":"available for order","product_retailer_item_id":"343055368","product_condition":"new"},"_links":{"self":[{"href":"https:\/\/libreriadelmare.it\/en\/wp-json\/wp\/v2\/product\/84458","targetHints":{"allow":["GET"]}}],"collection":[{"href":"https:\/\/libreriadelmare.it\/en\/wp-json\/wp\/v2\/product"}],"about":[{"href":"https:\/\/libreriadelmare.it\/en\/wp-json\/wp\/v2\/types\/product"}],"replies":[{"embeddable":true,"href":"https:\/\/libreriadelmare.it\/en\/wp-json\/wp\/v2\/comments?post=84458"}],"wp:featuredmedia":[{"embeddable":true,"href":"https:\/\/libreriadelmare.it\/en\/wp-json\/wp\/v2\/media\/84459"}],"wp:attachment":[{"href":"https:\/\/libreriadelmare.it\/en\/wp-json\/wp\/v2\/media?parent=84458"}],"wp:term":[{"taxonomy":"product_brand","embeddable":true,"href":"https:\/\/libreriadelmare.it\/en\/wp-json\/wp\/v2\/product_brand?post=84458"},{"taxonomy":"product_cat","embeddable":true,"href":"https:\/\/libreriadelmare.it\/en\/wp-json\/wp\/v2\/product_cat?post=84458"},{"taxonomy":"product_tag","embeddable":true,"href":"https:\/\/libreriadelmare.it\/en\/wp-json\/wp\/v2\/product_tag?post=84458"}],"curies":[{"name":"wp","href":"https:\/\/api.w.org\/{rel}","templated":true}]}}