{"id":84372,"date":"2019-02-03T19:09:18","date_gmt":"2019-02-03T18:09:18","guid":{"rendered":"https:\/\/libreriadelmare.it\/negozio\/uncategorized\/fotografare-nel-blu-cappelletti-e-807041287\/"},"modified":"2026-04-04T03:17:28","modified_gmt":"2026-04-04T01:17:28","slug":"fotografare-nel-blu-cappelletti-e-807041287","status":"publish","type":"product","link":"https:\/\/libreriadelmare.it\/en\/shop\/fotografare-nel-blu-cappelletti-e-807041287\/","title":{"rendered":"fotografare nel blu"},"content":{"rendered":"<p>Uno dei pi\u00f9 grandi fotografi subacquei del mondo ci svela i suoi segreti. La mancanza di un manuale semplice e alla portata di tutti coloro che vogliono avvicinarsi a questo fantastico mondo dell&#8217;immagine sottomarina, ha spinto l&#8217;autore&nbsp;ad annottare piccoli fatti tecnici e spiegazioni pratiche di come un&#8217;attrezzatura possa essere usata senza troppi problemi pur sempre cercando il massimo raggiungimento tecnico. Quello che \u00e8 stato scritto in questo volume \u00e8 ci\u00f2 che Enrico racconta durante le lezioni di fotografia che sempre pi\u00f9 spesso \u00e8 chiamato a tenere un po&#8217; ovunque. Il suo pensiero \u00e8 sempre rivolto a coloro che&nbsp; si avvicinano per la prima volta a questa attivit\u00e0 trovando confusione&nbsp; ed ottenendo risultati solo dopo lungo tempo.<\/p>\n<p>Edizione: 1978<\/p>\n","protected":false},"excerpt":{"rendered":"<p class=\"autore\"><span>Author: <\/span>cappelletti e.<\/p>\n<p class=\"editore\"><span>Publisher: <\/span>class editore<\/p>\n<p class=\"isbn\"><span>ISBN: <\/span>807041287<\/p>\n","protected":false},"featured_media":84373,"comment_status":"open","ping_status":"closed","template":"","meta":[],"product_brand":[],"product_cat":[2586],"product_tag":[],"class_list":{"0":"post-84372","1":"product","2":"type-product","3":"status-publish","4":"has-post-thumbnail","6":"product_cat-books-diving-photography-and-video-recording","8":"first","9":"onbackorder","10":"taxable","11":"shipping-taxable","12":"purchasable","13":"product-type-simple"},"yoast_head":"<!-- This site is optimized with the Yoast SEO Premium plugin v27.1 (Yoast SEO v27.3) - https:\/\/yoast.com\/product\/yoast-seo-premium-wordpress\/ -->\n<title>fotografare nel blu - Libreria del Mare<\/title>\n<meta name=\"robots\" content=\"index, follow, max-snippet:-1, max-image-preview:large, max-video-preview:-1\" \/>\n<link rel=\"canonical\" href=\"https:\/\/libreriadelmare.it\/en\/shop\/fotografare-nel-blu-cappelletti-e-807041287\/\" \/>\n<meta property=\"og:locale\" content=\"en_US\" \/>\n<meta property=\"og:type\" content=\"article\" \/>\n<meta property=\"og:title\" content=\"fotografare nel blu\" \/>\n<meta property=\"og:description\" content=\"Author: cappelletti e.Publisher: class editoreISBN: 807041287\" \/>\n<meta property=\"og:url\" content=\"https:\/\/libreriadelmare.it\/en\/shop\/fotografare-nel-blu-cappelletti-e-807041287\/\" \/>\n<meta property=\"og:site_name\" content=\"Libreria del Mare\" \/>\n<meta property=\"article:publisher\" content=\"https:\/\/www.facebook.com\/libreriadelmare\" \/>\n<meta property=\"article:modified_time\" content=\"2026-04-04T01:17:28+00:00\" \/>\n<meta property=\"og:image\" content=\"https:\/\/libreriadelmare.it\/wp-content\/uploads\/fotografarenelblu-cappelletti.jpg\" \/>\n\t<meta property=\"og:image:width\" content=\"264\" \/>\n\t<meta property=\"og:image:height\" content=\"400\" \/>\n\t<meta property=\"og:image:type\" content=\"image\/jpeg\" \/>\n<meta name=\"twitter:card\" content=\"summary_large_image\" \/>\n<meta name=\"twitter:label1\" content=\"Price\" \/>\n\t<meta name=\"twitter:data1\" content=\"&euro;12,00\" \/>\n\t<meta name=\"twitter:label2\" content=\"Availability\" \/>\n\t<meta name=\"twitter:data2\" content=\"On backorder\" \/>\n<script type=\"application\/ld+json\" class=\"yoast-schema-graph\">{\"@context\":\"https:\\\/\\\/schema.org\",\"@graph\":[{\"@type\":\"WebPage\",\"@id\":\"https:\\\/\\\/libreriadelmare.it\\\/en\\\/shop\\\/fotografare-nel-blu-cappelletti-e-807041287\\\/\",\"url\":\"https:\\\/\\\/libreriadelmare.it\\\/en\\\/shop\\\/fotografare-nel-blu-cappelletti-e-807041287\\\/\",\"name\":\"fotografare nel blu - Libreria del Mare\",\"isPartOf\":{\"@id\":\"https:\\\/\\\/libreriadelmare.it\\\/en\\\/#website\"},\"primaryImageOfPage\":{\"@id\":\"https:\\\/\\\/libreriadelmare.it\\\/en\\\/shop\\\/fotografare-nel-blu-cappelletti-e-807041287\\\/#primaryimage\"},\"image\":{\"@id\":\"https:\\\/\\\/libreriadelmare.it\\\/en\\\/shop\\\/fotografare-nel-blu-cappelletti-e-807041287\\\/#primaryimage\"},\"thumbnailUrl\":\"https:\\\/\\\/libreriadelmare.it\\\/wp-content\\\/uploads\\\/fotografarenelblu-cappelletti.jpg\",\"datePublished\":\"2019-02-03T18:09:18+00:00\",\"dateModified\":\"2026-04-04T01:17:28+00:00\",\"breadcrumb\":{\"@id\":\"https:\\\/\\\/libreriadelmare.it\\\/en\\\/shop\\\/fotografare-nel-blu-cappelletti-e-807041287\\\/#breadcrumb\"},\"inLanguage\":\"en-US\",\"potentialAction\":[{\"@type\":\"ReadAction\",\"target\":[\"https:\\\/\\\/libreriadelmare.it\\\/en\\\/shop\\\/fotografare-nel-blu-cappelletti-e-807041287\\\/\"]}]},{\"@type\":\"ImageObject\",\"inLanguage\":\"en-US\",\"@id\":\"https:\\\/\\\/libreriadelmare.it\\\/en\\\/shop\\\/fotografare-nel-blu-cappelletti-e-807041287\\\/#primaryimage\",\"url\":\"https:\\\/\\\/libreriadelmare.it\\\/wp-content\\\/uploads\\\/fotografarenelblu-cappelletti.jpg\",\"contentUrl\":\"https:\\\/\\\/libreriadelmare.it\\\/wp-content\\\/uploads\\\/fotografarenelblu-cappelletti.jpg\",\"width\":264,\"height\":400},{\"@type\":\"BreadcrumbList\",\"@id\":\"https:\\\/\\\/libreriadelmare.it\\\/en\\\/shop\\\/fotografare-nel-blu-cappelletti-e-807041287\\\/#breadcrumb\",\"itemListElement\":[{\"@type\":\"ListItem\",\"position\":1,\"name\":\"Home\",\"item\":\"https:\\\/\\\/libreriadelmare.it\\\/en\\\/\"},{\"@type\":\"ListItem\",\"position\":2,\"name\":\"Shop\",\"item\":\"https:\\\/\\\/libreriadelmare.it\\\/en\\\/shop\\\/\"},{\"@type\":\"ListItem\",\"position\":3,\"name\":\"fotografare nel blu\"}]},{\"@type\":\"WebSite\",\"@id\":\"https:\\\/\\\/libreriadelmare.it\\\/en\\\/#website\",\"url\":\"https:\\\/\\\/libreriadelmare.it\\\/en\\\/\",\"name\":\"Libreria del Mare - Milano\",\"description\":\"\",\"publisher\":{\"@id\":\"https:\\\/\\\/libreriadelmare.it\\\/en\\\/#organization\"},\"potentialAction\":[{\"@type\":\"SearchAction\",\"target\":{\"@type\":\"EntryPoint\",\"urlTemplate\":\"https:\\\/\\\/libreriadelmare.it\\\/en\\\/?s={search_term_string}\"},\"query-input\":{\"@type\":\"PropertyValueSpecification\",\"valueRequired\":true,\"valueName\":\"search_term_string\"}}],\"inLanguage\":\"en-US\"},{\"@type\":\"Organization\",\"@id\":\"https:\\\/\\\/libreriadelmare.it\\\/en\\\/#organization\",\"name\":\"Libreria del Mare - Milano\",\"url\":\"https:\\\/\\\/libreriadelmare.it\\\/en\\\/\",\"logo\":{\"@type\":\"ImageObject\",\"inLanguage\":\"en-US\",\"@id\":\"https:\\\/\\\/libreriadelmare.it\\\/en\\\/#\\\/schema\\\/logo\\\/image\\\/\",\"url\":\"https:\\\/\\\/libreriadelmare.it\\\/wp-content\\\/uploads\\\/2018\\\/07\\\/logo-blu.png\",\"contentUrl\":\"https:\\\/\\\/libreriadelmare.it\\\/wp-content\\\/uploads\\\/2018\\\/07\\\/logo-blu.png\",\"width\":600,\"height\":162,\"caption\":\"Libreria del Mare - Milano\"},\"image\":{\"@id\":\"https:\\\/\\\/libreriadelmare.it\\\/en\\\/#\\\/schema\\\/logo\\\/image\\\/\"},\"sameAs\":[\"https:\\\/\\\/www.facebook.com\\\/libreriadelmare\",\"https:\\\/\\\/www.instagram.com\\\/libreriadelmare\\\/\"],\"hasMerchantReturnPolicy\":{\"@type\":\"MerchantReturnPolicy\",\"merchantReturnLink\":\"https:\\\/\\\/libreriadelmare.it\\\/diritto-di-recesso\\\/\"}}]}<\/script>\n<meta property=\"product:price:amount\" content=\"12.00\" \/>\n<meta property=\"product:price:currency\" content=\"EUR\" \/>\n<meta property=\"og:availability\" content=\"backorder\" \/>\n<meta property=\"product:availability\" content=\"available for order\" \/>\n<meta property=\"product:retailer_item_id\" content=\"807041287\" \/>\n<meta property=\"product:condition\" content=\"new\" \/>\n<!-- \/ Yoast SEO Premium plugin. -->","yoast_head_json":{"title":"fotografare nel blu - Libreria del Mare","robots":{"index":"index","follow":"follow","max-snippet":"max-snippet:-1","max-image-preview":"max-image-preview:large","max-video-preview":"max-video-preview:-1"},"canonical":"https:\/\/libreriadelmare.it\/en\/shop\/fotografare-nel-blu-cappelletti-e-807041287\/","og_locale":"en_US","og_type":"article","og_title":"fotografare nel blu","og_description":"Author: cappelletti e.Publisher: class editoreISBN: 807041287","og_url":"https:\/\/libreriadelmare.it\/en\/shop\/fotografare-nel-blu-cappelletti-e-807041287\/","og_site_name":"Libreria del Mare","article_publisher":"https:\/\/www.facebook.com\/libreriadelmare","article_modified_time":"2026-04-04T01:17:28+00:00","og_image":[{"width":264,"height":400,"url":"https:\/\/libreriadelmare.it\/wp-content\/uploads\/fotografarenelblu-cappelletti.jpg","type":"image\/jpeg"}],"twitter_card":"summary_large_image","twitter_misc":{"Price":"&euro;12,00","Availability":"On backorder"},"schema":{"@context":"https:\/\/schema.org","@graph":[{"@type":"WebPage","@id":"https:\/\/libreriadelmare.it\/en\/shop\/fotografare-nel-blu-cappelletti-e-807041287\/","url":"https:\/\/libreriadelmare.it\/en\/shop\/fotografare-nel-blu-cappelletti-e-807041287\/","name":"fotografare nel blu - Libreria del Mare","isPartOf":{"@id":"https:\/\/libreriadelmare.it\/en\/#website"},"primaryImageOfPage":{"@id":"https:\/\/libreriadelmare.it\/en\/shop\/fotografare-nel-blu-cappelletti-e-807041287\/#primaryimage"},"image":{"@id":"https:\/\/libreriadelmare.it\/en\/shop\/fotografare-nel-blu-cappelletti-e-807041287\/#primaryimage"},"thumbnailUrl":"https:\/\/libreriadelmare.it\/wp-content\/uploads\/fotografarenelblu-cappelletti.jpg","datePublished":"2019-02-03T18:09:18+00:00","dateModified":"2026-04-04T01:17:28+00:00","breadcrumb":{"@id":"https:\/\/libreriadelmare.it\/en\/shop\/fotografare-nel-blu-cappelletti-e-807041287\/#breadcrumb"},"inLanguage":"en-US","potentialAction":[{"@type":"ReadAction","target":["https:\/\/libreriadelmare.it\/en\/shop\/fotografare-nel-blu-cappelletti-e-807041287\/"]}]},{"@type":"ImageObject","inLanguage":"en-US","@id":"https:\/\/libreriadelmare.it\/en\/shop\/fotografare-nel-blu-cappelletti-e-807041287\/#primaryimage","url":"https:\/\/libreriadelmare.it\/wp-content\/uploads\/fotografarenelblu-cappelletti.jpg","contentUrl":"https:\/\/libreriadelmare.it\/wp-content\/uploads\/fotografarenelblu-cappelletti.jpg","width":264,"height":400},{"@type":"BreadcrumbList","@id":"https:\/\/libreriadelmare.it\/en\/shop\/fotografare-nel-blu-cappelletti-e-807041287\/#breadcrumb","itemListElement":[{"@type":"ListItem","position":1,"name":"Home","item":"https:\/\/libreriadelmare.it\/en\/"},{"@type":"ListItem","position":2,"name":"Shop","item":"https:\/\/libreriadelmare.it\/en\/shop\/"},{"@type":"ListItem","position":3,"name":"fotografare nel blu"}]},{"@type":"WebSite","@id":"https:\/\/libreriadelmare.it\/en\/#website","url":"https:\/\/libreriadelmare.it\/en\/","name":"Libreria del Mare - Milano","description":"","publisher":{"@id":"https:\/\/libreriadelmare.it\/en\/#organization"},"potentialAction":[{"@type":"SearchAction","target":{"@type":"EntryPoint","urlTemplate":"https:\/\/libreriadelmare.it\/en\/?s={search_term_string}"},"query-input":{"@type":"PropertyValueSpecification","valueRequired":true,"valueName":"search_term_string"}}],"inLanguage":"en-US"},{"@type":"Organization","@id":"https:\/\/libreriadelmare.it\/en\/#organization","name":"Libreria del Mare - Milano","url":"https:\/\/libreriadelmare.it\/en\/","logo":{"@type":"ImageObject","inLanguage":"en-US","@id":"https:\/\/libreriadelmare.it\/en\/#\/schema\/logo\/image\/","url":"https:\/\/libreriadelmare.it\/wp-content\/uploads\/2018\/07\/logo-blu.png","contentUrl":"https:\/\/libreriadelmare.it\/wp-content\/uploads\/2018\/07\/logo-blu.png","width":600,"height":162,"caption":"Libreria del Mare - Milano"},"image":{"@id":"https:\/\/libreriadelmare.it\/en\/#\/schema\/logo\/image\/"},"sameAs":["https:\/\/www.facebook.com\/libreriadelmare","https:\/\/www.instagram.com\/libreriadelmare\/"],"hasMerchantReturnPolicy":{"@type":"MerchantReturnPolicy","merchantReturnLink":"https:\/\/libreriadelmare.it\/diritto-di-recesso\/"}}]},"product_price_amount":"12.00","product_price_currency":"EUR","og_availability":"backorder","product_availability":"available for order","product_retailer_item_id":"807041287","product_condition":"new"},"_links":{"self":[{"href":"https:\/\/libreriadelmare.it\/en\/wp-json\/wp\/v2\/product\/84372","targetHints":{"allow":["GET"]}}],"collection":[{"href":"https:\/\/libreriadelmare.it\/en\/wp-json\/wp\/v2\/product"}],"about":[{"href":"https:\/\/libreriadelmare.it\/en\/wp-json\/wp\/v2\/types\/product"}],"replies":[{"embeddable":true,"href":"https:\/\/libreriadelmare.it\/en\/wp-json\/wp\/v2\/comments?post=84372"}],"wp:featuredmedia":[{"embeddable":true,"href":"https:\/\/libreriadelmare.it\/en\/wp-json\/wp\/v2\/media\/84373"}],"wp:attachment":[{"href":"https:\/\/libreriadelmare.it\/en\/wp-json\/wp\/v2\/media?parent=84372"}],"wp:term":[{"taxonomy":"product_brand","embeddable":true,"href":"https:\/\/libreriadelmare.it\/en\/wp-json\/wp\/v2\/product_brand?post=84372"},{"taxonomy":"product_cat","embeddable":true,"href":"https:\/\/libreriadelmare.it\/en\/wp-json\/wp\/v2\/product_cat?post=84372"},{"taxonomy":"product_tag","embeddable":true,"href":"https:\/\/libreriadelmare.it\/en\/wp-json\/wp\/v2\/product_tag?post=84372"}],"curies":[{"name":"wp","href":"https:\/\/api.w.org\/{rel}","templated":true}]}}