{"id":84318,"date":"2019-02-03T19:09:38","date_gmt":"2019-02-03T18:09:38","guid":{"rendered":"https:\/\/libreriadelmare.it\/negozio\/uncategorized\/l-histoire-de-tous-les-phares-de-france-dreyer-f-fichou-j-c-9782737337048\/"},"modified":"2026-04-11T03:10:54","modified_gmt":"2026-04-11T01:10:54","slug":"l-histoire-de-tous-les-phares-de-france-dreyer-f-fichou-j-c-9782737337048","status":"publish","type":"product","link":"https:\/\/libreriadelmare.it\/en\/shop\/l-histoire-de-tous-les-phares-de-france-dreyer-f-fichou-j-c-9782737337048\/","title":{"rendered":"l&#8217;histoire de tous les phares de france"},"content":{"rendered":"<p>Il s\u2019agit d\u2019un inventaire exhaustif des phares de France r\u00e9alis\u00e9 par l\u2019auteur dans le cadre d\u2019une mission de recherche demand\u00e9e par la Minist\u00e8re de l\u2019\u00c9quipement et le Minist\u00e8re de la Culture. L\u2019ouvrage illustr\u00e9 de tr\u00e8s nombreuses photographies anciennes pr\u00e9sente l\u2019historique et l\u2019\u00e9volution des diff\u00e9rentes constructions. Ce beau livre peut \u00eatre consid\u00e9r\u00e9 comme une r\u00e9f\u00e9rence en la mati\u00e8re.<\/p>\n","protected":false},"excerpt":{"rendered":"<p class=\"autore\"><span>Author: <\/span>dreyer f.  fichou j.-c.<\/p>\n<p class=\"editore\"><span>Publisher: <\/span>editions ouest france (edilarge)<\/p>\n<p class=\"isbn\"><span>ISBN: <\/span>9782737337048<\/p>\n","protected":false},"featured_media":84319,"comment_status":"open","ping_status":"closed","template":"","meta":[],"product_brand":[],"product_cat":[2602],"product_tag":[],"class_list":{"0":"post-84318","1":"product","2":"type-product","3":"status-publish","4":"has-post-thumbnail","6":"product_cat-lighthouses-books","8":"first","9":"onbackorder","10":"taxable","11":"shipping-taxable","12":"purchasable","13":"product-type-simple"},"yoast_head":"<!-- This site is optimized with the Yoast SEO Premium plugin v27.1 (Yoast SEO v27.3) - https:\/\/yoast.com\/product\/yoast-seo-premium-wordpress\/ -->\n<title>l&#039;histoire de tous les phares de france - Libreria del Mare<\/title>\n<meta name=\"robots\" content=\"index, follow, max-snippet:-1, max-image-preview:large, max-video-preview:-1\" \/>\n<link rel=\"canonical\" href=\"https:\/\/libreriadelmare.it\/en\/shop\/l-histoire-de-tous-les-phares-de-france-dreyer-f-fichou-j-c-9782737337048\/\" \/>\n<meta property=\"og:locale\" content=\"it_IT\" \/>\n<meta property=\"og:type\" content=\"article\" \/>\n<meta property=\"og:title\" content=\"l&#039;histoire de tous les phares de france\" \/>\n<meta property=\"og:description\" content=\"Author: dreyer f. fichou j.-c.Publisher: editions ouest france (edilarge)ISBN: 9782737337048\" \/>\n<meta property=\"og:url\" content=\"https:\/\/libreriadelmare.it\/en\/shop\/l-histoire-de-tous-les-phares-de-france-dreyer-f-fichou-j-c-9782737337048\/\" \/>\n<meta property=\"og:site_name\" content=\"Libreria del Mare\" \/>\n<meta property=\"article:publisher\" content=\"https:\/\/www.facebook.com\/libreriadelmare\" \/>\n<meta property=\"article:modified_time\" content=\"2026-04-11T01:10:54+00:00\" \/>\n<meta property=\"og:image\" content=\"https:\/\/libreriadelmare.it\/wp-content\/uploads\/histoiretouspharesfrance.jpg\" \/>\n\t<meta property=\"og:image:width\" content=\"319\" \/>\n\t<meta property=\"og:image:height\" content=\"424\" \/>\n\t<meta property=\"og:image:type\" content=\"image\/jpeg\" \/>\n<meta name=\"twitter:card\" content=\"summary_large_image\" \/>\n<meta name=\"twitter:label1\" content=\"Prezzo\" \/>\n\t<meta name=\"twitter:data1\" content=\"&euro;55,00\" \/>\n\t<meta name=\"twitter:label2\" content=\"Disponibilit\u00e0\" \/>\n\t<meta name=\"twitter:data2\" content=\"Su ordinazione\" \/>\n<script type=\"application\/ld+json\" class=\"yoast-schema-graph\">{\"@context\":\"https:\\\/\\\/schema.org\",\"@graph\":[{\"@type\":\"WebPage\",\"@id\":\"https:\\\/\\\/libreriadelmare.it\\\/en\\\/shop\\\/l-histoire-de-tous-les-phares-de-france-dreyer-f-fichou-j-c-9782737337048\\\/\",\"url\":\"https:\\\/\\\/libreriadelmare.it\\\/en\\\/shop\\\/l-histoire-de-tous-les-phares-de-france-dreyer-f-fichou-j-c-9782737337048\\\/\",\"name\":\"l'histoire de tous les phares de france - Libreria del Mare\",\"isPartOf\":{\"@id\":\"https:\\\/\\\/libreriadelmare.it\\\/en\\\/#website\"},\"primaryImageOfPage\":{\"@id\":\"https:\\\/\\\/libreriadelmare.it\\\/en\\\/shop\\\/l-histoire-de-tous-les-phares-de-france-dreyer-f-fichou-j-c-9782737337048\\\/#primaryimage\"},\"image\":{\"@id\":\"https:\\\/\\\/libreriadelmare.it\\\/en\\\/shop\\\/l-histoire-de-tous-les-phares-de-france-dreyer-f-fichou-j-c-9782737337048\\\/#primaryimage\"},\"thumbnailUrl\":\"https:\\\/\\\/libreriadelmare.it\\\/wp-content\\\/uploads\\\/histoiretouspharesfrance.jpg\",\"datePublished\":\"2019-02-03T18:09:38+00:00\",\"dateModified\":\"2026-04-11T01:10:54+00:00\",\"breadcrumb\":{\"@id\":\"https:\\\/\\\/libreriadelmare.it\\\/en\\\/shop\\\/l-histoire-de-tous-les-phares-de-france-dreyer-f-fichou-j-c-9782737337048\\\/#breadcrumb\"},\"inLanguage\":\"it-IT\",\"potentialAction\":[{\"@type\":\"ReadAction\",\"target\":[\"https:\\\/\\\/libreriadelmare.it\\\/en\\\/shop\\\/l-histoire-de-tous-les-phares-de-france-dreyer-f-fichou-j-c-9782737337048\\\/\"]}]},{\"@type\":\"ImageObject\",\"inLanguage\":\"it-IT\",\"@id\":\"https:\\\/\\\/libreriadelmare.it\\\/en\\\/shop\\\/l-histoire-de-tous-les-phares-de-france-dreyer-f-fichou-j-c-9782737337048\\\/#primaryimage\",\"url\":\"https:\\\/\\\/libreriadelmare.it\\\/wp-content\\\/uploads\\\/histoiretouspharesfrance.jpg\",\"contentUrl\":\"https:\\\/\\\/libreriadelmare.it\\\/wp-content\\\/uploads\\\/histoiretouspharesfrance.jpg\",\"width\":319,\"height\":424},{\"@type\":\"BreadcrumbList\",\"@id\":\"https:\\\/\\\/libreriadelmare.it\\\/en\\\/shop\\\/l-histoire-de-tous-les-phares-de-france-dreyer-f-fichou-j-c-9782737337048\\\/#breadcrumb\",\"itemListElement\":[{\"@type\":\"ListItem\",\"position\":1,\"name\":\"Home\",\"item\":\"https:\\\/\\\/libreriadelmare.it\\\/en\\\/\"},{\"@type\":\"ListItem\",\"position\":2,\"name\":\"Shop\",\"item\":\"https:\\\/\\\/libreriadelmare.it\\\/en\\\/shop\\\/\"},{\"@type\":\"ListItem\",\"position\":3,\"name\":\"l&#8217;histoire de tous les phares de france\"}]},{\"@type\":\"WebSite\",\"@id\":\"https:\\\/\\\/libreriadelmare.it\\\/en\\\/#website\",\"url\":\"https:\\\/\\\/libreriadelmare.it\\\/en\\\/\",\"name\":\"Libreria del Mare - Milano\",\"description\":\"\",\"publisher\":{\"@id\":\"https:\\\/\\\/libreriadelmare.it\\\/en\\\/#organization\"},\"potentialAction\":[{\"@type\":\"SearchAction\",\"target\":{\"@type\":\"EntryPoint\",\"urlTemplate\":\"https:\\\/\\\/libreriadelmare.it\\\/en\\\/?s={search_term_string}\"},\"query-input\":{\"@type\":\"PropertyValueSpecification\",\"valueRequired\":true,\"valueName\":\"search_term_string\"}}],\"inLanguage\":\"it-IT\"},{\"@type\":\"Organization\",\"@id\":\"https:\\\/\\\/libreriadelmare.it\\\/en\\\/#organization\",\"name\":\"Libreria del Mare - Milano\",\"url\":\"https:\\\/\\\/libreriadelmare.it\\\/en\\\/\",\"logo\":{\"@type\":\"ImageObject\",\"inLanguage\":\"it-IT\",\"@id\":\"https:\\\/\\\/libreriadelmare.it\\\/en\\\/#\\\/schema\\\/logo\\\/image\\\/\",\"url\":\"https:\\\/\\\/libreriadelmare.it\\\/wp-content\\\/uploads\\\/2018\\\/07\\\/logo-blu.png\",\"contentUrl\":\"https:\\\/\\\/libreriadelmare.it\\\/wp-content\\\/uploads\\\/2018\\\/07\\\/logo-blu.png\",\"width\":600,\"height\":162,\"caption\":\"Libreria del Mare - Milano\"},\"image\":{\"@id\":\"https:\\\/\\\/libreriadelmare.it\\\/en\\\/#\\\/schema\\\/logo\\\/image\\\/\"},\"sameAs\":[\"https:\\\/\\\/www.facebook.com\\\/libreriadelmare\",\"https:\\\/\\\/www.instagram.com\\\/libreriadelmare\\\/\"],\"hasMerchantReturnPolicy\":{\"@type\":\"MerchantReturnPolicy\",\"merchantReturnLink\":\"https:\\\/\\\/libreriadelmare.it\\\/diritto-di-recesso\\\/\"}}]}<\/script>\n<meta property=\"product:price:amount\" content=\"55.00\" \/>\n<meta property=\"product:price:currency\" content=\"EUR\" \/>\n<meta property=\"og:availability\" content=\"backorder\" \/>\n<meta property=\"product:availability\" content=\"available for order\" \/>\n<meta property=\"product:retailer_item_id\" content=\"9782737337048\" \/>\n<meta property=\"product:condition\" content=\"new\" \/>\n<!-- \/ Yoast SEO Premium plugin. -->","yoast_head_json":{"title":"l'histoire de tous les phares de france - Libreria del Mare","robots":{"index":"index","follow":"follow","max-snippet":"max-snippet:-1","max-image-preview":"max-image-preview:large","max-video-preview":"max-video-preview:-1"},"canonical":"https:\/\/libreriadelmare.it\/en\/shop\/l-histoire-de-tous-les-phares-de-france-dreyer-f-fichou-j-c-9782737337048\/","og_locale":"it_IT","og_type":"article","og_title":"l'histoire de tous les phares de france","og_description":"Author: dreyer f. fichou j.-c.Publisher: editions ouest france (edilarge)ISBN: 9782737337048","og_url":"https:\/\/libreriadelmare.it\/en\/shop\/l-histoire-de-tous-les-phares-de-france-dreyer-f-fichou-j-c-9782737337048\/","og_site_name":"Libreria del Mare","article_publisher":"https:\/\/www.facebook.com\/libreriadelmare","article_modified_time":"2026-04-11T01:10:54+00:00","og_image":[{"width":319,"height":424,"url":"https:\/\/libreriadelmare.it\/wp-content\/uploads\/histoiretouspharesfrance.jpg","type":"image\/jpeg"}],"twitter_card":"summary_large_image","twitter_misc":{"Prezzo":"&euro;55,00","Disponibilit\u00e0":"Su ordinazione"},"schema":{"@context":"https:\/\/schema.org","@graph":[{"@type":"WebPage","@id":"https:\/\/libreriadelmare.it\/en\/shop\/l-histoire-de-tous-les-phares-de-france-dreyer-f-fichou-j-c-9782737337048\/","url":"https:\/\/libreriadelmare.it\/en\/shop\/l-histoire-de-tous-les-phares-de-france-dreyer-f-fichou-j-c-9782737337048\/","name":"l'histoire de tous les phares de france - Libreria del Mare","isPartOf":{"@id":"https:\/\/libreriadelmare.it\/en\/#website"},"primaryImageOfPage":{"@id":"https:\/\/libreriadelmare.it\/en\/shop\/l-histoire-de-tous-les-phares-de-france-dreyer-f-fichou-j-c-9782737337048\/#primaryimage"},"image":{"@id":"https:\/\/libreriadelmare.it\/en\/shop\/l-histoire-de-tous-les-phares-de-france-dreyer-f-fichou-j-c-9782737337048\/#primaryimage"},"thumbnailUrl":"https:\/\/libreriadelmare.it\/wp-content\/uploads\/histoiretouspharesfrance.jpg","datePublished":"2019-02-03T18:09:38+00:00","dateModified":"2026-04-11T01:10:54+00:00","breadcrumb":{"@id":"https:\/\/libreriadelmare.it\/en\/shop\/l-histoire-de-tous-les-phares-de-france-dreyer-f-fichou-j-c-9782737337048\/#breadcrumb"},"inLanguage":"it-IT","potentialAction":[{"@type":"ReadAction","target":["https:\/\/libreriadelmare.it\/en\/shop\/l-histoire-de-tous-les-phares-de-france-dreyer-f-fichou-j-c-9782737337048\/"]}]},{"@type":"ImageObject","inLanguage":"it-IT","@id":"https:\/\/libreriadelmare.it\/en\/shop\/l-histoire-de-tous-les-phares-de-france-dreyer-f-fichou-j-c-9782737337048\/#primaryimage","url":"https:\/\/libreriadelmare.it\/wp-content\/uploads\/histoiretouspharesfrance.jpg","contentUrl":"https:\/\/libreriadelmare.it\/wp-content\/uploads\/histoiretouspharesfrance.jpg","width":319,"height":424},{"@type":"BreadcrumbList","@id":"https:\/\/libreriadelmare.it\/en\/shop\/l-histoire-de-tous-les-phares-de-france-dreyer-f-fichou-j-c-9782737337048\/#breadcrumb","itemListElement":[{"@type":"ListItem","position":1,"name":"Home","item":"https:\/\/libreriadelmare.it\/en\/"},{"@type":"ListItem","position":2,"name":"Shop","item":"https:\/\/libreriadelmare.it\/en\/shop\/"},{"@type":"ListItem","position":3,"name":"l&#8217;histoire de tous les phares de france"}]},{"@type":"WebSite","@id":"https:\/\/libreriadelmare.it\/en\/#website","url":"https:\/\/libreriadelmare.it\/en\/","name":"Libreria del Mare - Milano","description":"","publisher":{"@id":"https:\/\/libreriadelmare.it\/en\/#organization"},"potentialAction":[{"@type":"SearchAction","target":{"@type":"EntryPoint","urlTemplate":"https:\/\/libreriadelmare.it\/en\/?s={search_term_string}"},"query-input":{"@type":"PropertyValueSpecification","valueRequired":true,"valueName":"search_term_string"}}],"inLanguage":"it-IT"},{"@type":"Organization","@id":"https:\/\/libreriadelmare.it\/en\/#organization","name":"Libreria del Mare - Milano","url":"https:\/\/libreriadelmare.it\/en\/","logo":{"@type":"ImageObject","inLanguage":"it-IT","@id":"https:\/\/libreriadelmare.it\/en\/#\/schema\/logo\/image\/","url":"https:\/\/libreriadelmare.it\/wp-content\/uploads\/2018\/07\/logo-blu.png","contentUrl":"https:\/\/libreriadelmare.it\/wp-content\/uploads\/2018\/07\/logo-blu.png","width":600,"height":162,"caption":"Libreria del Mare - Milano"},"image":{"@id":"https:\/\/libreriadelmare.it\/en\/#\/schema\/logo\/image\/"},"sameAs":["https:\/\/www.facebook.com\/libreriadelmare","https:\/\/www.instagram.com\/libreriadelmare\/"],"hasMerchantReturnPolicy":{"@type":"MerchantReturnPolicy","merchantReturnLink":"https:\/\/libreriadelmare.it\/diritto-di-recesso\/"}}]},"product_price_amount":"55.00","product_price_currency":"EUR","og_availability":"backorder","product_availability":"available for order","product_retailer_item_id":"9782737337048","product_condition":"new"},"_links":{"self":[{"href":"https:\/\/libreriadelmare.it\/en\/wp-json\/wp\/v2\/product\/84318","targetHints":{"allow":["GET"]}}],"collection":[{"href":"https:\/\/libreriadelmare.it\/en\/wp-json\/wp\/v2\/product"}],"about":[{"href":"https:\/\/libreriadelmare.it\/en\/wp-json\/wp\/v2\/types\/product"}],"replies":[{"embeddable":true,"href":"https:\/\/libreriadelmare.it\/en\/wp-json\/wp\/v2\/comments?post=84318"}],"wp:featuredmedia":[{"embeddable":true,"href":"https:\/\/libreriadelmare.it\/en\/wp-json\/wp\/v2\/media\/84319"}],"wp:attachment":[{"href":"https:\/\/libreriadelmare.it\/en\/wp-json\/wp\/v2\/media?parent=84318"}],"wp:term":[{"taxonomy":"product_brand","embeddable":true,"href":"https:\/\/libreriadelmare.it\/en\/wp-json\/wp\/v2\/product_brand?post=84318"},{"taxonomy":"product_cat","embeddable":true,"href":"https:\/\/libreriadelmare.it\/en\/wp-json\/wp\/v2\/product_cat?post=84318"},{"taxonomy":"product_tag","embeddable":true,"href":"https:\/\/libreriadelmare.it\/en\/wp-json\/wp\/v2\/product_tag?post=84318"}],"curies":[{"name":"wp","href":"https:\/\/api.w.org\/{rel}","templated":true}]}}