{"id":64579,"date":"2019-02-03T18:59:37","date_gmt":"2019-02-03T17:59:37","guid":{"rendered":"https:\/\/libreriadelmare.it\/negozio\/uncategorized\/90-epaves-en-corse-joncheray-a-joncheray-j-p-9782741706083\/"},"modified":"2026-04-04T03:36:29","modified_gmt":"2026-04-04T01:36:29","slug":"90-epaves-en-corse-joncheray-a-joncheray-j-p-9782741706083","status":"publish","type":"product","link":"https:\/\/libreriadelmare.it\/en\/shop\/90-epaves-en-corse-joncheray-a-joncheray-j-p-9782741706083\/","title":{"rendered":"90 epaves en corse"},"content":{"rendered":"<p>Quatre-vingt-dix \u00e9paves en Corse&#8230; pourquoi pas plus? Et voici la r\u00e9\u00e9dition, nettement enrichie et am\u00e9lior\u00e9e, de l\u2019ouvrage &#8220;50 \u00e9paves en Corse&#8221;, paru en 2002, devenu vite introuvable. V\u00e9ritable mus\u00e9e sous-marin, l\u2019\u00eele rec\u00e8le encore des sites inconnus, t\u00e9moins de son histoire r\u00e9cente et de l\u2019histoire r\u00e9cente universelle. Devant un tel foisonnement de navires et d\u2019avions disparus, Anne et Jean-Pierre Joncheray se sont donn\u00e9 une limite: un peu plus de quatre-vingt-dix gisements. Cela correspond \u00e0 plus de trente-cinq ann\u00e9es de plong\u00e9es, \u00e0 des centaines d\u2019immersions, \u00e0 un nombre incalculable de voyages en ferry, en cargo, en avion, avec, souvent, des itin\u00e9raires chaotiques&#8230; Cela correspond aussi \u00e0 des \u00e9paves \u00e9mergentes (Niagara, Sagemar), tout aussi bien que des monstres de profondeur (Da Noli, cargo de Figari). Une aventure sous-marine ininterrompue, v\u00e9cue avec leurs copains corses, que ce soit pour le pire comme pour le meilleur. Et, en Corse, il y a plus de meilleur que de pire!<BR>Comment pr\u00e9senter les plong\u00e9es? Le d\u00e9roulement g\u00e9ographique a \u00e9t\u00e9 privil\u00e9gi\u00e9, en partant du haut du cap Corse, dans le sens des aiguilles d\u2019une montre. Les \u00e9paves se succ\u00e8dent, toutes diff\u00e9rentes, plus ou moins intactes, plus ou moins profondes&#8230; Pour chacune d\u2019elles, les auteurs se sont efforc\u00e9s de d\u00e9crire, successivement, la nature du navire ou de l\u2019avion, puis son histoire (on dit souvent &#8220;la carri\u00e8re&#8221;), sa localisation, avec, autant que possible, les fameuses &#8220;enseignures&#8221; ou les imparables &#8220;points GPS&#8221;, la profondeur et, \u00e9videmment, la plong\u00e9e, ses points forts, sa difficult\u00e9.<BR>Un bref r\u00e9sum\u00e9 pr\u00e9c\u00e8de chaque monographie et, par zones g\u00e9ographiques, un descriptif complet des ports, des mouillages, des zones prot\u00e9g\u00e9es est fourni. Avant toute chose, les g\u00e9n\u00e9ralit\u00e9s concernant acc\u00e8s ou m\u00e9t\u00e9o sont livr\u00e9es au lecteur.<BR>Cet ouvrage s\u2019av\u00e9rera indispensable \u00e0 beaucoup de passionn\u00e9s&#8230; Les Corses y retrouveront des bribes de leur pass\u00e9. Les Continentaux y d\u00e9couvriront pratiquement tous les sites de plong\u00e9e sur \u00e9pave de l\u2019\u00eele. Les marins, les aviateurs se passionneront pour cette histoire sous-marine. Les historiens, les &#8220;ship lovers&#8221; seront surpris de la densit\u00e9 de l\u2019ouvrage&#8230;<BR>Il s\u2019agit l\u00e0 d\u2019un vrai dictionnaire, \u00e0 la fois historique et subaquatique, une somme colossale de renseignements r\u00e9colt\u00e9s avec soin!<\/p>\n<p>Edition: 2018<\/p>\n","protected":false},"excerpt":{"rendered":"<p class=\"autore\"><span>Author: <\/span>joncheray a.  joncheray j.-p.<\/p>\n<p class=\"editore\"><span>Publisher: <\/span>gap, editions<\/p>\n<p class=\"isbn\"><span>ISBN: <\/span>9782741706083<\/p>\n","protected":false},"featured_media":45635,"comment_status":"open","ping_status":"closed","template":"","meta":[],"product_brand":[],"product_cat":[2587],"product_tag":[],"class_list":{"0":"post-64579","1":"product","2":"type-product","3":"status-publish","4":"has-post-thumbnail","6":"product_cat-books-diving-dive-guides","8":"first","9":"onbackorder","10":"taxable","11":"shipping-taxable","12":"purchasable","13":"product-type-simple"},"yoast_head":"<!-- This site is optimized with the Yoast SEO Premium plugin v27.1 (Yoast SEO v27.3) - https:\/\/yoast.com\/product\/yoast-seo-premium-wordpress\/ -->\n<title>90 epaves en corse - Libreria del Mare<\/title>\n<meta name=\"robots\" content=\"index, follow, max-snippet:-1, max-image-preview:large, max-video-preview:-1\" \/>\n<link rel=\"canonical\" href=\"https:\/\/libreriadelmare.it\/en\/shop\/90-epaves-en-corse-joncheray-a-joncheray-j-p-9782741706083\/\" \/>\n<meta property=\"og:locale\" content=\"en_US\" \/>\n<meta property=\"og:type\" content=\"article\" \/>\n<meta property=\"og:title\" content=\"90 epaves en corse\" \/>\n<meta property=\"og:description\" content=\"Author: joncheray a. joncheray j.-p.Publisher: gap, editionsISBN: 9782741706083\" \/>\n<meta property=\"og:url\" content=\"https:\/\/libreriadelmare.it\/en\/shop\/90-epaves-en-corse-joncheray-a-joncheray-j-p-9782741706083\/\" \/>\n<meta property=\"og:site_name\" content=\"Libreria del Mare\" \/>\n<meta property=\"article:publisher\" content=\"https:\/\/www.facebook.com\/libreriadelmare\" \/>\n<meta property=\"article:modified_time\" content=\"2026-04-04T01:36:29+00:00\" \/>\n<meta property=\"og:image\" content=\"https:\/\/libreriadelmare.it\/wp-content\/uploads\/90epavesencorse-joncherayjoncheray.jpg\" \/>\n\t<meta property=\"og:image:width\" content=\"409\" \/>\n\t<meta property=\"og:image:height\" content=\"600\" \/>\n\t<meta property=\"og:image:type\" content=\"image\/jpeg\" \/>\n<meta name=\"twitter:card\" content=\"summary_large_image\" \/>\n<meta name=\"twitter:label1\" content=\"Price\" \/>\n\t<meta name=\"twitter:data1\" content=\"&euro;36,00\" \/>\n\t<meta name=\"twitter:label2\" content=\"Availability\" \/>\n\t<meta name=\"twitter:data2\" content=\"On backorder\" \/>\n<script type=\"application\/ld+json\" class=\"yoast-schema-graph\">{\"@context\":\"https:\\\/\\\/schema.org\",\"@graph\":[{\"@type\":\"WebPage\",\"@id\":\"https:\\\/\\\/libreriadelmare.it\\\/en\\\/shop\\\/90-epaves-en-corse-joncheray-a-joncheray-j-p-9782741706083\\\/\",\"url\":\"https:\\\/\\\/libreriadelmare.it\\\/en\\\/shop\\\/90-epaves-en-corse-joncheray-a-joncheray-j-p-9782741706083\\\/\",\"name\":\"90 epaves en corse - Libreria del Mare\",\"isPartOf\":{\"@id\":\"https:\\\/\\\/libreriadelmare.it\\\/en\\\/#website\"},\"primaryImageOfPage\":{\"@id\":\"https:\\\/\\\/libreriadelmare.it\\\/en\\\/shop\\\/90-epaves-en-corse-joncheray-a-joncheray-j-p-9782741706083\\\/#primaryimage\"},\"image\":{\"@id\":\"https:\\\/\\\/libreriadelmare.it\\\/en\\\/shop\\\/90-epaves-en-corse-joncheray-a-joncheray-j-p-9782741706083\\\/#primaryimage\"},\"thumbnailUrl\":\"https:\\\/\\\/libreriadelmare.it\\\/wp-content\\\/uploads\\\/90epavesencorse-joncherayjoncheray.jpg\",\"datePublished\":\"2019-02-03T17:59:37+00:00\",\"dateModified\":\"2026-04-04T01:36:29+00:00\",\"breadcrumb\":{\"@id\":\"https:\\\/\\\/libreriadelmare.it\\\/en\\\/shop\\\/90-epaves-en-corse-joncheray-a-joncheray-j-p-9782741706083\\\/#breadcrumb\"},\"inLanguage\":\"en-US\",\"potentialAction\":[{\"@type\":\"ReadAction\",\"target\":[\"https:\\\/\\\/libreriadelmare.it\\\/en\\\/shop\\\/90-epaves-en-corse-joncheray-a-joncheray-j-p-9782741706083\\\/\"]}]},{\"@type\":\"ImageObject\",\"inLanguage\":\"en-US\",\"@id\":\"https:\\\/\\\/libreriadelmare.it\\\/en\\\/shop\\\/90-epaves-en-corse-joncheray-a-joncheray-j-p-9782741706083\\\/#primaryimage\",\"url\":\"https:\\\/\\\/libreriadelmare.it\\\/wp-content\\\/uploads\\\/90epavesencorse-joncherayjoncheray.jpg\",\"contentUrl\":\"https:\\\/\\\/libreriadelmare.it\\\/wp-content\\\/uploads\\\/90epavesencorse-joncherayjoncheray.jpg\",\"width\":409,\"height\":600},{\"@type\":\"BreadcrumbList\",\"@id\":\"https:\\\/\\\/libreriadelmare.it\\\/en\\\/shop\\\/90-epaves-en-corse-joncheray-a-joncheray-j-p-9782741706083\\\/#breadcrumb\",\"itemListElement\":[{\"@type\":\"ListItem\",\"position\":1,\"name\":\"Home\",\"item\":\"https:\\\/\\\/libreriadelmare.it\\\/en\\\/\"},{\"@type\":\"ListItem\",\"position\":2,\"name\":\"Shop\",\"item\":\"https:\\\/\\\/libreriadelmare.it\\\/en\\\/shop\\\/\"},{\"@type\":\"ListItem\",\"position\":3,\"name\":\"90 epaves en corse\"}]},{\"@type\":\"WebSite\",\"@id\":\"https:\\\/\\\/libreriadelmare.it\\\/en\\\/#website\",\"url\":\"https:\\\/\\\/libreriadelmare.it\\\/en\\\/\",\"name\":\"Libreria del Mare - Milano\",\"description\":\"\",\"publisher\":{\"@id\":\"https:\\\/\\\/libreriadelmare.it\\\/en\\\/#organization\"},\"potentialAction\":[{\"@type\":\"SearchAction\",\"target\":{\"@type\":\"EntryPoint\",\"urlTemplate\":\"https:\\\/\\\/libreriadelmare.it\\\/en\\\/?s={search_term_string}\"},\"query-input\":{\"@type\":\"PropertyValueSpecification\",\"valueRequired\":true,\"valueName\":\"search_term_string\"}}],\"inLanguage\":\"en-US\"},{\"@type\":\"Organization\",\"@id\":\"https:\\\/\\\/libreriadelmare.it\\\/en\\\/#organization\",\"name\":\"Libreria del Mare - Milano\",\"url\":\"https:\\\/\\\/libreriadelmare.it\\\/en\\\/\",\"logo\":{\"@type\":\"ImageObject\",\"inLanguage\":\"en-US\",\"@id\":\"https:\\\/\\\/libreriadelmare.it\\\/en\\\/#\\\/schema\\\/logo\\\/image\\\/\",\"url\":\"https:\\\/\\\/libreriadelmare.it\\\/wp-content\\\/uploads\\\/2018\\\/07\\\/logo-blu.png\",\"contentUrl\":\"https:\\\/\\\/libreriadelmare.it\\\/wp-content\\\/uploads\\\/2018\\\/07\\\/logo-blu.png\",\"width\":600,\"height\":162,\"caption\":\"Libreria del Mare - Milano\"},\"image\":{\"@id\":\"https:\\\/\\\/libreriadelmare.it\\\/en\\\/#\\\/schema\\\/logo\\\/image\\\/\"},\"sameAs\":[\"https:\\\/\\\/www.facebook.com\\\/libreriadelmare\",\"https:\\\/\\\/www.instagram.com\\\/libreriadelmare\\\/\"],\"hasMerchantReturnPolicy\":{\"@type\":\"MerchantReturnPolicy\",\"merchantReturnLink\":\"https:\\\/\\\/libreriadelmare.it\\\/diritto-di-recesso\\\/\"}}]}<\/script>\n<meta property=\"product:price:amount\" content=\"36.00\" \/>\n<meta property=\"product:price:currency\" content=\"EUR\" \/>\n<meta property=\"og:availability\" content=\"backorder\" \/>\n<meta property=\"product:availability\" content=\"available for order\" \/>\n<meta property=\"product:retailer_item_id\" content=\"9782741706083\" \/>\n<meta property=\"product:condition\" content=\"new\" \/>\n<!-- \/ Yoast SEO Premium plugin. -->","yoast_head_json":{"title":"90 epaves en corse - Libreria del Mare","robots":{"index":"index","follow":"follow","max-snippet":"max-snippet:-1","max-image-preview":"max-image-preview:large","max-video-preview":"max-video-preview:-1"},"canonical":"https:\/\/libreriadelmare.it\/en\/shop\/90-epaves-en-corse-joncheray-a-joncheray-j-p-9782741706083\/","og_locale":"en_US","og_type":"article","og_title":"90 epaves en corse","og_description":"Author: joncheray a. joncheray j.-p.Publisher: gap, editionsISBN: 9782741706083","og_url":"https:\/\/libreriadelmare.it\/en\/shop\/90-epaves-en-corse-joncheray-a-joncheray-j-p-9782741706083\/","og_site_name":"Libreria del Mare","article_publisher":"https:\/\/www.facebook.com\/libreriadelmare","article_modified_time":"2026-04-04T01:36:29+00:00","og_image":[{"width":409,"height":600,"url":"https:\/\/libreriadelmare.it\/wp-content\/uploads\/90epavesencorse-joncherayjoncheray.jpg","type":"image\/jpeg"}],"twitter_card":"summary_large_image","twitter_misc":{"Price":"&euro;36,00","Availability":"On backorder"},"schema":{"@context":"https:\/\/schema.org","@graph":[{"@type":"WebPage","@id":"https:\/\/libreriadelmare.it\/en\/shop\/90-epaves-en-corse-joncheray-a-joncheray-j-p-9782741706083\/","url":"https:\/\/libreriadelmare.it\/en\/shop\/90-epaves-en-corse-joncheray-a-joncheray-j-p-9782741706083\/","name":"90 epaves en corse - Libreria del Mare","isPartOf":{"@id":"https:\/\/libreriadelmare.it\/en\/#website"},"primaryImageOfPage":{"@id":"https:\/\/libreriadelmare.it\/en\/shop\/90-epaves-en-corse-joncheray-a-joncheray-j-p-9782741706083\/#primaryimage"},"image":{"@id":"https:\/\/libreriadelmare.it\/en\/shop\/90-epaves-en-corse-joncheray-a-joncheray-j-p-9782741706083\/#primaryimage"},"thumbnailUrl":"https:\/\/libreriadelmare.it\/wp-content\/uploads\/90epavesencorse-joncherayjoncheray.jpg","datePublished":"2019-02-03T17:59:37+00:00","dateModified":"2026-04-04T01:36:29+00:00","breadcrumb":{"@id":"https:\/\/libreriadelmare.it\/en\/shop\/90-epaves-en-corse-joncheray-a-joncheray-j-p-9782741706083\/#breadcrumb"},"inLanguage":"en-US","potentialAction":[{"@type":"ReadAction","target":["https:\/\/libreriadelmare.it\/en\/shop\/90-epaves-en-corse-joncheray-a-joncheray-j-p-9782741706083\/"]}]},{"@type":"ImageObject","inLanguage":"en-US","@id":"https:\/\/libreriadelmare.it\/en\/shop\/90-epaves-en-corse-joncheray-a-joncheray-j-p-9782741706083\/#primaryimage","url":"https:\/\/libreriadelmare.it\/wp-content\/uploads\/90epavesencorse-joncherayjoncheray.jpg","contentUrl":"https:\/\/libreriadelmare.it\/wp-content\/uploads\/90epavesencorse-joncherayjoncheray.jpg","width":409,"height":600},{"@type":"BreadcrumbList","@id":"https:\/\/libreriadelmare.it\/en\/shop\/90-epaves-en-corse-joncheray-a-joncheray-j-p-9782741706083\/#breadcrumb","itemListElement":[{"@type":"ListItem","position":1,"name":"Home","item":"https:\/\/libreriadelmare.it\/en\/"},{"@type":"ListItem","position":2,"name":"Shop","item":"https:\/\/libreriadelmare.it\/en\/shop\/"},{"@type":"ListItem","position":3,"name":"90 epaves en corse"}]},{"@type":"WebSite","@id":"https:\/\/libreriadelmare.it\/en\/#website","url":"https:\/\/libreriadelmare.it\/en\/","name":"Libreria del Mare - Milano","description":"","publisher":{"@id":"https:\/\/libreriadelmare.it\/en\/#organization"},"potentialAction":[{"@type":"SearchAction","target":{"@type":"EntryPoint","urlTemplate":"https:\/\/libreriadelmare.it\/en\/?s={search_term_string}"},"query-input":{"@type":"PropertyValueSpecification","valueRequired":true,"valueName":"search_term_string"}}],"inLanguage":"en-US"},{"@type":"Organization","@id":"https:\/\/libreriadelmare.it\/en\/#organization","name":"Libreria del Mare - Milano","url":"https:\/\/libreriadelmare.it\/en\/","logo":{"@type":"ImageObject","inLanguage":"en-US","@id":"https:\/\/libreriadelmare.it\/en\/#\/schema\/logo\/image\/","url":"https:\/\/libreriadelmare.it\/wp-content\/uploads\/2018\/07\/logo-blu.png","contentUrl":"https:\/\/libreriadelmare.it\/wp-content\/uploads\/2018\/07\/logo-blu.png","width":600,"height":162,"caption":"Libreria del Mare - Milano"},"image":{"@id":"https:\/\/libreriadelmare.it\/en\/#\/schema\/logo\/image\/"},"sameAs":["https:\/\/www.facebook.com\/libreriadelmare","https:\/\/www.instagram.com\/libreriadelmare\/"],"hasMerchantReturnPolicy":{"@type":"MerchantReturnPolicy","merchantReturnLink":"https:\/\/libreriadelmare.it\/diritto-di-recesso\/"}}]},"product_price_amount":"36.00","product_price_currency":"EUR","og_availability":"backorder","product_availability":"available for order","product_retailer_item_id":"9782741706083","product_condition":"new"},"_links":{"self":[{"href":"https:\/\/libreriadelmare.it\/en\/wp-json\/wp\/v2\/product\/64579","targetHints":{"allow":["GET"]}}],"collection":[{"href":"https:\/\/libreriadelmare.it\/en\/wp-json\/wp\/v2\/product"}],"about":[{"href":"https:\/\/libreriadelmare.it\/en\/wp-json\/wp\/v2\/types\/product"}],"replies":[{"embeddable":true,"href":"https:\/\/libreriadelmare.it\/en\/wp-json\/wp\/v2\/comments?post=64579"}],"wp:featuredmedia":[{"embeddable":true,"href":"https:\/\/libreriadelmare.it\/en\/wp-json\/wp\/v2\/media\/45635"}],"wp:attachment":[{"href":"https:\/\/libreriadelmare.it\/en\/wp-json\/wp\/v2\/media?parent=64579"}],"wp:term":[{"taxonomy":"product_brand","embeddable":true,"href":"https:\/\/libreriadelmare.it\/en\/wp-json\/wp\/v2\/product_brand?post=64579"},{"taxonomy":"product_cat","embeddable":true,"href":"https:\/\/libreriadelmare.it\/en\/wp-json\/wp\/v2\/product_cat?post=64579"},{"taxonomy":"product_tag","embeddable":true,"href":"https:\/\/libreriadelmare.it\/en\/wp-json\/wp\/v2\/product_tag?post=64579"}],"curies":[{"name":"wp","href":"https:\/\/api.w.org\/{rel}","templated":true}]}}