{"id":146205,"date":"2025-03-22T10:46:39","date_gmt":"2025-03-22T09:46:39","guid":{"rendered":"https:\/\/libreriadelmare.it\/negozio\/non-e-stato-il-mare-antonella-maggi-salvatore-maurizio-moscara-9791256260508\/"},"modified":"2026-04-11T00:14:50","modified_gmt":"2026-04-10T22:14:50","slug":"non-e-stato-il-mare-antonella-maggi-salvatore-maurizio-moscara-9791256260508","status":"publish","type":"product","link":"https:\/\/libreriadelmare.it\/en\/shop\/non-e-stato-il-mare-antonella-maggi-salvatore-maurizio-moscara-9791256260508\/","title":{"rendered":"non \u00e8 stato il mare"},"content":{"rendered":"<p>Dal buio del mare ai deserti infuocati, dalle frontiere invalicabili ai sogni infranti, <strong>ogni pagina di questo libro racconta l&rsquo;umanit&agrave; profonda di chi parte per una vita migliore<\/strong>: corpi senza nome, senza storia, ma con un dolore che ci appartiene.&nbsp;<\/p>\n<p>Cosa faremmo noi se fossimo nati in un luogo dove i missili piovono giorno e notte? Dove la libert&agrave; &egrave; un miraggio, dove l&rsquo;amore &egrave; un ricordo? Dove una madre deve scegliere se vedere il figlio morire o lasciarlo partire affrontando l&rsquo;incertezza del mare?<\/p>\n<p>&ldquo;<em>Non &egrave; il mare a uccidere e non &egrave; neanche colpa del deserto: perch&eacute; <strong>la vera tragedia non &egrave; solo in ci&ograve; che accade ma anche in ci&ograve; che lasciamo accadere<\/strong>; la responsabilit&agrave; &egrave; da imputare alle politiche che chiudono le porte, ai muri che dividono, alle armi che vendiamo, alle indifferenze che accumuliamo.<\/em>&rdquo;<\/p>\n<p><strong>Questo libro &egrave; una testimonianza, un grido, un impegno<\/strong>. Si schiera dalla parte degli ultimi, di chi non ha pi&ugrave; voce per raccontarsi. Le <strong>storie di donne e uomini, madri e padri, figlie e figli<\/strong> che troverete in queste pagine <strong>hanno il diritto di essere narrate e noi abbiamo il dovere di raccontarle. Annunciarle. Gridarle<\/strong>. Perch&eacute; ci sono momenti nella vita in cui &ldquo;si deve fare ci&ograve; che si deve fare&rdquo;, non per generosit&agrave;, ma per giustizia. E questo &egrave; uno di quei momenti.<\/p>\n<p>Edizione: 2025<\/p>\n","protected":false},"excerpt":{"rendered":"<p class=\"sottotitolo\"><span>Subtitle: <\/span>n\u00e9 a cutro. n\u00e9 altrove. n\u00e9 prima. n\u00e9 dopo.<\/p>\n<p class=\"autore\"><span>Author: <\/span>antonella maggi &#8211; salvatore maurizio moscara<\/p>\n<p class=\"editore\"><span>Publisher: <\/span>edizioni la meridiana<\/p>\n<p class=\"isbn\"><span>ISBN: <\/span>9791256260508<\/p>\n","protected":false},"featured_media":146203,"comment_status":"open","ping_status":"closed","template":"","meta":[],"product_brand":[],"product_cat":[2981],"product_tag":[],"class_list":{"0":"post-146205","1":"product","2":"type-product","3":"status-publish","4":"has-post-thumbnail","6":"product_cat-culture-and-society","8":"first","9":"onbackorder","10":"taxable","11":"shipping-taxable","12":"purchasable","13":"product-type-simple"},"yoast_head":"<!-- This site is optimized with the Yoast SEO Premium plugin v27.1 (Yoast SEO v27.3) - https:\/\/yoast.com\/product\/yoast-seo-premium-wordpress\/ -->\n<title>non \u00e8 stato il mare - Libreria del Mare<\/title>\n<meta name=\"robots\" content=\"index, follow, max-snippet:-1, max-image-preview:large, max-video-preview:-1\" \/>\n<link rel=\"canonical\" href=\"https:\/\/libreriadelmare.it\/en\/shop\/non-e-stato-il-mare-antonella-maggi-salvatore-maurizio-moscara-9791256260508\/\" \/>\n<meta property=\"og:locale\" content=\"en_US\" \/>\n<meta property=\"og:type\" content=\"article\" \/>\n<meta property=\"og:title\" content=\"non \u00e8 stato il mare\" \/>\n<meta property=\"og:description\" content=\"Subtitle: n\u00e9 a cutro. n\u00e9 altrove. n\u00e9 prima. n\u00e9 dopo.Author: antonella maggi - salvatore maurizio moscaraPublisher: edizioni la meridianaISBN: 9791256260508\" \/>\n<meta property=\"og:url\" content=\"https:\/\/libreriadelmare.it\/en\/shop\/non-e-stato-il-mare-antonella-maggi-salvatore-maurizio-moscara-9791256260508\/\" \/>\n<meta property=\"og:site_name\" content=\"Libreria del Mare\" \/>\n<meta property=\"article:publisher\" content=\"https:\/\/www.facebook.com\/libreriadelmare\" \/>\n<meta property=\"article:modified_time\" content=\"2026-04-10T22:14:50+00:00\" \/>\n<meta property=\"og:image\" content=\"https:\/\/libreriadelmare.it\/wp-content\/uploads\/non-e-stato-il-mare-maggi-moscara.jpg\" \/>\n\t<meta property=\"og:image:width\" content=\"500\" \/>\n\t<meta property=\"og:image:height\" content=\"750\" \/>\n\t<meta property=\"og:image:type\" content=\"image\/jpeg\" \/>\n<meta name=\"twitter:card\" content=\"summary_large_image\" \/>\n<meta name=\"twitter:label1\" content=\"Price\" \/>\n\t<meta name=\"twitter:data1\" content=\"&euro;18,00\" \/>\n\t<meta name=\"twitter:label2\" content=\"Availability\" \/>\n\t<meta name=\"twitter:data2\" content=\"On backorder\" \/>\n<script type=\"application\/ld+json\" class=\"yoast-schema-graph\">{\"@context\":\"https:\\\/\\\/schema.org\",\"@graph\":[{\"@type\":\"WebPage\",\"@id\":\"https:\\\/\\\/libreriadelmare.it\\\/en\\\/shop\\\/non-e-stato-il-mare-antonella-maggi-salvatore-maurizio-moscara-9791256260508\\\/\",\"url\":\"https:\\\/\\\/libreriadelmare.it\\\/en\\\/shop\\\/non-e-stato-il-mare-antonella-maggi-salvatore-maurizio-moscara-9791256260508\\\/\",\"name\":\"non \u00e8 stato il mare - Libreria del Mare\",\"isPartOf\":{\"@id\":\"https:\\\/\\\/libreriadelmare.it\\\/en\\\/#website\"},\"primaryImageOfPage\":{\"@id\":\"https:\\\/\\\/libreriadelmare.it\\\/en\\\/shop\\\/non-e-stato-il-mare-antonella-maggi-salvatore-maurizio-moscara-9791256260508\\\/#primaryimage\"},\"image\":{\"@id\":\"https:\\\/\\\/libreriadelmare.it\\\/en\\\/shop\\\/non-e-stato-il-mare-antonella-maggi-salvatore-maurizio-moscara-9791256260508\\\/#primaryimage\"},\"thumbnailUrl\":\"https:\\\/\\\/libreriadelmare.it\\\/wp-content\\\/uploads\\\/non-e-stato-il-mare-maggi-moscara.jpg\",\"datePublished\":\"2025-03-22T09:46:39+00:00\",\"dateModified\":\"2026-04-10T22:14:50+00:00\",\"breadcrumb\":{\"@id\":\"https:\\\/\\\/libreriadelmare.it\\\/en\\\/shop\\\/non-e-stato-il-mare-antonella-maggi-salvatore-maurizio-moscara-9791256260508\\\/#breadcrumb\"},\"inLanguage\":\"en-US\",\"potentialAction\":[{\"@type\":\"ReadAction\",\"target\":[\"https:\\\/\\\/libreriadelmare.it\\\/en\\\/shop\\\/non-e-stato-il-mare-antonella-maggi-salvatore-maurizio-moscara-9791256260508\\\/\"]}]},{\"@type\":\"ImageObject\",\"inLanguage\":\"en-US\",\"@id\":\"https:\\\/\\\/libreriadelmare.it\\\/en\\\/shop\\\/non-e-stato-il-mare-antonella-maggi-salvatore-maurizio-moscara-9791256260508\\\/#primaryimage\",\"url\":\"https:\\\/\\\/libreriadelmare.it\\\/wp-content\\\/uploads\\\/non-e-stato-il-mare-maggi-moscara.jpg\",\"contentUrl\":\"https:\\\/\\\/libreriadelmare.it\\\/wp-content\\\/uploads\\\/non-e-stato-il-mare-maggi-moscara.jpg\",\"width\":500,\"height\":750},{\"@type\":\"BreadcrumbList\",\"@id\":\"https:\\\/\\\/libreriadelmare.it\\\/en\\\/shop\\\/non-e-stato-il-mare-antonella-maggi-salvatore-maurizio-moscara-9791256260508\\\/#breadcrumb\",\"itemListElement\":[{\"@type\":\"ListItem\",\"position\":1,\"name\":\"Home\",\"item\":\"https:\\\/\\\/libreriadelmare.it\\\/en\\\/\"},{\"@type\":\"ListItem\",\"position\":2,\"name\":\"Shop\",\"item\":\"https:\\\/\\\/libreriadelmare.it\\\/en\\\/shop\\\/\"},{\"@type\":\"ListItem\",\"position\":3,\"name\":\"non \u00e8 stato il mare\"}]},{\"@type\":\"WebSite\",\"@id\":\"https:\\\/\\\/libreriadelmare.it\\\/en\\\/#website\",\"url\":\"https:\\\/\\\/libreriadelmare.it\\\/en\\\/\",\"name\":\"Libreria del Mare - Milano\",\"description\":\"\",\"publisher\":{\"@id\":\"https:\\\/\\\/libreriadelmare.it\\\/en\\\/#organization\"},\"potentialAction\":[{\"@type\":\"SearchAction\",\"target\":{\"@type\":\"EntryPoint\",\"urlTemplate\":\"https:\\\/\\\/libreriadelmare.it\\\/en\\\/?s={search_term_string}\"},\"query-input\":{\"@type\":\"PropertyValueSpecification\",\"valueRequired\":true,\"valueName\":\"search_term_string\"}}],\"inLanguage\":\"en-US\"},{\"@type\":\"Organization\",\"@id\":\"https:\\\/\\\/libreriadelmare.it\\\/en\\\/#organization\",\"name\":\"Libreria del Mare - Milano\",\"url\":\"https:\\\/\\\/libreriadelmare.it\\\/en\\\/\",\"logo\":{\"@type\":\"ImageObject\",\"inLanguage\":\"en-US\",\"@id\":\"https:\\\/\\\/libreriadelmare.it\\\/en\\\/#\\\/schema\\\/logo\\\/image\\\/\",\"url\":\"https:\\\/\\\/libreriadelmare.it\\\/wp-content\\\/uploads\\\/2018\\\/07\\\/logo-blu.png\",\"contentUrl\":\"https:\\\/\\\/libreriadelmare.it\\\/wp-content\\\/uploads\\\/2018\\\/07\\\/logo-blu.png\",\"width\":600,\"height\":162,\"caption\":\"Libreria del Mare - Milano\"},\"image\":{\"@id\":\"https:\\\/\\\/libreriadelmare.it\\\/en\\\/#\\\/schema\\\/logo\\\/image\\\/\"},\"sameAs\":[\"https:\\\/\\\/www.facebook.com\\\/libreriadelmare\",\"https:\\\/\\\/www.instagram.com\\\/libreriadelmare\\\/\"],\"hasMerchantReturnPolicy\":{\"@type\":\"MerchantReturnPolicy\",\"merchantReturnLink\":\"https:\\\/\\\/libreriadelmare.it\\\/diritto-di-recesso\\\/\"}}]}<\/script>\n<meta property=\"product:price:amount\" content=\"18.00\" \/>\n<meta property=\"product:price:currency\" content=\"EUR\" \/>\n<meta property=\"og:availability\" content=\"backorder\" \/>\n<meta property=\"product:availability\" content=\"available for order\" \/>\n<meta property=\"product:retailer_item_id\" content=\"9791256260508\" \/>\n<meta property=\"product:condition\" content=\"new\" \/>\n<!-- \/ Yoast SEO Premium plugin. -->","yoast_head_json":{"title":"non \u00e8 stato il mare - Libreria del Mare","robots":{"index":"index","follow":"follow","max-snippet":"max-snippet:-1","max-image-preview":"max-image-preview:large","max-video-preview":"max-video-preview:-1"},"canonical":"https:\/\/libreriadelmare.it\/en\/shop\/non-e-stato-il-mare-antonella-maggi-salvatore-maurizio-moscara-9791256260508\/","og_locale":"en_US","og_type":"article","og_title":"non \u00e8 stato il mare","og_description":"Subtitle: n\u00e9 a cutro. n\u00e9 altrove. n\u00e9 prima. n\u00e9 dopo.Author: antonella maggi - salvatore maurizio moscaraPublisher: edizioni la meridianaISBN: 9791256260508","og_url":"https:\/\/libreriadelmare.it\/en\/shop\/non-e-stato-il-mare-antonella-maggi-salvatore-maurizio-moscara-9791256260508\/","og_site_name":"Libreria del Mare","article_publisher":"https:\/\/www.facebook.com\/libreriadelmare","article_modified_time":"2026-04-10T22:14:50+00:00","og_image":[{"width":500,"height":750,"url":"https:\/\/libreriadelmare.it\/wp-content\/uploads\/non-e-stato-il-mare-maggi-moscara.jpg","type":"image\/jpeg"}],"twitter_card":"summary_large_image","twitter_misc":{"Price":"&euro;18,00","Availability":"On backorder"},"schema":{"@context":"https:\/\/schema.org","@graph":[{"@type":"WebPage","@id":"https:\/\/libreriadelmare.it\/en\/shop\/non-e-stato-il-mare-antonella-maggi-salvatore-maurizio-moscara-9791256260508\/","url":"https:\/\/libreriadelmare.it\/en\/shop\/non-e-stato-il-mare-antonella-maggi-salvatore-maurizio-moscara-9791256260508\/","name":"non \u00e8 stato il mare - Libreria del Mare","isPartOf":{"@id":"https:\/\/libreriadelmare.it\/en\/#website"},"primaryImageOfPage":{"@id":"https:\/\/libreriadelmare.it\/en\/shop\/non-e-stato-il-mare-antonella-maggi-salvatore-maurizio-moscara-9791256260508\/#primaryimage"},"image":{"@id":"https:\/\/libreriadelmare.it\/en\/shop\/non-e-stato-il-mare-antonella-maggi-salvatore-maurizio-moscara-9791256260508\/#primaryimage"},"thumbnailUrl":"https:\/\/libreriadelmare.it\/wp-content\/uploads\/non-e-stato-il-mare-maggi-moscara.jpg","datePublished":"2025-03-22T09:46:39+00:00","dateModified":"2026-04-10T22:14:50+00:00","breadcrumb":{"@id":"https:\/\/libreriadelmare.it\/en\/shop\/non-e-stato-il-mare-antonella-maggi-salvatore-maurizio-moscara-9791256260508\/#breadcrumb"},"inLanguage":"en-US","potentialAction":[{"@type":"ReadAction","target":["https:\/\/libreriadelmare.it\/en\/shop\/non-e-stato-il-mare-antonella-maggi-salvatore-maurizio-moscara-9791256260508\/"]}]},{"@type":"ImageObject","inLanguage":"en-US","@id":"https:\/\/libreriadelmare.it\/en\/shop\/non-e-stato-il-mare-antonella-maggi-salvatore-maurizio-moscara-9791256260508\/#primaryimage","url":"https:\/\/libreriadelmare.it\/wp-content\/uploads\/non-e-stato-il-mare-maggi-moscara.jpg","contentUrl":"https:\/\/libreriadelmare.it\/wp-content\/uploads\/non-e-stato-il-mare-maggi-moscara.jpg","width":500,"height":750},{"@type":"BreadcrumbList","@id":"https:\/\/libreriadelmare.it\/en\/shop\/non-e-stato-il-mare-antonella-maggi-salvatore-maurizio-moscara-9791256260508\/#breadcrumb","itemListElement":[{"@type":"ListItem","position":1,"name":"Home","item":"https:\/\/libreriadelmare.it\/en\/"},{"@type":"ListItem","position":2,"name":"Shop","item":"https:\/\/libreriadelmare.it\/en\/shop\/"},{"@type":"ListItem","position":3,"name":"non \u00e8 stato il mare"}]},{"@type":"WebSite","@id":"https:\/\/libreriadelmare.it\/en\/#website","url":"https:\/\/libreriadelmare.it\/en\/","name":"Libreria del Mare - Milano","description":"","publisher":{"@id":"https:\/\/libreriadelmare.it\/en\/#organization"},"potentialAction":[{"@type":"SearchAction","target":{"@type":"EntryPoint","urlTemplate":"https:\/\/libreriadelmare.it\/en\/?s={search_term_string}"},"query-input":{"@type":"PropertyValueSpecification","valueRequired":true,"valueName":"search_term_string"}}],"inLanguage":"en-US"},{"@type":"Organization","@id":"https:\/\/libreriadelmare.it\/en\/#organization","name":"Libreria del Mare - Milano","url":"https:\/\/libreriadelmare.it\/en\/","logo":{"@type":"ImageObject","inLanguage":"en-US","@id":"https:\/\/libreriadelmare.it\/en\/#\/schema\/logo\/image\/","url":"https:\/\/libreriadelmare.it\/wp-content\/uploads\/2018\/07\/logo-blu.png","contentUrl":"https:\/\/libreriadelmare.it\/wp-content\/uploads\/2018\/07\/logo-blu.png","width":600,"height":162,"caption":"Libreria del Mare - Milano"},"image":{"@id":"https:\/\/libreriadelmare.it\/en\/#\/schema\/logo\/image\/"},"sameAs":["https:\/\/www.facebook.com\/libreriadelmare","https:\/\/www.instagram.com\/libreriadelmare\/"],"hasMerchantReturnPolicy":{"@type":"MerchantReturnPolicy","merchantReturnLink":"https:\/\/libreriadelmare.it\/diritto-di-recesso\/"}}]},"product_price_amount":"18.00","product_price_currency":"EUR","og_availability":"backorder","product_availability":"available for order","product_retailer_item_id":"9791256260508","product_condition":"new"},"_links":{"self":[{"href":"https:\/\/libreriadelmare.it\/en\/wp-json\/wp\/v2\/product\/146205","targetHints":{"allow":["GET"]}}],"collection":[{"href":"https:\/\/libreriadelmare.it\/en\/wp-json\/wp\/v2\/product"}],"about":[{"href":"https:\/\/libreriadelmare.it\/en\/wp-json\/wp\/v2\/types\/product"}],"replies":[{"embeddable":true,"href":"https:\/\/libreriadelmare.it\/en\/wp-json\/wp\/v2\/comments?post=146205"}],"wp:featuredmedia":[{"embeddable":true,"href":"https:\/\/libreriadelmare.it\/en\/wp-json\/wp\/v2\/media\/146203"}],"wp:attachment":[{"href":"https:\/\/libreriadelmare.it\/en\/wp-json\/wp\/v2\/media?parent=146205"}],"wp:term":[{"taxonomy":"product_brand","embeddable":true,"href":"https:\/\/libreriadelmare.it\/en\/wp-json\/wp\/v2\/product_brand?post=146205"},{"taxonomy":"product_cat","embeddable":true,"href":"https:\/\/libreriadelmare.it\/en\/wp-json\/wp\/v2\/product_cat?post=146205"},{"taxonomy":"product_tag","embeddable":true,"href":"https:\/\/libreriadelmare.it\/en\/wp-json\/wp\/v2\/product_tag?post=146205"}],"curies":[{"name":"wp","href":"https:\/\/api.w.org\/{rel}","templated":true}]}}